{"id":422332,"date":"2024-07-18T07:49:29","date_gmt":"2024-07-18T07:49:31","guid":{"rendered":"https:\/\/www.erresse-shop.it\/?post_type=product&#038;p=422332"},"modified":"2025-05-21T07:42:20","modified_gmt":"2025-05-21T07:42:20","slug":"joseph-elevate-set-6-ustensiles-de-cuisine-carousel-multicolor-copia","status":"publish","type":"product","link":"https:\/\/www.erresse-shop.it\/fr\/shop\/cuisine\/outils\/joseph-elevate-set-6-ustensiles-de-cuisine-carousel-multicolor-copia\/","title":{"rendered":"JOSEPH JOSEPH Elevate Fusion Set 5 ustensiles de cuisine en acier inoxydable"},"content":{"rendered":"<ul>\n<li>Technologie Elevate con\u00e7ue pour am\u00e9liorer l&#8217;hygi\u00e8ne et r\u00e9duire l&#8217;encombrement<\/li>\n<li>Les poign\u00e9es en acier lest\u00e9es et les porte-outils int\u00e9gr\u00e9s emp\u00eachent les t\u00eates d&#8217;outils de toucher la surface de travail lorsqu&#8217;elles sont plac\u00e9es dessus.<\/li>\n<li>Les t\u00eates d&#8217;outils en silicone r\u00e9sistent \u00e0 la chaleur jusqu&#8217;\u00e0 210\u02daC\/410\u02daF<\/li>\n<li>Les pointes des pinces en silicone r\u00e9sistent \u00e0 la chaleur jusqu&#8217;\u00e0 270\u02daC\/520\u02daF<\/li>\n<li>Convient aux ustensiles de cuisine antiadh\u00e9sifs<\/li>\n<li>Support compact pour le rangement<\/li>\n<li>L&#8217;ensemble comprend une cuill\u00e8re solide, une louche, une cuill\u00e8re \u00e0 fente, une pince de pr\u00e9cision et une grande pince.<\/li>\n<\/ul>\n<p><strong>Entretien et utilisation :<\/strong><\/p>\n<ul>\n<li>Ustensiles : Lavables au lave-vaisselle.<\/li>\n<li>Stockage : Nettoyer avec un chiffon humide.<\/li>\n<li>Attention : Ne pas laisser les ustensiles dans les casseroles pendant la cuisson.<\/li>\n<li>Pour \u00e9viter les taches, ne pas utiliser de colorants puissants tels que le curcuma.<\/li>\n<\/ul>\n<p><strong>Dimensions de l&#8217;ustensile :<\/strong><\/p>\n<p>H31.5 x W18 x D18 cm (H12.4 x W7 x D7 pouces)<\/p>\n","protected":false},"excerpt":{"rendered":"<p>Technologie Elevate con\u00e7ue pour am\u00e9liorer l&#8217;hygi\u00e8ne et r\u00e9duire l&#8217;encombrement Les poign\u00e9es en acier lest\u00e9es et les porte-outils int\u00e9gr\u00e9s emp\u00eachent les<\/p>\n","protected":false},"featured_media":499777,"template":"","meta":{"_acf_changed":false,"inline_featured_image":false},"product_cat":[12748,25333],"product_tag":[25026,25021,21633,22470],"acf":[],"yoast_head":"<!-- This site is optimized with the Yoast SEO Premium plugin v18.6 (Yoast SEO v19.13) - https:\/\/yoast.com\/wordpress\/plugins\/seo\/ -->\n<title>JOSEPH JOSEPH Elevate Fusion Set 5 ustensiles de cuisine en acier inoxydable - Erresse Shop<\/title>\n<meta name=\"description\" content=\"Technologie Elevate con\u00e7ue pour am\u00e9liorer l&#039;hygi\u00e8ne et r\u00e9duire l&#039;encombrement Les poign\u00e9es en acier lest\u00e9es et les porte-outils int\u00e9gr\u00e9s emp\u00eachent les\" \/>\n<meta name=\"robots\" content=\"index, follow, max-snippet:-1, max-image-preview:large, max-video-preview:-1\" \/>\n<link rel=\"canonical\" href=\"https:\/\/www.erresse-shop.it\/fr\/shop\/cuisine\/outils\/joseph-elevate-set-6-ustensiles-de-cuisine-carousel-multicolor-copia\/\" \/>\n<meta property=\"og:locale\" content=\"fr_FR\" \/>\n<meta property=\"og:type\" content=\"article\" \/>\n<meta property=\"og:title\" content=\"JOSEPH JOSEPH Elevate Fusion Set 5 ustensiles de cuisine en acier inoxydable\" \/>\n<meta property=\"og:description\" content=\"Technologie Elevate con\u00e7ue pour am\u00e9liorer l&#039;hygi\u00e8ne et r\u00e9duire l&#039;encombrement Les poign\u00e9es en acier lest\u00e9es et les porte-outils int\u00e9gr\u00e9s emp\u00eachent les\" \/>\n<meta property=\"og:url\" content=\"https:\/\/www.erresse-shop.it\/fr\/shop\/cuisine\/outils\/joseph-elevate-set-6-ustensiles-de-cuisine-carousel-multicolor-copia\/\" \/>\n<meta property=\"og:site_name\" content=\"Erresse Shop\" \/>\n<meta property=\"article:modified_time\" content=\"2025-05-21T07:42:20+00:00\" \/>\n<meta property=\"og:image\" content=\"https:\/\/www.erresse-shop.it\/wp-content\/uploads\/2024\/07\/JOSEPH-JOSEPH-Set-5-Utensili-da-Cucina-Acciaio-Inossidabile.jpg\" \/>\n\t<meta property=\"og:image:width\" content=\"1200\" \/>\n\t<meta property=\"og:image:height\" content=\"1200\" \/>\n\t<meta property=\"og:image:type\" content=\"image\/jpeg\" \/>\n<meta name=\"twitter:card\" content=\"summary_large_image\" \/>\n<script type=\"application\/ld+json\" class=\"yoast-schema-graph\">{\"@context\":\"https:\/\/schema.org\",\"@graph\":[{\"@type\":\"WebPage\",\"@id\":\"https:\/\/www.erresse-shop.it\/fr\/shop\/cuisine\/outils\/joseph-elevate-set-6-ustensiles-de-cuisine-carousel-multicolor-copia\/\",\"url\":\"https:\/\/www.erresse-shop.it\/fr\/shop\/cuisine\/outils\/joseph-elevate-set-6-ustensiles-de-cuisine-carousel-multicolor-copia\/\",\"name\":\"JOSEPH JOSEPH Elevate Fusion Set 5 ustensiles de cuisine en acier inoxydable - Erresse Shop\",\"isPartOf\":{\"@id\":\"https:\/\/www.erresse-shop.it\/fr\/#website\"},\"datePublished\":\"2024-07-18T07:49:31+00:00\",\"dateModified\":\"2025-05-21T07:42:20+00:00\",\"description\":\"Technologie Elevate con\u00e7ue pour am\u00e9liorer l'hygi\u00e8ne et r\u00e9duire l'encombrement Les poign\u00e9es en acier lest\u00e9es et les porte-outils int\u00e9gr\u00e9s emp\u00eachent les\",\"breadcrumb\":{\"@id\":\"https:\/\/www.erresse-shop.it\/fr\/shop\/cuisine\/outils\/joseph-elevate-set-6-ustensiles-de-cuisine-carousel-multicolor-copia\/#breadcrumb\"},\"inLanguage\":\"fr-FR\",\"potentialAction\":[{\"@type\":\"ReadAction\",\"target\":[\"https:\/\/www.erresse-shop.it\/fr\/shop\/cuisine\/outils\/joseph-elevate-set-6-ustensiles-de-cuisine-carousel-multicolor-copia\/\"]}]},{\"@type\":\"BreadcrumbList\",\"@id\":\"https:\/\/www.erresse-shop.it\/fr\/shop\/cuisine\/outils\/joseph-elevate-set-6-ustensiles-de-cuisine-carousel-multicolor-copia\/#breadcrumb\",\"itemListElement\":[{\"@type\":\"ListItem\",\"position\":1,\"name\":\"Home\",\"item\":\"https:\/\/www.erresse-shop.it\/fr\/\"},{\"@type\":\"ListItem\",\"position\":2,\"name\":\"Shop\",\"item\":\"https:\/\/www.erresse-shop.it\/fr\/shop\/\"},{\"@type\":\"ListItem\",\"position\":3,\"name\":\"JOSEPH JOSEPH Elevate Fusion Set 5 ustensiles de cuisine en acier inoxydable\"}]},{\"@type\":\"WebSite\",\"@id\":\"https:\/\/www.erresse-shop.it\/fr\/#website\",\"url\":\"https:\/\/www.erresse-shop.it\/fr\/\",\"name\":\"Erresse Shop\",\"description\":\"Articoli di qualit\u00e0 per la casa\",\"potentialAction\":[{\"@type\":\"SearchAction\",\"target\":{\"@type\":\"EntryPoint\",\"urlTemplate\":\"https:\/\/www.erresse-shop.it\/fr\/?s={search_term_string}\"},\"query-input\":\"required name=search_term_string\"}],\"inLanguage\":\"fr-FR\"}]}<\/script>\n<!-- \/ Yoast SEO Premium plugin. -->","yoast_head_json":{"title":"JOSEPH JOSEPH Elevate Fusion Set 5 ustensiles de cuisine en acier inoxydable - Erresse Shop","description":"Technologie Elevate con\u00e7ue pour am\u00e9liorer l'hygi\u00e8ne et r\u00e9duire l'encombrement Les poign\u00e9es en acier lest\u00e9es et les porte-outils int\u00e9gr\u00e9s emp\u00eachent les","robots":{"index":"index","follow":"follow","max-snippet":"max-snippet:-1","max-image-preview":"max-image-preview:large","max-video-preview":"max-video-preview:-1"},"canonical":"https:\/\/www.erresse-shop.it\/fr\/shop\/cuisine\/outils\/joseph-elevate-set-6-ustensiles-de-cuisine-carousel-multicolor-copia\/","og_locale":"fr_FR","og_type":"article","og_title":"JOSEPH JOSEPH Elevate Fusion Set 5 ustensiles de cuisine en acier inoxydable","og_description":"Technologie Elevate con\u00e7ue pour am\u00e9liorer l'hygi\u00e8ne et r\u00e9duire l'encombrement Les poign\u00e9es en acier lest\u00e9es et les porte-outils int\u00e9gr\u00e9s emp\u00eachent les","og_url":"https:\/\/www.erresse-shop.it\/fr\/shop\/cuisine\/outils\/joseph-elevate-set-6-ustensiles-de-cuisine-carousel-multicolor-copia\/","og_site_name":"Erresse Shop","article_modified_time":"2025-05-21T07:42:20+00:00","og_image":[{"width":1200,"height":1200,"url":"https:\/\/www.erresse-shop.it\/wp-content\/uploads\/2024\/07\/JOSEPH-JOSEPH-Set-5-Utensili-da-Cucina-Acciaio-Inossidabile.jpg","type":"image\/jpeg"}],"twitter_card":"summary_large_image","schema":{"@context":"https:\/\/schema.org","@graph":[{"@type":"WebPage","@id":"https:\/\/www.erresse-shop.it\/fr\/shop\/cuisine\/outils\/joseph-elevate-set-6-ustensiles-de-cuisine-carousel-multicolor-copia\/","url":"https:\/\/www.erresse-shop.it\/fr\/shop\/cuisine\/outils\/joseph-elevate-set-6-ustensiles-de-cuisine-carousel-multicolor-copia\/","name":"JOSEPH JOSEPH Elevate Fusion Set 5 ustensiles de cuisine en acier inoxydable - Erresse Shop","isPartOf":{"@id":"https:\/\/www.erresse-shop.it\/fr\/#website"},"datePublished":"2024-07-18T07:49:31+00:00","dateModified":"2025-05-21T07:42:20+00:00","description":"Technologie Elevate con\u00e7ue pour am\u00e9liorer l'hygi\u00e8ne et r\u00e9duire l'encombrement Les poign\u00e9es en acier lest\u00e9es et les porte-outils int\u00e9gr\u00e9s emp\u00eachent les","breadcrumb":{"@id":"https:\/\/www.erresse-shop.it\/fr\/shop\/cuisine\/outils\/joseph-elevate-set-6-ustensiles-de-cuisine-carousel-multicolor-copia\/#breadcrumb"},"inLanguage":"fr-FR","potentialAction":[{"@type":"ReadAction","target":["https:\/\/www.erresse-shop.it\/fr\/shop\/cuisine\/outils\/joseph-elevate-set-6-ustensiles-de-cuisine-carousel-multicolor-copia\/"]}]},{"@type":"BreadcrumbList","@id":"https:\/\/www.erresse-shop.it\/fr\/shop\/cuisine\/outils\/joseph-elevate-set-6-ustensiles-de-cuisine-carousel-multicolor-copia\/#breadcrumb","itemListElement":[{"@type":"ListItem","position":1,"name":"Home","item":"https:\/\/www.erresse-shop.it\/fr\/"},{"@type":"ListItem","position":2,"name":"Shop","item":"https:\/\/www.erresse-shop.it\/fr\/shop\/"},{"@type":"ListItem","position":3,"name":"JOSEPH JOSEPH Elevate Fusion Set 5 ustensiles de cuisine en acier inoxydable"}]},{"@type":"WebSite","@id":"https:\/\/www.erresse-shop.it\/fr\/#website","url":"https:\/\/www.erresse-shop.it\/fr\/","name":"Erresse Shop","description":"Articoli di qualit\u00e0 per la casa","potentialAction":[{"@type":"SearchAction","target":{"@type":"EntryPoint","urlTemplate":"https:\/\/www.erresse-shop.it\/fr\/?s={search_term_string}"},"query-input":"required name=search_term_string"}],"inLanguage":"fr-FR"}]}},"df_price":59.95,"df_sale_price":59.95,"df_regular_price":79.99,"df_image_link":"https:\/\/www.erresse-shop.it\/wp-content\/uploads\/2024\/07\/JOSEPH-JOSEPH-Set-5-Utensili-da-Cucina-Acciaio-Inossidabile-300x300.jpg","_links":{"self":[{"href":"https:\/\/www.erresse-shop.it\/fr\/wp-json\/wp\/v2\/product\/422332"}],"collection":[{"href":"https:\/\/www.erresse-shop.it\/fr\/wp-json\/wp\/v2\/product"}],"about":[{"href":"https:\/\/www.erresse-shop.it\/fr\/wp-json\/wp\/v2\/types\/product"}],"wp:featuredmedia":[{"embeddable":true,"href":"https:\/\/www.erresse-shop.it\/fr\/wp-json\/wp\/v2\/media\/499777"}],"wp:attachment":[{"href":"https:\/\/www.erresse-shop.it\/fr\/wp-json\/wp\/v2\/media?parent=422332"}],"wp:term":[{"taxonomy":"product_cat","embeddable":true,"href":"https:\/\/www.erresse-shop.it\/fr\/wp-json\/wp\/v2\/product_cat?post=422332"},{"taxonomy":"product_tag","embeddable":true,"href":"https:\/\/www.erresse-shop.it\/fr\/wp-json\/wp\/v2\/product_tag?post=422332"}],"curies":[{"name":"wp","href":"https:\/\/api.w.org\/{rel}","templated":true}]}}