{"id":422294,"date":"2024-07-18T07:04:58","date_gmt":"2024-07-18T07:05:01","guid":{"rendered":"https:\/\/www.erresse-shop.it\/?post_type=product&#038;p=422294"},"modified":"2025-06-09T07:43:18","modified_gmt":"2025-06-09T07:43:18","slug":"joseph-joseph-mandoline-plus-rape-a-poignees-multiples-blanc","status":"publish","type":"product","link":"https:\/\/www.erresse-shop.it\/fr\/shop\/cuisine\/outils\/joseph-joseph-mandoline-plus-rape-a-poignees-multiples-blanc\/","title":{"rendered":"JOSEPH JOSEPH Mandoline Plus R\u00e2pe \u00e0 poign\u00e9es multiples Blanc"},"content":{"rendered":"<ul>\n<li>Tranche une grande vari\u00e9t\u00e9 de fruits et de l\u00e9gumes de mani\u00e8re s\u00fbre et r\u00e9guli\u00e8re.<\/li>\n<li>La poign\u00e9e de pr\u00e9cision prot\u00e8ge les doigts et offre trois types de prise : une prise en pince pour les petits objets, une prise centrale pour les tranches rondes et une prise plate pour les tranches plus longues.<\/li>\n<li>Lames tranchantes en acier inoxydable<\/li>\n<li>R\u00e9glable sur trois \u00e9paisseurs de tranches et deux \u00e9paisseurs de julienne<\/li>\n<li>Pieds antid\u00e9rapants avec poign\u00e9e pliante facile \u00e0 saisir<\/li>\n<\/ul>\n<p><strong>Entretien et manipulation :<\/strong><\/p>\n<ul>\n<li>Ne passe pas au lave-vaisselle<\/li>\n<li>Laver \u00e0 la main avec une brosse \u00e0 vaisselle<\/li>\n<li>Attention : Lames tranchantes. Ne pas approcher les doigts de la lame pendant l&#8217;utilisation et le nettoyage. Verrouillez toujours la lame pour la ranger en toute s\u00e9curit\u00e9. Tenir hors de port\u00e9e des enfants.<\/li>\n<li>Sans BPA<\/li>\n<\/ul>\n<p><strong>Dimensions :\u00a0<\/strong><\/p>\n<p>H6,5 x L38,4 x P14,2 cm (H2,5 x L15,1 x P5,6 pouces)<\/p>\n","protected":false},"excerpt":{"rendered":"<p>Tranche une grande vari\u00e9t\u00e9 de fruits et de l\u00e9gumes de mani\u00e8re s\u00fbre et r\u00e9guli\u00e8re. La poign\u00e9e de pr\u00e9cision prot\u00e8ge les<\/p>\n","protected":false},"featured_media":499794,"template":"","meta":{"_acf_changed":false,"inline_featured_image":false},"product_cat":[12748,25333],"product_tag":[25026,21530,21262,21529,21531,23660,25021,24397,21821],"acf":[],"yoast_head":"<!-- This site is optimized with the Yoast SEO Premium plugin v18.6 (Yoast SEO v19.13) - https:\/\/yoast.com\/wordpress\/plugins\/seo\/ -->\n<title>JOSEPH JOSEPH Mandoline Plus R\u00e2pe \u00e0 poign\u00e9es multiples Blanc - Erresse Shop<\/title>\n<meta name=\"description\" content=\"Tranche une grande vari\u00e9t\u00e9 de fruits et de l\u00e9gumes de mani\u00e8re s\u00fbre et r\u00e9guli\u00e8re. La poign\u00e9e de pr\u00e9cision prot\u00e8ge les doigts et offre trois types de prise\" \/>\n<meta name=\"robots\" content=\"index, follow, max-snippet:-1, max-image-preview:large, max-video-preview:-1\" \/>\n<link rel=\"canonical\" href=\"https:\/\/www.erresse-shop.it\/fr\/shop\/cuisine\/outils\/joseph-joseph-mandoline-plus-rape-a-poignees-multiples-blanc\/\" \/>\n<meta property=\"og:locale\" content=\"fr_FR\" \/>\n<meta property=\"og:type\" content=\"article\" \/>\n<meta property=\"og:title\" content=\"JOSEPH JOSEPH Mandoline Plus R\u00e2pe \u00e0 poign\u00e9es multiples Blanc\" \/>\n<meta property=\"og:description\" content=\"Tranche une grande vari\u00e9t\u00e9 de fruits et de l\u00e9gumes de mani\u00e8re s\u00fbre et r\u00e9guli\u00e8re. La poign\u00e9e de pr\u00e9cision prot\u00e8ge les doigts et offre trois types de prise\" \/>\n<meta property=\"og:url\" content=\"https:\/\/www.erresse-shop.it\/fr\/shop\/cuisine\/outils\/joseph-joseph-mandoline-plus-rape-a-poignees-multiples-blanc\/\" \/>\n<meta property=\"og:site_name\" content=\"Erresse Shop\" \/>\n<meta property=\"article:modified_time\" content=\"2025-06-09T07:43:18+00:00\" \/>\n<meta property=\"og:image\" content=\"https:\/\/www.erresse-shop.it\/wp-content\/uploads\/2024\/07\/JOSEPH-JOSEPH-Grattugia-Impugnatura-Multipla-Bianco.jpg\" \/>\n\t<meta property=\"og:image:width\" content=\"1200\" \/>\n\t<meta property=\"og:image:height\" content=\"1200\" \/>\n\t<meta property=\"og:image:type\" content=\"image\/jpeg\" \/>\n<meta name=\"twitter:card\" content=\"summary_large_image\" \/>\n<script type=\"application\/ld+json\" class=\"yoast-schema-graph\">{\"@context\":\"https:\/\/schema.org\",\"@graph\":[{\"@type\":\"WebPage\",\"@id\":\"https:\/\/www.erresse-shop.it\/fr\/shop\/cuisine\/outils\/joseph-joseph-mandoline-plus-rape-a-poignees-multiples-blanc\/\",\"url\":\"https:\/\/www.erresse-shop.it\/fr\/shop\/cuisine\/outils\/joseph-joseph-mandoline-plus-rape-a-poignees-multiples-blanc\/\",\"name\":\"JOSEPH JOSEPH Mandoline Plus R\u00e2pe \u00e0 poign\u00e9es multiples Blanc - Erresse Shop\",\"isPartOf\":{\"@id\":\"https:\/\/www.erresse-shop.it\/fr\/#website\"},\"datePublished\":\"2024-07-18T07:05:01+00:00\",\"dateModified\":\"2025-06-09T07:43:18+00:00\",\"description\":\"Tranche une grande vari\u00e9t\u00e9 de fruits et de l\u00e9gumes de mani\u00e8re s\u00fbre et r\u00e9guli\u00e8re. La poign\u00e9e de pr\u00e9cision prot\u00e8ge les doigts et offre trois types de prise\",\"breadcrumb\":{\"@id\":\"https:\/\/www.erresse-shop.it\/fr\/shop\/cuisine\/outils\/joseph-joseph-mandoline-plus-rape-a-poignees-multiples-blanc\/#breadcrumb\"},\"inLanguage\":\"fr-FR\",\"potentialAction\":[{\"@type\":\"ReadAction\",\"target\":[\"https:\/\/www.erresse-shop.it\/fr\/shop\/cuisine\/outils\/joseph-joseph-mandoline-plus-rape-a-poignees-multiples-blanc\/\"]}]},{\"@type\":\"BreadcrumbList\",\"@id\":\"https:\/\/www.erresse-shop.it\/fr\/shop\/cuisine\/outils\/joseph-joseph-mandoline-plus-rape-a-poignees-multiples-blanc\/#breadcrumb\",\"itemListElement\":[{\"@type\":\"ListItem\",\"position\":1,\"name\":\"Home\",\"item\":\"https:\/\/www.erresse-shop.it\/fr\/\"},{\"@type\":\"ListItem\",\"position\":2,\"name\":\"Shop\",\"item\":\"https:\/\/www.erresse-shop.it\/fr\/shop\/\"},{\"@type\":\"ListItem\",\"position\":3,\"name\":\"JOSEPH JOSEPH Mandoline Plus R\u00e2pe \u00e0 poign\u00e9es multiples Blanc\"}]},{\"@type\":\"WebSite\",\"@id\":\"https:\/\/www.erresse-shop.it\/fr\/#website\",\"url\":\"https:\/\/www.erresse-shop.it\/fr\/\",\"name\":\"Erresse Shop\",\"description\":\"Articoli di qualit\u00e0 per la casa\",\"potentialAction\":[{\"@type\":\"SearchAction\",\"target\":{\"@type\":\"EntryPoint\",\"urlTemplate\":\"https:\/\/www.erresse-shop.it\/fr\/?s={search_term_string}\"},\"query-input\":\"required name=search_term_string\"}],\"inLanguage\":\"fr-FR\"}]}<\/script>\n<!-- \/ Yoast SEO Premium plugin. -->","yoast_head_json":{"title":"JOSEPH JOSEPH Mandoline Plus R\u00e2pe \u00e0 poign\u00e9es multiples Blanc - Erresse Shop","description":"Tranche une grande vari\u00e9t\u00e9 de fruits et de l\u00e9gumes de mani\u00e8re s\u00fbre et r\u00e9guli\u00e8re. La poign\u00e9e de pr\u00e9cision prot\u00e8ge les doigts et offre trois types de prise","robots":{"index":"index","follow":"follow","max-snippet":"max-snippet:-1","max-image-preview":"max-image-preview:large","max-video-preview":"max-video-preview:-1"},"canonical":"https:\/\/www.erresse-shop.it\/fr\/shop\/cuisine\/outils\/joseph-joseph-mandoline-plus-rape-a-poignees-multiples-blanc\/","og_locale":"fr_FR","og_type":"article","og_title":"JOSEPH JOSEPH Mandoline Plus R\u00e2pe \u00e0 poign\u00e9es multiples Blanc","og_description":"Tranche une grande vari\u00e9t\u00e9 de fruits et de l\u00e9gumes de mani\u00e8re s\u00fbre et r\u00e9guli\u00e8re. La poign\u00e9e de pr\u00e9cision prot\u00e8ge les doigts et offre trois types de prise","og_url":"https:\/\/www.erresse-shop.it\/fr\/shop\/cuisine\/outils\/joseph-joseph-mandoline-plus-rape-a-poignees-multiples-blanc\/","og_site_name":"Erresse Shop","article_modified_time":"2025-06-09T07:43:18+00:00","og_image":[{"width":1200,"height":1200,"url":"https:\/\/www.erresse-shop.it\/wp-content\/uploads\/2024\/07\/JOSEPH-JOSEPH-Grattugia-Impugnatura-Multipla-Bianco.jpg","type":"image\/jpeg"}],"twitter_card":"summary_large_image","schema":{"@context":"https:\/\/schema.org","@graph":[{"@type":"WebPage","@id":"https:\/\/www.erresse-shop.it\/fr\/shop\/cuisine\/outils\/joseph-joseph-mandoline-plus-rape-a-poignees-multiples-blanc\/","url":"https:\/\/www.erresse-shop.it\/fr\/shop\/cuisine\/outils\/joseph-joseph-mandoline-plus-rape-a-poignees-multiples-blanc\/","name":"JOSEPH JOSEPH Mandoline Plus R\u00e2pe \u00e0 poign\u00e9es multiples Blanc - Erresse Shop","isPartOf":{"@id":"https:\/\/www.erresse-shop.it\/fr\/#website"},"datePublished":"2024-07-18T07:05:01+00:00","dateModified":"2025-06-09T07:43:18+00:00","description":"Tranche une grande vari\u00e9t\u00e9 de fruits et de l\u00e9gumes de mani\u00e8re s\u00fbre et r\u00e9guli\u00e8re. La poign\u00e9e de pr\u00e9cision prot\u00e8ge les doigts et offre trois types de prise","breadcrumb":{"@id":"https:\/\/www.erresse-shop.it\/fr\/shop\/cuisine\/outils\/joseph-joseph-mandoline-plus-rape-a-poignees-multiples-blanc\/#breadcrumb"},"inLanguage":"fr-FR","potentialAction":[{"@type":"ReadAction","target":["https:\/\/www.erresse-shop.it\/fr\/shop\/cuisine\/outils\/joseph-joseph-mandoline-plus-rape-a-poignees-multiples-blanc\/"]}]},{"@type":"BreadcrumbList","@id":"https:\/\/www.erresse-shop.it\/fr\/shop\/cuisine\/outils\/joseph-joseph-mandoline-plus-rape-a-poignees-multiples-blanc\/#breadcrumb","itemListElement":[{"@type":"ListItem","position":1,"name":"Home","item":"https:\/\/www.erresse-shop.it\/fr\/"},{"@type":"ListItem","position":2,"name":"Shop","item":"https:\/\/www.erresse-shop.it\/fr\/shop\/"},{"@type":"ListItem","position":3,"name":"JOSEPH JOSEPH Mandoline Plus R\u00e2pe \u00e0 poign\u00e9es multiples Blanc"}]},{"@type":"WebSite","@id":"https:\/\/www.erresse-shop.it\/fr\/#website","url":"https:\/\/www.erresse-shop.it\/fr\/","name":"Erresse Shop","description":"Articoli di qualit\u00e0 per la casa","potentialAction":[{"@type":"SearchAction","target":{"@type":"EntryPoint","urlTemplate":"https:\/\/www.erresse-shop.it\/fr\/?s={search_term_string}"},"query-input":"required name=search_term_string"}],"inLanguage":"fr-FR"}]}},"df_price":44.95,"df_sale_price":44.95,"df_regular_price":49.99,"df_image_link":"https:\/\/www.erresse-shop.it\/wp-content\/uploads\/2024\/07\/JOSEPH-JOSEPH-Grattugia-Impugnatura-Multipla-Bianco-300x300.jpg","_links":{"self":[{"href":"https:\/\/www.erresse-shop.it\/fr\/wp-json\/wp\/v2\/product\/422294"}],"collection":[{"href":"https:\/\/www.erresse-shop.it\/fr\/wp-json\/wp\/v2\/product"}],"about":[{"href":"https:\/\/www.erresse-shop.it\/fr\/wp-json\/wp\/v2\/types\/product"}],"wp:featuredmedia":[{"embeddable":true,"href":"https:\/\/www.erresse-shop.it\/fr\/wp-json\/wp\/v2\/media\/499794"}],"wp:attachment":[{"href":"https:\/\/www.erresse-shop.it\/fr\/wp-json\/wp\/v2\/media?parent=422294"}],"wp:term":[{"taxonomy":"product_cat","embeddable":true,"href":"https:\/\/www.erresse-shop.it\/fr\/wp-json\/wp\/v2\/product_cat?post=422294"},{"taxonomy":"product_tag","embeddable":true,"href":"https:\/\/www.erresse-shop.it\/fr\/wp-json\/wp\/v2\/product_tag?post=422294"}],"curies":[{"name":"wp","href":"https:\/\/api.w.org\/{rel}","templated":true}]}}