{"id":422277,"date":"2024-07-18T06:36:43","date_gmt":"2024-07-18T06:36:45","guid":{"rendered":"https:\/\/www.erresse-shop.it\/?post_type=product&#038;p=422277"},"modified":"2024-10-24T13:45:11","modified_gmt":"2024-10-24T13:45:11","slug":"lavazza-216-capsules-a-modo-mio-crema-e-gusto-ricco","status":"publish","type":"product","link":"https:\/\/www.erresse-shop.it\/fr\/shop\/cafe\/dosettes-et-capsules-de-cafe\/lavazza-216-capsules-a-modo-mio-crema-e-gusto-ricco\/","title":{"rendered":"LAVAZZA 216 capsules A Modo Mio Crema e Gusto Ricco"},"content":{"rendered":"<p>Un m\u00e9lange de caf\u00e9s fins Arabica et Robusta au corps dense rehauss\u00e9 par une torr\u00e9faction plus fonc\u00e9e pour un espresso puissant aux notes de chocolat et de caramel. La naponalit\u00e9 dans un caf\u00e9.<\/p>\n<p><strong>D\u00e9tails du produit :<\/strong><\/p>\n<ul>\n<li>4 paquets de 54 capsules<\/li>\n<li>Go\u00fbt plein et franc<\/li>\n<li>Notes aromatiques chocolat, caramel<\/li>\n<li>Composition Arabica et Robusta<\/li>\n<li>Torr\u00e9faction moyenne<\/li>\n<\/ul>\n<p>&nbsp;<\/p>\n<p><strong>Lavazza n&#8217;est pas affili\u00e9, promu ou sponsoris\u00e9 par Nespresso.<\/strong><br \/>\n<strong>Nescaf\u00e8\u00ae, Dolce Gusto\u00ae et Melody I sont des marques de tiers sans lien avec Luigi Lavazza S.p.A.<\/strong><\/p>\n","protected":false},"excerpt":{"rendered":"<p>Un m\u00e9lange de caf\u00e9s fins Arabica et Robusta au corps dense rehauss\u00e9 par une torr\u00e9faction plus fonc\u00e9e pour un espresso<\/p>\n","protected":false},"featured_media":456394,"template":"","meta":{"_acf_changed":false,"inline_featured_image":false},"product_cat":[25350,25391],"product_tag":[12956,23563,23225],"acf":[],"yoast_head":"<!-- This site is optimized with the Yoast SEO Premium plugin v18.6 (Yoast SEO v19.13) - https:\/\/yoast.com\/wordpress\/plugins\/seo\/ -->\n<title>LAVAZZA 216 capsules A Modo Mio Crema e Gusto Ricco - Erresse Shop<\/title>\n<meta name=\"description\" content=\"Un m\u00e9lange de caf\u00e9s fins Arabica et Robusta au corps dense rehauss\u00e9 par une torr\u00e9faction plus fonc\u00e9e pour un espresso puissant aux notes de chocolat et de\" \/>\n<meta name=\"robots\" content=\"index, follow, max-snippet:-1, max-image-preview:large, max-video-preview:-1\" \/>\n<link rel=\"canonical\" href=\"https:\/\/www.erresse-shop.it\/fr\/shop\/cafe\/dosettes-et-capsules-de-cafe\/lavazza-216-capsules-a-modo-mio-crema-e-gusto-ricco\/\" \/>\n<meta property=\"og:locale\" content=\"fr_FR\" \/>\n<meta property=\"og:type\" content=\"article\" \/>\n<meta property=\"og:title\" content=\"LAVAZZA 216 capsules A Modo Mio Crema e Gusto Ricco\" \/>\n<meta property=\"og:description\" content=\"Un m\u00e9lange de caf\u00e9s fins Arabica et Robusta au corps dense rehauss\u00e9 par une torr\u00e9faction plus fonc\u00e9e pour un espresso puissant aux notes de chocolat et de\" \/>\n<meta property=\"og:url\" content=\"https:\/\/www.erresse-shop.it\/fr\/shop\/cafe\/dosettes-et-capsules-de-cafe\/lavazza-216-capsules-a-modo-mio-crema-e-gusto-ricco\/\" \/>\n<meta property=\"og:site_name\" content=\"Erresse Shop\" \/>\n<meta property=\"article:modified_time\" content=\"2024-10-24T13:45:11+00:00\" \/>\n<meta property=\"og:image\" content=\"https:\/\/www.erresse-shop.it\/wp-content\/uploads\/2024\/07\/LAVAZZA-216-capsule-A-Modo-Mio-Crema-e-Gusto-Ricco.png\" \/>\n\t<meta property=\"og:image:width\" content=\"800\" \/>\n\t<meta property=\"og:image:height\" content=\"800\" \/>\n\t<meta property=\"og:image:type\" content=\"image\/png\" \/>\n<meta name=\"twitter:card\" content=\"summary_large_image\" \/>\n<script type=\"application\/ld+json\" class=\"yoast-schema-graph\">{\"@context\":\"https:\/\/schema.org\",\"@graph\":[{\"@type\":\"WebPage\",\"@id\":\"https:\/\/www.erresse-shop.it\/fr\/shop\/cafe\/dosettes-et-capsules-de-cafe\/lavazza-216-capsules-a-modo-mio-crema-e-gusto-ricco\/\",\"url\":\"https:\/\/www.erresse-shop.it\/fr\/shop\/cafe\/dosettes-et-capsules-de-cafe\/lavazza-216-capsules-a-modo-mio-crema-e-gusto-ricco\/\",\"name\":\"LAVAZZA 216 capsules A Modo Mio Crema e Gusto Ricco - Erresse Shop\",\"isPartOf\":{\"@id\":\"https:\/\/www.erresse-shop.it\/fr\/#website\"},\"datePublished\":\"2024-07-18T06:36:45+00:00\",\"dateModified\":\"2024-10-24T13:45:11+00:00\",\"description\":\"Un m\u00e9lange de caf\u00e9s fins Arabica et Robusta au corps dense rehauss\u00e9 par une torr\u00e9faction plus fonc\u00e9e pour un espresso puissant aux notes de chocolat et de\",\"breadcrumb\":{\"@id\":\"https:\/\/www.erresse-shop.it\/fr\/shop\/cafe\/dosettes-et-capsules-de-cafe\/lavazza-216-capsules-a-modo-mio-crema-e-gusto-ricco\/#breadcrumb\"},\"inLanguage\":\"fr-FR\",\"potentialAction\":[{\"@type\":\"ReadAction\",\"target\":[\"https:\/\/www.erresse-shop.it\/fr\/shop\/cafe\/dosettes-et-capsules-de-cafe\/lavazza-216-capsules-a-modo-mio-crema-e-gusto-ricco\/\"]}]},{\"@type\":\"BreadcrumbList\",\"@id\":\"https:\/\/www.erresse-shop.it\/fr\/shop\/cafe\/dosettes-et-capsules-de-cafe\/lavazza-216-capsules-a-modo-mio-crema-e-gusto-ricco\/#breadcrumb\",\"itemListElement\":[{\"@type\":\"ListItem\",\"position\":1,\"name\":\"Home\",\"item\":\"https:\/\/www.erresse-shop.it\/fr\/\"},{\"@type\":\"ListItem\",\"position\":2,\"name\":\"Shop\",\"item\":\"https:\/\/www.erresse-shop.it\/fr\/shop\/\"},{\"@type\":\"ListItem\",\"position\":3,\"name\":\"LAVAZZA 216 capsules A Modo Mio Crema e Gusto Ricco\"}]},{\"@type\":\"WebSite\",\"@id\":\"https:\/\/www.erresse-shop.it\/fr\/#website\",\"url\":\"https:\/\/www.erresse-shop.it\/fr\/\",\"name\":\"Erresse Shop\",\"description\":\"Articoli di qualit\u00e0 per la casa\",\"potentialAction\":[{\"@type\":\"SearchAction\",\"target\":{\"@type\":\"EntryPoint\",\"urlTemplate\":\"https:\/\/www.erresse-shop.it\/fr\/?s={search_term_string}\"},\"query-input\":\"required name=search_term_string\"}],\"inLanguage\":\"fr-FR\"}]}<\/script>\n<!-- \/ Yoast SEO Premium plugin. -->","yoast_head_json":{"title":"LAVAZZA 216 capsules A Modo Mio Crema e Gusto Ricco - Erresse Shop","description":"Un m\u00e9lange de caf\u00e9s fins Arabica et Robusta au corps dense rehauss\u00e9 par une torr\u00e9faction plus fonc\u00e9e pour un espresso puissant aux notes de chocolat et de","robots":{"index":"index","follow":"follow","max-snippet":"max-snippet:-1","max-image-preview":"max-image-preview:large","max-video-preview":"max-video-preview:-1"},"canonical":"https:\/\/www.erresse-shop.it\/fr\/shop\/cafe\/dosettes-et-capsules-de-cafe\/lavazza-216-capsules-a-modo-mio-crema-e-gusto-ricco\/","og_locale":"fr_FR","og_type":"article","og_title":"LAVAZZA 216 capsules A Modo Mio Crema e Gusto Ricco","og_description":"Un m\u00e9lange de caf\u00e9s fins Arabica et Robusta au corps dense rehauss\u00e9 par une torr\u00e9faction plus fonc\u00e9e pour un espresso puissant aux notes de chocolat et de","og_url":"https:\/\/www.erresse-shop.it\/fr\/shop\/cafe\/dosettes-et-capsules-de-cafe\/lavazza-216-capsules-a-modo-mio-crema-e-gusto-ricco\/","og_site_name":"Erresse Shop","article_modified_time":"2024-10-24T13:45:11+00:00","og_image":[{"width":800,"height":800,"url":"https:\/\/www.erresse-shop.it\/wp-content\/uploads\/2024\/07\/LAVAZZA-216-capsule-A-Modo-Mio-Crema-e-Gusto-Ricco.png","type":"image\/png"}],"twitter_card":"summary_large_image","schema":{"@context":"https:\/\/schema.org","@graph":[{"@type":"WebPage","@id":"https:\/\/www.erresse-shop.it\/fr\/shop\/cafe\/dosettes-et-capsules-de-cafe\/lavazza-216-capsules-a-modo-mio-crema-e-gusto-ricco\/","url":"https:\/\/www.erresse-shop.it\/fr\/shop\/cafe\/dosettes-et-capsules-de-cafe\/lavazza-216-capsules-a-modo-mio-crema-e-gusto-ricco\/","name":"LAVAZZA 216 capsules A Modo Mio Crema e Gusto Ricco - Erresse Shop","isPartOf":{"@id":"https:\/\/www.erresse-shop.it\/fr\/#website"},"datePublished":"2024-07-18T06:36:45+00:00","dateModified":"2024-10-24T13:45:11+00:00","description":"Un m\u00e9lange de caf\u00e9s fins Arabica et Robusta au corps dense rehauss\u00e9 par une torr\u00e9faction plus fonc\u00e9e pour un espresso puissant aux notes de chocolat et de","breadcrumb":{"@id":"https:\/\/www.erresse-shop.it\/fr\/shop\/cafe\/dosettes-et-capsules-de-cafe\/lavazza-216-capsules-a-modo-mio-crema-e-gusto-ricco\/#breadcrumb"},"inLanguage":"fr-FR","potentialAction":[{"@type":"ReadAction","target":["https:\/\/www.erresse-shop.it\/fr\/shop\/cafe\/dosettes-et-capsules-de-cafe\/lavazza-216-capsules-a-modo-mio-crema-e-gusto-ricco\/"]}]},{"@type":"BreadcrumbList","@id":"https:\/\/www.erresse-shop.it\/fr\/shop\/cafe\/dosettes-et-capsules-de-cafe\/lavazza-216-capsules-a-modo-mio-crema-e-gusto-ricco\/#breadcrumb","itemListElement":[{"@type":"ListItem","position":1,"name":"Home","item":"https:\/\/www.erresse-shop.it\/fr\/"},{"@type":"ListItem","position":2,"name":"Shop","item":"https:\/\/www.erresse-shop.it\/fr\/shop\/"},{"@type":"ListItem","position":3,"name":"LAVAZZA 216 capsules A Modo Mio Crema e Gusto Ricco"}]},{"@type":"WebSite","@id":"https:\/\/www.erresse-shop.it\/fr\/#website","url":"https:\/\/www.erresse-shop.it\/fr\/","name":"Erresse Shop","description":"Articoli di qualit\u00e0 per la casa","potentialAction":[{"@type":"SearchAction","target":{"@type":"EntryPoint","urlTemplate":"https:\/\/www.erresse-shop.it\/fr\/?s={search_term_string}"},"query-input":"required name=search_term_string"}],"inLanguage":"fr-FR"}]}},"df_price":47,"df_sale_price":47,"df_regular_price":47,"df_image_link":"https:\/\/www.erresse-shop.it\/wp-content\/uploads\/2024\/07\/LAVAZZA-216-capsule-A-Modo-Mio-Crema-e-Gusto-Ricco-300x300.jpg","_links":{"self":[{"href":"https:\/\/www.erresse-shop.it\/fr\/wp-json\/wp\/v2\/product\/422277"}],"collection":[{"href":"https:\/\/www.erresse-shop.it\/fr\/wp-json\/wp\/v2\/product"}],"about":[{"href":"https:\/\/www.erresse-shop.it\/fr\/wp-json\/wp\/v2\/types\/product"}],"wp:featuredmedia":[{"embeddable":true,"href":"https:\/\/www.erresse-shop.it\/fr\/wp-json\/wp\/v2\/media\/456394"}],"wp:attachment":[{"href":"https:\/\/www.erresse-shop.it\/fr\/wp-json\/wp\/v2\/media?parent=422277"}],"wp:term":[{"taxonomy":"product_cat","embeddable":true,"href":"https:\/\/www.erresse-shop.it\/fr\/wp-json\/wp\/v2\/product_cat?post=422277"},{"taxonomy":"product_tag","embeddable":true,"href":"https:\/\/www.erresse-shop.it\/fr\/wp-json\/wp\/v2\/product_tag?post=422277"}],"curies":[{"name":"wp","href":"https:\/\/api.w.org\/{rel}","templated":true}]}}