{"id":422260,"date":"2024-07-18T06:10:55","date_gmt":"2024-07-18T06:10:56","guid":{"rendered":"https:\/\/www.erresse-shop.it\/?post_type=product&#038;p=422260"},"modified":"2024-10-25T09:29:58","modified_gmt":"2024-10-25T09:29:58","slug":"lavazza-216-capsules-a-modo-mio-qualita-rossa","status":"publish","type":"product","link":"https:\/\/www.erresse-shop.it\/fr\/shop\/cafe\/dosettes-et-capsules-de-cafe\/lavazza-216-capsules-a-modo-mio-qualita-rossa\/","title":{"rendered":"LAVAZZA 216 capsules A Modo Mio Qualita Rossa"},"content":{"rendered":"<p>Qualit\u00e0 Rossa renferme l&#8217;\u00e2me de l&#8217;Am\u00e9rique du Sud et le c\u0153ur de l&#8217;Afrique noire : les Arabicas br\u00e9siliens naturels lui donnent un corps riche et des notes sucr\u00e9es, tandis que les Robustas africains lui donnent de l&#8217;intensit\u00e9 et un arri\u00e8re-go\u00fbt chocolat\u00e9. Le r\u00e9sultat est un caf\u00e9 \u00e0 l&#8217;ar\u00f4me p\u00e9n\u00e9trant et \u00e0 la saveur pleine et soutenue.<\/p>\n<p><strong>D\u00e9tails du produit :<\/strong><\/p>\n<ul>\n<li>4 paquets de 54 capsules<\/li>\n<li>Composition 60% Arabica<\/li>\n<li>Torr\u00e9faction moyenne<\/li>\n<\/ul>\n<p>&nbsp;<\/p>\n<p><strong>Lavazza n&#8217;est pas affili\u00e9, promu ou sponsoris\u00e9 par Nespresso.<\/strong><br \/>\n<strong>Nescaf\u00e8\u00ae, Dolce Gusto\u00ae et Melody I sont des marques de tiers sans lien avec Luigi Lavazza S.p.A.<\/strong><\/p>\n","protected":false},"excerpt":{"rendered":"<p>Qualit\u00e0 Rossa renferme l&#8217;\u00e2me de l&#8217;Am\u00e9rique du Sud et le c\u0153ur de l&#8217;Afrique noire : les Arabicas br\u00e9siliens naturels lui<\/p>\n","protected":false},"featured_media":456770,"template":"","meta":{"_acf_changed":false,"inline_featured_image":false},"product_cat":[25350,25391],"product_tag":[12956,23563,23225],"acf":[],"yoast_head":"<!-- This site is optimized with the Yoast SEO Premium plugin v18.6 (Yoast SEO v19.13) - https:\/\/yoast.com\/wordpress\/plugins\/seo\/ -->\n<title>LAVAZZA 216 capsules A Modo Mio Qualita Rossa - Erresse Shop<\/title>\n<meta name=\"description\" content=\"Qualit\u00e0 Rossa renferme l&#039;\u00e2me de l&#039;Am\u00e9rique du Sud et le c\u0153ur de l&#039;Afrique noire : les Arabicas br\u00e9siliens naturels lui donnent un corps riche et des notes\" \/>\n<meta name=\"robots\" content=\"index, follow, max-snippet:-1, max-image-preview:large, max-video-preview:-1\" \/>\n<link rel=\"canonical\" href=\"https:\/\/www.erresse-shop.it\/fr\/shop\/cafe\/dosettes-et-capsules-de-cafe\/lavazza-216-capsules-a-modo-mio-qualita-rossa\/\" \/>\n<meta property=\"og:locale\" content=\"fr_FR\" \/>\n<meta property=\"og:type\" content=\"article\" \/>\n<meta property=\"og:title\" content=\"LAVAZZA 216 capsules A Modo Mio Qualita Rossa\" \/>\n<meta property=\"og:description\" content=\"Qualit\u00e0 Rossa renferme l&#039;\u00e2me de l&#039;Am\u00e9rique du Sud et le c\u0153ur de l&#039;Afrique noire : les Arabicas br\u00e9siliens naturels lui donnent un corps riche et des notes\" \/>\n<meta property=\"og:url\" content=\"https:\/\/www.erresse-shop.it\/fr\/shop\/cafe\/dosettes-et-capsules-de-cafe\/lavazza-216-capsules-a-modo-mio-qualita-rossa\/\" \/>\n<meta property=\"og:site_name\" content=\"Erresse Shop\" \/>\n<meta property=\"article:modified_time\" content=\"2024-10-25T09:29:58+00:00\" \/>\n<meta property=\"og:image\" content=\"https:\/\/www.erresse-shop.it\/wp-content\/uploads\/2024\/07\/LAVAZZA-216-capsule-A-Modo-Mio-Qualita-Rossa.png\" \/>\n\t<meta property=\"og:image:width\" content=\"800\" \/>\n\t<meta property=\"og:image:height\" content=\"800\" \/>\n\t<meta property=\"og:image:type\" content=\"image\/png\" \/>\n<meta name=\"twitter:card\" content=\"summary_large_image\" \/>\n<script type=\"application\/ld+json\" class=\"yoast-schema-graph\">{\"@context\":\"https:\/\/schema.org\",\"@graph\":[{\"@type\":\"WebPage\",\"@id\":\"https:\/\/www.erresse-shop.it\/fr\/shop\/cafe\/dosettes-et-capsules-de-cafe\/lavazza-216-capsules-a-modo-mio-qualita-rossa\/\",\"url\":\"https:\/\/www.erresse-shop.it\/fr\/shop\/cafe\/dosettes-et-capsules-de-cafe\/lavazza-216-capsules-a-modo-mio-qualita-rossa\/\",\"name\":\"LAVAZZA 216 capsules A Modo Mio Qualita Rossa - Erresse Shop\",\"isPartOf\":{\"@id\":\"https:\/\/www.erresse-shop.it\/fr\/#website\"},\"datePublished\":\"2024-07-18T06:10:56+00:00\",\"dateModified\":\"2024-10-25T09:29:58+00:00\",\"description\":\"Qualit\u00e0 Rossa renferme l'\u00e2me de l'Am\u00e9rique du Sud et le c\u0153ur de l'Afrique noire : les Arabicas br\u00e9siliens naturels lui donnent un corps riche et des notes\",\"breadcrumb\":{\"@id\":\"https:\/\/www.erresse-shop.it\/fr\/shop\/cafe\/dosettes-et-capsules-de-cafe\/lavazza-216-capsules-a-modo-mio-qualita-rossa\/#breadcrumb\"},\"inLanguage\":\"fr-FR\",\"potentialAction\":[{\"@type\":\"ReadAction\",\"target\":[\"https:\/\/www.erresse-shop.it\/fr\/shop\/cafe\/dosettes-et-capsules-de-cafe\/lavazza-216-capsules-a-modo-mio-qualita-rossa\/\"]}]},{\"@type\":\"BreadcrumbList\",\"@id\":\"https:\/\/www.erresse-shop.it\/fr\/shop\/cafe\/dosettes-et-capsules-de-cafe\/lavazza-216-capsules-a-modo-mio-qualita-rossa\/#breadcrumb\",\"itemListElement\":[{\"@type\":\"ListItem\",\"position\":1,\"name\":\"Home\",\"item\":\"https:\/\/www.erresse-shop.it\/fr\/\"},{\"@type\":\"ListItem\",\"position\":2,\"name\":\"Shop\",\"item\":\"https:\/\/www.erresse-shop.it\/fr\/shop\/\"},{\"@type\":\"ListItem\",\"position\":3,\"name\":\"LAVAZZA 216 capsules A Modo Mio Qualita Rossa\"}]},{\"@type\":\"WebSite\",\"@id\":\"https:\/\/www.erresse-shop.it\/fr\/#website\",\"url\":\"https:\/\/www.erresse-shop.it\/fr\/\",\"name\":\"Erresse Shop\",\"description\":\"Articoli di qualit\u00e0 per la casa\",\"potentialAction\":[{\"@type\":\"SearchAction\",\"target\":{\"@type\":\"EntryPoint\",\"urlTemplate\":\"https:\/\/www.erresse-shop.it\/fr\/?s={search_term_string}\"},\"query-input\":\"required name=search_term_string\"}],\"inLanguage\":\"fr-FR\"}]}<\/script>\n<!-- \/ Yoast SEO Premium plugin. -->","yoast_head_json":{"title":"LAVAZZA 216 capsules A Modo Mio Qualita Rossa - Erresse Shop","description":"Qualit\u00e0 Rossa renferme l'\u00e2me de l'Am\u00e9rique du Sud et le c\u0153ur de l'Afrique noire : les Arabicas br\u00e9siliens naturels lui donnent un corps riche et des notes","robots":{"index":"index","follow":"follow","max-snippet":"max-snippet:-1","max-image-preview":"max-image-preview:large","max-video-preview":"max-video-preview:-1"},"canonical":"https:\/\/www.erresse-shop.it\/fr\/shop\/cafe\/dosettes-et-capsules-de-cafe\/lavazza-216-capsules-a-modo-mio-qualita-rossa\/","og_locale":"fr_FR","og_type":"article","og_title":"LAVAZZA 216 capsules A Modo Mio Qualita Rossa","og_description":"Qualit\u00e0 Rossa renferme l'\u00e2me de l'Am\u00e9rique du Sud et le c\u0153ur de l'Afrique noire : les Arabicas br\u00e9siliens naturels lui donnent un corps riche et des notes","og_url":"https:\/\/www.erresse-shop.it\/fr\/shop\/cafe\/dosettes-et-capsules-de-cafe\/lavazza-216-capsules-a-modo-mio-qualita-rossa\/","og_site_name":"Erresse Shop","article_modified_time":"2024-10-25T09:29:58+00:00","og_image":[{"width":800,"height":800,"url":"https:\/\/www.erresse-shop.it\/wp-content\/uploads\/2024\/07\/LAVAZZA-216-capsule-A-Modo-Mio-Qualita-Rossa.png","type":"image\/png"}],"twitter_card":"summary_large_image","schema":{"@context":"https:\/\/schema.org","@graph":[{"@type":"WebPage","@id":"https:\/\/www.erresse-shop.it\/fr\/shop\/cafe\/dosettes-et-capsules-de-cafe\/lavazza-216-capsules-a-modo-mio-qualita-rossa\/","url":"https:\/\/www.erresse-shop.it\/fr\/shop\/cafe\/dosettes-et-capsules-de-cafe\/lavazza-216-capsules-a-modo-mio-qualita-rossa\/","name":"LAVAZZA 216 capsules A Modo Mio Qualita Rossa - Erresse Shop","isPartOf":{"@id":"https:\/\/www.erresse-shop.it\/fr\/#website"},"datePublished":"2024-07-18T06:10:56+00:00","dateModified":"2024-10-25T09:29:58+00:00","description":"Qualit\u00e0 Rossa renferme l'\u00e2me de l'Am\u00e9rique du Sud et le c\u0153ur de l'Afrique noire : les Arabicas br\u00e9siliens naturels lui donnent un corps riche et des notes","breadcrumb":{"@id":"https:\/\/www.erresse-shop.it\/fr\/shop\/cafe\/dosettes-et-capsules-de-cafe\/lavazza-216-capsules-a-modo-mio-qualita-rossa\/#breadcrumb"},"inLanguage":"fr-FR","potentialAction":[{"@type":"ReadAction","target":["https:\/\/www.erresse-shop.it\/fr\/shop\/cafe\/dosettes-et-capsules-de-cafe\/lavazza-216-capsules-a-modo-mio-qualita-rossa\/"]}]},{"@type":"BreadcrumbList","@id":"https:\/\/www.erresse-shop.it\/fr\/shop\/cafe\/dosettes-et-capsules-de-cafe\/lavazza-216-capsules-a-modo-mio-qualita-rossa\/#breadcrumb","itemListElement":[{"@type":"ListItem","position":1,"name":"Home","item":"https:\/\/www.erresse-shop.it\/fr\/"},{"@type":"ListItem","position":2,"name":"Shop","item":"https:\/\/www.erresse-shop.it\/fr\/shop\/"},{"@type":"ListItem","position":3,"name":"LAVAZZA 216 capsules A Modo Mio Qualita Rossa"}]},{"@type":"WebSite","@id":"https:\/\/www.erresse-shop.it\/fr\/#website","url":"https:\/\/www.erresse-shop.it\/fr\/","name":"Erresse Shop","description":"Articoli di qualit\u00e0 per la casa","potentialAction":[{"@type":"SearchAction","target":{"@type":"EntryPoint","urlTemplate":"https:\/\/www.erresse-shop.it\/fr\/?s={search_term_string}"},"query-input":"required name=search_term_string"}],"inLanguage":"fr-FR"}]}},"df_price":45,"df_sale_price":45,"df_regular_price":45,"df_image_link":"https:\/\/www.erresse-shop.it\/wp-content\/uploads\/2024\/07\/LAVAZZA-216-capsule-A-Modo-Mio-Qualita-Rossa-300x300.jpg","_links":{"self":[{"href":"https:\/\/www.erresse-shop.it\/fr\/wp-json\/wp\/v2\/product\/422260"}],"collection":[{"href":"https:\/\/www.erresse-shop.it\/fr\/wp-json\/wp\/v2\/product"}],"about":[{"href":"https:\/\/www.erresse-shop.it\/fr\/wp-json\/wp\/v2\/types\/product"}],"wp:featuredmedia":[{"embeddable":true,"href":"https:\/\/www.erresse-shop.it\/fr\/wp-json\/wp\/v2\/media\/456770"}],"wp:attachment":[{"href":"https:\/\/www.erresse-shop.it\/fr\/wp-json\/wp\/v2\/media?parent=422260"}],"wp:term":[{"taxonomy":"product_cat","embeddable":true,"href":"https:\/\/www.erresse-shop.it\/fr\/wp-json\/wp\/v2\/product_cat?post=422260"},{"taxonomy":"product_tag","embeddable":true,"href":"https:\/\/www.erresse-shop.it\/fr\/wp-json\/wp\/v2\/product_tag?post=422260"}],"curies":[{"name":"wp","href":"https:\/\/api.w.org\/{rel}","templated":true}]}}