{"id":422185,"date":"2024-07-17T13:19:55","date_gmt":"2024-07-17T13:19:56","guid":{"rendered":"https:\/\/www.erresse-shop.it\/?post_type=product&#038;p=422185"},"modified":"2025-01-14T17:30:12","modified_gmt":"2025-01-14T17:30:12","slug":"borbone-2-paquets-de-100-capsules-respresso-green-decafeine","status":"publish","type":"product","link":"https:\/\/www.erresse-shop.it\/fr\/shop\/cafe\/dosettes-et-capsules-de-cafe\/borbone-2-paquets-de-100-capsules-respresso-green-decafeine\/","title":{"rendered":"BORBONE 100 capsules REspresso Verde D\u00e9caf\u00e9in\u00e9"},"content":{"rendered":"<p><strong>100 capsules Caff\u00e8 Borbone Respresso green blend DEK, compatibles avec les machines domestiques Nespresso.<\/strong><\/p>\n<p>Les capsules Respresso green blend compatibles Dek sont le meilleur choix pour ceux qui aiment le go\u00fbt et l&#8217;onctuosit\u00e9 de l&#8217;espresso, mais pas la caf\u00e9ine.<br \/>\nGr\u00e2ce \u00e0 la technologie de Caff\u00e8 Borbone, vous pouvez enfin appr\u00e9cier la saveur du plus authentique caf\u00e9 napolitain, m\u00eame dans la version Dek.<\/p>\n<p><strong>D\u00e9tails du produit<\/strong><\/p>\n<ul>\n<li>Caf\u00e9 torr\u00e9fi\u00e9 et moulu<\/li>\n<li>Emball\u00e9 sous atmosph\u00e8re protectrice<\/li>\n<\/ul>\n<p>&nbsp;<\/p>\n<p><strong>*Nespresso\u00ae et *Nescaf\u00e9\u00ae *Dolce Gusto\u00ae sont des marques d\u00e9pos\u00e9es de la Soci\u00e9t\u00e9 des Produits Nestl\u00e8\u00ae S.A. Caff\u00e8 Borbone Srl est un fabricant ind\u00e9pendant qui n&#8217;est pas li\u00e9 \u00e0 la Soci\u00e9t\u00e9 des Produits Nestl\u00e8\u00ae S.A. Les capsules Caff\u00e8 Borbone sont compatibles avec les machines \u00e0 caf\u00e9 domestiques Nespresso\u00ae &#8211; Nescaf\u00e9\u00ae Dolce Gusto\u00ae.<\/strong><\/p>\n","protected":false},"excerpt":{"rendered":"<p>100 capsules Caff\u00e8 Borbone Respresso green blend DEK, compatibles avec les machines domestiques Nespresso. Les capsules Respresso green blend compatibles<\/p>\n","protected":false},"featured_media":466743,"template":"","meta":{"_acf_changed":false,"inline_featured_image":false},"product_cat":[25350,25391],"product_tag":[12956,23563,23225,23301],"acf":[],"yoast_head":"<!-- This site is optimized with the Yoast SEO Premium plugin v18.6 (Yoast SEO v19.13) - https:\/\/yoast.com\/wordpress\/plugins\/seo\/ -->\n<title>BORBONE 100 capsules REspresso Verde D\u00e9caf\u00e9in\u00e9<\/title>\n<meta name=\"description\" content=\"D\u00e9couvrez BORBONE 100 capsules REspresso Verde D\u00e9caf\u00e9in\u00e9 sur ErresseShop. Qualit\u00e9, prix r\u00e9duits et achat s\u00e9curis\u00e9 \u2013 commandez d\u00e8s maintenant en ligne !\" \/>\n<meta name=\"robots\" content=\"index, follow, max-snippet:-1, max-image-preview:large, max-video-preview:-1\" \/>\n<link rel=\"canonical\" href=\"https:\/\/www.erresse-shop.it\/fr\/shop\/cafe\/dosettes-et-capsules-de-cafe\/borbone-2-paquets-de-100-capsules-respresso-green-decafeine\/\" \/>\n<meta property=\"og:locale\" content=\"fr_FR\" \/>\n<meta property=\"og:type\" content=\"article\" \/>\n<meta property=\"og:title\" content=\"BORBONE 100 capsules REspresso Verde D\u00e9caf\u00e9in\u00e9\" \/>\n<meta property=\"og:description\" content=\"D\u00e9couvrez BORBONE 100 capsules REspresso Verde D\u00e9caf\u00e9in\u00e9 sur ErresseShop. Qualit\u00e9, prix r\u00e9duits et achat s\u00e9curis\u00e9 \u2013 commandez d\u00e8s maintenant en ligne !\" \/>\n<meta property=\"og:url\" content=\"https:\/\/www.erresse-shop.it\/fr\/shop\/cafe\/dosettes-et-capsules-de-cafe\/borbone-2-paquets-de-100-capsules-respresso-green-decafeine\/\" \/>\n<meta property=\"og:site_name\" content=\"Erresse Shop\" \/>\n<meta property=\"article:modified_time\" content=\"2025-01-14T17:30:12+00:00\" \/>\n<meta property=\"og:image\" content=\"https:\/\/www.erresse-shop.it\/wp-content\/uploads\/2024\/07\/BORBONE-2-Confezioni-da-100-Capsule-REspresso-Verde-Dek.png\" \/>\n\t<meta property=\"og:image:width\" content=\"800\" \/>\n\t<meta property=\"og:image:height\" content=\"800\" \/>\n\t<meta property=\"og:image:type\" content=\"image\/png\" \/>\n<meta name=\"twitter:card\" content=\"summary_large_image\" \/>\n<script type=\"application\/ld+json\" class=\"yoast-schema-graph\">{\"@context\":\"https:\/\/schema.org\",\"@graph\":[{\"@type\":\"WebPage\",\"@id\":\"https:\/\/www.erresse-shop.it\/fr\/shop\/cafe\/dosettes-et-capsules-de-cafe\/borbone-2-paquets-de-100-capsules-respresso-green-decafeine\/\",\"url\":\"https:\/\/www.erresse-shop.it\/fr\/shop\/cafe\/dosettes-et-capsules-de-cafe\/borbone-2-paquets-de-100-capsules-respresso-green-decafeine\/\",\"name\":\"BORBONE 100 capsules REspresso Verde D\u00e9caf\u00e9in\u00e9\",\"isPartOf\":{\"@id\":\"https:\/\/www.erresse-shop.it\/fr\/#website\"},\"datePublished\":\"2024-07-17T13:19:56+00:00\",\"dateModified\":\"2025-01-14T17:30:12+00:00\",\"description\":\"D\u00e9couvrez BORBONE 100 capsules REspresso Verde D\u00e9caf\u00e9in\u00e9 sur ErresseShop. Qualit\u00e9, prix r\u00e9duits et achat s\u00e9curis\u00e9 \u2013 commandez d\u00e8s maintenant en ligne !\",\"breadcrumb\":{\"@id\":\"https:\/\/www.erresse-shop.it\/fr\/shop\/cafe\/dosettes-et-capsules-de-cafe\/borbone-2-paquets-de-100-capsules-respresso-green-decafeine\/#breadcrumb\"},\"inLanguage\":\"fr-FR\",\"potentialAction\":[{\"@type\":\"ReadAction\",\"target\":[\"https:\/\/www.erresse-shop.it\/fr\/shop\/cafe\/dosettes-et-capsules-de-cafe\/borbone-2-paquets-de-100-capsules-respresso-green-decafeine\/\"]}]},{\"@type\":\"BreadcrumbList\",\"@id\":\"https:\/\/www.erresse-shop.it\/fr\/shop\/cafe\/dosettes-et-capsules-de-cafe\/borbone-2-paquets-de-100-capsules-respresso-green-decafeine\/#breadcrumb\",\"itemListElement\":[{\"@type\":\"ListItem\",\"position\":1,\"name\":\"Home\",\"item\":\"https:\/\/www.erresse-shop.it\/fr\/\"},{\"@type\":\"ListItem\",\"position\":2,\"name\":\"Shop\",\"item\":\"https:\/\/www.erresse-shop.it\/fr\/shop\/\"},{\"@type\":\"ListItem\",\"position\":3,\"name\":\"BORBONE 100 capsules REspresso Verde D\u00e9caf\u00e9in\u00e9\"}]},{\"@type\":\"WebSite\",\"@id\":\"https:\/\/www.erresse-shop.it\/fr\/#website\",\"url\":\"https:\/\/www.erresse-shop.it\/fr\/\",\"name\":\"Erresse Shop\",\"description\":\"Articoli di qualit\u00e0 per la casa\",\"potentialAction\":[{\"@type\":\"SearchAction\",\"target\":{\"@type\":\"EntryPoint\",\"urlTemplate\":\"https:\/\/www.erresse-shop.it\/fr\/?s={search_term_string}\"},\"query-input\":\"required name=search_term_string\"}],\"inLanguage\":\"fr-FR\"}]}<\/script>\n<!-- \/ Yoast SEO Premium plugin. -->","yoast_head_json":{"title":"BORBONE 100 capsules REspresso Verde D\u00e9caf\u00e9in\u00e9","description":"D\u00e9couvrez BORBONE 100 capsules REspresso Verde D\u00e9caf\u00e9in\u00e9 sur ErresseShop. Qualit\u00e9, prix r\u00e9duits et achat s\u00e9curis\u00e9 \u2013 commandez d\u00e8s maintenant en ligne !","robots":{"index":"index","follow":"follow","max-snippet":"max-snippet:-1","max-image-preview":"max-image-preview:large","max-video-preview":"max-video-preview:-1"},"canonical":"https:\/\/www.erresse-shop.it\/fr\/shop\/cafe\/dosettes-et-capsules-de-cafe\/borbone-2-paquets-de-100-capsules-respresso-green-decafeine\/","og_locale":"fr_FR","og_type":"article","og_title":"BORBONE 100 capsules REspresso Verde D\u00e9caf\u00e9in\u00e9","og_description":"D\u00e9couvrez BORBONE 100 capsules REspresso Verde D\u00e9caf\u00e9in\u00e9 sur ErresseShop. Qualit\u00e9, prix r\u00e9duits et achat s\u00e9curis\u00e9 \u2013 commandez d\u00e8s maintenant en ligne !","og_url":"https:\/\/www.erresse-shop.it\/fr\/shop\/cafe\/dosettes-et-capsules-de-cafe\/borbone-2-paquets-de-100-capsules-respresso-green-decafeine\/","og_site_name":"Erresse Shop","article_modified_time":"2025-01-14T17:30:12+00:00","og_image":[{"width":800,"height":800,"url":"https:\/\/www.erresse-shop.it\/wp-content\/uploads\/2024\/07\/BORBONE-2-Confezioni-da-100-Capsule-REspresso-Verde-Dek.png","type":"image\/png"}],"twitter_card":"summary_large_image","schema":{"@context":"https:\/\/schema.org","@graph":[{"@type":"WebPage","@id":"https:\/\/www.erresse-shop.it\/fr\/shop\/cafe\/dosettes-et-capsules-de-cafe\/borbone-2-paquets-de-100-capsules-respresso-green-decafeine\/","url":"https:\/\/www.erresse-shop.it\/fr\/shop\/cafe\/dosettes-et-capsules-de-cafe\/borbone-2-paquets-de-100-capsules-respresso-green-decafeine\/","name":"BORBONE 100 capsules REspresso Verde D\u00e9caf\u00e9in\u00e9","isPartOf":{"@id":"https:\/\/www.erresse-shop.it\/fr\/#website"},"datePublished":"2024-07-17T13:19:56+00:00","dateModified":"2025-01-14T17:30:12+00:00","description":"D\u00e9couvrez BORBONE 100 capsules REspresso Verde D\u00e9caf\u00e9in\u00e9 sur ErresseShop. Qualit\u00e9, prix r\u00e9duits et achat s\u00e9curis\u00e9 \u2013 commandez d\u00e8s maintenant en ligne !","breadcrumb":{"@id":"https:\/\/www.erresse-shop.it\/fr\/shop\/cafe\/dosettes-et-capsules-de-cafe\/borbone-2-paquets-de-100-capsules-respresso-green-decafeine\/#breadcrumb"},"inLanguage":"fr-FR","potentialAction":[{"@type":"ReadAction","target":["https:\/\/www.erresse-shop.it\/fr\/shop\/cafe\/dosettes-et-capsules-de-cafe\/borbone-2-paquets-de-100-capsules-respresso-green-decafeine\/"]}]},{"@type":"BreadcrumbList","@id":"https:\/\/www.erresse-shop.it\/fr\/shop\/cafe\/dosettes-et-capsules-de-cafe\/borbone-2-paquets-de-100-capsules-respresso-green-decafeine\/#breadcrumb","itemListElement":[{"@type":"ListItem","position":1,"name":"Home","item":"https:\/\/www.erresse-shop.it\/fr\/"},{"@type":"ListItem","position":2,"name":"Shop","item":"https:\/\/www.erresse-shop.it\/fr\/shop\/"},{"@type":"ListItem","position":3,"name":"BORBONE 100 capsules REspresso Verde D\u00e9caf\u00e9in\u00e9"}]},{"@type":"WebSite","@id":"https:\/\/www.erresse-shop.it\/fr\/#website","url":"https:\/\/www.erresse-shop.it\/fr\/","name":"Erresse Shop","description":"Articoli di qualit\u00e0 per la casa","potentialAction":[{"@type":"SearchAction","target":{"@type":"EntryPoint","urlTemplate":"https:\/\/www.erresse-shop.it\/fr\/?s={search_term_string}"},"query-input":"required name=search_term_string"}],"inLanguage":"fr-FR"}]}},"df_price":19.95,"df_sale_price":19.95,"df_regular_price":26.1,"df_image_link":"https:\/\/www.erresse-shop.it\/wp-content\/uploads\/2024\/07\/BORBONE-100-Capsule-REspresso-Verde-Decaffeinato-300x300.jpg","_links":{"self":[{"href":"https:\/\/www.erresse-shop.it\/fr\/wp-json\/wp\/v2\/product\/422185"}],"collection":[{"href":"https:\/\/www.erresse-shop.it\/fr\/wp-json\/wp\/v2\/product"}],"about":[{"href":"https:\/\/www.erresse-shop.it\/fr\/wp-json\/wp\/v2\/types\/product"}],"wp:featuredmedia":[{"embeddable":true,"href":"https:\/\/www.erresse-shop.it\/fr\/wp-json\/wp\/v2\/media\/466743"}],"wp:attachment":[{"href":"https:\/\/www.erresse-shop.it\/fr\/wp-json\/wp\/v2\/media?parent=422185"}],"wp:term":[{"taxonomy":"product_cat","embeddable":true,"href":"https:\/\/www.erresse-shop.it\/fr\/wp-json\/wp\/v2\/product_cat?post=422185"},{"taxonomy":"product_tag","embeddable":true,"href":"https:\/\/www.erresse-shop.it\/fr\/wp-json\/wp\/v2\/product_tag?post=422185"}],"curies":[{"name":"wp","href":"https:\/\/api.w.org\/{rel}","templated":true}]}}