{"id":421507,"date":"2024-07-15T14:07:20","date_gmt":"2024-07-15T14:07:21","guid":{"rendered":"https:\/\/www.erresse-shop.it\/?post_type=product&#038;p=421507"},"modified":"2024-10-25T10:41:21","modified_gmt":"2024-10-25T10:41:21","slug":"smeg-bouilloire-esthetique-annees-50-cuivre-copia","status":"publish","type":"product","link":"https:\/\/www.erresse-shop.it\/fr\/shop\/petits-electromenagers\/bouilloires-electriques\/smeg-bouilloire-esthetique-annees-50-cuivre-copia\/","title":{"rendered":"SMEG Dolce &#038; Gabbana Bouilloire bleue"},"content":{"rendered":"<p><b>SMEG<\/b>s\u00e9rie ann\u00e9es 50<\/p>\n<p>Objets de rencontre symboliques, ic\u00f4nes qui transforment l&#8217;espace qu&#8217;ils occupent, les nouveaux petits de la ligne Anni &#8217;50s, con\u00e7us en collaboration avec Matteo Bazzicalupo et Raffaella Mangiarotti de deepdesign, \u00e9voquent d&#8217;autres temps et fa\u00e7onnent les lieux du quotidien, en les investissant d&#8217;un nouveau sens. existe d\u00e9j\u00e0 ou a exist\u00e9, comme c&#8217;est le cas dans l&#8217;art et la m\u00e9moire.<br \/>\nLes produits aux formes arrondies et compactes sont les protagonistes de la cuisine, con\u00e7us pour ceux qui veulent vivre l&#8217;exp\u00e9rience d&#8217;un chef mais pas seulement. Pour ceux qui aiment s\u2019entourer d\u2019objets au fort caract\u00e8re esth\u00e9tique sans perdre de vue la haute qualit\u00e9 des performances.<\/p>\n<p><strong>PERFORMANCES ET STYLE<\/strong><br \/>\nAvec son m\u00e9lange de technologie et de style l\u00e9g\u00e8rement r\u00e9tro, la bouilloire Smeg rend chaque instant sp\u00e9cial, du petit-d\u00e9jeuner au th\u00e9 de cinq heures, d&#8217;une petite pause \u00e0 la d\u00e9tente du soir. En un instant, il chauffe l&#8217;eau avec pr\u00e9cision et efficacit\u00e9. Et m\u00eame lorsqu&#8217;on ne l&#8217;utilise pas, c&#8217;est dommage de le cacher, car il meuble la cuisine avec l&#8217;harmonie de ses formes et sa couleur originale.<\/p>\n<p><strong>EFFICACIT\u00c9 MAXIMALE<\/strong><br \/>\nEn un instant, il chauffe l&#8217;eau avec pr\u00e9cision et efficacit\u00e9. Rapide, s\u00fbr, fiable, il poss\u00e8de une capacit\u00e9 de 1,7 litre, un corps en acier inoxydable, une base pratique avec pieds antid\u00e9rapants et un filtre anticalcaire en acier inoxydable amovible et lavable.<\/p>\n<p><strong>ESTH\u00c9TIQUE<br \/>\n<\/strong><\/p>\n<p><strong>Dolce&amp;Gabbana<\/strong> et <strong>Smeg<\/strong> unissent leurs \u00e2mes artistiques, cr\u00e9ant des designs <strong>Made in Italy<\/strong> uniques et originaux tels que <strong>Blu Mediterraneo<\/strong>. La nouvelle collection de petits appareils \u00e9lectrom\u00e9nagers est cr\u00e9\u00e9e par Smeg avec le design de Matteo Bazzicalupo et Raffaella Mangiarotti (<strong>deepdesign<\/strong>) et la <strong>cr\u00e9ativit\u00e9 incomparable de Dolce&amp;Gabbana.<\/strong><\/p>\n<p><strong>Couleur<\/strong>\u00a0: D\u00e9cor\u00e9 \/ Sp\u00e9cial<br \/>\n<strong>D\u00e9coration<\/strong> \/ Couleur Sp\u00e9ciale : Bleu M\u00e9diterran\u00e9e<br \/>\n<strong>Finition<\/strong>\u00a0: Polie<br \/>\n<strong>Esth\u00e9tique<\/strong>\u00a0: le style des ann\u00e9es 50<br \/>\n<strong>S\u00e9rie<\/strong>\u00a0: Bleu M\u00e9diterran\u00e9e<br \/>\n<strong>Collaborations<\/strong> : Smeg &amp; Dolce&amp;Gabbana<br \/>\n<strong>Couleur de base<\/strong>\u00a0: Chrome poli<br \/>\n<strong>Couleur de la poign\u00e9e<\/strong>\u00a0: Chrome<br \/>\n<strong>Couleur du bec<\/strong>\u00a0: Acier poli<br \/>\n<strong>Couleur du c\u00e2ble d&#8217;alimentation<\/strong>\u00a0: Gris<br \/>\n<strong>Mat\u00e9riau du corps<\/strong>\u00a0: Acier inoxydable<br \/>\n<strong>Mat\u00e9riau de base<\/strong>\u00a0: Plastique<br \/>\n<strong>Mat\u00e9riau du couvercle<\/strong>\u00a0: Acier inoxydable<br \/>\n<strong>Mat\u00e9riau du manche<\/strong>\u00a0: Plastique<br \/>\n<strong>Mat\u00e9riau du bec<\/strong>\u00a0: Acier inoxydable<br \/>\n<strong>Type de logo<\/strong>\u00a0: Int\u00e9gr\u00e9<\/p>\n<p><strong>CARACT\u00c9RISTIQUES TECHNIQUES<\/strong><\/p>\n<p><strong>Capacit\u00e9 maximale<\/strong>\u00a0: 1,7 l \/ 7 tasses<br \/>\n<strong>Indicateur de niveau d&#8217;eau<\/strong>\u00a0: Oui<br \/>\n<strong>Ouverture du couvercle<\/strong>\u00a0: ouverture douce<br \/>\n<strong>Filtre<\/strong>\u00a0: Oui<br \/>\n<strong>Mat\u00e9riau du filtre<\/strong>\u00a0: Acier inoxydable<br \/>\n<strong>D\u00e9tartrant<\/strong>\u00a0: Oui<br \/>\n<strong>Amovible<\/strong>\u00a0:Oui<br \/>\n<strong>Auto-off<\/strong>\u00a0: Oui, \u00e0 100\u00a0\u00b0\u00a0C<br \/>\n<strong>Arr\u00eat automatique de s\u00e9curit\u00e9<\/strong>\u00a0: Oui<br \/>\n<strong>\u00c9l\u00e9ment chauffant cach\u00e9<\/strong>\u00a0: Oui<br \/>\n<strong>Enrouleur de c\u00e2ble int\u00e9gr\u00e9<\/strong>\u00a0: Oui<br \/>\n<strong>Base antid\u00e9rapante<\/strong>\u00a0: Oui<br \/>\n<strong>Base avec connexion 360<\/strong>\u00b0\u00a0: Oui<\/p>\n<p><span style=\"text-decoration: underline;\"><strong>Pas \u00e0 vendre en dehors de l&#8217;Europe<\/strong><\/span><\/p>\n","protected":false},"excerpt":{"rendered":"<p>SMEGs\u00e9rie ann\u00e9es 50 Objets de rencontre symboliques, ic\u00f4nes qui transforment l&#8217;espace qu&#8217;ils occupent, les nouveaux petits de la ligne Anni<\/p>\n","protected":false},"featured_media":452192,"template":"","meta":{"_acf_changed":false,"inline_featured_image":false},"product_cat":[12763,12449],"product_tag":[25181,23910,13265,13253,24591,25021,19952,19953],"acf":[],"yoast_head":"<!-- This site is optimized with the Yoast SEO Premium plugin v18.6 (Yoast SEO v19.13) - https:\/\/yoast.com\/wordpress\/plugins\/seo\/ -->\n<title>SMEG Dolce &amp; Gabbana Bouilloire bleue - Erresse Shop<\/title>\n<meta name=\"description\" content=\"SMEGs\u00e9rie ann\u00e9es 50 Objets de rencontre symboliques, ic\u00f4nes qui transforment l&#039;espace qu&#039;ils occupent, les nouveaux petits de la ligne Anni &#039;50s, con\u00e7us\" \/>\n<meta name=\"robots\" content=\"index, follow, max-snippet:-1, max-image-preview:large, max-video-preview:-1\" \/>\n<link rel=\"canonical\" href=\"https:\/\/www.erresse-shop.it\/fr\/shop\/petits-electromenagers\/bouilloires-electriques\/smeg-bouilloire-esthetique-annees-50-cuivre-copia\/\" \/>\n<meta property=\"og:locale\" content=\"fr_FR\" \/>\n<meta property=\"og:type\" content=\"article\" \/>\n<meta property=\"og:title\" content=\"SMEG Dolce &amp; Gabbana Bouilloire bleue\" \/>\n<meta property=\"og:description\" content=\"SMEGs\u00e9rie ann\u00e9es 50 Objets de rencontre symboliques, ic\u00f4nes qui transforment l&#039;espace qu&#039;ils occupent, les nouveaux petits de la ligne Anni &#039;50s, con\u00e7us\" \/>\n<meta property=\"og:url\" content=\"https:\/\/www.erresse-shop.it\/fr\/shop\/petits-electromenagers\/bouilloires-electriques\/smeg-bouilloire-esthetique-annees-50-cuivre-copia\/\" \/>\n<meta property=\"og:site_name\" content=\"Erresse Shop\" \/>\n<meta property=\"article:modified_time\" content=\"2024-10-25T10:41:21+00:00\" \/>\n<meta property=\"og:image\" content=\"https:\/\/www.erresse-shop.it\/wp-content\/uploads\/2024\/07\/SMEG-Dolce-Gabbana-Bollitore-Blu.png\" \/>\n\t<meta property=\"og:image:width\" content=\"800\" \/>\n\t<meta property=\"og:image:height\" content=\"800\" \/>\n\t<meta property=\"og:image:type\" content=\"image\/png\" \/>\n<meta name=\"twitter:card\" content=\"summary_large_image\" \/>\n<script type=\"application\/ld+json\" class=\"yoast-schema-graph\">{\"@context\":\"https:\/\/schema.org\",\"@graph\":[{\"@type\":\"WebPage\",\"@id\":\"https:\/\/www.erresse-shop.it\/fr\/shop\/petits-electromenagers\/bouilloires-electriques\/smeg-bouilloire-esthetique-annees-50-cuivre-copia\/\",\"url\":\"https:\/\/www.erresse-shop.it\/fr\/shop\/petits-electromenagers\/bouilloires-electriques\/smeg-bouilloire-esthetique-annees-50-cuivre-copia\/\",\"name\":\"SMEG Dolce & Gabbana Bouilloire bleue - Erresse Shop\",\"isPartOf\":{\"@id\":\"https:\/\/www.erresse-shop.it\/fr\/#website\"},\"datePublished\":\"2024-07-15T14:07:21+00:00\",\"dateModified\":\"2024-10-25T10:41:21+00:00\",\"description\":\"SMEGs\u00e9rie ann\u00e9es 50 Objets de rencontre symboliques, ic\u00f4nes qui transforment l'espace qu'ils occupent, les nouveaux petits de la ligne Anni '50s, con\u00e7us\",\"breadcrumb\":{\"@id\":\"https:\/\/www.erresse-shop.it\/fr\/shop\/petits-electromenagers\/bouilloires-electriques\/smeg-bouilloire-esthetique-annees-50-cuivre-copia\/#breadcrumb\"},\"inLanguage\":\"fr-FR\",\"potentialAction\":[{\"@type\":\"ReadAction\",\"target\":[\"https:\/\/www.erresse-shop.it\/fr\/shop\/petits-electromenagers\/bouilloires-electriques\/smeg-bouilloire-esthetique-annees-50-cuivre-copia\/\"]}]},{\"@type\":\"BreadcrumbList\",\"@id\":\"https:\/\/www.erresse-shop.it\/fr\/shop\/petits-electromenagers\/bouilloires-electriques\/smeg-bouilloire-esthetique-annees-50-cuivre-copia\/#breadcrumb\",\"itemListElement\":[{\"@type\":\"ListItem\",\"position\":1,\"name\":\"Home\",\"item\":\"https:\/\/www.erresse-shop.it\/fr\/\"},{\"@type\":\"ListItem\",\"position\":2,\"name\":\"Shop\",\"item\":\"https:\/\/www.erresse-shop.it\/fr\/shop\/\"},{\"@type\":\"ListItem\",\"position\":3,\"name\":\"SMEG Dolce &#038; Gabbana Bouilloire bleue\"}]},{\"@type\":\"WebSite\",\"@id\":\"https:\/\/www.erresse-shop.it\/fr\/#website\",\"url\":\"https:\/\/www.erresse-shop.it\/fr\/\",\"name\":\"Erresse Shop\",\"description\":\"Articoli di qualit\u00e0 per la casa\",\"potentialAction\":[{\"@type\":\"SearchAction\",\"target\":{\"@type\":\"EntryPoint\",\"urlTemplate\":\"https:\/\/www.erresse-shop.it\/fr\/?s={search_term_string}\"},\"query-input\":\"required name=search_term_string\"}],\"inLanguage\":\"fr-FR\"}]}<\/script>\n<!-- \/ Yoast SEO Premium plugin. -->","yoast_head_json":{"title":"SMEG Dolce & Gabbana Bouilloire bleue - Erresse Shop","description":"SMEGs\u00e9rie ann\u00e9es 50 Objets de rencontre symboliques, ic\u00f4nes qui transforment l'espace qu'ils occupent, les nouveaux petits de la ligne Anni '50s, con\u00e7us","robots":{"index":"index","follow":"follow","max-snippet":"max-snippet:-1","max-image-preview":"max-image-preview:large","max-video-preview":"max-video-preview:-1"},"canonical":"https:\/\/www.erresse-shop.it\/fr\/shop\/petits-electromenagers\/bouilloires-electriques\/smeg-bouilloire-esthetique-annees-50-cuivre-copia\/","og_locale":"fr_FR","og_type":"article","og_title":"SMEG Dolce & Gabbana Bouilloire bleue","og_description":"SMEGs\u00e9rie ann\u00e9es 50 Objets de rencontre symboliques, ic\u00f4nes qui transforment l'espace qu'ils occupent, les nouveaux petits de la ligne Anni '50s, con\u00e7us","og_url":"https:\/\/www.erresse-shop.it\/fr\/shop\/petits-electromenagers\/bouilloires-electriques\/smeg-bouilloire-esthetique-annees-50-cuivre-copia\/","og_site_name":"Erresse Shop","article_modified_time":"2024-10-25T10:41:21+00:00","og_image":[{"width":800,"height":800,"url":"https:\/\/www.erresse-shop.it\/wp-content\/uploads\/2024\/07\/SMEG-Dolce-Gabbana-Bollitore-Blu.png","type":"image\/png"}],"twitter_card":"summary_large_image","schema":{"@context":"https:\/\/schema.org","@graph":[{"@type":"WebPage","@id":"https:\/\/www.erresse-shop.it\/fr\/shop\/petits-electromenagers\/bouilloires-electriques\/smeg-bouilloire-esthetique-annees-50-cuivre-copia\/","url":"https:\/\/www.erresse-shop.it\/fr\/shop\/petits-electromenagers\/bouilloires-electriques\/smeg-bouilloire-esthetique-annees-50-cuivre-copia\/","name":"SMEG Dolce & Gabbana Bouilloire bleue - Erresse Shop","isPartOf":{"@id":"https:\/\/www.erresse-shop.it\/fr\/#website"},"datePublished":"2024-07-15T14:07:21+00:00","dateModified":"2024-10-25T10:41:21+00:00","description":"SMEGs\u00e9rie ann\u00e9es 50 Objets de rencontre symboliques, ic\u00f4nes qui transforment l'espace qu'ils occupent, les nouveaux petits de la ligne Anni '50s, con\u00e7us","breadcrumb":{"@id":"https:\/\/www.erresse-shop.it\/fr\/shop\/petits-electromenagers\/bouilloires-electriques\/smeg-bouilloire-esthetique-annees-50-cuivre-copia\/#breadcrumb"},"inLanguage":"fr-FR","potentialAction":[{"@type":"ReadAction","target":["https:\/\/www.erresse-shop.it\/fr\/shop\/petits-electromenagers\/bouilloires-electriques\/smeg-bouilloire-esthetique-annees-50-cuivre-copia\/"]}]},{"@type":"BreadcrumbList","@id":"https:\/\/www.erresse-shop.it\/fr\/shop\/petits-electromenagers\/bouilloires-electriques\/smeg-bouilloire-esthetique-annees-50-cuivre-copia\/#breadcrumb","itemListElement":[{"@type":"ListItem","position":1,"name":"Home","item":"https:\/\/www.erresse-shop.it\/fr\/"},{"@type":"ListItem","position":2,"name":"Shop","item":"https:\/\/www.erresse-shop.it\/fr\/shop\/"},{"@type":"ListItem","position":3,"name":"SMEG Dolce &#038; Gabbana Bouilloire bleue"}]},{"@type":"WebSite","@id":"https:\/\/www.erresse-shop.it\/fr\/#website","url":"https:\/\/www.erresse-shop.it\/fr\/","name":"Erresse Shop","description":"Articoli di qualit\u00e0 per la casa","potentialAction":[{"@type":"SearchAction","target":{"@type":"EntryPoint","urlTemplate":"https:\/\/www.erresse-shop.it\/fr\/?s={search_term_string}"},"query-input":"required name=search_term_string"}],"inLanguage":"fr-FR"}]}},"df_price":419.29999999999995,"df_sale_price":419.29999999999995,"df_regular_price":599,"df_image_link":"https:\/\/www.erresse-shop.it\/wp-content\/uploads\/2024\/07\/SMEG-Dolce-Gabbana-Bollitore-Blu-300x300.jpg","_links":{"self":[{"href":"https:\/\/www.erresse-shop.it\/fr\/wp-json\/wp\/v2\/product\/421507"}],"collection":[{"href":"https:\/\/www.erresse-shop.it\/fr\/wp-json\/wp\/v2\/product"}],"about":[{"href":"https:\/\/www.erresse-shop.it\/fr\/wp-json\/wp\/v2\/types\/product"}],"wp:featuredmedia":[{"embeddable":true,"href":"https:\/\/www.erresse-shop.it\/fr\/wp-json\/wp\/v2\/media\/452192"}],"wp:attachment":[{"href":"https:\/\/www.erresse-shop.it\/fr\/wp-json\/wp\/v2\/media?parent=421507"}],"wp:term":[{"taxonomy":"product_cat","embeddable":true,"href":"https:\/\/www.erresse-shop.it\/fr\/wp-json\/wp\/v2\/product_cat?post=421507"},{"taxonomy":"product_tag","embeddable":true,"href":"https:\/\/www.erresse-shop.it\/fr\/wp-json\/wp\/v2\/product_tag?post=421507"}],"curies":[{"name":"wp","href":"https:\/\/api.w.org\/{rel}","templated":true}]}}