{"id":421456,"date":"2024-07-15T12:52:56","date_gmt":"2024-07-15T12:52:57","guid":{"rendered":"https:\/\/www.erresse-shop.it\/?post_type=product&#038;p=421456"},"modified":"2024-10-25T12:13:37","modified_gmt":"2024-10-25T12:13:37","slug":"zwilling-pro-ecumoire-copia","status":"publish","type":"product","link":"https:\/\/www.erresse-shop.it\/fr\/shop\/cuisine\/outils\/zwilling-pro-ecumoire-copia\/","title":{"rendered":"ZWILLING PRO  Fourchette \u00e0 d\u00e9couper"},"content":{"rendered":"<p>L&#8217;aspect pratique n&#8217;a jamais \u00e9t\u00e9 aussi beau : tous les accessoires de cuisine de la collection ZWILLING Pro ont \u00e9t\u00e9 cr\u00e9\u00e9s par les designers prim\u00e9s Matteo Thun et Antonio Rodriguez et se distinguent par leur design magnifiquement minimaliste et intemporel. La fourchette est en acier inoxydable avec une finition mate et satin\u00e9e. Le r\u00e9sultat est un contraste int\u00e9ressant entre les surfaces brillantes et mates. Le manche a un design ergonomique con\u00e7u pour s&#8217;adapter parfaitement \u00e0 la main humaine et est \u00e9quip\u00e9 d&#8217;un grand anneau qui permet d&#8217;accrocher la fourchette \u00e0 diff\u00e9rents types de crochets. Gr\u00e2ce aux dents longues et finement aiguis\u00e9es, il est particuli\u00e8rement simple d&#8217;utiliser la fourchette pour soulever le r\u00f4ti et le maintenir fermement ou encore pour v\u00e9rifier le niveau de cuisson sans ab\u00eemer la viande. Chaque ustensile de cuisine de la collection ZWILLING Pro passe au lave-vaisselle.<\/p>\n<ul>\n<li>Design minimaliste de Matteo Thun et Antonio Rodriguez<\/li>\n<li>Fabriqu\u00e9 en acier inoxydable de haute qualit\u00e9<\/li>\n<li>Poign\u00e9es ergonomiques pour un travail sans effort, avec transition continue vers la tige qui garantit une hygi\u00e8ne maximale<\/li>\n<li>Lave-vaisselle<\/li>\n<li>Pour soulever ou retourner la viande, utile pour hacher ou v\u00e9rifier le niveau de cuisson<\/li>\n<\/ul>\n","protected":false},"excerpt":{"rendered":"<p>L&#8217;aspect pratique n&#8217;a jamais \u00e9t\u00e9 aussi beau : tous les accessoires de cuisine de la collection ZWILLING Pro ont \u00e9t\u00e9<\/p>\n","protected":false},"featured_media":436977,"template":"","meta":{"_acf_changed":false,"inline_featured_image":false},"product_cat":[12748,25333],"product_tag":[25036,17113,25021,17333,15403],"acf":[],"yoast_head":"<!-- This site is optimized with the Yoast SEO Premium plugin v18.6 (Yoast SEO v19.13) - https:\/\/yoast.com\/wordpress\/plugins\/seo\/ -->\n<title>ZWILLING PRO Fourchette \u00e0 d\u00e9couper - Erresse Shop<\/title>\n<meta name=\"description\" content=\"L&#039;aspect pratique n&#039;a jamais \u00e9t\u00e9 aussi beau : tous les accessoires de cuisine de la collection ZWILLING Pro ont \u00e9t\u00e9 cr\u00e9\u00e9s par les designers prim\u00e9s Matteo\" \/>\n<meta name=\"robots\" content=\"index, follow, max-snippet:-1, max-image-preview:large, max-video-preview:-1\" \/>\n<link rel=\"canonical\" href=\"https:\/\/www.erresse-shop.it\/fr\/shop\/cuisine\/outils\/zwilling-pro-ecumoire-copia\/\" \/>\n<meta property=\"og:locale\" content=\"fr_FR\" \/>\n<meta property=\"og:type\" content=\"article\" \/>\n<meta property=\"og:title\" content=\"ZWILLING PRO Fourchette \u00e0 d\u00e9couper\" \/>\n<meta property=\"og:description\" content=\"L&#039;aspect pratique n&#039;a jamais \u00e9t\u00e9 aussi beau : tous les accessoires de cuisine de la collection ZWILLING Pro ont \u00e9t\u00e9 cr\u00e9\u00e9s par les designers prim\u00e9s Matteo\" \/>\n<meta property=\"og:url\" content=\"https:\/\/www.erresse-shop.it\/fr\/shop\/cuisine\/outils\/zwilling-pro-ecumoire-copia\/\" \/>\n<meta property=\"og:site_name\" content=\"Erresse Shop\" \/>\n<meta property=\"article:modified_time\" content=\"2024-10-25T12:13:37+00:00\" \/>\n<meta property=\"og:image\" content=\"https:\/\/www.erresse-shop.it\/wp-content\/uploads\/2024\/07\/ZWILLING-PRO-Forchettone-1.jpg\" \/>\n\t<meta property=\"og:image:width\" content=\"1200\" \/>\n\t<meta property=\"og:image:height\" content=\"1200\" \/>\n\t<meta property=\"og:image:type\" content=\"image\/jpeg\" \/>\n<meta name=\"twitter:card\" content=\"summary_large_image\" \/>\n<script type=\"application\/ld+json\" class=\"yoast-schema-graph\">{\"@context\":\"https:\/\/schema.org\",\"@graph\":[{\"@type\":\"WebPage\",\"@id\":\"https:\/\/www.erresse-shop.it\/fr\/shop\/cuisine\/outils\/zwilling-pro-ecumoire-copia\/\",\"url\":\"https:\/\/www.erresse-shop.it\/fr\/shop\/cuisine\/outils\/zwilling-pro-ecumoire-copia\/\",\"name\":\"ZWILLING PRO Fourchette \u00e0 d\u00e9couper - Erresse Shop\",\"isPartOf\":{\"@id\":\"https:\/\/www.erresse-shop.it\/fr\/#website\"},\"datePublished\":\"2024-07-15T12:52:57+00:00\",\"dateModified\":\"2024-10-25T12:13:37+00:00\",\"description\":\"L'aspect pratique n'a jamais \u00e9t\u00e9 aussi beau : tous les accessoires de cuisine de la collection ZWILLING Pro ont \u00e9t\u00e9 cr\u00e9\u00e9s par les designers prim\u00e9s Matteo\",\"breadcrumb\":{\"@id\":\"https:\/\/www.erresse-shop.it\/fr\/shop\/cuisine\/outils\/zwilling-pro-ecumoire-copia\/#breadcrumb\"},\"inLanguage\":\"fr-FR\",\"potentialAction\":[{\"@type\":\"ReadAction\",\"target\":[\"https:\/\/www.erresse-shop.it\/fr\/shop\/cuisine\/outils\/zwilling-pro-ecumoire-copia\/\"]}]},{\"@type\":\"BreadcrumbList\",\"@id\":\"https:\/\/www.erresse-shop.it\/fr\/shop\/cuisine\/outils\/zwilling-pro-ecumoire-copia\/#breadcrumb\",\"itemListElement\":[{\"@type\":\"ListItem\",\"position\":1,\"name\":\"Home\",\"item\":\"https:\/\/www.erresse-shop.it\/fr\/\"},{\"@type\":\"ListItem\",\"position\":2,\"name\":\"Shop\",\"item\":\"https:\/\/www.erresse-shop.it\/fr\/shop\/\"},{\"@type\":\"ListItem\",\"position\":3,\"name\":\"ZWILLING PRO Fourchette \u00e0 d\u00e9couper\"}]},{\"@type\":\"WebSite\",\"@id\":\"https:\/\/www.erresse-shop.it\/fr\/#website\",\"url\":\"https:\/\/www.erresse-shop.it\/fr\/\",\"name\":\"Erresse Shop\",\"description\":\"Articoli di qualit\u00e0 per la casa\",\"potentialAction\":[{\"@type\":\"SearchAction\",\"target\":{\"@type\":\"EntryPoint\",\"urlTemplate\":\"https:\/\/www.erresse-shop.it\/fr\/?s={search_term_string}\"},\"query-input\":\"required name=search_term_string\"}],\"inLanguage\":\"fr-FR\"}]}<\/script>\n<!-- \/ Yoast SEO Premium plugin. -->","yoast_head_json":{"title":"ZWILLING PRO Fourchette \u00e0 d\u00e9couper - Erresse Shop","description":"L'aspect pratique n'a jamais \u00e9t\u00e9 aussi beau : tous les accessoires de cuisine de la collection ZWILLING Pro ont \u00e9t\u00e9 cr\u00e9\u00e9s par les designers prim\u00e9s Matteo","robots":{"index":"index","follow":"follow","max-snippet":"max-snippet:-1","max-image-preview":"max-image-preview:large","max-video-preview":"max-video-preview:-1"},"canonical":"https:\/\/www.erresse-shop.it\/fr\/shop\/cuisine\/outils\/zwilling-pro-ecumoire-copia\/","og_locale":"fr_FR","og_type":"article","og_title":"ZWILLING PRO Fourchette \u00e0 d\u00e9couper","og_description":"L'aspect pratique n'a jamais \u00e9t\u00e9 aussi beau : tous les accessoires de cuisine de la collection ZWILLING Pro ont \u00e9t\u00e9 cr\u00e9\u00e9s par les designers prim\u00e9s Matteo","og_url":"https:\/\/www.erresse-shop.it\/fr\/shop\/cuisine\/outils\/zwilling-pro-ecumoire-copia\/","og_site_name":"Erresse Shop","article_modified_time":"2024-10-25T12:13:37+00:00","og_image":[{"width":1200,"height":1200,"url":"https:\/\/www.erresse-shop.it\/wp-content\/uploads\/2024\/07\/ZWILLING-PRO-Forchettone-1.jpg","type":"image\/jpeg"}],"twitter_card":"summary_large_image","schema":{"@context":"https:\/\/schema.org","@graph":[{"@type":"WebPage","@id":"https:\/\/www.erresse-shop.it\/fr\/shop\/cuisine\/outils\/zwilling-pro-ecumoire-copia\/","url":"https:\/\/www.erresse-shop.it\/fr\/shop\/cuisine\/outils\/zwilling-pro-ecumoire-copia\/","name":"ZWILLING PRO Fourchette \u00e0 d\u00e9couper - Erresse Shop","isPartOf":{"@id":"https:\/\/www.erresse-shop.it\/fr\/#website"},"datePublished":"2024-07-15T12:52:57+00:00","dateModified":"2024-10-25T12:13:37+00:00","description":"L'aspect pratique n'a jamais \u00e9t\u00e9 aussi beau : tous les accessoires de cuisine de la collection ZWILLING Pro ont \u00e9t\u00e9 cr\u00e9\u00e9s par les designers prim\u00e9s Matteo","breadcrumb":{"@id":"https:\/\/www.erresse-shop.it\/fr\/shop\/cuisine\/outils\/zwilling-pro-ecumoire-copia\/#breadcrumb"},"inLanguage":"fr-FR","potentialAction":[{"@type":"ReadAction","target":["https:\/\/www.erresse-shop.it\/fr\/shop\/cuisine\/outils\/zwilling-pro-ecumoire-copia\/"]}]},{"@type":"BreadcrumbList","@id":"https:\/\/www.erresse-shop.it\/fr\/shop\/cuisine\/outils\/zwilling-pro-ecumoire-copia\/#breadcrumb","itemListElement":[{"@type":"ListItem","position":1,"name":"Home","item":"https:\/\/www.erresse-shop.it\/fr\/"},{"@type":"ListItem","position":2,"name":"Shop","item":"https:\/\/www.erresse-shop.it\/fr\/shop\/"},{"@type":"ListItem","position":3,"name":"ZWILLING PRO Fourchette \u00e0 d\u00e9couper"}]},{"@type":"WebSite","@id":"https:\/\/www.erresse-shop.it\/fr\/#website","url":"https:\/\/www.erresse-shop.it\/fr\/","name":"Erresse Shop","description":"Articoli di qualit\u00e0 per la casa","potentialAction":[{"@type":"SearchAction","target":{"@type":"EntryPoint","urlTemplate":"https:\/\/www.erresse-shop.it\/fr\/?s={search_term_string}"},"query-input":"required name=search_term_string"}],"inLanguage":"fr-FR"}]}},"df_price":18.95,"df_sale_price":18.95,"df_regular_price":24.95,"df_image_link":"https:\/\/www.erresse-shop.it\/wp-content\/uploads\/2024\/07\/ZWILLING-PRO-Forchettone-300x300.jpg","_links":{"self":[{"href":"https:\/\/www.erresse-shop.it\/fr\/wp-json\/wp\/v2\/product\/421456"}],"collection":[{"href":"https:\/\/www.erresse-shop.it\/fr\/wp-json\/wp\/v2\/product"}],"about":[{"href":"https:\/\/www.erresse-shop.it\/fr\/wp-json\/wp\/v2\/types\/product"}],"wp:featuredmedia":[{"embeddable":true,"href":"https:\/\/www.erresse-shop.it\/fr\/wp-json\/wp\/v2\/media\/436977"}],"wp:attachment":[{"href":"https:\/\/www.erresse-shop.it\/fr\/wp-json\/wp\/v2\/media?parent=421456"}],"wp:term":[{"taxonomy":"product_cat","embeddable":true,"href":"https:\/\/www.erresse-shop.it\/fr\/wp-json\/wp\/v2\/product_cat?post=421456"},{"taxonomy":"product_tag","embeddable":true,"href":"https:\/\/www.erresse-shop.it\/fr\/wp-json\/wp\/v2\/product_tag?post=421456"}],"curies":[{"name":"wp","href":"https:\/\/api.w.org\/{rel}","templated":true}]}}