{"id":421380,"date":"2024-07-15T09:42:24","date_gmt":"2024-07-15T09:42:25","guid":{"rendered":"https:\/\/www.erresse-shop.it\/?post_type=product&#038;p=421380"},"modified":"2024-10-25T12:27:38","modified_gmt":"2024-10-25T12:27:38","slug":"zwilling-pro-trancheur-de-fromage-dentele-copia-2","status":"publish","type":"product","link":"https:\/\/www.erresse-shop.it\/fr\/shop\/cuisine\/outils\/zwilling-pro-trancheur-de-fromage-dentele-copia-2\/","title":{"rendered":"ZWILLING PRO Trancheuse \u00e0 fromage"},"content":{"rendered":"<p>Vous avez un faible pour le fromage ? Nous aussi. C&#8217;est pourquoi nous avons collabor\u00e9 avec Matteo Thun et Antonio Rodriguez pour mettre au point une trancheuse \u00e0 fromage qui r\u00e9pond aux exigences les plus \u00e9lev\u00e9es. Tout commence par les mat\u00e9riaux : c&#8217;est avant tout l&#8217;acier inoxydable de haute qualit\u00e9 et la finition soign\u00e9e qui font de cette trancheuse \u00e0 fromage de la collection ZWILLING Pro un produit exceptionnel. Tous les composants fonctionnels sont solidement fix\u00e9s pour cr\u00e9er un objet extr\u00eamement robuste et durable. L&#8217;acier \u00e9tant en partie mat, le r\u00e9sultat final est un contraste int\u00e9ressant entre les surfaces brillantes et mates. La trancheuse \u00e0 fromage a \u00e9galement fi\u00e8re allure lorsqu&#8217;elle est suspendue \u00e0 la barre \u00e0 outils. L&#8217;anneau int\u00e9gr\u00e9 dans le manche a la taille id\u00e9ale pour s&#8217;adapter facilement \u00e0 tous les types de crochets de cuisine. La poign\u00e9e est parfaitement maniable gr\u00e2ce \u00e0 sa conception ergonomique. Le tranchant exceptionnel de cette trancheuse \u00e0 fromage est utile non seulement pour couper des flocons de fromage parfaits, mais aussi du chocolat. Quelle que soit l&#8217;utilisation que vous souhaitez en faire, vous pouvez la laver au lave-vaisselle.<\/p>\n<ul>\n<li>Design minimaliste de Matteo Thun et Antonio Rodriguez<\/li>\n<li>Fabriqu\u00e9 en acier inoxydable de haute qualit\u00e9<\/li>\n<li>Poign\u00e9es ergonomiques pour un travail sans effort, avec transition continue vers la tige pour une hygi\u00e8ne maximale.<\/li>\n<li>Tous les \u00e9l\u00e9ments fonctionnels sont solidement fix\u00e9s \u00e0 la poign\u00e9e<\/li>\n<li>Lavable au lave-vaisselle<\/li>\n<\/ul>\n","protected":false},"excerpt":{"rendered":"<p>Vous avez un faible pour le fromage ? Nous aussi. C&#8217;est pourquoi nous avons collabor\u00e9 avec Matteo Thun et Antonio<\/p>\n","protected":false},"featured_media":0,"template":"","meta":{"_acf_changed":false,"inline_featured_image":false},"product_cat":[12748,25333],"product_tag":[25036,17113,12838,25021,19076,15403],"acf":[],"yoast_head":"<!-- This site is optimized with the Yoast SEO Premium plugin v18.6 (Yoast SEO v19.13) - https:\/\/yoast.com\/wordpress\/plugins\/seo\/ -->\n<title>ZWILLING PRO Trancheuse \u00e0 fromage - Erresse Shop<\/title>\n<meta name=\"description\" content=\"Vous avez un faible pour le fromage ? Nous aussi. C&#039;est pourquoi nous avons collabor\u00e9 avec Matteo Thun et Antonio Rodriguez pour mettre au point une\" \/>\n<meta name=\"robots\" content=\"index, follow, max-snippet:-1, max-image-preview:large, max-video-preview:-1\" \/>\n<link rel=\"canonical\" href=\"https:\/\/www.erresse-shop.it\/fr\/shop\/cuisine\/outils\/zwilling-pro-trancheur-de-fromage-dentele-copia-2\/\" \/>\n<meta property=\"og:locale\" content=\"fr_FR\" \/>\n<meta property=\"og:type\" content=\"article\" \/>\n<meta property=\"og:title\" content=\"ZWILLING PRO Trancheuse \u00e0 fromage\" \/>\n<meta property=\"og:description\" content=\"Vous avez un faible pour le fromage ? Nous aussi. C&#039;est pourquoi nous avons collabor\u00e9 avec Matteo Thun et Antonio Rodriguez pour mettre au point une\" \/>\n<meta property=\"og:url\" content=\"https:\/\/www.erresse-shop.it\/fr\/shop\/cuisine\/outils\/zwilling-pro-trancheur-de-fromage-dentele-copia-2\/\" \/>\n<meta property=\"og:site_name\" content=\"Erresse Shop\" \/>\n<meta property=\"article:modified_time\" content=\"2024-10-25T12:27:38+00:00\" \/>\n<meta property=\"og:image\" content=\"https:\/\/www.erresse-shop.it\/wp-content\/uploads\/2024\/07\/ZWILLING-PRO-Affetta-Formaggio-Seghettato.png\" \/>\n\t<meta property=\"og:image:width\" content=\"800\" \/>\n\t<meta property=\"og:image:height\" content=\"800\" \/>\n\t<meta property=\"og:image:type\" content=\"image\/png\" \/>\n<meta name=\"twitter:card\" content=\"summary_large_image\" \/>\n<script type=\"application\/ld+json\" class=\"yoast-schema-graph\">{\"@context\":\"https:\/\/schema.org\",\"@graph\":[{\"@type\":\"WebPage\",\"@id\":\"https:\/\/www.erresse-shop.it\/fr\/shop\/cuisine\/outils\/zwilling-pro-trancheur-de-fromage-dentele-copia-2\/\",\"url\":\"https:\/\/www.erresse-shop.it\/fr\/shop\/cuisine\/outils\/zwilling-pro-trancheur-de-fromage-dentele-copia-2\/\",\"name\":\"ZWILLING PRO Trancheuse \u00e0 fromage - Erresse Shop\",\"isPartOf\":{\"@id\":\"https:\/\/www.erresse-shop.it\/fr\/#website\"},\"datePublished\":\"2024-07-15T09:42:25+00:00\",\"dateModified\":\"2024-10-25T12:27:38+00:00\",\"description\":\"Vous avez un faible pour le fromage ? Nous aussi. C'est pourquoi nous avons collabor\u00e9 avec Matteo Thun et Antonio Rodriguez pour mettre au point une\",\"breadcrumb\":{\"@id\":\"https:\/\/www.erresse-shop.it\/fr\/shop\/cuisine\/outils\/zwilling-pro-trancheur-de-fromage-dentele-copia-2\/#breadcrumb\"},\"inLanguage\":\"fr-FR\",\"potentialAction\":[{\"@type\":\"ReadAction\",\"target\":[\"https:\/\/www.erresse-shop.it\/fr\/shop\/cuisine\/outils\/zwilling-pro-trancheur-de-fromage-dentele-copia-2\/\"]}]},{\"@type\":\"BreadcrumbList\",\"@id\":\"https:\/\/www.erresse-shop.it\/fr\/shop\/cuisine\/outils\/zwilling-pro-trancheur-de-fromage-dentele-copia-2\/#breadcrumb\",\"itemListElement\":[{\"@type\":\"ListItem\",\"position\":1,\"name\":\"Home\",\"item\":\"https:\/\/www.erresse-shop.it\/fr\/\"},{\"@type\":\"ListItem\",\"position\":2,\"name\":\"Shop\",\"item\":\"https:\/\/www.erresse-shop.it\/fr\/shop\/\"},{\"@type\":\"ListItem\",\"position\":3,\"name\":\"ZWILLING PRO Trancheuse \u00e0 fromage\"}]},{\"@type\":\"WebSite\",\"@id\":\"https:\/\/www.erresse-shop.it\/fr\/#website\",\"url\":\"https:\/\/www.erresse-shop.it\/fr\/\",\"name\":\"Erresse Shop\",\"description\":\"Articoli di qualit\u00e0 per la casa\",\"potentialAction\":[{\"@type\":\"SearchAction\",\"target\":{\"@type\":\"EntryPoint\",\"urlTemplate\":\"https:\/\/www.erresse-shop.it\/fr\/?s={search_term_string}\"},\"query-input\":\"required name=search_term_string\"}],\"inLanguage\":\"fr-FR\"}]}<\/script>\n<!-- \/ Yoast SEO Premium plugin. -->","yoast_head_json":{"title":"ZWILLING PRO Trancheuse \u00e0 fromage - Erresse Shop","description":"Vous avez un faible pour le fromage ? Nous aussi. C'est pourquoi nous avons collabor\u00e9 avec Matteo Thun et Antonio Rodriguez pour mettre au point une","robots":{"index":"index","follow":"follow","max-snippet":"max-snippet:-1","max-image-preview":"max-image-preview:large","max-video-preview":"max-video-preview:-1"},"canonical":"https:\/\/www.erresse-shop.it\/fr\/shop\/cuisine\/outils\/zwilling-pro-trancheur-de-fromage-dentele-copia-2\/","og_locale":"fr_FR","og_type":"article","og_title":"ZWILLING PRO Trancheuse \u00e0 fromage","og_description":"Vous avez un faible pour le fromage ? Nous aussi. C'est pourquoi nous avons collabor\u00e9 avec Matteo Thun et Antonio Rodriguez pour mettre au point une","og_url":"https:\/\/www.erresse-shop.it\/fr\/shop\/cuisine\/outils\/zwilling-pro-trancheur-de-fromage-dentele-copia-2\/","og_site_name":"Erresse Shop","article_modified_time":"2024-10-25T12:27:38+00:00","og_image":[{"width":800,"height":800,"url":"https:\/\/www.erresse-shop.it\/wp-content\/uploads\/2024\/07\/ZWILLING-PRO-Affetta-Formaggio-Seghettato.png","type":"image\/png"}],"twitter_card":"summary_large_image","schema":{"@context":"https:\/\/schema.org","@graph":[{"@type":"WebPage","@id":"https:\/\/www.erresse-shop.it\/fr\/shop\/cuisine\/outils\/zwilling-pro-trancheur-de-fromage-dentele-copia-2\/","url":"https:\/\/www.erresse-shop.it\/fr\/shop\/cuisine\/outils\/zwilling-pro-trancheur-de-fromage-dentele-copia-2\/","name":"ZWILLING PRO Trancheuse \u00e0 fromage - Erresse Shop","isPartOf":{"@id":"https:\/\/www.erresse-shop.it\/fr\/#website"},"datePublished":"2024-07-15T09:42:25+00:00","dateModified":"2024-10-25T12:27:38+00:00","description":"Vous avez un faible pour le fromage ? Nous aussi. C'est pourquoi nous avons collabor\u00e9 avec Matteo Thun et Antonio Rodriguez pour mettre au point une","breadcrumb":{"@id":"https:\/\/www.erresse-shop.it\/fr\/shop\/cuisine\/outils\/zwilling-pro-trancheur-de-fromage-dentele-copia-2\/#breadcrumb"},"inLanguage":"fr-FR","potentialAction":[{"@type":"ReadAction","target":["https:\/\/www.erresse-shop.it\/fr\/shop\/cuisine\/outils\/zwilling-pro-trancheur-de-fromage-dentele-copia-2\/"]}]},{"@type":"BreadcrumbList","@id":"https:\/\/www.erresse-shop.it\/fr\/shop\/cuisine\/outils\/zwilling-pro-trancheur-de-fromage-dentele-copia-2\/#breadcrumb","itemListElement":[{"@type":"ListItem","position":1,"name":"Home","item":"https:\/\/www.erresse-shop.it\/fr\/"},{"@type":"ListItem","position":2,"name":"Shop","item":"https:\/\/www.erresse-shop.it\/fr\/shop\/"},{"@type":"ListItem","position":3,"name":"ZWILLING PRO Trancheuse \u00e0 fromage"}]},{"@type":"WebSite","@id":"https:\/\/www.erresse-shop.it\/fr\/#website","url":"https:\/\/www.erresse-shop.it\/fr\/","name":"Erresse Shop","description":"Articoli di qualit\u00e0 per la casa","potentialAction":[{"@type":"SearchAction","target":{"@type":"EntryPoint","urlTemplate":"https:\/\/www.erresse-shop.it\/fr\/?s={search_term_string}"},"query-input":"required name=search_term_string"}],"inLanguage":"fr-FR"}]}},"df_price":12.475,"df_sale_price":12.475,"df_regular_price":24.95,"df_image_link":"https:\/\/www.erresse-shop.it\/wp-content\/uploads\/woocommerce-placeholder-300x300.png","_links":{"self":[{"href":"https:\/\/www.erresse-shop.it\/fr\/wp-json\/wp\/v2\/product\/421380"}],"collection":[{"href":"https:\/\/www.erresse-shop.it\/fr\/wp-json\/wp\/v2\/product"}],"about":[{"href":"https:\/\/www.erresse-shop.it\/fr\/wp-json\/wp\/v2\/types\/product"}],"wp:attachment":[{"href":"https:\/\/www.erresse-shop.it\/fr\/wp-json\/wp\/v2\/media?parent=421380"}],"wp:term":[{"taxonomy":"product_cat","embeddable":true,"href":"https:\/\/www.erresse-shop.it\/fr\/wp-json\/wp\/v2\/product_cat?post=421380"},{"taxonomy":"product_tag","embeddable":true,"href":"https:\/\/www.erresse-shop.it\/fr\/wp-json\/wp\/v2\/product_tag?post=421380"}],"curies":[{"name":"wp","href":"https:\/\/api.w.org\/{rel}","templated":true}]}}