{"id":421368,"date":"2024-07-15T09:21:42","date_gmt":"2024-07-15T09:21:42","guid":{"rendered":"https:\/\/www.erresse-shop.it\/?post_type=product&#038;p=421368"},"modified":"2024-10-25T12:31:52","modified_gmt":"2024-10-25T12:31:52","slug":"zwilling-pro-louche-a-spaghetti-copia-2","status":"publish","type":"product","link":"https:\/\/www.erresse-shop.it\/fr\/shop\/cuisine\/outils\/zwilling-pro-louche-a-spaghetti-copia-2\/","title":{"rendered":"ZWILLING PRO Louche de service"},"content":{"rendered":"<p>Un d\u00eener r\u00e9ussi commence par un service \u00e9l\u00e9gant. Cette louche de la collection ZWILLING Pro permet de servir les plats et de pr\u00e9senter les salades de mani\u00e8re particuli\u00e8rement attrayante. Cet accessoire de cuisine pr\u00e9sente un design intemporel et particuli\u00e8rement \u00e9l\u00e9gant. Il est fabriqu\u00e9 en acier inoxydable de haute qualit\u00e9, partiellement mat. Il en r\u00e9sulte un magnifique jeu de finitions mates et brillantes. Une ligne d\u00e9corative d\u00e9coup\u00e9e au laser sur la poign\u00e9e ergonomique accentue le design minimaliste qui caract\u00e9rise toute la collection ZWILLING Pro. Elle a \u00e9t\u00e9 con\u00e7ue par les designers de renomm\u00e9e mondiale Matteo Thun et Antonio Rodriguez, r\u00e9put\u00e9s pour leurs cr\u00e9ations fonctionnelles et \u00e9l\u00e9gantes. La louche est r\u00e9sistante \u00e0 la corrosion et particuli\u00e8rement facile \u00e0 nettoyer, m\u00eame au lave-vaisselle si n\u00e9cessaire.<\/p>\n<ul>\n<li>Design minimaliste de Matteo Thun et Antonio Rodriguez<\/li>\n<li>Fabriqu\u00e9e en acier inoxydable de haute qualit\u00e9<\/li>\n<li>Poign\u00e9es ergonomiques pour un travail sans fatigue, avec transition continue vers la tige pour une hygi\u00e8ne maximale<\/li>\n<li>Lavable au lave-vaisselle<\/li>\n<li>Id\u00e9al pour servir et m\u00e9langer les salades et les vinaigrettes<\/li>\n<\/ul>\n","protected":false},"excerpt":{"rendered":"<p>Un d\u00eener r\u00e9ussi commence par un service \u00e9l\u00e9gant. Cette louche de la collection ZWILLING Pro permet de servir les plats<\/p>\n","protected":false},"featured_media":509406,"template":"","meta":{"_acf_changed":false,"inline_featured_image":false},"product_cat":[12748,25333],"product_tag":[25036,17113,21633,15403],"acf":[],"yoast_head":"<!-- This site is optimized with the Yoast SEO Premium plugin v18.6 (Yoast SEO v19.13) - https:\/\/yoast.com\/wordpress\/plugins\/seo\/ -->\n<title>ZWILLING PRO Louche de service - Erresse Shop<\/title>\n<meta name=\"description\" content=\"Un d\u00eener r\u00e9ussi commence par un service \u00e9l\u00e9gant. Cette louche de la collection ZWILLING Pro permet de servir les plats et de pr\u00e9senter les salades de\" \/>\n<meta name=\"robots\" content=\"index, follow, max-snippet:-1, max-image-preview:large, max-video-preview:-1\" \/>\n<link rel=\"canonical\" href=\"https:\/\/www.erresse-shop.it\/fr\/shop\/cuisine\/outils\/zwilling-pro-louche-a-spaghetti-copia-2\/\" \/>\n<meta property=\"og:locale\" content=\"fr_FR\" \/>\n<meta property=\"og:type\" content=\"article\" \/>\n<meta property=\"og:title\" content=\"ZWILLING PRO Louche de service\" \/>\n<meta property=\"og:description\" content=\"Un d\u00eener r\u00e9ussi commence par un service \u00e9l\u00e9gant. Cette louche de la collection ZWILLING Pro permet de servir les plats et de pr\u00e9senter les salades de\" \/>\n<meta property=\"og:url\" content=\"https:\/\/www.erresse-shop.it\/fr\/shop\/cuisine\/outils\/zwilling-pro-louche-a-spaghetti-copia-2\/\" \/>\n<meta property=\"og:site_name\" content=\"Erresse Shop\" \/>\n<meta property=\"article:modified_time\" content=\"2024-10-25T12:31:52+00:00\" \/>\n<meta property=\"og:image\" content=\"https:\/\/www.erresse-shop.it\/wp-content\/uploads\/2024\/07\/ZWILLING-PRO-Mestolo-per-Servizio.png\" \/>\n\t<meta property=\"og:image:width\" content=\"800\" \/>\n\t<meta property=\"og:image:height\" content=\"800\" \/>\n\t<meta property=\"og:image:type\" content=\"image\/png\" \/>\n<meta name=\"twitter:card\" content=\"summary_large_image\" \/>\n<script type=\"application\/ld+json\" class=\"yoast-schema-graph\">{\"@context\":\"https:\/\/schema.org\",\"@graph\":[{\"@type\":\"WebPage\",\"@id\":\"https:\/\/www.erresse-shop.it\/fr\/shop\/cuisine\/outils\/zwilling-pro-louche-a-spaghetti-copia-2\/\",\"url\":\"https:\/\/www.erresse-shop.it\/fr\/shop\/cuisine\/outils\/zwilling-pro-louche-a-spaghetti-copia-2\/\",\"name\":\"ZWILLING PRO Louche de service - Erresse Shop\",\"isPartOf\":{\"@id\":\"https:\/\/www.erresse-shop.it\/fr\/#website\"},\"datePublished\":\"2024-07-15T09:21:42+00:00\",\"dateModified\":\"2024-10-25T12:31:52+00:00\",\"description\":\"Un d\u00eener r\u00e9ussi commence par un service \u00e9l\u00e9gant. Cette louche de la collection ZWILLING Pro permet de servir les plats et de pr\u00e9senter les salades de\",\"breadcrumb\":{\"@id\":\"https:\/\/www.erresse-shop.it\/fr\/shop\/cuisine\/outils\/zwilling-pro-louche-a-spaghetti-copia-2\/#breadcrumb\"},\"inLanguage\":\"fr-FR\",\"potentialAction\":[{\"@type\":\"ReadAction\",\"target\":[\"https:\/\/www.erresse-shop.it\/fr\/shop\/cuisine\/outils\/zwilling-pro-louche-a-spaghetti-copia-2\/\"]}]},{\"@type\":\"BreadcrumbList\",\"@id\":\"https:\/\/www.erresse-shop.it\/fr\/shop\/cuisine\/outils\/zwilling-pro-louche-a-spaghetti-copia-2\/#breadcrumb\",\"itemListElement\":[{\"@type\":\"ListItem\",\"position\":1,\"name\":\"Home\",\"item\":\"https:\/\/www.erresse-shop.it\/fr\/\"},{\"@type\":\"ListItem\",\"position\":2,\"name\":\"Shop\",\"item\":\"https:\/\/www.erresse-shop.it\/fr\/shop\/\"},{\"@type\":\"ListItem\",\"position\":3,\"name\":\"ZWILLING PRO Louche de service\"}]},{\"@type\":\"WebSite\",\"@id\":\"https:\/\/www.erresse-shop.it\/fr\/#website\",\"url\":\"https:\/\/www.erresse-shop.it\/fr\/\",\"name\":\"Erresse Shop\",\"description\":\"Articoli di qualit\u00e0 per la casa\",\"potentialAction\":[{\"@type\":\"SearchAction\",\"target\":{\"@type\":\"EntryPoint\",\"urlTemplate\":\"https:\/\/www.erresse-shop.it\/fr\/?s={search_term_string}\"},\"query-input\":\"required name=search_term_string\"}],\"inLanguage\":\"fr-FR\"}]}<\/script>\n<!-- \/ Yoast SEO Premium plugin. -->","yoast_head_json":{"title":"ZWILLING PRO Louche de service - Erresse Shop","description":"Un d\u00eener r\u00e9ussi commence par un service \u00e9l\u00e9gant. Cette louche de la collection ZWILLING Pro permet de servir les plats et de pr\u00e9senter les salades de","robots":{"index":"index","follow":"follow","max-snippet":"max-snippet:-1","max-image-preview":"max-image-preview:large","max-video-preview":"max-video-preview:-1"},"canonical":"https:\/\/www.erresse-shop.it\/fr\/shop\/cuisine\/outils\/zwilling-pro-louche-a-spaghetti-copia-2\/","og_locale":"fr_FR","og_type":"article","og_title":"ZWILLING PRO Louche de service","og_description":"Un d\u00eener r\u00e9ussi commence par un service \u00e9l\u00e9gant. Cette louche de la collection ZWILLING Pro permet de servir les plats et de pr\u00e9senter les salades de","og_url":"https:\/\/www.erresse-shop.it\/fr\/shop\/cuisine\/outils\/zwilling-pro-louche-a-spaghetti-copia-2\/","og_site_name":"Erresse Shop","article_modified_time":"2024-10-25T12:31:52+00:00","og_image":[{"width":800,"height":800,"url":"https:\/\/www.erresse-shop.it\/wp-content\/uploads\/2024\/07\/ZWILLING-PRO-Mestolo-per-Servizio.png","type":"image\/png"}],"twitter_card":"summary_large_image","schema":{"@context":"https:\/\/schema.org","@graph":[{"@type":"WebPage","@id":"https:\/\/www.erresse-shop.it\/fr\/shop\/cuisine\/outils\/zwilling-pro-louche-a-spaghetti-copia-2\/","url":"https:\/\/www.erresse-shop.it\/fr\/shop\/cuisine\/outils\/zwilling-pro-louche-a-spaghetti-copia-2\/","name":"ZWILLING PRO Louche de service - Erresse Shop","isPartOf":{"@id":"https:\/\/www.erresse-shop.it\/fr\/#website"},"datePublished":"2024-07-15T09:21:42+00:00","dateModified":"2024-10-25T12:31:52+00:00","description":"Un d\u00eener r\u00e9ussi commence par un service \u00e9l\u00e9gant. Cette louche de la collection ZWILLING Pro permet de servir les plats et de pr\u00e9senter les salades de","breadcrumb":{"@id":"https:\/\/www.erresse-shop.it\/fr\/shop\/cuisine\/outils\/zwilling-pro-louche-a-spaghetti-copia-2\/#breadcrumb"},"inLanguage":"fr-FR","potentialAction":[{"@type":"ReadAction","target":["https:\/\/www.erresse-shop.it\/fr\/shop\/cuisine\/outils\/zwilling-pro-louche-a-spaghetti-copia-2\/"]}]},{"@type":"BreadcrumbList","@id":"https:\/\/www.erresse-shop.it\/fr\/shop\/cuisine\/outils\/zwilling-pro-louche-a-spaghetti-copia-2\/#breadcrumb","itemListElement":[{"@type":"ListItem","position":1,"name":"Home","item":"https:\/\/www.erresse-shop.it\/fr\/"},{"@type":"ListItem","position":2,"name":"Shop","item":"https:\/\/www.erresse-shop.it\/fr\/shop\/"},{"@type":"ListItem","position":3,"name":"ZWILLING PRO Louche de service"}]},{"@type":"WebSite","@id":"https:\/\/www.erresse-shop.it\/fr\/#website","url":"https:\/\/www.erresse-shop.it\/fr\/","name":"Erresse Shop","description":"Articoli di qualit\u00e0 per la casa","potentialAction":[{"@type":"SearchAction","target":{"@type":"EntryPoint","urlTemplate":"https:\/\/www.erresse-shop.it\/fr\/?s={search_term_string}"},"query-input":"required name=search_term_string"}],"inLanguage":"fr-FR"}]}},"df_price":19.95,"df_sale_price":19.95,"df_regular_price":26.95,"df_image_link":"https:\/\/www.erresse-shop.it\/wp-content\/uploads\/2024\/07\/ZWILLING-PRO-Mestolo-per-Servizio-300x300.jpg","_links":{"self":[{"href":"https:\/\/www.erresse-shop.it\/fr\/wp-json\/wp\/v2\/product\/421368"}],"collection":[{"href":"https:\/\/www.erresse-shop.it\/fr\/wp-json\/wp\/v2\/product"}],"about":[{"href":"https:\/\/www.erresse-shop.it\/fr\/wp-json\/wp\/v2\/types\/product"}],"wp:featuredmedia":[{"embeddable":true,"href":"https:\/\/www.erresse-shop.it\/fr\/wp-json\/wp\/v2\/media\/509406"}],"wp:attachment":[{"href":"https:\/\/www.erresse-shop.it\/fr\/wp-json\/wp\/v2\/media?parent=421368"}],"wp:term":[{"taxonomy":"product_cat","embeddable":true,"href":"https:\/\/www.erresse-shop.it\/fr\/wp-json\/wp\/v2\/product_cat?post=421368"},{"taxonomy":"product_tag","embeddable":true,"href":"https:\/\/www.erresse-shop.it\/fr\/wp-json\/wp\/v2\/product_tag?post=421368"}],"curies":[{"name":"wp","href":"https:\/\/api.w.org\/{rel}","templated":true}]}}