{"id":421337,"date":"2024-07-15T08:37:53","date_gmt":"2024-07-15T08:37:53","guid":{"rendered":"https:\/\/www.erresse-shop.it\/?post_type=product&#038;p=421337"},"modified":"2024-10-25T12:36:16","modified_gmt":"2024-10-25T12:36:16","slug":"zwilling-pro-louche-en-silicone-copia","status":"publish","type":"product","link":"https:\/\/www.erresse-shop.it\/fr\/shop\/cuisine\/outils\/zwilling-pro-louche-en-silicone-copia\/","title":{"rendered":"ZWILLING PRO Spatule angulaire pour bonbons"},"content":{"rendered":"<p>Que serait le petit-d\u00e9jeuner sans \u0153ufs ? Pour vous aider \u00e0 obtenir d&#8217;excellents r\u00e9sultats, il existe des accessoires de cuisine de la collection ZWILLING Pro, comme cette cuill\u00e8re. Cet accessoire de cuisine vous permet de soulever et de retourner facilement de d\u00e9licieuses omelettes et cr\u00eapes. La pelle peut \u00e9galement s&#8217;av\u00e9rer tr\u00e8s utile en tant qu&#8217;outil de p\u00e2tisserie traditionnel. Son corps inclin\u00e9 est id\u00e9al pour \u00e9taler et lisser les cr\u00e8mes et les garnitures de g\u00e2teaux. Quelle que soit l&#8217;utilisation que vous en ferez, vous serez surpris par la pr\u00e9cision de sa conception. Le corps de la cuill\u00e8re est en acier de haute qualit\u00e9, tandis que la poign\u00e9e est ergonomique pour une prise en main parfaite, ce qui rend le travail en cuisine plus facile et plus pratique. La forme \u00e9l\u00e9gante de la pelle est l&#8217;\u0153uvre des designers de renomm\u00e9e mondiale Matteo Thun et Antonio Rodriguez, qui ont cr\u00e9\u00e9 un look minimaliste combinant naturellement \u00e9l\u00e9gance et fonctionnalit\u00e9 dans toute la s\u00e9rie.<\/p>\n<ul>\n<li>Design minimaliste de Matteo Thun et Antonio Rodriguez<\/li>\n<li>Fabriqu\u00e9 en acier inoxydable de haute qualit\u00e9<\/li>\n<li>Transition continue entre la poign\u00e9e et le corps<\/li>\n<li>Lavable au lave-vaisselle<\/li>\n<\/ul>\n","protected":false},"excerpt":{"rendered":"<p>Que serait le petit-d\u00e9jeuner sans \u0153ufs ? Pour vous aider \u00e0 obtenir d&#8217;excellents r\u00e9sultats, il existe des accessoires de cuisine<\/p>\n","protected":false},"featured_media":512661,"template":"","meta":{"_acf_changed":false,"inline_featured_image":false},"product_cat":[12748,25333],"product_tag":[25036,17113,15403,21606,18366],"acf":[],"yoast_head":"<!-- This site is optimized with the Yoast SEO Premium plugin v18.6 (Yoast SEO v19.13) - https:\/\/yoast.com\/wordpress\/plugins\/seo\/ -->\n<title>ZWILLING PRO Spatule angulaire pour bonbons - Erresse Shop<\/title>\n<meta name=\"description\" content=\"Que serait le petit-d\u00e9jeuner sans \u0153ufs ? Pour vous aider \u00e0 obtenir d&#039;excellents r\u00e9sultats, il existe des accessoires de cuisine de la collection ZWILLING\" \/>\n<meta name=\"robots\" content=\"index, follow, max-snippet:-1, max-image-preview:large, max-video-preview:-1\" \/>\n<link rel=\"canonical\" href=\"https:\/\/www.erresse-shop.it\/fr\/shop\/cuisine\/outils\/zwilling-pro-louche-en-silicone-copia\/\" \/>\n<meta property=\"og:locale\" content=\"fr_FR\" \/>\n<meta property=\"og:type\" content=\"article\" \/>\n<meta property=\"og:title\" content=\"ZWILLING PRO Spatule angulaire pour bonbons\" \/>\n<meta property=\"og:description\" content=\"Que serait le petit-d\u00e9jeuner sans \u0153ufs ? Pour vous aider \u00e0 obtenir d&#039;excellents r\u00e9sultats, il existe des accessoires de cuisine de la collection ZWILLING\" \/>\n<meta property=\"og:url\" content=\"https:\/\/www.erresse-shop.it\/fr\/shop\/cuisine\/outils\/zwilling-pro-louche-en-silicone-copia\/\" \/>\n<meta property=\"og:site_name\" content=\"Erresse Shop\" \/>\n<meta property=\"article:modified_time\" content=\"2024-10-25T12:36:16+00:00\" \/>\n<meta property=\"og:image\" content=\"https:\/\/www.erresse-shop.it\/wp-content\/uploads\/2024\/07\/ZWILLING-PRO-Spatola-Angolare-per-Dolci.png\" \/>\n\t<meta property=\"og:image:width\" content=\"800\" \/>\n\t<meta property=\"og:image:height\" content=\"800\" \/>\n\t<meta property=\"og:image:type\" content=\"image\/png\" \/>\n<meta name=\"twitter:card\" content=\"summary_large_image\" \/>\n<script type=\"application\/ld+json\" class=\"yoast-schema-graph\">{\"@context\":\"https:\/\/schema.org\",\"@graph\":[{\"@type\":\"WebPage\",\"@id\":\"https:\/\/www.erresse-shop.it\/fr\/shop\/cuisine\/outils\/zwilling-pro-louche-en-silicone-copia\/\",\"url\":\"https:\/\/www.erresse-shop.it\/fr\/shop\/cuisine\/outils\/zwilling-pro-louche-en-silicone-copia\/\",\"name\":\"ZWILLING PRO Spatule angulaire pour bonbons - Erresse Shop\",\"isPartOf\":{\"@id\":\"https:\/\/www.erresse-shop.it\/fr\/#website\"},\"datePublished\":\"2024-07-15T08:37:53+00:00\",\"dateModified\":\"2024-10-25T12:36:16+00:00\",\"description\":\"Que serait le petit-d\u00e9jeuner sans \u0153ufs ? Pour vous aider \u00e0 obtenir d'excellents r\u00e9sultats, il existe des accessoires de cuisine de la collection ZWILLING\",\"breadcrumb\":{\"@id\":\"https:\/\/www.erresse-shop.it\/fr\/shop\/cuisine\/outils\/zwilling-pro-louche-en-silicone-copia\/#breadcrumb\"},\"inLanguage\":\"fr-FR\",\"potentialAction\":[{\"@type\":\"ReadAction\",\"target\":[\"https:\/\/www.erresse-shop.it\/fr\/shop\/cuisine\/outils\/zwilling-pro-louche-en-silicone-copia\/\"]}]},{\"@type\":\"BreadcrumbList\",\"@id\":\"https:\/\/www.erresse-shop.it\/fr\/shop\/cuisine\/outils\/zwilling-pro-louche-en-silicone-copia\/#breadcrumb\",\"itemListElement\":[{\"@type\":\"ListItem\",\"position\":1,\"name\":\"Home\",\"item\":\"https:\/\/www.erresse-shop.it\/fr\/\"},{\"@type\":\"ListItem\",\"position\":2,\"name\":\"Shop\",\"item\":\"https:\/\/www.erresse-shop.it\/fr\/shop\/\"},{\"@type\":\"ListItem\",\"position\":3,\"name\":\"ZWILLING PRO Spatule angulaire pour bonbons\"}]},{\"@type\":\"WebSite\",\"@id\":\"https:\/\/www.erresse-shop.it\/fr\/#website\",\"url\":\"https:\/\/www.erresse-shop.it\/fr\/\",\"name\":\"Erresse Shop\",\"description\":\"Articoli di qualit\u00e0 per la casa\",\"potentialAction\":[{\"@type\":\"SearchAction\",\"target\":{\"@type\":\"EntryPoint\",\"urlTemplate\":\"https:\/\/www.erresse-shop.it\/fr\/?s={search_term_string}\"},\"query-input\":\"required name=search_term_string\"}],\"inLanguage\":\"fr-FR\"}]}<\/script>\n<!-- \/ Yoast SEO Premium plugin. -->","yoast_head_json":{"title":"ZWILLING PRO Spatule angulaire pour bonbons - Erresse Shop","description":"Que serait le petit-d\u00e9jeuner sans \u0153ufs ? Pour vous aider \u00e0 obtenir d'excellents r\u00e9sultats, il existe des accessoires de cuisine de la collection ZWILLING","robots":{"index":"index","follow":"follow","max-snippet":"max-snippet:-1","max-image-preview":"max-image-preview:large","max-video-preview":"max-video-preview:-1"},"canonical":"https:\/\/www.erresse-shop.it\/fr\/shop\/cuisine\/outils\/zwilling-pro-louche-en-silicone-copia\/","og_locale":"fr_FR","og_type":"article","og_title":"ZWILLING PRO Spatule angulaire pour bonbons","og_description":"Que serait le petit-d\u00e9jeuner sans \u0153ufs ? Pour vous aider \u00e0 obtenir d'excellents r\u00e9sultats, il existe des accessoires de cuisine de la collection ZWILLING","og_url":"https:\/\/www.erresse-shop.it\/fr\/shop\/cuisine\/outils\/zwilling-pro-louche-en-silicone-copia\/","og_site_name":"Erresse Shop","article_modified_time":"2024-10-25T12:36:16+00:00","og_image":[{"width":800,"height":800,"url":"https:\/\/www.erresse-shop.it\/wp-content\/uploads\/2024\/07\/ZWILLING-PRO-Spatola-Angolare-per-Dolci.png","type":"image\/png"}],"twitter_card":"summary_large_image","schema":{"@context":"https:\/\/schema.org","@graph":[{"@type":"WebPage","@id":"https:\/\/www.erresse-shop.it\/fr\/shop\/cuisine\/outils\/zwilling-pro-louche-en-silicone-copia\/","url":"https:\/\/www.erresse-shop.it\/fr\/shop\/cuisine\/outils\/zwilling-pro-louche-en-silicone-copia\/","name":"ZWILLING PRO Spatule angulaire pour bonbons - Erresse Shop","isPartOf":{"@id":"https:\/\/www.erresse-shop.it\/fr\/#website"},"datePublished":"2024-07-15T08:37:53+00:00","dateModified":"2024-10-25T12:36:16+00:00","description":"Que serait le petit-d\u00e9jeuner sans \u0153ufs ? Pour vous aider \u00e0 obtenir d'excellents r\u00e9sultats, il existe des accessoires de cuisine de la collection ZWILLING","breadcrumb":{"@id":"https:\/\/www.erresse-shop.it\/fr\/shop\/cuisine\/outils\/zwilling-pro-louche-en-silicone-copia\/#breadcrumb"},"inLanguage":"fr-FR","potentialAction":[{"@type":"ReadAction","target":["https:\/\/www.erresse-shop.it\/fr\/shop\/cuisine\/outils\/zwilling-pro-louche-en-silicone-copia\/"]}]},{"@type":"BreadcrumbList","@id":"https:\/\/www.erresse-shop.it\/fr\/shop\/cuisine\/outils\/zwilling-pro-louche-en-silicone-copia\/#breadcrumb","itemListElement":[{"@type":"ListItem","position":1,"name":"Home","item":"https:\/\/www.erresse-shop.it\/fr\/"},{"@type":"ListItem","position":2,"name":"Shop","item":"https:\/\/www.erresse-shop.it\/fr\/shop\/"},{"@type":"ListItem","position":3,"name":"ZWILLING PRO Spatule angulaire pour bonbons"}]},{"@type":"WebSite","@id":"https:\/\/www.erresse-shop.it\/fr\/#website","url":"https:\/\/www.erresse-shop.it\/fr\/","name":"Erresse Shop","description":"Articoli di qualit\u00e0 per la casa","potentialAction":[{"@type":"SearchAction","target":{"@type":"EntryPoint","urlTemplate":"https:\/\/www.erresse-shop.it\/fr\/?s={search_term_string}"},"query-input":"required name=search_term_string"}],"inLanguage":"fr-FR"}]}},"df_price":19.95,"df_sale_price":19.95,"df_regular_price":26.95,"df_image_link":"https:\/\/www.erresse-shop.it\/wp-content\/uploads\/2024\/07\/ZWILLING-PRO-Spatola-Angolare-per-Dolci-300x300.jpg","_links":{"self":[{"href":"https:\/\/www.erresse-shop.it\/fr\/wp-json\/wp\/v2\/product\/421337"}],"collection":[{"href":"https:\/\/www.erresse-shop.it\/fr\/wp-json\/wp\/v2\/product"}],"about":[{"href":"https:\/\/www.erresse-shop.it\/fr\/wp-json\/wp\/v2\/types\/product"}],"wp:featuredmedia":[{"embeddable":true,"href":"https:\/\/www.erresse-shop.it\/fr\/wp-json\/wp\/v2\/media\/512661"}],"wp:attachment":[{"href":"https:\/\/www.erresse-shop.it\/fr\/wp-json\/wp\/v2\/media?parent=421337"}],"wp:term":[{"taxonomy":"product_cat","embeddable":true,"href":"https:\/\/www.erresse-shop.it\/fr\/wp-json\/wp\/v2\/product_cat?post=421337"},{"taxonomy":"product_tag","embeddable":true,"href":"https:\/\/www.erresse-shop.it\/fr\/wp-json\/wp\/v2\/product_tag?post=421337"}],"curies":[{"name":"wp","href":"https:\/\/api.w.org\/{rel}","templated":true}]}}