{"id":421325,"date":"2024-07-15T08:18:55","date_gmt":"2024-07-15T08:18:56","guid":{"rendered":"https:\/\/www.erresse-shop.it\/?post_type=product&#038;p=421325"},"modified":"2024-10-25T12:44:27","modified_gmt":"2024-10-25T12:44:27","slug":"zwilling-pro-louche-copia","status":"publish","type":"product","link":"https:\/\/www.erresse-shop.it\/fr\/shop\/cuisine\/outils\/zwilling-pro-louche-copia\/","title":{"rendered":"ZWILLING PRO Louche en silicone"},"content":{"rendered":"<p>Certains accessoires ne devraient jamais manquer dans une cuisine. La louche en silicone de la collection ZWILLING Pro en fait partie. Vous pouvez l&#8217;utiliser pour m\u00e9langer les ingr\u00e9dients pendant la cuisson ou pour portionner et servir. Quelle que soit la fonction, cet accessoire polyvalent ne vous laissera jamais tomber. Son design fonctionnel allie un aspect intemporel \u00e0 des qualit\u00e9s de performance superlatives. La louche est fabriqu\u00e9e en acier inoxydable de qualit\u00e9 sup\u00e9rieure et en silicone alimentaire. L&#8217;extr\u00e9mit\u00e9 inf\u00e9rieure est en silicone r\u00e9sistant \u00e0 la chaleur et convient aux po\u00eales et casseroles antiadh\u00e9sives. L&#8217;extr\u00e9mit\u00e9 du manche est fa\u00e7onn\u00e9e pour plus de commodit\u00e9. Une ligne d\u00e9corative d\u00e9coup\u00e9e au laser accentue le design minimaliste cr\u00e9\u00e9 par les designers de renomm\u00e9e mondiale Matteo Thun et Antonio Rodriguez. La louche est r\u00e9sistante \u00e0 la corrosion et particuli\u00e8rement facile \u00e0 nettoyer ; elle passe \u00e9galement au lave-vaisselle.<\/p>\n<ul>\n<li>Design minimaliste de Matteo Thun et Antonio Rodriguez<\/li>\n<li>Fabriqu\u00e9e en acier inoxydable de haute qualit\u00e9<\/li>\n<li>Silicone alimentaire r\u00e9sistant \u00e0 la chaleur<\/li>\n<li>Poign\u00e9es ergonomiques pour un travail sans fatigue, avec transition continue vers la tige pour une hygi\u00e8ne maximale<\/li>\n<li>R\u00e9siste au lave-vaisselle<\/li>\n<\/ul>\n","protected":false},"excerpt":{"rendered":"<p>Certains accessoires ne devraient jamais manquer dans une cuisine. La louche en silicone de la collection ZWILLING Pro en fait<\/p>\n","protected":false},"featured_media":509240,"template":"","meta":{"_acf_changed":false,"inline_featured_image":false},"product_cat":[12748,25333],"product_tag":[25036,17113,25021,21633,15403],"acf":[],"yoast_head":"<!-- This site is optimized with the Yoast SEO Premium plugin v18.6 (Yoast SEO v19.13) - https:\/\/yoast.com\/wordpress\/plugins\/seo\/ -->\n<title>ZWILLING PRO Louche en silicone - Erresse Shop<\/title>\n<meta name=\"description\" content=\"Certains accessoires ne devraient jamais manquer dans une cuisine. La louche en silicone de la collection ZWILLING Pro en fait partie. Vous pouvez\" \/>\n<meta name=\"robots\" content=\"index, follow, max-snippet:-1, max-image-preview:large, max-video-preview:-1\" \/>\n<link rel=\"canonical\" href=\"https:\/\/www.erresse-shop.it\/fr\/shop\/cuisine\/outils\/zwilling-pro-louche-copia\/\" \/>\n<meta property=\"og:locale\" content=\"fr_FR\" \/>\n<meta property=\"og:type\" content=\"article\" \/>\n<meta property=\"og:title\" content=\"ZWILLING PRO Louche en silicone\" \/>\n<meta property=\"og:description\" content=\"Certains accessoires ne devraient jamais manquer dans une cuisine. La louche en silicone de la collection ZWILLING Pro en fait partie. Vous pouvez\" \/>\n<meta property=\"og:url\" content=\"https:\/\/www.erresse-shop.it\/fr\/shop\/cuisine\/outils\/zwilling-pro-louche-copia\/\" \/>\n<meta property=\"og:site_name\" content=\"Erresse Shop\" \/>\n<meta property=\"article:modified_time\" content=\"2024-10-25T12:44:27+00:00\" \/>\n<meta property=\"og:image\" content=\"https:\/\/www.erresse-shop.it\/wp-content\/uploads\/2024\/07\/ZWILLING-PRO-Mestolo-Silicone.png\" \/>\n\t<meta property=\"og:image:width\" content=\"800\" \/>\n\t<meta property=\"og:image:height\" content=\"800\" \/>\n\t<meta property=\"og:image:type\" content=\"image\/png\" \/>\n<meta name=\"twitter:card\" content=\"summary_large_image\" \/>\n<script type=\"application\/ld+json\" class=\"yoast-schema-graph\">{\"@context\":\"https:\/\/schema.org\",\"@graph\":[{\"@type\":\"WebPage\",\"@id\":\"https:\/\/www.erresse-shop.it\/fr\/shop\/cuisine\/outils\/zwilling-pro-louche-copia\/\",\"url\":\"https:\/\/www.erresse-shop.it\/fr\/shop\/cuisine\/outils\/zwilling-pro-louche-copia\/\",\"name\":\"ZWILLING PRO Louche en silicone - Erresse Shop\",\"isPartOf\":{\"@id\":\"https:\/\/www.erresse-shop.it\/fr\/#website\"},\"datePublished\":\"2024-07-15T08:18:56+00:00\",\"dateModified\":\"2024-10-25T12:44:27+00:00\",\"description\":\"Certains accessoires ne devraient jamais manquer dans une cuisine. La louche en silicone de la collection ZWILLING Pro en fait partie. Vous pouvez\",\"breadcrumb\":{\"@id\":\"https:\/\/www.erresse-shop.it\/fr\/shop\/cuisine\/outils\/zwilling-pro-louche-copia\/#breadcrumb\"},\"inLanguage\":\"fr-FR\",\"potentialAction\":[{\"@type\":\"ReadAction\",\"target\":[\"https:\/\/www.erresse-shop.it\/fr\/shop\/cuisine\/outils\/zwilling-pro-louche-copia\/\"]}]},{\"@type\":\"BreadcrumbList\",\"@id\":\"https:\/\/www.erresse-shop.it\/fr\/shop\/cuisine\/outils\/zwilling-pro-louche-copia\/#breadcrumb\",\"itemListElement\":[{\"@type\":\"ListItem\",\"position\":1,\"name\":\"Home\",\"item\":\"https:\/\/www.erresse-shop.it\/fr\/\"},{\"@type\":\"ListItem\",\"position\":2,\"name\":\"Shop\",\"item\":\"https:\/\/www.erresse-shop.it\/fr\/shop\/\"},{\"@type\":\"ListItem\",\"position\":3,\"name\":\"ZWILLING PRO Louche en silicone\"}]},{\"@type\":\"WebSite\",\"@id\":\"https:\/\/www.erresse-shop.it\/fr\/#website\",\"url\":\"https:\/\/www.erresse-shop.it\/fr\/\",\"name\":\"Erresse Shop\",\"description\":\"Articoli di qualit\u00e0 per la casa\",\"potentialAction\":[{\"@type\":\"SearchAction\",\"target\":{\"@type\":\"EntryPoint\",\"urlTemplate\":\"https:\/\/www.erresse-shop.it\/fr\/?s={search_term_string}\"},\"query-input\":\"required name=search_term_string\"}],\"inLanguage\":\"fr-FR\"}]}<\/script>\n<!-- \/ Yoast SEO Premium plugin. -->","yoast_head_json":{"title":"ZWILLING PRO Louche en silicone - Erresse Shop","description":"Certains accessoires ne devraient jamais manquer dans une cuisine. La louche en silicone de la collection ZWILLING Pro en fait partie. Vous pouvez","robots":{"index":"index","follow":"follow","max-snippet":"max-snippet:-1","max-image-preview":"max-image-preview:large","max-video-preview":"max-video-preview:-1"},"canonical":"https:\/\/www.erresse-shop.it\/fr\/shop\/cuisine\/outils\/zwilling-pro-louche-copia\/","og_locale":"fr_FR","og_type":"article","og_title":"ZWILLING PRO Louche en silicone","og_description":"Certains accessoires ne devraient jamais manquer dans une cuisine. La louche en silicone de la collection ZWILLING Pro en fait partie. Vous pouvez","og_url":"https:\/\/www.erresse-shop.it\/fr\/shop\/cuisine\/outils\/zwilling-pro-louche-copia\/","og_site_name":"Erresse Shop","article_modified_time":"2024-10-25T12:44:27+00:00","og_image":[{"width":800,"height":800,"url":"https:\/\/www.erresse-shop.it\/wp-content\/uploads\/2024\/07\/ZWILLING-PRO-Mestolo-Silicone.png","type":"image\/png"}],"twitter_card":"summary_large_image","schema":{"@context":"https:\/\/schema.org","@graph":[{"@type":"WebPage","@id":"https:\/\/www.erresse-shop.it\/fr\/shop\/cuisine\/outils\/zwilling-pro-louche-copia\/","url":"https:\/\/www.erresse-shop.it\/fr\/shop\/cuisine\/outils\/zwilling-pro-louche-copia\/","name":"ZWILLING PRO Louche en silicone - Erresse Shop","isPartOf":{"@id":"https:\/\/www.erresse-shop.it\/fr\/#website"},"datePublished":"2024-07-15T08:18:56+00:00","dateModified":"2024-10-25T12:44:27+00:00","description":"Certains accessoires ne devraient jamais manquer dans une cuisine. La louche en silicone de la collection ZWILLING Pro en fait partie. Vous pouvez","breadcrumb":{"@id":"https:\/\/www.erresse-shop.it\/fr\/shop\/cuisine\/outils\/zwilling-pro-louche-copia\/#breadcrumb"},"inLanguage":"fr-FR","potentialAction":[{"@type":"ReadAction","target":["https:\/\/www.erresse-shop.it\/fr\/shop\/cuisine\/outils\/zwilling-pro-louche-copia\/"]}]},{"@type":"BreadcrumbList","@id":"https:\/\/www.erresse-shop.it\/fr\/shop\/cuisine\/outils\/zwilling-pro-louche-copia\/#breadcrumb","itemListElement":[{"@type":"ListItem","position":1,"name":"Home","item":"https:\/\/www.erresse-shop.it\/fr\/"},{"@type":"ListItem","position":2,"name":"Shop","item":"https:\/\/www.erresse-shop.it\/fr\/shop\/"},{"@type":"ListItem","position":3,"name":"ZWILLING PRO Louche en silicone"}]},{"@type":"WebSite","@id":"https:\/\/www.erresse-shop.it\/fr\/#website","url":"https:\/\/www.erresse-shop.it\/fr\/","name":"Erresse Shop","description":"Articoli di qualit\u00e0 per la casa","potentialAction":[{"@type":"SearchAction","target":{"@type":"EntryPoint","urlTemplate":"https:\/\/www.erresse-shop.it\/fr\/?s={search_term_string}"},"query-input":"required name=search_term_string"}],"inLanguage":"fr-FR"}]}},"df_price":12.475,"df_sale_price":12.475,"df_regular_price":24.95,"df_image_link":"https:\/\/www.erresse-shop.it\/wp-content\/uploads\/2024\/07\/ZWILLING-PRO-Mestolo-Silicone-300x300.jpg","_links":{"self":[{"href":"https:\/\/www.erresse-shop.it\/fr\/wp-json\/wp\/v2\/product\/421325"}],"collection":[{"href":"https:\/\/www.erresse-shop.it\/fr\/wp-json\/wp\/v2\/product"}],"about":[{"href":"https:\/\/www.erresse-shop.it\/fr\/wp-json\/wp\/v2\/types\/product"}],"wp:featuredmedia":[{"embeddable":true,"href":"https:\/\/www.erresse-shop.it\/fr\/wp-json\/wp\/v2\/media\/509240"}],"wp:attachment":[{"href":"https:\/\/www.erresse-shop.it\/fr\/wp-json\/wp\/v2\/media?parent=421325"}],"wp:term":[{"taxonomy":"product_cat","embeddable":true,"href":"https:\/\/www.erresse-shop.it\/fr\/wp-json\/wp\/v2\/product_cat?post=421325"},{"taxonomy":"product_tag","embeddable":true,"href":"https:\/\/www.erresse-shop.it\/fr\/wp-json\/wp\/v2\/product_tag?post=421325"}],"curies":[{"name":"wp","href":"https:\/\/api.w.org\/{rel}","templated":true}]}}