{"id":421277,"date":"2024-07-15T07:19:36","date_gmt":"2024-07-15T07:19:37","guid":{"rendered":"https:\/\/www.erresse-shop.it\/?post_type=product&#038;p=421277"},"modified":"2024-12-20T21:33:14","modified_gmt":"2024-12-20T21:33:14","slug":"zwilling-pro-cuillere-a-lasagne-copia","status":"publish","type":"product","link":"https:\/\/www.erresse-shop.it\/fr\/shop\/cuisine\/outils\/zwilling-pro-cuillere-a-lasagne-copia\/","title":{"rendered":"ZWILLING PRO Cuill\u00e8re \u00e0 riz"},"content":{"rendered":"<p>La cuisine asiatique jouit aujourd&#8217;hui d&#8217;une grande popularit\u00e9. Le riz en fait \u00e9galement partie. La cuill\u00e8re \u00e0 riz en silicone de la collection ZWILLING Pro vous permet de portionner et de servir le riz avec style. Gr\u00e2ce \u00e0 ses dimensions compactes, elle est id\u00e9ale pour servir le riz, m\u00eame le plus collant, car son manche court ergonomique permet de transmettre la force de mani\u00e8re optimale. Bien entendu, cet accessoire de cuisine ne convient pas uniquement aux plats de riz. La cuill\u00e8re peut \u00e9galement \u00eatre utilis\u00e9e pour pr\u00e9parer et servir le couscous et la pur\u00e9e. L&#8217;acier inoxydable mat de haute qualit\u00e9 du manche et le silicone alimentaire et r\u00e9sistant \u00e0 la chaleur de la pointe de la cuill\u00e8re font de cet \u00e9l\u00e9gant accessoire de cuisine un outil id\u00e9al pour les ustensiles de cuisine antiadh\u00e9sifs et les cuiseurs de riz. Lors de la phase de d\u00e9veloppement, une attention particuli\u00e8re a \u00e9t\u00e9 accord\u00e9e non seulement \u00e0 la qualit\u00e9, mais aussi au design, et le r\u00e9sultat est absolument intemporel. Les designers Matteo Thun et Antonio Rodriguez ont cr\u00e9\u00e9 une collection dont l&#8217;\u00e9l\u00e9gance intemporelle restera contemporaine pendant de nombreuses ann\u00e9es.<\/p>\n<ul>\n<li>Design minimaliste de Matteo Thun et Antonio Rodriguez<\/li>\n<li>Fabriqu\u00e9 en acier inoxydable de haute qualit\u00e9<\/li>\n<li>Ergonomie en ligne continue pour une hygi\u00e8ne maximale et un minimum de fatigue \u00e0 l&#8217;utilisation<\/li>\n<li>Lavable au lave-vaisselle<\/li>\n<li>La large courbure permet de servir de grandes quantit\u00e9s de riz en une seule cuiller\u00e9e.<\/li>\n<\/ul>\n","protected":false},"excerpt":{"rendered":"<p>La cuisine asiatique jouit aujourd&#8217;hui d&#8217;une grande popularit\u00e9. Le riz en fait \u00e9galement partie. La cuill\u00e8re \u00e0 riz en silicone<\/p>\n","protected":false},"featured_media":507854,"template":"","meta":{"_acf_changed":false,"inline_featured_image":false},"product_cat":[12748,25333],"product_tag":[25036,17113,25021,15403],"acf":[],"yoast_head":"<!-- This site is optimized with the Yoast SEO Premium plugin v18.6 (Yoast SEO v19.13) - https:\/\/yoast.com\/wordpress\/plugins\/seo\/ -->\n<title>ZWILLING PRO Cuill\u00e8re \u00e0 riz - Erresse Shop<\/title>\n<meta name=\"description\" content=\"La cuisine asiatique jouit aujourd&#039;hui d&#039;une grande popularit\u00e9. Le riz en fait \u00e9galement partie. La cuill\u00e8re \u00e0 riz en silicone de la collection ZWILLING\" \/>\n<meta name=\"robots\" content=\"index, follow, max-snippet:-1, max-image-preview:large, max-video-preview:-1\" \/>\n<link rel=\"canonical\" href=\"https:\/\/www.erresse-shop.it\/fr\/shop\/cuisine\/outils\/zwilling-pro-cuillere-a-lasagne-copia\/\" \/>\n<meta property=\"og:locale\" content=\"fr_FR\" \/>\n<meta property=\"og:type\" content=\"article\" \/>\n<meta property=\"og:title\" content=\"ZWILLING PRO Cuill\u00e8re \u00e0 riz\" \/>\n<meta property=\"og:description\" content=\"La cuisine asiatique jouit aujourd&#039;hui d&#039;une grande popularit\u00e9. Le riz en fait \u00e9galement partie. La cuill\u00e8re \u00e0 riz en silicone de la collection ZWILLING\" \/>\n<meta property=\"og:url\" content=\"https:\/\/www.erresse-shop.it\/fr\/shop\/cuisine\/outils\/zwilling-pro-cuillere-a-lasagne-copia\/\" \/>\n<meta property=\"og:site_name\" content=\"Erresse Shop\" \/>\n<meta property=\"article:modified_time\" content=\"2024-12-20T21:33:14+00:00\" \/>\n<meta property=\"og:image\" content=\"https:\/\/www.erresse-shop.it\/wp-content\/uploads\/2024\/07\/ZWILLING-PRO-Cucchiaio-per-Riso.png\" \/>\n\t<meta property=\"og:image:width\" content=\"800\" \/>\n\t<meta property=\"og:image:height\" content=\"800\" \/>\n\t<meta property=\"og:image:type\" content=\"image\/png\" \/>\n<meta name=\"twitter:card\" content=\"summary_large_image\" \/>\n<script type=\"application\/ld+json\" class=\"yoast-schema-graph\">{\"@context\":\"https:\/\/schema.org\",\"@graph\":[{\"@type\":\"WebPage\",\"@id\":\"https:\/\/www.erresse-shop.it\/fr\/shop\/cuisine\/outils\/zwilling-pro-cuillere-a-lasagne-copia\/\",\"url\":\"https:\/\/www.erresse-shop.it\/fr\/shop\/cuisine\/outils\/zwilling-pro-cuillere-a-lasagne-copia\/\",\"name\":\"ZWILLING PRO Cuill\u00e8re \u00e0 riz - Erresse Shop\",\"isPartOf\":{\"@id\":\"https:\/\/www.erresse-shop.it\/fr\/#website\"},\"datePublished\":\"2024-07-15T07:19:37+00:00\",\"dateModified\":\"2024-12-20T21:33:14+00:00\",\"description\":\"La cuisine asiatique jouit aujourd'hui d'une grande popularit\u00e9. Le riz en fait \u00e9galement partie. La cuill\u00e8re \u00e0 riz en silicone de la collection ZWILLING\",\"breadcrumb\":{\"@id\":\"https:\/\/www.erresse-shop.it\/fr\/shop\/cuisine\/outils\/zwilling-pro-cuillere-a-lasagne-copia\/#breadcrumb\"},\"inLanguage\":\"fr-FR\",\"potentialAction\":[{\"@type\":\"ReadAction\",\"target\":[\"https:\/\/www.erresse-shop.it\/fr\/shop\/cuisine\/outils\/zwilling-pro-cuillere-a-lasagne-copia\/\"]}]},{\"@type\":\"BreadcrumbList\",\"@id\":\"https:\/\/www.erresse-shop.it\/fr\/shop\/cuisine\/outils\/zwilling-pro-cuillere-a-lasagne-copia\/#breadcrumb\",\"itemListElement\":[{\"@type\":\"ListItem\",\"position\":1,\"name\":\"Home\",\"item\":\"https:\/\/www.erresse-shop.it\/fr\/\"},{\"@type\":\"ListItem\",\"position\":2,\"name\":\"Shop\",\"item\":\"https:\/\/www.erresse-shop.it\/fr\/shop\/\"},{\"@type\":\"ListItem\",\"position\":3,\"name\":\"ZWILLING PRO Cuill\u00e8re \u00e0 riz\"}]},{\"@type\":\"WebSite\",\"@id\":\"https:\/\/www.erresse-shop.it\/fr\/#website\",\"url\":\"https:\/\/www.erresse-shop.it\/fr\/\",\"name\":\"Erresse Shop\",\"description\":\"Articoli di qualit\u00e0 per la casa\",\"potentialAction\":[{\"@type\":\"SearchAction\",\"target\":{\"@type\":\"EntryPoint\",\"urlTemplate\":\"https:\/\/www.erresse-shop.it\/fr\/?s={search_term_string}\"},\"query-input\":\"required name=search_term_string\"}],\"inLanguage\":\"fr-FR\"}]}<\/script>\n<!-- \/ Yoast SEO Premium plugin. -->","yoast_head_json":{"title":"ZWILLING PRO Cuill\u00e8re \u00e0 riz - Erresse Shop","description":"La cuisine asiatique jouit aujourd'hui d'une grande popularit\u00e9. Le riz en fait \u00e9galement partie. La cuill\u00e8re \u00e0 riz en silicone de la collection ZWILLING","robots":{"index":"index","follow":"follow","max-snippet":"max-snippet:-1","max-image-preview":"max-image-preview:large","max-video-preview":"max-video-preview:-1"},"canonical":"https:\/\/www.erresse-shop.it\/fr\/shop\/cuisine\/outils\/zwilling-pro-cuillere-a-lasagne-copia\/","og_locale":"fr_FR","og_type":"article","og_title":"ZWILLING PRO Cuill\u00e8re \u00e0 riz","og_description":"La cuisine asiatique jouit aujourd'hui d'une grande popularit\u00e9. Le riz en fait \u00e9galement partie. La cuill\u00e8re \u00e0 riz en silicone de la collection ZWILLING","og_url":"https:\/\/www.erresse-shop.it\/fr\/shop\/cuisine\/outils\/zwilling-pro-cuillere-a-lasagne-copia\/","og_site_name":"Erresse Shop","article_modified_time":"2024-12-20T21:33:14+00:00","og_image":[{"width":800,"height":800,"url":"https:\/\/www.erresse-shop.it\/wp-content\/uploads\/2024\/07\/ZWILLING-PRO-Cucchiaio-per-Riso.png","type":"image\/png"}],"twitter_card":"summary_large_image","schema":{"@context":"https:\/\/schema.org","@graph":[{"@type":"WebPage","@id":"https:\/\/www.erresse-shop.it\/fr\/shop\/cuisine\/outils\/zwilling-pro-cuillere-a-lasagne-copia\/","url":"https:\/\/www.erresse-shop.it\/fr\/shop\/cuisine\/outils\/zwilling-pro-cuillere-a-lasagne-copia\/","name":"ZWILLING PRO Cuill\u00e8re \u00e0 riz - Erresse Shop","isPartOf":{"@id":"https:\/\/www.erresse-shop.it\/fr\/#website"},"datePublished":"2024-07-15T07:19:37+00:00","dateModified":"2024-12-20T21:33:14+00:00","description":"La cuisine asiatique jouit aujourd'hui d'une grande popularit\u00e9. Le riz en fait \u00e9galement partie. La cuill\u00e8re \u00e0 riz en silicone de la collection ZWILLING","breadcrumb":{"@id":"https:\/\/www.erresse-shop.it\/fr\/shop\/cuisine\/outils\/zwilling-pro-cuillere-a-lasagne-copia\/#breadcrumb"},"inLanguage":"fr-FR","potentialAction":[{"@type":"ReadAction","target":["https:\/\/www.erresse-shop.it\/fr\/shop\/cuisine\/outils\/zwilling-pro-cuillere-a-lasagne-copia\/"]}]},{"@type":"BreadcrumbList","@id":"https:\/\/www.erresse-shop.it\/fr\/shop\/cuisine\/outils\/zwilling-pro-cuillere-a-lasagne-copia\/#breadcrumb","itemListElement":[{"@type":"ListItem","position":1,"name":"Home","item":"https:\/\/www.erresse-shop.it\/fr\/"},{"@type":"ListItem","position":2,"name":"Shop","item":"https:\/\/www.erresse-shop.it\/fr\/shop\/"},{"@type":"ListItem","position":3,"name":"ZWILLING PRO Cuill\u00e8re \u00e0 riz"}]},{"@type":"WebSite","@id":"https:\/\/www.erresse-shop.it\/fr\/#website","url":"https:\/\/www.erresse-shop.it\/fr\/","name":"Erresse Shop","description":"Articoli di qualit\u00e0 per la casa","potentialAction":[{"@type":"SearchAction","target":{"@type":"EntryPoint","urlTemplate":"https:\/\/www.erresse-shop.it\/fr\/?s={search_term_string}"},"query-input":"required name=search_term_string"}],"inLanguage":"fr-FR"}]}},"df_price":12.475,"df_sale_price":12.475,"df_regular_price":24.95,"df_image_link":"https:\/\/www.erresse-shop.it\/wp-content\/uploads\/2024\/07\/ZWILLING-PRO-Cucchiaio-per-Riso-300x300.jpg","_links":{"self":[{"href":"https:\/\/www.erresse-shop.it\/fr\/wp-json\/wp\/v2\/product\/421277"}],"collection":[{"href":"https:\/\/www.erresse-shop.it\/fr\/wp-json\/wp\/v2\/product"}],"about":[{"href":"https:\/\/www.erresse-shop.it\/fr\/wp-json\/wp\/v2\/types\/product"}],"wp:featuredmedia":[{"embeddable":true,"href":"https:\/\/www.erresse-shop.it\/fr\/wp-json\/wp\/v2\/media\/507854"}],"wp:attachment":[{"href":"https:\/\/www.erresse-shop.it\/fr\/wp-json\/wp\/v2\/media?parent=421277"}],"wp:term":[{"taxonomy":"product_cat","embeddable":true,"href":"https:\/\/www.erresse-shop.it\/fr\/wp-json\/wp\/v2\/product_cat?post=421277"},{"taxonomy":"product_tag","embeddable":true,"href":"https:\/\/www.erresse-shop.it\/fr\/wp-json\/wp\/v2\/product_tag?post=421277"}],"curies":[{"name":"wp","href":"https:\/\/api.w.org\/{rel}","templated":true}]}}