{"id":421265,"date":"2024-07-15T07:04:19","date_gmt":"2024-07-15T07:04:20","guid":{"rendered":"https:\/\/www.erresse-shop.it\/?post_type=product&#038;p=421265"},"modified":"2024-12-20T21:33:14","modified_gmt":"2024-12-20T21:33:14","slug":"zwilling-pro-trancheur-de-fromage-dentele-copia","status":"publish","type":"product","link":"https:\/\/www.erresse-shop.it\/fr\/shop\/cuisine\/outils\/zwilling-pro-trancheur-de-fromage-dentele-copia\/","title":{"rendered":"ZWILLING PRO Cuill\u00e8re \u00e0 lasagne"},"content":{"rendered":"<p>Que vous serviez de d\u00e9licieuses lasagnes, un rago\u00fbt savoureux ou un beignet moelleux &#8230; profitez-en ! Nous vous recommandons un accessoire de cuisine qui double votre plaisir : la pelle \u00e0 lasagnes de la collection ZWILLING Pro. Elle est fabriqu\u00e9e en acier inoxydable de haute qualit\u00e9 et est particuli\u00e8rement robuste. Vous pouvez utiliser le c\u00f4t\u00e9 tranchant pour portionner les lasagnes. Gr\u00e2ce au bord dentel\u00e9, c&#8217;est \u00e9tonnamment facile. Les bords biseaut\u00e9s permettent \u00e0 la pelle \u00e0 lasagnes de se glisser facilement sous les portions et de les soulever ais\u00e9ment. La conception sp\u00e9ciale de cette pelle comprend une partie arri\u00e8re plus longue que la normale, ce qui la rend plus facile \u00e0 manipuler, m\u00eame avec des plaques de cuisson particuli\u00e8rement profondes. Cette forme emp\u00eache \u00e9galement les portions de tomber de la pelle. La poign\u00e9e ergonomique, facile \u00e0 manipuler, permet \u00e9galement un meilleur contr\u00f4le. Apr\u00e8s utilisation, il suffit de la laver au lave-vaisselle avant de la suspendre sur le porte-ustensiles. Le design minimaliste de Matteo Thun et Antonio Rodriguez est sans aucun doute le point fort de cette collection que vous ne pouvez absolument pas cacher dans un tiroir.<\/p>\n<ul>\n<li>Design minimaliste de Matteo Thun et Antonio Rodriguez<\/li>\n<li>Fabriqu\u00e9 en acier inoxydable de haute qualit\u00e9<\/li>\n<li>Conception ergonomique avec des lignes continues pour garantir une hygi\u00e8ne maximale et une fatigue minimale lors de l&#8217;utilisation<\/li>\n<li>Lavable au lave-vaisselle<\/li>\n<\/ul>\n","protected":false},"excerpt":{"rendered":"<p>Que vous serviez de d\u00e9licieuses lasagnes, un rago\u00fbt savoureux ou un beignet moelleux &#8230; profitez-en ! Nous vous recommandons un<\/p>\n","protected":false},"featured_media":509441,"template":"","meta":{"_acf_changed":false,"inline_featured_image":false},"product_cat":[12748,25333],"product_tag":[25036,17113,12838,25021,14569,24603,15403],"acf":[],"yoast_head":"<!-- This site is optimized with the Yoast SEO Premium plugin v18.6 (Yoast SEO v19.13) - https:\/\/yoast.com\/wordpress\/plugins\/seo\/ -->\n<title>ZWILLING PRO Cuill\u00e8re \u00e0 lasagne - Erresse Shop<\/title>\n<meta name=\"description\" content=\"Que vous serviez de d\u00e9licieuses lasagnes, un rago\u00fbt savoureux ou un beignet moelleux ... profitez-en ! Nous vous recommandons un accessoire de cuisine qui\" \/>\n<meta name=\"robots\" content=\"index, follow, max-snippet:-1, max-image-preview:large, max-video-preview:-1\" \/>\n<link rel=\"canonical\" href=\"https:\/\/www.erresse-shop.it\/fr\/shop\/cuisine\/outils\/zwilling-pro-trancheur-de-fromage-dentele-copia\/\" \/>\n<meta property=\"og:locale\" content=\"fr_FR\" \/>\n<meta property=\"og:type\" content=\"article\" \/>\n<meta property=\"og:title\" content=\"ZWILLING PRO Cuill\u00e8re \u00e0 lasagne\" \/>\n<meta property=\"og:description\" content=\"Que vous serviez de d\u00e9licieuses lasagnes, un rago\u00fbt savoureux ou un beignet moelleux ... profitez-en ! Nous vous recommandons un accessoire de cuisine qui\" \/>\n<meta property=\"og:url\" content=\"https:\/\/www.erresse-shop.it\/fr\/shop\/cuisine\/outils\/zwilling-pro-trancheur-de-fromage-dentele-copia\/\" \/>\n<meta property=\"og:site_name\" content=\"Erresse Shop\" \/>\n<meta property=\"article:modified_time\" content=\"2024-12-20T21:33:14+00:00\" \/>\n<meta property=\"og:image\" content=\"https:\/\/www.erresse-shop.it\/wp-content\/uploads\/2024\/07\/ZWILLING-PRO-Paletta-Lasagne.png\" \/>\n\t<meta property=\"og:image:width\" content=\"800\" \/>\n\t<meta property=\"og:image:height\" content=\"800\" \/>\n\t<meta property=\"og:image:type\" content=\"image\/png\" \/>\n<meta name=\"twitter:card\" content=\"summary_large_image\" \/>\n<script type=\"application\/ld+json\" class=\"yoast-schema-graph\">{\"@context\":\"https:\/\/schema.org\",\"@graph\":[{\"@type\":\"WebPage\",\"@id\":\"https:\/\/www.erresse-shop.it\/fr\/shop\/cuisine\/outils\/zwilling-pro-trancheur-de-fromage-dentele-copia\/\",\"url\":\"https:\/\/www.erresse-shop.it\/fr\/shop\/cuisine\/outils\/zwilling-pro-trancheur-de-fromage-dentele-copia\/\",\"name\":\"ZWILLING PRO Cuill\u00e8re \u00e0 lasagne - Erresse Shop\",\"isPartOf\":{\"@id\":\"https:\/\/www.erresse-shop.it\/fr\/#website\"},\"datePublished\":\"2024-07-15T07:04:20+00:00\",\"dateModified\":\"2024-12-20T21:33:14+00:00\",\"description\":\"Que vous serviez de d\u00e9licieuses lasagnes, un rago\u00fbt savoureux ou un beignet moelleux ... profitez-en ! Nous vous recommandons un accessoire de cuisine qui\",\"breadcrumb\":{\"@id\":\"https:\/\/www.erresse-shop.it\/fr\/shop\/cuisine\/outils\/zwilling-pro-trancheur-de-fromage-dentele-copia\/#breadcrumb\"},\"inLanguage\":\"fr-FR\",\"potentialAction\":[{\"@type\":\"ReadAction\",\"target\":[\"https:\/\/www.erresse-shop.it\/fr\/shop\/cuisine\/outils\/zwilling-pro-trancheur-de-fromage-dentele-copia\/\"]}]},{\"@type\":\"BreadcrumbList\",\"@id\":\"https:\/\/www.erresse-shop.it\/fr\/shop\/cuisine\/outils\/zwilling-pro-trancheur-de-fromage-dentele-copia\/#breadcrumb\",\"itemListElement\":[{\"@type\":\"ListItem\",\"position\":1,\"name\":\"Home\",\"item\":\"https:\/\/www.erresse-shop.it\/fr\/\"},{\"@type\":\"ListItem\",\"position\":2,\"name\":\"Shop\",\"item\":\"https:\/\/www.erresse-shop.it\/fr\/shop\/\"},{\"@type\":\"ListItem\",\"position\":3,\"name\":\"ZWILLING PRO Cuill\u00e8re \u00e0 lasagne\"}]},{\"@type\":\"WebSite\",\"@id\":\"https:\/\/www.erresse-shop.it\/fr\/#website\",\"url\":\"https:\/\/www.erresse-shop.it\/fr\/\",\"name\":\"Erresse Shop\",\"description\":\"Articoli di qualit\u00e0 per la casa\",\"potentialAction\":[{\"@type\":\"SearchAction\",\"target\":{\"@type\":\"EntryPoint\",\"urlTemplate\":\"https:\/\/www.erresse-shop.it\/fr\/?s={search_term_string}\"},\"query-input\":\"required name=search_term_string\"}],\"inLanguage\":\"fr-FR\"}]}<\/script>\n<!-- \/ Yoast SEO Premium plugin. -->","yoast_head_json":{"title":"ZWILLING PRO Cuill\u00e8re \u00e0 lasagne - Erresse Shop","description":"Que vous serviez de d\u00e9licieuses lasagnes, un rago\u00fbt savoureux ou un beignet moelleux ... profitez-en ! Nous vous recommandons un accessoire de cuisine qui","robots":{"index":"index","follow":"follow","max-snippet":"max-snippet:-1","max-image-preview":"max-image-preview:large","max-video-preview":"max-video-preview:-1"},"canonical":"https:\/\/www.erresse-shop.it\/fr\/shop\/cuisine\/outils\/zwilling-pro-trancheur-de-fromage-dentele-copia\/","og_locale":"fr_FR","og_type":"article","og_title":"ZWILLING PRO Cuill\u00e8re \u00e0 lasagne","og_description":"Que vous serviez de d\u00e9licieuses lasagnes, un rago\u00fbt savoureux ou un beignet moelleux ... profitez-en ! Nous vous recommandons un accessoire de cuisine qui","og_url":"https:\/\/www.erresse-shop.it\/fr\/shop\/cuisine\/outils\/zwilling-pro-trancheur-de-fromage-dentele-copia\/","og_site_name":"Erresse Shop","article_modified_time":"2024-12-20T21:33:14+00:00","og_image":[{"width":800,"height":800,"url":"https:\/\/www.erresse-shop.it\/wp-content\/uploads\/2024\/07\/ZWILLING-PRO-Paletta-Lasagne.png","type":"image\/png"}],"twitter_card":"summary_large_image","schema":{"@context":"https:\/\/schema.org","@graph":[{"@type":"WebPage","@id":"https:\/\/www.erresse-shop.it\/fr\/shop\/cuisine\/outils\/zwilling-pro-trancheur-de-fromage-dentele-copia\/","url":"https:\/\/www.erresse-shop.it\/fr\/shop\/cuisine\/outils\/zwilling-pro-trancheur-de-fromage-dentele-copia\/","name":"ZWILLING PRO Cuill\u00e8re \u00e0 lasagne - Erresse Shop","isPartOf":{"@id":"https:\/\/www.erresse-shop.it\/fr\/#website"},"datePublished":"2024-07-15T07:04:20+00:00","dateModified":"2024-12-20T21:33:14+00:00","description":"Que vous serviez de d\u00e9licieuses lasagnes, un rago\u00fbt savoureux ou un beignet moelleux ... profitez-en ! Nous vous recommandons un accessoire de cuisine qui","breadcrumb":{"@id":"https:\/\/www.erresse-shop.it\/fr\/shop\/cuisine\/outils\/zwilling-pro-trancheur-de-fromage-dentele-copia\/#breadcrumb"},"inLanguage":"fr-FR","potentialAction":[{"@type":"ReadAction","target":["https:\/\/www.erresse-shop.it\/fr\/shop\/cuisine\/outils\/zwilling-pro-trancheur-de-fromage-dentele-copia\/"]}]},{"@type":"BreadcrumbList","@id":"https:\/\/www.erresse-shop.it\/fr\/shop\/cuisine\/outils\/zwilling-pro-trancheur-de-fromage-dentele-copia\/#breadcrumb","itemListElement":[{"@type":"ListItem","position":1,"name":"Home","item":"https:\/\/www.erresse-shop.it\/fr\/"},{"@type":"ListItem","position":2,"name":"Shop","item":"https:\/\/www.erresse-shop.it\/fr\/shop\/"},{"@type":"ListItem","position":3,"name":"ZWILLING PRO Cuill\u00e8re \u00e0 lasagne"}]},{"@type":"WebSite","@id":"https:\/\/www.erresse-shop.it\/fr\/#website","url":"https:\/\/www.erresse-shop.it\/fr\/","name":"Erresse Shop","description":"Articoli di qualit\u00e0 per la casa","potentialAction":[{"@type":"SearchAction","target":{"@type":"EntryPoint","urlTemplate":"https:\/\/www.erresse-shop.it\/fr\/?s={search_term_string}"},"query-input":"required name=search_term_string"}],"inLanguage":"fr-FR"}]}},"df_price":13.475,"df_sale_price":13.475,"df_regular_price":26.95,"df_image_link":"https:\/\/www.erresse-shop.it\/wp-content\/uploads\/2024\/07\/ZWILLING-PRO-Paletta-Lasagne-300x300.jpg","_links":{"self":[{"href":"https:\/\/www.erresse-shop.it\/fr\/wp-json\/wp\/v2\/product\/421265"}],"collection":[{"href":"https:\/\/www.erresse-shop.it\/fr\/wp-json\/wp\/v2\/product"}],"about":[{"href":"https:\/\/www.erresse-shop.it\/fr\/wp-json\/wp\/v2\/types\/product"}],"wp:featuredmedia":[{"embeddable":true,"href":"https:\/\/www.erresse-shop.it\/fr\/wp-json\/wp\/v2\/media\/509441"}],"wp:attachment":[{"href":"https:\/\/www.erresse-shop.it\/fr\/wp-json\/wp\/v2\/media?parent=421265"}],"wp:term":[{"taxonomy":"product_cat","embeddable":true,"href":"https:\/\/www.erresse-shop.it\/fr\/wp-json\/wp\/v2\/product_cat?post=421265"},{"taxonomy":"product_tag","embeddable":true,"href":"https:\/\/www.erresse-shop.it\/fr\/wp-json\/wp\/v2\/product_tag?post=421265"}],"curies":[{"name":"wp","href":"https:\/\/api.w.org\/{rel}","templated":true}]}}