{"id":421223,"date":"2024-07-15T06:24:12","date_gmt":"2024-07-15T06:24:13","guid":{"rendered":"https:\/\/www.erresse-shop.it\/?post_type=product&#038;p=421223"},"modified":"2024-10-25T13:08:19","modified_gmt":"2024-10-25T13:08:19","slug":"zwilling-sommelier-tire-bouchon-multifonction-copia-2","status":"publish","type":"product","link":"https:\/\/www.erresse-shop.it\/fr\/shop\/table-fr-2\/vin\/zwilling-sommelier-tire-bouchon-multifonction-copia-2\/","title":{"rendered":"ZWILLING Sommelier Tire-bouchon \u00e0 levier"},"content":{"rendered":"<p>Le tire-bouchon \u00e0 levier de la collection ZWILLING\u00ae Sommelier fait de l&#8217;ouverture d&#8217;une bouteille de vin un v\u00e9ritable plaisir. Les amateurs de vin appr\u00e9cieront son design sophistiqu\u00e9, sa finition de premi\u00e8re classe et son emballage attrayant. Avec ce tire-bouchon \u00e0 levier de 19 x 11,5 x 5 cm, ouvrir une bouteille de vin est un jeu d&#8217;enfant. Vous pouvez le visser sans effort dans le bouchon gr\u00e2ce \u00e0 la spirale \u00e0 rev\u00eatement antiadh\u00e9sif et utiliser l&#8217;encoche interne pour le positionner sur le goulot de la bouteille. Ce tire-bouchon \u00e0 levier ZWILLING vous permettra d&#8217;enlever facilement les bouchons les plus r\u00e9sistants.<\/p>\n<ul>\n<li>Design \u00e9l\u00e9gant<\/li>\n<li>Acier inoxydable 18\/10<\/li>\n<li>Sa forme ergonomique le rend extr\u00eamement maniable et facile \u00e0 utiliser<\/li>\n<li>Il s&#8217;adapte \u00e0 tous les types de goulots de bouteille gr\u00e2ce aux encoches situ\u00e9es \u00e0 l&#8217;int\u00e9rieur du bo\u00eetier.<\/li>\n<li>Spirale avec rev\u00eatement antiadh\u00e9sif de haute qualit\u00e9<\/li>\n<\/ul>\n","protected":false},"excerpt":{"rendered":"<p>Le tire-bouchon \u00e0 levier de la collection ZWILLING\u00ae Sommelier fait de l&#8217;ouverture d&#8217;une bouteille de vin un v\u00e9ritable plaisir. Les<\/p>\n","protected":false},"featured_media":489076,"template":"","meta":{"_acf_changed":false,"inline_featured_image":false},"product_cat":[12782,14463,12754],"product_tag":[25036,25021,13065,16884],"acf":[],"yoast_head":"<!-- This site is optimized with the Yoast SEO Premium plugin v18.6 (Yoast SEO v19.13) - https:\/\/yoast.com\/wordpress\/plugins\/seo\/ -->\n<title>ZWILLING Sommelier Tire-bouchon \u00e0 levier - Erresse Shop<\/title>\n<meta name=\"description\" content=\"Le tire-bouchon \u00e0 levier de la collection ZWILLING\u00ae Sommelier fait de l&#039;ouverture d&#039;une bouteille de vin un v\u00e9ritable plaisir. Les amateurs de vin\" \/>\n<meta name=\"robots\" content=\"index, follow, max-snippet:-1, max-image-preview:large, max-video-preview:-1\" \/>\n<link rel=\"canonical\" href=\"https:\/\/www.erresse-shop.it\/fr\/shop\/table-fr-2\/vin\/zwilling-sommelier-tire-bouchon-multifonction-copia-2\/\" \/>\n<meta property=\"og:locale\" content=\"fr_FR\" \/>\n<meta property=\"og:type\" content=\"article\" \/>\n<meta property=\"og:title\" content=\"ZWILLING Sommelier Tire-bouchon \u00e0 levier\" \/>\n<meta property=\"og:description\" content=\"Le tire-bouchon \u00e0 levier de la collection ZWILLING\u00ae Sommelier fait de l&#039;ouverture d&#039;une bouteille de vin un v\u00e9ritable plaisir. Les amateurs de vin\" \/>\n<meta property=\"og:url\" content=\"https:\/\/www.erresse-shop.it\/fr\/shop\/table-fr-2\/vin\/zwilling-sommelier-tire-bouchon-multifonction-copia-2\/\" \/>\n<meta property=\"og:site_name\" content=\"Erresse Shop\" \/>\n<meta property=\"article:modified_time\" content=\"2024-10-25T13:08:19+00:00\" \/>\n<meta property=\"og:image\" content=\"https:\/\/www.erresse-shop.it\/wp-content\/uploads\/2024\/07\/ZWILLING-Sommelier-Cavatappi-a-Leva.png\" \/>\n\t<meta property=\"og:image:width\" content=\"800\" \/>\n\t<meta property=\"og:image:height\" content=\"800\" \/>\n\t<meta property=\"og:image:type\" content=\"image\/png\" \/>\n<meta name=\"twitter:card\" content=\"summary_large_image\" \/>\n<script type=\"application\/ld+json\" class=\"yoast-schema-graph\">{\"@context\":\"https:\/\/schema.org\",\"@graph\":[{\"@type\":\"WebPage\",\"@id\":\"https:\/\/www.erresse-shop.it\/fr\/shop\/table-fr-2\/vin\/zwilling-sommelier-tire-bouchon-multifonction-copia-2\/\",\"url\":\"https:\/\/www.erresse-shop.it\/fr\/shop\/table-fr-2\/vin\/zwilling-sommelier-tire-bouchon-multifonction-copia-2\/\",\"name\":\"ZWILLING Sommelier Tire-bouchon \u00e0 levier - Erresse Shop\",\"isPartOf\":{\"@id\":\"https:\/\/www.erresse-shop.it\/fr\/#website\"},\"datePublished\":\"2024-07-15T06:24:13+00:00\",\"dateModified\":\"2024-10-25T13:08:19+00:00\",\"description\":\"Le tire-bouchon \u00e0 levier de la collection ZWILLING\u00ae Sommelier fait de l'ouverture d'une bouteille de vin un v\u00e9ritable plaisir. Les amateurs de vin\",\"breadcrumb\":{\"@id\":\"https:\/\/www.erresse-shop.it\/fr\/shop\/table-fr-2\/vin\/zwilling-sommelier-tire-bouchon-multifonction-copia-2\/#breadcrumb\"},\"inLanguage\":\"fr-FR\",\"potentialAction\":[{\"@type\":\"ReadAction\",\"target\":[\"https:\/\/www.erresse-shop.it\/fr\/shop\/table-fr-2\/vin\/zwilling-sommelier-tire-bouchon-multifonction-copia-2\/\"]}]},{\"@type\":\"BreadcrumbList\",\"@id\":\"https:\/\/www.erresse-shop.it\/fr\/shop\/table-fr-2\/vin\/zwilling-sommelier-tire-bouchon-multifonction-copia-2\/#breadcrumb\",\"itemListElement\":[{\"@type\":\"ListItem\",\"position\":1,\"name\":\"Home\",\"item\":\"https:\/\/www.erresse-shop.it\/fr\/\"},{\"@type\":\"ListItem\",\"position\":2,\"name\":\"Shop\",\"item\":\"https:\/\/www.erresse-shop.it\/fr\/shop\/\"},{\"@type\":\"ListItem\",\"position\":3,\"name\":\"ZWILLING Sommelier Tire-bouchon \u00e0 levier\"}]},{\"@type\":\"WebSite\",\"@id\":\"https:\/\/www.erresse-shop.it\/fr\/#website\",\"url\":\"https:\/\/www.erresse-shop.it\/fr\/\",\"name\":\"Erresse Shop\",\"description\":\"Articoli di qualit\u00e0 per la casa\",\"potentialAction\":[{\"@type\":\"SearchAction\",\"target\":{\"@type\":\"EntryPoint\",\"urlTemplate\":\"https:\/\/www.erresse-shop.it\/fr\/?s={search_term_string}\"},\"query-input\":\"required name=search_term_string\"}],\"inLanguage\":\"fr-FR\"}]}<\/script>\n<!-- \/ Yoast SEO Premium plugin. -->","yoast_head_json":{"title":"ZWILLING Sommelier Tire-bouchon \u00e0 levier - Erresse Shop","description":"Le tire-bouchon \u00e0 levier de la collection ZWILLING\u00ae Sommelier fait de l'ouverture d'une bouteille de vin un v\u00e9ritable plaisir. Les amateurs de vin","robots":{"index":"index","follow":"follow","max-snippet":"max-snippet:-1","max-image-preview":"max-image-preview:large","max-video-preview":"max-video-preview:-1"},"canonical":"https:\/\/www.erresse-shop.it\/fr\/shop\/table-fr-2\/vin\/zwilling-sommelier-tire-bouchon-multifonction-copia-2\/","og_locale":"fr_FR","og_type":"article","og_title":"ZWILLING Sommelier Tire-bouchon \u00e0 levier","og_description":"Le tire-bouchon \u00e0 levier de la collection ZWILLING\u00ae Sommelier fait de l'ouverture d'une bouteille de vin un v\u00e9ritable plaisir. Les amateurs de vin","og_url":"https:\/\/www.erresse-shop.it\/fr\/shop\/table-fr-2\/vin\/zwilling-sommelier-tire-bouchon-multifonction-copia-2\/","og_site_name":"Erresse Shop","article_modified_time":"2024-10-25T13:08:19+00:00","og_image":[{"width":800,"height":800,"url":"https:\/\/www.erresse-shop.it\/wp-content\/uploads\/2024\/07\/ZWILLING-Sommelier-Cavatappi-a-Leva.png","type":"image\/png"}],"twitter_card":"summary_large_image","schema":{"@context":"https:\/\/schema.org","@graph":[{"@type":"WebPage","@id":"https:\/\/www.erresse-shop.it\/fr\/shop\/table-fr-2\/vin\/zwilling-sommelier-tire-bouchon-multifonction-copia-2\/","url":"https:\/\/www.erresse-shop.it\/fr\/shop\/table-fr-2\/vin\/zwilling-sommelier-tire-bouchon-multifonction-copia-2\/","name":"ZWILLING Sommelier Tire-bouchon \u00e0 levier - Erresse Shop","isPartOf":{"@id":"https:\/\/www.erresse-shop.it\/fr\/#website"},"datePublished":"2024-07-15T06:24:13+00:00","dateModified":"2024-10-25T13:08:19+00:00","description":"Le tire-bouchon \u00e0 levier de la collection ZWILLING\u00ae Sommelier fait de l'ouverture d'une bouteille de vin un v\u00e9ritable plaisir. Les amateurs de vin","breadcrumb":{"@id":"https:\/\/www.erresse-shop.it\/fr\/shop\/table-fr-2\/vin\/zwilling-sommelier-tire-bouchon-multifonction-copia-2\/#breadcrumb"},"inLanguage":"fr-FR","potentialAction":[{"@type":"ReadAction","target":["https:\/\/www.erresse-shop.it\/fr\/shop\/table-fr-2\/vin\/zwilling-sommelier-tire-bouchon-multifonction-copia-2\/"]}]},{"@type":"BreadcrumbList","@id":"https:\/\/www.erresse-shop.it\/fr\/shop\/table-fr-2\/vin\/zwilling-sommelier-tire-bouchon-multifonction-copia-2\/#breadcrumb","itemListElement":[{"@type":"ListItem","position":1,"name":"Home","item":"https:\/\/www.erresse-shop.it\/fr\/"},{"@type":"ListItem","position":2,"name":"Shop","item":"https:\/\/www.erresse-shop.it\/fr\/shop\/"},{"@type":"ListItem","position":3,"name":"ZWILLING Sommelier Tire-bouchon \u00e0 levier"}]},{"@type":"WebSite","@id":"https:\/\/www.erresse-shop.it\/fr\/#website","url":"https:\/\/www.erresse-shop.it\/fr\/","name":"Erresse Shop","description":"Articoli di qualit\u00e0 per la casa","potentialAction":[{"@type":"SearchAction","target":{"@type":"EntryPoint","urlTemplate":"https:\/\/www.erresse-shop.it\/fr\/?s={search_term_string}"},"query-input":"required name=search_term_string"}],"inLanguage":"fr-FR"}]}},"df_price":24.975,"df_sale_price":24.975,"df_regular_price":49.95,"df_image_link":"https:\/\/www.erresse-shop.it\/wp-content\/uploads\/2024\/07\/ZWILLING-Sommelier-Cavatappi-a-Leva-300x300.jpg","_links":{"self":[{"href":"https:\/\/www.erresse-shop.it\/fr\/wp-json\/wp\/v2\/product\/421223"}],"collection":[{"href":"https:\/\/www.erresse-shop.it\/fr\/wp-json\/wp\/v2\/product"}],"about":[{"href":"https:\/\/www.erresse-shop.it\/fr\/wp-json\/wp\/v2\/types\/product"}],"wp:featuredmedia":[{"embeddable":true,"href":"https:\/\/www.erresse-shop.it\/fr\/wp-json\/wp\/v2\/media\/489076"}],"wp:attachment":[{"href":"https:\/\/www.erresse-shop.it\/fr\/wp-json\/wp\/v2\/media?parent=421223"}],"wp:term":[{"taxonomy":"product_cat","embeddable":true,"href":"https:\/\/www.erresse-shop.it\/fr\/wp-json\/wp\/v2\/product_cat?post=421223"},{"taxonomy":"product_tag","embeddable":true,"href":"https:\/\/www.erresse-shop.it\/fr\/wp-json\/wp\/v2\/product_tag?post=421223"}],"curies":[{"name":"wp","href":"https:\/\/api.w.org\/{rel}","templated":true}]}}