{"id":421139,"date":"2024-07-15T05:34:34","date_gmt":"2024-07-15T05:34:35","guid":{"rendered":"https:\/\/www.erresse-shop.it\/?post_type=product&#038;p=421139"},"modified":"2024-10-25T13:30:35","modified_gmt":"2024-10-25T13:30:35","slug":"zwilling-z-cut-rape-a-spirale-copia","status":"publish","type":"product","link":"https:\/\/www.erresse-shop.it\/fr\/shop\/table-fr-2\/vin\/zwilling-z-cut-rape-a-spirale-copia\/","title":{"rendered":"ZWILLING Sommelier Tire-bouchon"},"content":{"rendered":"<p>Avec notre tire-bouchon \u00e0 double lev\u00e9e, vous ouvrez une bonne bouteille de vin avec style. Il vous suffit de poser le fond sur la bouteille et de tourner la poign\u00e9e. Les bras de levage pratiques vous permettent ensuite de retirer le bouchon d&#8217;un simple geste du poignet. Cet outil pour les amateurs de vin convainc par sa qualit\u00e9 optimale. Il est nickel\u00e9 et ne craint donc pas la rouille, ce qui est tr\u00e8s important non seulement pour l&#8217;aspect visuel, mais aussi pour l&#8217;hygi\u00e8ne. Avec le tire-bouchon \u00e0 double lev\u00e9e de ZWILLING, l&#8217;ouverture du vin devient le clou de la soir\u00e9e.<\/p>\n<ul>\n<li>Nickel\u00e9<\/li>\n<li>Pour une ouverture facile de la bouteille<\/li>\n<li>Avec tige aff\u00fbt\u00e9e et pointe centr\u00e9e<\/li>\n<\/ul>\n","protected":false},"excerpt":{"rendered":"<p>Avec notre tire-bouchon \u00e0 double lev\u00e9e, vous ouvrez une bonne bouteille de vin avec style. Il vous suffit de poser<\/p>\n","protected":false},"featured_media":507041,"template":"","meta":{"_acf_changed":false,"inline_featured_image":false},"product_cat":[12782,14463,12754],"product_tag":[25036,25021,13065,16884],"acf":[],"yoast_head":"<!-- This site is optimized with the Yoast SEO Premium plugin v18.6 (Yoast SEO v19.13) - https:\/\/yoast.com\/wordpress\/plugins\/seo\/ -->\n<title>ZWILLING Sommelier Tire-bouchon - Erresse Shop<\/title>\n<meta name=\"description\" content=\"Avec notre tire-bouchon \u00e0 double lev\u00e9e, vous ouvrez une bonne bouteille de vin avec style. Il vous suffit de poser le fond sur la bouteille et de tourner\" \/>\n<meta name=\"robots\" content=\"index, follow, max-snippet:-1, max-image-preview:large, max-video-preview:-1\" \/>\n<link rel=\"canonical\" href=\"https:\/\/www.erresse-shop.it\/fr\/shop\/table-fr-2\/vin\/zwilling-z-cut-rape-a-spirale-copia\/\" \/>\n<meta property=\"og:locale\" content=\"fr_FR\" \/>\n<meta property=\"og:type\" content=\"article\" \/>\n<meta property=\"og:title\" content=\"ZWILLING Sommelier Tire-bouchon\" \/>\n<meta property=\"og:description\" content=\"Avec notre tire-bouchon \u00e0 double lev\u00e9e, vous ouvrez une bonne bouteille de vin avec style. Il vous suffit de poser le fond sur la bouteille et de tourner\" \/>\n<meta property=\"og:url\" content=\"https:\/\/www.erresse-shop.it\/fr\/shop\/table-fr-2\/vin\/zwilling-z-cut-rape-a-spirale-copia\/\" \/>\n<meta property=\"og:site_name\" content=\"Erresse Shop\" \/>\n<meta property=\"article:modified_time\" content=\"2024-10-25T13:30:35+00:00\" \/>\n<meta property=\"og:image\" content=\"https:\/\/www.erresse-shop.it\/wp-content\/uploads\/2024\/07\/ZWILLING-Sommelier-Cavatappi.png\" \/>\n\t<meta property=\"og:image:width\" content=\"800\" \/>\n\t<meta property=\"og:image:height\" content=\"800\" \/>\n\t<meta property=\"og:image:type\" content=\"image\/png\" \/>\n<meta name=\"twitter:card\" content=\"summary_large_image\" \/>\n<script type=\"application\/ld+json\" class=\"yoast-schema-graph\">{\"@context\":\"https:\/\/schema.org\",\"@graph\":[{\"@type\":\"WebPage\",\"@id\":\"https:\/\/www.erresse-shop.it\/fr\/shop\/table-fr-2\/vin\/zwilling-z-cut-rape-a-spirale-copia\/\",\"url\":\"https:\/\/www.erresse-shop.it\/fr\/shop\/table-fr-2\/vin\/zwilling-z-cut-rape-a-spirale-copia\/\",\"name\":\"ZWILLING Sommelier Tire-bouchon - Erresse Shop\",\"isPartOf\":{\"@id\":\"https:\/\/www.erresse-shop.it\/fr\/#website\"},\"datePublished\":\"2024-07-15T05:34:35+00:00\",\"dateModified\":\"2024-10-25T13:30:35+00:00\",\"description\":\"Avec notre tire-bouchon \u00e0 double lev\u00e9e, vous ouvrez une bonne bouteille de vin avec style. Il vous suffit de poser le fond sur la bouteille et de tourner\",\"breadcrumb\":{\"@id\":\"https:\/\/www.erresse-shop.it\/fr\/shop\/table-fr-2\/vin\/zwilling-z-cut-rape-a-spirale-copia\/#breadcrumb\"},\"inLanguage\":\"fr-FR\",\"potentialAction\":[{\"@type\":\"ReadAction\",\"target\":[\"https:\/\/www.erresse-shop.it\/fr\/shop\/table-fr-2\/vin\/zwilling-z-cut-rape-a-spirale-copia\/\"]}]},{\"@type\":\"BreadcrumbList\",\"@id\":\"https:\/\/www.erresse-shop.it\/fr\/shop\/table-fr-2\/vin\/zwilling-z-cut-rape-a-spirale-copia\/#breadcrumb\",\"itemListElement\":[{\"@type\":\"ListItem\",\"position\":1,\"name\":\"Home\",\"item\":\"https:\/\/www.erresse-shop.it\/fr\/\"},{\"@type\":\"ListItem\",\"position\":2,\"name\":\"Shop\",\"item\":\"https:\/\/www.erresse-shop.it\/fr\/shop\/\"},{\"@type\":\"ListItem\",\"position\":3,\"name\":\"ZWILLING Sommelier Tire-bouchon\"}]},{\"@type\":\"WebSite\",\"@id\":\"https:\/\/www.erresse-shop.it\/fr\/#website\",\"url\":\"https:\/\/www.erresse-shop.it\/fr\/\",\"name\":\"Erresse Shop\",\"description\":\"Articoli di qualit\u00e0 per la casa\",\"potentialAction\":[{\"@type\":\"SearchAction\",\"target\":{\"@type\":\"EntryPoint\",\"urlTemplate\":\"https:\/\/www.erresse-shop.it\/fr\/?s={search_term_string}\"},\"query-input\":\"required name=search_term_string\"}],\"inLanguage\":\"fr-FR\"}]}<\/script>\n<!-- \/ Yoast SEO Premium plugin. -->","yoast_head_json":{"title":"ZWILLING Sommelier Tire-bouchon - Erresse Shop","description":"Avec notre tire-bouchon \u00e0 double lev\u00e9e, vous ouvrez une bonne bouteille de vin avec style. Il vous suffit de poser le fond sur la bouteille et de tourner","robots":{"index":"index","follow":"follow","max-snippet":"max-snippet:-1","max-image-preview":"max-image-preview:large","max-video-preview":"max-video-preview:-1"},"canonical":"https:\/\/www.erresse-shop.it\/fr\/shop\/table-fr-2\/vin\/zwilling-z-cut-rape-a-spirale-copia\/","og_locale":"fr_FR","og_type":"article","og_title":"ZWILLING Sommelier Tire-bouchon","og_description":"Avec notre tire-bouchon \u00e0 double lev\u00e9e, vous ouvrez une bonne bouteille de vin avec style. Il vous suffit de poser le fond sur la bouteille et de tourner","og_url":"https:\/\/www.erresse-shop.it\/fr\/shop\/table-fr-2\/vin\/zwilling-z-cut-rape-a-spirale-copia\/","og_site_name":"Erresse Shop","article_modified_time":"2024-10-25T13:30:35+00:00","og_image":[{"width":800,"height":800,"url":"https:\/\/www.erresse-shop.it\/wp-content\/uploads\/2024\/07\/ZWILLING-Sommelier-Cavatappi.png","type":"image\/png"}],"twitter_card":"summary_large_image","schema":{"@context":"https:\/\/schema.org","@graph":[{"@type":"WebPage","@id":"https:\/\/www.erresse-shop.it\/fr\/shop\/table-fr-2\/vin\/zwilling-z-cut-rape-a-spirale-copia\/","url":"https:\/\/www.erresse-shop.it\/fr\/shop\/table-fr-2\/vin\/zwilling-z-cut-rape-a-spirale-copia\/","name":"ZWILLING Sommelier Tire-bouchon - Erresse Shop","isPartOf":{"@id":"https:\/\/www.erresse-shop.it\/fr\/#website"},"datePublished":"2024-07-15T05:34:35+00:00","dateModified":"2024-10-25T13:30:35+00:00","description":"Avec notre tire-bouchon \u00e0 double lev\u00e9e, vous ouvrez une bonne bouteille de vin avec style. Il vous suffit de poser le fond sur la bouteille et de tourner","breadcrumb":{"@id":"https:\/\/www.erresse-shop.it\/fr\/shop\/table-fr-2\/vin\/zwilling-z-cut-rape-a-spirale-copia\/#breadcrumb"},"inLanguage":"fr-FR","potentialAction":[{"@type":"ReadAction","target":["https:\/\/www.erresse-shop.it\/fr\/shop\/table-fr-2\/vin\/zwilling-z-cut-rape-a-spirale-copia\/"]}]},{"@type":"BreadcrumbList","@id":"https:\/\/www.erresse-shop.it\/fr\/shop\/table-fr-2\/vin\/zwilling-z-cut-rape-a-spirale-copia\/#breadcrumb","itemListElement":[{"@type":"ListItem","position":1,"name":"Home","item":"https:\/\/www.erresse-shop.it\/fr\/"},{"@type":"ListItem","position":2,"name":"Shop","item":"https:\/\/www.erresse-shop.it\/fr\/shop\/"},{"@type":"ListItem","position":3,"name":"ZWILLING Sommelier Tire-bouchon"}]},{"@type":"WebSite","@id":"https:\/\/www.erresse-shop.it\/fr\/#website","url":"https:\/\/www.erresse-shop.it\/fr\/","name":"Erresse Shop","description":"Articoli di qualit\u00e0 per la casa","potentialAction":[{"@type":"SearchAction","target":{"@type":"EntryPoint","urlTemplate":"https:\/\/www.erresse-shop.it\/fr\/?s={search_term_string}"},"query-input":"required name=search_term_string"}],"inLanguage":"fr-FR"}]}},"df_price":29.975,"df_sale_price":29.975,"df_regular_price":59.95,"df_image_link":"https:\/\/www.erresse-shop.it\/wp-content\/uploads\/2024\/07\/ZWILLING-Sommelier-Cavatappi-300x300.jpg","_links":{"self":[{"href":"https:\/\/www.erresse-shop.it\/fr\/wp-json\/wp\/v2\/product\/421139"}],"collection":[{"href":"https:\/\/www.erresse-shop.it\/fr\/wp-json\/wp\/v2\/product"}],"about":[{"href":"https:\/\/www.erresse-shop.it\/fr\/wp-json\/wp\/v2\/types\/product"}],"wp:featuredmedia":[{"embeddable":true,"href":"https:\/\/www.erresse-shop.it\/fr\/wp-json\/wp\/v2\/media\/507041"}],"wp:attachment":[{"href":"https:\/\/www.erresse-shop.it\/fr\/wp-json\/wp\/v2\/media?parent=421139"}],"wp:term":[{"taxonomy":"product_cat","embeddable":true,"href":"https:\/\/www.erresse-shop.it\/fr\/wp-json\/wp\/v2\/product_cat?post=421139"},{"taxonomy":"product_tag","embeddable":true,"href":"https:\/\/www.erresse-shop.it\/fr\/wp-json\/wp\/v2\/product_tag?post=421139"}],"curies":[{"name":"wp","href":"https:\/\/api.w.org\/{rel}","templated":true}]}}