{"id":420961,"date":"2024-07-12T13:51:14","date_gmt":"2024-07-12T13:51:15","guid":{"rendered":"https:\/\/www.erresse-shop.it\/?post_type=product&#038;p=420961"},"modified":"2024-10-25T13:45:17","modified_gmt":"2024-10-25T13:45:17","slug":"zwilling-z-cut-rape-multifonction-grise-copia","status":"publish","type":"product","link":"https:\/\/www.erresse-shop.it\/fr\/shop\/cuisine\/rapes\/zwilling-z-cut-rape-multifonction-grise-copia\/","title":{"rendered":"ZWILLING Z-CUT R\u00e2pe verticale 4 c\u00f4t\u00e9s"},"content":{"rendered":"<p>Vous aimez cuisiner l\u00e9ger et sain et aimez la polyvalence de votre menu hebdomadaire ? La r\u00e2pe 6 en 1 de la s\u00e9rie ZWILLING Z-Cut est l&#8217;outil parfait pour vous. Cet outil polyvalent de cuisine vous aidera \u00e0 r\u00e2per, trancher finement et couper du fromage, des fruits, des l\u00e9gumes, des noix et m\u00eame du chocolat. Vous aurez \u00e0 votre disposition toute la polyvalence de ses quatre faces pour r\u00e2per, d&#8217;une r\u00e2pe fine et grossi\u00e8re et d&#8217;une lame tranchante des deux c\u00f4t\u00e9s. Les lames sont le r\u00e9sultat de notre vaste savoir-faire et des technologies que nous utilisons pour les lames et les couteaux : gr\u00e2ce \u00e0 la technologie brevet\u00e9e Z-Cut, le r\u00e2page est v\u00e9ritablement imm\u00e9diat. Les lames en acier inoxydable 18\/10 vous permettent de travailler dans les deux sens, avec moins d&#8217;effort et en moins de temps. Mais ce n&#8217;est pas tout : cette r\u00e2pe multifonctionnelle vous r\u00e9serve de nombreuses autres solutions intelligentes. Le r\u00e9cipient int\u00e9gr\u00e9 vous permet de retirer ce que vous avez r\u00e2p\u00e9 facilement et sans rien salir. Le fond antid\u00e9rapant est parfait pour maintenir la r\u00e2pe stable, m\u00eame lors des op\u00e9rations les plus intenses. Et avec le rev\u00eatement appropri\u00e9, la r\u00e2pe sera toujours en s\u00e9curit\u00e9. La r\u00e2pe a \u00e9t\u00e9 con\u00e7ue par le duo de designers milanais Matteo Thun et Antonio Rodriguez et surprend par son look minimal. Apr\u00e8s utilisation, vous pouvez \u00e9galement le mettre au lave-vaisselle, il sera donc tr\u00e8s facile \u00e0 nettoyer.<\/p>\n<ul>\n<li>Quatre c\u00f4t\u00e9s pour r\u00e2per, hacher finement, trancher et couper en flocons ou en lani\u00e8res<\/li>\n<li>Passe au lave-vaisselle, il conserve sa forme et son apparence et dure longtemps<\/li>\n<li>Fabriqu\u00e9 en acier inoxydable 18\/10<\/li>\n<li>Conception ZWILLING Z-Cut avec technologie de lame bidirectionnelle<\/li>\n<li>Plus s\u00fbr : avec rev\u00eatement protecteur et fond en caoutchouc antid\u00e9rapant<\/li>\n<li>Conteneur amovible pour travailler sans rien salir<\/li>\n<\/ul>\n","protected":false},"excerpt":{"rendered":"<p>Vous aimez cuisiner l\u00e9ger et sain et aimez la polyvalence de votre menu hebdomadaire ? La r\u00e2pe 6 en 1<\/p>\n","protected":false},"featured_media":466998,"template":"","meta":{"_acf_changed":false,"inline_featured_image":false},"product_cat":[12748,26037],"product_tag":[25036,25021],"acf":[],"yoast_head":"<!-- This site is optimized with the Yoast SEO Premium plugin v18.6 (Yoast SEO v19.13) - https:\/\/yoast.com\/wordpress\/plugins\/seo\/ -->\n<title>ZWILLING Z-CUT R\u00e2pe verticale 4 c\u00f4t\u00e9s - Erresse Shop<\/title>\n<meta name=\"description\" content=\"Vous aimez cuisiner l\u00e9ger et sain et aimez la polyvalence de votre menu hebdomadaire ? La r\u00e2pe 6 en 1 de la s\u00e9rie ZWILLING Z-Cut est l&#039;outil parfait pour\" \/>\n<meta name=\"robots\" content=\"index, follow, max-snippet:-1, max-image-preview:large, max-video-preview:-1\" \/>\n<link rel=\"canonical\" href=\"https:\/\/www.erresse-shop.it\/fr\/shop\/cuisine\/rapes\/zwilling-z-cut-rape-multifonction-grise-copia\/\" \/>\n<meta property=\"og:locale\" content=\"fr_FR\" \/>\n<meta property=\"og:type\" content=\"article\" \/>\n<meta property=\"og:title\" content=\"ZWILLING Z-CUT R\u00e2pe verticale 4 c\u00f4t\u00e9s\" \/>\n<meta property=\"og:description\" content=\"Vous aimez cuisiner l\u00e9ger et sain et aimez la polyvalence de votre menu hebdomadaire ? La r\u00e2pe 6 en 1 de la s\u00e9rie ZWILLING Z-Cut est l&#039;outil parfait pour\" \/>\n<meta property=\"og:url\" content=\"https:\/\/www.erresse-shop.it\/fr\/shop\/cuisine\/rapes\/zwilling-z-cut-rape-multifonction-grise-copia\/\" \/>\n<meta property=\"og:site_name\" content=\"Erresse Shop\" \/>\n<meta property=\"article:modified_time\" content=\"2024-10-25T13:45:17+00:00\" \/>\n<meta property=\"og:image\" content=\"https:\/\/www.erresse-shop.it\/wp-content\/uploads\/2024\/07\/ZWILLING-Z-CUT-Grattugia-Verticale-4-Lati.png\" \/>\n\t<meta property=\"og:image:width\" content=\"800\" \/>\n\t<meta property=\"og:image:height\" content=\"800\" \/>\n\t<meta property=\"og:image:type\" content=\"image\/png\" \/>\n<meta name=\"twitter:card\" content=\"summary_large_image\" \/>\n<script type=\"application\/ld+json\" class=\"yoast-schema-graph\">{\"@context\":\"https:\/\/schema.org\",\"@graph\":[{\"@type\":\"WebPage\",\"@id\":\"https:\/\/www.erresse-shop.it\/fr\/shop\/cuisine\/rapes\/zwilling-z-cut-rape-multifonction-grise-copia\/\",\"url\":\"https:\/\/www.erresse-shop.it\/fr\/shop\/cuisine\/rapes\/zwilling-z-cut-rape-multifonction-grise-copia\/\",\"name\":\"ZWILLING Z-CUT R\u00e2pe verticale 4 c\u00f4t\u00e9s - Erresse Shop\",\"isPartOf\":{\"@id\":\"https:\/\/www.erresse-shop.it\/fr\/#website\"},\"datePublished\":\"2024-07-12T13:51:15+00:00\",\"dateModified\":\"2024-10-25T13:45:17+00:00\",\"description\":\"Vous aimez cuisiner l\u00e9ger et sain et aimez la polyvalence de votre menu hebdomadaire ? La r\u00e2pe 6 en 1 de la s\u00e9rie ZWILLING Z-Cut est l'outil parfait pour\",\"breadcrumb\":{\"@id\":\"https:\/\/www.erresse-shop.it\/fr\/shop\/cuisine\/rapes\/zwilling-z-cut-rape-multifonction-grise-copia\/#breadcrumb\"},\"inLanguage\":\"fr-FR\",\"potentialAction\":[{\"@type\":\"ReadAction\",\"target\":[\"https:\/\/www.erresse-shop.it\/fr\/shop\/cuisine\/rapes\/zwilling-z-cut-rape-multifonction-grise-copia\/\"]}]},{\"@type\":\"BreadcrumbList\",\"@id\":\"https:\/\/www.erresse-shop.it\/fr\/shop\/cuisine\/rapes\/zwilling-z-cut-rape-multifonction-grise-copia\/#breadcrumb\",\"itemListElement\":[{\"@type\":\"ListItem\",\"position\":1,\"name\":\"Home\",\"item\":\"https:\/\/www.erresse-shop.it\/fr\/\"},{\"@type\":\"ListItem\",\"position\":2,\"name\":\"Shop\",\"item\":\"https:\/\/www.erresse-shop.it\/fr\/shop\/\"},{\"@type\":\"ListItem\",\"position\":3,\"name\":\"ZWILLING Z-CUT R\u00e2pe verticale 4 c\u00f4t\u00e9s\"}]},{\"@type\":\"WebSite\",\"@id\":\"https:\/\/www.erresse-shop.it\/fr\/#website\",\"url\":\"https:\/\/www.erresse-shop.it\/fr\/\",\"name\":\"Erresse Shop\",\"description\":\"Articoli di qualit\u00e0 per la casa\",\"potentialAction\":[{\"@type\":\"SearchAction\",\"target\":{\"@type\":\"EntryPoint\",\"urlTemplate\":\"https:\/\/www.erresse-shop.it\/fr\/?s={search_term_string}\"},\"query-input\":\"required name=search_term_string\"}],\"inLanguage\":\"fr-FR\"}]}<\/script>\n<!-- \/ Yoast SEO Premium plugin. -->","yoast_head_json":{"title":"ZWILLING Z-CUT R\u00e2pe verticale 4 c\u00f4t\u00e9s - Erresse Shop","description":"Vous aimez cuisiner l\u00e9ger et sain et aimez la polyvalence de votre menu hebdomadaire ? La r\u00e2pe 6 en 1 de la s\u00e9rie ZWILLING Z-Cut est l'outil parfait pour","robots":{"index":"index","follow":"follow","max-snippet":"max-snippet:-1","max-image-preview":"max-image-preview:large","max-video-preview":"max-video-preview:-1"},"canonical":"https:\/\/www.erresse-shop.it\/fr\/shop\/cuisine\/rapes\/zwilling-z-cut-rape-multifonction-grise-copia\/","og_locale":"fr_FR","og_type":"article","og_title":"ZWILLING Z-CUT R\u00e2pe verticale 4 c\u00f4t\u00e9s","og_description":"Vous aimez cuisiner l\u00e9ger et sain et aimez la polyvalence de votre menu hebdomadaire ? La r\u00e2pe 6 en 1 de la s\u00e9rie ZWILLING Z-Cut est l'outil parfait pour","og_url":"https:\/\/www.erresse-shop.it\/fr\/shop\/cuisine\/rapes\/zwilling-z-cut-rape-multifonction-grise-copia\/","og_site_name":"Erresse Shop","article_modified_time":"2024-10-25T13:45:17+00:00","og_image":[{"width":800,"height":800,"url":"https:\/\/www.erresse-shop.it\/wp-content\/uploads\/2024\/07\/ZWILLING-Z-CUT-Grattugia-Verticale-4-Lati.png","type":"image\/png"}],"twitter_card":"summary_large_image","schema":{"@context":"https:\/\/schema.org","@graph":[{"@type":"WebPage","@id":"https:\/\/www.erresse-shop.it\/fr\/shop\/cuisine\/rapes\/zwilling-z-cut-rape-multifonction-grise-copia\/","url":"https:\/\/www.erresse-shop.it\/fr\/shop\/cuisine\/rapes\/zwilling-z-cut-rape-multifonction-grise-copia\/","name":"ZWILLING Z-CUT R\u00e2pe verticale 4 c\u00f4t\u00e9s - Erresse Shop","isPartOf":{"@id":"https:\/\/www.erresse-shop.it\/fr\/#website"},"datePublished":"2024-07-12T13:51:15+00:00","dateModified":"2024-10-25T13:45:17+00:00","description":"Vous aimez cuisiner l\u00e9ger et sain et aimez la polyvalence de votre menu hebdomadaire ? La r\u00e2pe 6 en 1 de la s\u00e9rie ZWILLING Z-Cut est l'outil parfait pour","breadcrumb":{"@id":"https:\/\/www.erresse-shop.it\/fr\/shop\/cuisine\/rapes\/zwilling-z-cut-rape-multifonction-grise-copia\/#breadcrumb"},"inLanguage":"fr-FR","potentialAction":[{"@type":"ReadAction","target":["https:\/\/www.erresse-shop.it\/fr\/shop\/cuisine\/rapes\/zwilling-z-cut-rape-multifonction-grise-copia\/"]}]},{"@type":"BreadcrumbList","@id":"https:\/\/www.erresse-shop.it\/fr\/shop\/cuisine\/rapes\/zwilling-z-cut-rape-multifonction-grise-copia\/#breadcrumb","itemListElement":[{"@type":"ListItem","position":1,"name":"Home","item":"https:\/\/www.erresse-shop.it\/fr\/"},{"@type":"ListItem","position":2,"name":"Shop","item":"https:\/\/www.erresse-shop.it\/fr\/shop\/"},{"@type":"ListItem","position":3,"name":"ZWILLING Z-CUT R\u00e2pe verticale 4 c\u00f4t\u00e9s"}]},{"@type":"WebSite","@id":"https:\/\/www.erresse-shop.it\/fr\/#website","url":"https:\/\/www.erresse-shop.it\/fr\/","name":"Erresse Shop","description":"Articoli di qualit\u00e0 per la casa","potentialAction":[{"@type":"SearchAction","target":{"@type":"EntryPoint","urlTemplate":"https:\/\/www.erresse-shop.it\/fr\/?s={search_term_string}"},"query-input":"required name=search_term_string"}],"inLanguage":"fr-FR"}]}},"df_price":22.475,"df_sale_price":22.475,"df_regular_price":44.95,"df_image_link":"https:\/\/www.erresse-shop.it\/wp-content\/uploads\/2024\/07\/ZWILLING-Z-CUT-Grattugia-Verticale-4-Lati-300x300.jpg","_links":{"self":[{"href":"https:\/\/www.erresse-shop.it\/fr\/wp-json\/wp\/v2\/product\/420961"}],"collection":[{"href":"https:\/\/www.erresse-shop.it\/fr\/wp-json\/wp\/v2\/product"}],"about":[{"href":"https:\/\/www.erresse-shop.it\/fr\/wp-json\/wp\/v2\/types\/product"}],"wp:featuredmedia":[{"embeddable":true,"href":"https:\/\/www.erresse-shop.it\/fr\/wp-json\/wp\/v2\/media\/466998"}],"wp:attachment":[{"href":"https:\/\/www.erresse-shop.it\/fr\/wp-json\/wp\/v2\/media?parent=420961"}],"wp:term":[{"taxonomy":"product_cat","embeddable":true,"href":"https:\/\/www.erresse-shop.it\/fr\/wp-json\/wp\/v2\/product_cat?post=420961"},{"taxonomy":"product_tag","embeddable":true,"href":"https:\/\/www.erresse-shop.it\/fr\/wp-json\/wp\/v2\/product_tag?post=420961"}],"curies":[{"name":"wp","href":"https:\/\/api.w.org\/{rel}","templated":true}]}}