{"id":420828,"date":"2024-07-12T12:31:54","date_gmt":"2024-07-12T12:31:56","guid":{"rendered":"https:\/\/www.erresse-shop.it\/?post_type=product&#038;p=420828"},"modified":"2024-10-20T16:36:56","modified_gmt":"2024-10-20T16:36:56","slug":"villeroy-boch-vieux-luxembourg-set-de-6-soucoupes-a-espresso-copia","status":"publish","type":"product","link":"https:\/\/www.erresse-shop.it\/fr\/shop\/table-fr-2\/plats\/villeroy-boch-vieux-luxembourg-set-de-6-soucoupes-a-espresso-copia\/","title":{"rendered":"VILLEROY &#038; BOCH Vieux Luxembourg Set de 6 Assiettes plates 26 cm"},"content":{"rendered":"<p><strong>Assiette plate \u00e0 d\u00e9cor classique pour toutes les occasions<\/strong><br \/>\nLes d\u00e9licats motifs en relief et les discr\u00e8tes d\u00e9corations filigran\u00e9es de la collection Vieux Luxembourg, sur une porcelaine d&#8217;un blanc \u00e9clatant, s&#8217;unissent pour former un ensemble d&#8217;une \u00e9l\u00e9gance intemporelle. Cette assiette polyvalente est parfaite pour un brunch entre amis, un d\u00e9jeuner d\u00e9contract\u00e9 ou une table festive pour un d\u00eener sp\u00e9cial. Ajoutez une touche de style \u00e0 votre table avec cette assiette.<\/p>\n<p><strong>Mat\u00e9riau<\/strong> : Porcelaine de qualit\u00e9 sup\u00e9rieure<br \/>\n<strong>Diam\u00e8tre<\/strong> : environ 259 mm<br \/>\n<strong>Passe<\/strong> <strong>au<\/strong> <strong>lave-vaisselle<\/strong> : oui<br \/>\n<strong>Convient au micro-ondes<\/strong> : oui<\/p>\n","protected":false},"excerpt":{"rendered":"<p>Assiette plate \u00e0 d\u00e9cor classique pour toutes les occasions Les d\u00e9licats motifs en relief et les discr\u00e8tes d\u00e9corations filigran\u00e9es de<\/p>\n","protected":false},"featured_media":475471,"template":"","meta":{"_acf_changed":false,"inline_featured_image":false},"product_cat":[12788,12782],"product_tag":[25026,23563,25021,24397,21969,19357],"acf":[],"yoast_head":"<!-- This site is optimized with the Yoast SEO Premium plugin v18.6 (Yoast SEO v19.13) - https:\/\/yoast.com\/wordpress\/plugins\/seo\/ -->\n<title>VILLEROY &amp; BOCH Vieux Luxembourg Set de 6 Assiettes plates 26 cm - Erresse Shop<\/title>\n<meta name=\"description\" content=\"Assiette plate \u00e0 d\u00e9cor classique pour toutes les occasions Les d\u00e9licats motifs en relief et les discr\u00e8tes d\u00e9corations filigran\u00e9es de la collection Vieux\" \/>\n<meta name=\"robots\" content=\"index, follow, max-snippet:-1, max-image-preview:large, max-video-preview:-1\" \/>\n<link rel=\"canonical\" href=\"https:\/\/www.erresse-shop.it\/fr\/shop\/table-fr-2\/plats\/villeroy-boch-vieux-luxembourg-set-de-6-soucoupes-a-espresso-copia\/\" \/>\n<meta property=\"og:locale\" content=\"fr_FR\" \/>\n<meta property=\"og:type\" content=\"article\" \/>\n<meta property=\"og:title\" content=\"VILLEROY &amp; BOCH Vieux Luxembourg Set de 6 Assiettes plates 26 cm\" \/>\n<meta property=\"og:description\" content=\"Assiette plate \u00e0 d\u00e9cor classique pour toutes les occasions Les d\u00e9licats motifs en relief et les discr\u00e8tes d\u00e9corations filigran\u00e9es de la collection Vieux\" \/>\n<meta property=\"og:url\" content=\"https:\/\/www.erresse-shop.it\/fr\/shop\/table-fr-2\/plats\/villeroy-boch-vieux-luxembourg-set-de-6-soucoupes-a-espresso-copia\/\" \/>\n<meta property=\"og:site_name\" content=\"Erresse Shop\" \/>\n<meta property=\"article:modified_time\" content=\"2024-10-20T16:36:56+00:00\" \/>\n<meta property=\"og:image\" content=\"https:\/\/www.erresse-shop.it\/wp-content\/uploads\/2024\/07\/VILLEROY-BOCH-Vieux-Luxembourg-Set-6-Piatti-Piani-26-cm.jpg\" \/>\n\t<meta property=\"og:image:width\" content=\"1200\" \/>\n\t<meta property=\"og:image:height\" content=\"1200\" \/>\n\t<meta property=\"og:image:type\" content=\"image\/jpeg\" \/>\n<meta name=\"twitter:card\" content=\"summary_large_image\" \/>\n<script type=\"application\/ld+json\" class=\"yoast-schema-graph\">{\"@context\":\"https:\/\/schema.org\",\"@graph\":[{\"@type\":\"WebPage\",\"@id\":\"https:\/\/www.erresse-shop.it\/fr\/shop\/table-fr-2\/plats\/villeroy-boch-vieux-luxembourg-set-de-6-soucoupes-a-espresso-copia\/\",\"url\":\"https:\/\/www.erresse-shop.it\/fr\/shop\/table-fr-2\/plats\/villeroy-boch-vieux-luxembourg-set-de-6-soucoupes-a-espresso-copia\/\",\"name\":\"VILLEROY & BOCH Vieux Luxembourg Set de 6 Assiettes plates 26 cm - Erresse Shop\",\"isPartOf\":{\"@id\":\"https:\/\/www.erresse-shop.it\/fr\/#website\"},\"datePublished\":\"2024-07-12T12:31:56+00:00\",\"dateModified\":\"2024-10-20T16:36:56+00:00\",\"description\":\"Assiette plate \u00e0 d\u00e9cor classique pour toutes les occasions Les d\u00e9licats motifs en relief et les discr\u00e8tes d\u00e9corations filigran\u00e9es de la collection Vieux\",\"breadcrumb\":{\"@id\":\"https:\/\/www.erresse-shop.it\/fr\/shop\/table-fr-2\/plats\/villeroy-boch-vieux-luxembourg-set-de-6-soucoupes-a-espresso-copia\/#breadcrumb\"},\"inLanguage\":\"fr-FR\",\"potentialAction\":[{\"@type\":\"ReadAction\",\"target\":[\"https:\/\/www.erresse-shop.it\/fr\/shop\/table-fr-2\/plats\/villeroy-boch-vieux-luxembourg-set-de-6-soucoupes-a-espresso-copia\/\"]}]},{\"@type\":\"BreadcrumbList\",\"@id\":\"https:\/\/www.erresse-shop.it\/fr\/shop\/table-fr-2\/plats\/villeroy-boch-vieux-luxembourg-set-de-6-soucoupes-a-espresso-copia\/#breadcrumb\",\"itemListElement\":[{\"@type\":\"ListItem\",\"position\":1,\"name\":\"Home\",\"item\":\"https:\/\/www.erresse-shop.it\/fr\/\"},{\"@type\":\"ListItem\",\"position\":2,\"name\":\"Shop\",\"item\":\"https:\/\/www.erresse-shop.it\/fr\/shop\/\"},{\"@type\":\"ListItem\",\"position\":3,\"name\":\"VILLEROY &#038; BOCH Vieux Luxembourg Set de 6 Assiettes plates 26 cm\"}]},{\"@type\":\"WebSite\",\"@id\":\"https:\/\/www.erresse-shop.it\/fr\/#website\",\"url\":\"https:\/\/www.erresse-shop.it\/fr\/\",\"name\":\"Erresse Shop\",\"description\":\"Articoli di qualit\u00e0 per la casa\",\"potentialAction\":[{\"@type\":\"SearchAction\",\"target\":{\"@type\":\"EntryPoint\",\"urlTemplate\":\"https:\/\/www.erresse-shop.it\/fr\/?s={search_term_string}\"},\"query-input\":\"required name=search_term_string\"}],\"inLanguage\":\"fr-FR\"}]}<\/script>\n<!-- \/ Yoast SEO Premium plugin. -->","yoast_head_json":{"title":"VILLEROY & BOCH Vieux Luxembourg Set de 6 Assiettes plates 26 cm - Erresse Shop","description":"Assiette plate \u00e0 d\u00e9cor classique pour toutes les occasions Les d\u00e9licats motifs en relief et les discr\u00e8tes d\u00e9corations filigran\u00e9es de la collection Vieux","robots":{"index":"index","follow":"follow","max-snippet":"max-snippet:-1","max-image-preview":"max-image-preview:large","max-video-preview":"max-video-preview:-1"},"canonical":"https:\/\/www.erresse-shop.it\/fr\/shop\/table-fr-2\/plats\/villeroy-boch-vieux-luxembourg-set-de-6-soucoupes-a-espresso-copia\/","og_locale":"fr_FR","og_type":"article","og_title":"VILLEROY & BOCH Vieux Luxembourg Set de 6 Assiettes plates 26 cm","og_description":"Assiette plate \u00e0 d\u00e9cor classique pour toutes les occasions Les d\u00e9licats motifs en relief et les discr\u00e8tes d\u00e9corations filigran\u00e9es de la collection Vieux","og_url":"https:\/\/www.erresse-shop.it\/fr\/shop\/table-fr-2\/plats\/villeroy-boch-vieux-luxembourg-set-de-6-soucoupes-a-espresso-copia\/","og_site_name":"Erresse Shop","article_modified_time":"2024-10-20T16:36:56+00:00","og_image":[{"width":1200,"height":1200,"url":"https:\/\/www.erresse-shop.it\/wp-content\/uploads\/2024\/07\/VILLEROY-BOCH-Vieux-Luxembourg-Set-6-Piatti-Piani-26-cm.jpg","type":"image\/jpeg"}],"twitter_card":"summary_large_image","schema":{"@context":"https:\/\/schema.org","@graph":[{"@type":"WebPage","@id":"https:\/\/www.erresse-shop.it\/fr\/shop\/table-fr-2\/plats\/villeroy-boch-vieux-luxembourg-set-de-6-soucoupes-a-espresso-copia\/","url":"https:\/\/www.erresse-shop.it\/fr\/shop\/table-fr-2\/plats\/villeroy-boch-vieux-luxembourg-set-de-6-soucoupes-a-espresso-copia\/","name":"VILLEROY & BOCH Vieux Luxembourg Set de 6 Assiettes plates 26 cm - Erresse Shop","isPartOf":{"@id":"https:\/\/www.erresse-shop.it\/fr\/#website"},"datePublished":"2024-07-12T12:31:56+00:00","dateModified":"2024-10-20T16:36:56+00:00","description":"Assiette plate \u00e0 d\u00e9cor classique pour toutes les occasions Les d\u00e9licats motifs en relief et les discr\u00e8tes d\u00e9corations filigran\u00e9es de la collection Vieux","breadcrumb":{"@id":"https:\/\/www.erresse-shop.it\/fr\/shop\/table-fr-2\/plats\/villeroy-boch-vieux-luxembourg-set-de-6-soucoupes-a-espresso-copia\/#breadcrumb"},"inLanguage":"fr-FR","potentialAction":[{"@type":"ReadAction","target":["https:\/\/www.erresse-shop.it\/fr\/shop\/table-fr-2\/plats\/villeroy-boch-vieux-luxembourg-set-de-6-soucoupes-a-espresso-copia\/"]}]},{"@type":"BreadcrumbList","@id":"https:\/\/www.erresse-shop.it\/fr\/shop\/table-fr-2\/plats\/villeroy-boch-vieux-luxembourg-set-de-6-soucoupes-a-espresso-copia\/#breadcrumb","itemListElement":[{"@type":"ListItem","position":1,"name":"Home","item":"https:\/\/www.erresse-shop.it\/fr\/"},{"@type":"ListItem","position":2,"name":"Shop","item":"https:\/\/www.erresse-shop.it\/fr\/shop\/"},{"@type":"ListItem","position":3,"name":"VILLEROY &#038; BOCH Vieux Luxembourg Set de 6 Assiettes plates 26 cm"}]},{"@type":"WebSite","@id":"https:\/\/www.erresse-shop.it\/fr\/#website","url":"https:\/\/www.erresse-shop.it\/fr\/","name":"Erresse Shop","description":"Articoli di qualit\u00e0 per la casa","potentialAction":[{"@type":"SearchAction","target":{"@type":"EntryPoint","urlTemplate":"https:\/\/www.erresse-shop.it\/fr\/?s={search_term_string}"},"query-input":"required name=search_term_string"}],"inLanguage":"fr-FR"}]}},"df_price":89.7,"df_sale_price":89.7,"df_regular_price":179.4,"df_image_link":"https:\/\/www.erresse-shop.it\/wp-content\/uploads\/2024\/07\/VILLEROY-BOCH-Vieux-Luxembourg-Set-6-Piatti-Piani-26-cm-1-300x300.jpg","_links":{"self":[{"href":"https:\/\/www.erresse-shop.it\/fr\/wp-json\/wp\/v2\/product\/420828"}],"collection":[{"href":"https:\/\/www.erresse-shop.it\/fr\/wp-json\/wp\/v2\/product"}],"about":[{"href":"https:\/\/www.erresse-shop.it\/fr\/wp-json\/wp\/v2\/types\/product"}],"wp:featuredmedia":[{"embeddable":true,"href":"https:\/\/www.erresse-shop.it\/fr\/wp-json\/wp\/v2\/media\/475471"}],"wp:attachment":[{"href":"https:\/\/www.erresse-shop.it\/fr\/wp-json\/wp\/v2\/media?parent=420828"}],"wp:term":[{"taxonomy":"product_cat","embeddable":true,"href":"https:\/\/www.erresse-shop.it\/fr\/wp-json\/wp\/v2\/product_cat?post=420828"},{"taxonomy":"product_tag","embeddable":true,"href":"https:\/\/www.erresse-shop.it\/fr\/wp-json\/wp\/v2\/product_tag?post=420828"}],"curies":[{"name":"wp","href":"https:\/\/api.w.org\/{rel}","templated":true}]}}