{"id":419596,"date":"2024-07-12T05:26:44","date_gmt":"2024-07-12T05:26:46","guid":{"rendered":"https:\/\/www.erresse-shop.it\/?post_type=product&#038;p=419596"},"modified":"2025-04-19T08:19:15","modified_gmt":"2025-04-19T08:19:15","slug":"instant-pot-pro-57-l-copia","status":"publish","type":"product","link":"https:\/\/www.erresse-shop.it\/fr\/shop\/petits-electromenagers\/robots-de-cuisine\/instant-pot-pro-57-l-copia\/","title":{"rendered":"INSTANT POT Pro Plus Wifi 5,7 L Noir"},"content":{"rendered":"<p>L&#8217;Instant Pot Pro Plus, c&#8217;est 10 appareils en 1. Il s&#8217;agit de la version la plus performante, enti\u00e8rement connect\u00e9e par Wifi et permettant une utilisation \u00e0 distance via l&#8217;application Instant Brands Connect. Le Pro Plus dispose de 9 programmes intelligents que vous pouvez contr\u00f4ler de mani\u00e8re pratique via l&#8217;application, tout en utilisant les param\u00e8tres de cuisson par d\u00e9faut et en acc\u00e9dant \u00e0 plus de 800 recettes interactives. Vous pouvez personnaliser la dur\u00e9e, le niveau de pression, la temp\u00e9rature et le type d&#8217;\u00e9vent, ce qui rend l&#8217;utilisation d&#8217;un Instant Pot plus facile que jamais.<\/p>\n<p><strong>Caract\u00e9ristiques techniques :<\/strong><\/p>\n<p>Mat\u00e9riau : couvercle et pot int\u00e9rieur en acier inoxydable, pot ext\u00e9rieur en acier inoxydable bross\u00e9 avec finition noire mate.<br \/>\nPot int\u00e9rieur en acier inoxydable avec fond renforc\u00e9 et poign\u00e9es en silicone, pouvant \u00eatre transf\u00e9r\u00e9 sur les tables et les cuisini\u00e8res, y compris les cuisini\u00e8res \u00e0 induction.<br \/>\nGrand \u00e9cran tactile facile \u00e0 utiliser<br \/>\nBouton central manuel pour le r\u00e9glage de la dur\u00e9e et de la temp\u00e9rature<br \/>\nIndicateur d&#8217;\u00e9tat de pr\u00e9paration<br \/>\nMode sans fil par Wifi gr\u00e2ce \u00e0 l&#8217;application Instant Brands Connect sur les appareils iOS et Android avec plus de 800 recettes.<br \/>\nFonction de retardement de l&#8217;allumage<br \/>\n10 programmes : cuisson sous pression, riz\/c\u00e9r\u00e9ales, vapeur, saut\u00e9\/grill, NutriBoost TM, Keep Warm, cuisson lente, sous-vide, yaourt, st\u00e9rilisateur<br \/>\nAccessoires suppl\u00e9mentaires : anneau de remplacement en silicone, grille de cuisson \u00e0 la vapeur avec poign\u00e9es<\/p>\n<p><span style=\"text-decoration: underline;\"><strong>Ne peut \u00eatre vendu en dehors de l&#8217;Europe<\/strong><\/span><\/p>\n","protected":false},"excerpt":{"rendered":"<p>L&#8217;Instant Pot Pro Plus, c&#8217;est 10 appareils en 1. Il s&#8217;agit de la version la plus performante, enti\u00e8rement connect\u00e9e par<\/p>\n","protected":false},"featured_media":460783,"template":"","meta":{"_acf_changed":false,"inline_featured_image":false},"product_cat":[12449,12768],"product_tag":[23660,24415,24454,17939,13426,12468,23260,21821],"acf":[],"yoast_head":"<!-- This site is optimized with the Yoast SEO Premium plugin v18.6 (Yoast SEO v19.13) - https:\/\/yoast.com\/wordpress\/plugins\/seo\/ -->\n<title>INSTANT POT Pro Plus Wifi 5,7 L Noir - Erresse Shop<\/title>\n<meta name=\"description\" content=\"L&#039;Instant Pot Pro Plus, c&#039;est 10 appareils en 1. Il s&#039;agit de la version la plus performante, enti\u00e8rement connect\u00e9e par Wifi et permettant une utilisation\" \/>\n<meta name=\"robots\" content=\"index, follow, max-snippet:-1, max-image-preview:large, max-video-preview:-1\" \/>\n<link rel=\"canonical\" href=\"https:\/\/www.erresse-shop.it\/fr\/shop\/petits-electromenagers\/robots-de-cuisine\/instant-pot-pro-57-l-copia\/\" \/>\n<meta property=\"og:locale\" content=\"fr_FR\" \/>\n<meta property=\"og:type\" content=\"article\" \/>\n<meta property=\"og:title\" content=\"INSTANT POT Pro Plus Wifi 5,7 L Noir\" \/>\n<meta property=\"og:description\" content=\"L&#039;Instant Pot Pro Plus, c&#039;est 10 appareils en 1. Il s&#039;agit de la version la plus performante, enti\u00e8rement connect\u00e9e par Wifi et permettant une utilisation\" \/>\n<meta property=\"og:url\" content=\"https:\/\/www.erresse-shop.it\/fr\/shop\/petits-electromenagers\/robots-de-cuisine\/instant-pot-pro-57-l-copia\/\" \/>\n<meta property=\"og:site_name\" content=\"Erresse Shop\" \/>\n<meta property=\"article:modified_time\" content=\"2025-04-19T08:19:15+00:00\" \/>\n<meta property=\"og:image\" content=\"https:\/\/www.erresse-shop.it\/wp-content\/uploads\/2024\/07\/INSTANT-POT-Pro-Plus-Wifi-57-L.png\" \/>\n\t<meta property=\"og:image:width\" content=\"800\" \/>\n\t<meta property=\"og:image:height\" content=\"800\" \/>\n\t<meta property=\"og:image:type\" content=\"image\/png\" \/>\n<meta name=\"twitter:card\" content=\"summary_large_image\" \/>\n<script type=\"application\/ld+json\" class=\"yoast-schema-graph\">{\"@context\":\"https:\/\/schema.org\",\"@graph\":[{\"@type\":\"WebPage\",\"@id\":\"https:\/\/www.erresse-shop.it\/fr\/shop\/petits-electromenagers\/robots-de-cuisine\/instant-pot-pro-57-l-copia\/\",\"url\":\"https:\/\/www.erresse-shop.it\/fr\/shop\/petits-electromenagers\/robots-de-cuisine\/instant-pot-pro-57-l-copia\/\",\"name\":\"INSTANT POT Pro Plus Wifi 5,7 L Noir - Erresse Shop\",\"isPartOf\":{\"@id\":\"https:\/\/www.erresse-shop.it\/fr\/#website\"},\"datePublished\":\"2024-07-12T05:26:46+00:00\",\"dateModified\":\"2025-04-19T08:19:15+00:00\",\"description\":\"L'Instant Pot Pro Plus, c'est 10 appareils en 1. Il s'agit de la version la plus performante, enti\u00e8rement connect\u00e9e par Wifi et permettant une utilisation\",\"breadcrumb\":{\"@id\":\"https:\/\/www.erresse-shop.it\/fr\/shop\/petits-electromenagers\/robots-de-cuisine\/instant-pot-pro-57-l-copia\/#breadcrumb\"},\"inLanguage\":\"fr-FR\",\"potentialAction\":[{\"@type\":\"ReadAction\",\"target\":[\"https:\/\/www.erresse-shop.it\/fr\/shop\/petits-electromenagers\/robots-de-cuisine\/instant-pot-pro-57-l-copia\/\"]}]},{\"@type\":\"BreadcrumbList\",\"@id\":\"https:\/\/www.erresse-shop.it\/fr\/shop\/petits-electromenagers\/robots-de-cuisine\/instant-pot-pro-57-l-copia\/#breadcrumb\",\"itemListElement\":[{\"@type\":\"ListItem\",\"position\":1,\"name\":\"Home\",\"item\":\"https:\/\/www.erresse-shop.it\/fr\/\"},{\"@type\":\"ListItem\",\"position\":2,\"name\":\"Shop\",\"item\":\"https:\/\/www.erresse-shop.it\/fr\/shop\/\"},{\"@type\":\"ListItem\",\"position\":3,\"name\":\"INSTANT POT Pro Plus Wifi 5,7 L Noir\"}]},{\"@type\":\"WebSite\",\"@id\":\"https:\/\/www.erresse-shop.it\/fr\/#website\",\"url\":\"https:\/\/www.erresse-shop.it\/fr\/\",\"name\":\"Erresse Shop\",\"description\":\"Articoli di qualit\u00e0 per la casa\",\"potentialAction\":[{\"@type\":\"SearchAction\",\"target\":{\"@type\":\"EntryPoint\",\"urlTemplate\":\"https:\/\/www.erresse-shop.it\/fr\/?s={search_term_string}\"},\"query-input\":\"required name=search_term_string\"}],\"inLanguage\":\"fr-FR\"}]}<\/script>\n<!-- \/ Yoast SEO Premium plugin. -->","yoast_head_json":{"title":"INSTANT POT Pro Plus Wifi 5,7 L Noir - Erresse Shop","description":"L'Instant Pot Pro Plus, c'est 10 appareils en 1. Il s'agit de la version la plus performante, enti\u00e8rement connect\u00e9e par Wifi et permettant une utilisation","robots":{"index":"index","follow":"follow","max-snippet":"max-snippet:-1","max-image-preview":"max-image-preview:large","max-video-preview":"max-video-preview:-1"},"canonical":"https:\/\/www.erresse-shop.it\/fr\/shop\/petits-electromenagers\/robots-de-cuisine\/instant-pot-pro-57-l-copia\/","og_locale":"fr_FR","og_type":"article","og_title":"INSTANT POT Pro Plus Wifi 5,7 L Noir","og_description":"L'Instant Pot Pro Plus, c'est 10 appareils en 1. Il s'agit de la version la plus performante, enti\u00e8rement connect\u00e9e par Wifi et permettant une utilisation","og_url":"https:\/\/www.erresse-shop.it\/fr\/shop\/petits-electromenagers\/robots-de-cuisine\/instant-pot-pro-57-l-copia\/","og_site_name":"Erresse Shop","article_modified_time":"2025-04-19T08:19:15+00:00","og_image":[{"width":800,"height":800,"url":"https:\/\/www.erresse-shop.it\/wp-content\/uploads\/2024\/07\/INSTANT-POT-Pro-Plus-Wifi-57-L.png","type":"image\/png"}],"twitter_card":"summary_large_image","schema":{"@context":"https:\/\/schema.org","@graph":[{"@type":"WebPage","@id":"https:\/\/www.erresse-shop.it\/fr\/shop\/petits-electromenagers\/robots-de-cuisine\/instant-pot-pro-57-l-copia\/","url":"https:\/\/www.erresse-shop.it\/fr\/shop\/petits-electromenagers\/robots-de-cuisine\/instant-pot-pro-57-l-copia\/","name":"INSTANT POT Pro Plus Wifi 5,7 L Noir - Erresse Shop","isPartOf":{"@id":"https:\/\/www.erresse-shop.it\/fr\/#website"},"datePublished":"2024-07-12T05:26:46+00:00","dateModified":"2025-04-19T08:19:15+00:00","description":"L'Instant Pot Pro Plus, c'est 10 appareils en 1. Il s'agit de la version la plus performante, enti\u00e8rement connect\u00e9e par Wifi et permettant une utilisation","breadcrumb":{"@id":"https:\/\/www.erresse-shop.it\/fr\/shop\/petits-electromenagers\/robots-de-cuisine\/instant-pot-pro-57-l-copia\/#breadcrumb"},"inLanguage":"fr-FR","potentialAction":[{"@type":"ReadAction","target":["https:\/\/www.erresse-shop.it\/fr\/shop\/petits-electromenagers\/robots-de-cuisine\/instant-pot-pro-57-l-copia\/"]}]},{"@type":"BreadcrumbList","@id":"https:\/\/www.erresse-shop.it\/fr\/shop\/petits-electromenagers\/robots-de-cuisine\/instant-pot-pro-57-l-copia\/#breadcrumb","itemListElement":[{"@type":"ListItem","position":1,"name":"Home","item":"https:\/\/www.erresse-shop.it\/fr\/"},{"@type":"ListItem","position":2,"name":"Shop","item":"https:\/\/www.erresse-shop.it\/fr\/shop\/"},{"@type":"ListItem","position":3,"name":"INSTANT POT Pro Plus Wifi 5,7 L Noir"}]},{"@type":"WebSite","@id":"https:\/\/www.erresse-shop.it\/fr\/#website","url":"https:\/\/www.erresse-shop.it\/fr\/","name":"Erresse Shop","description":"Articoli di qualit\u00e0 per la casa","potentialAction":[{"@type":"SearchAction","target":{"@type":"EntryPoint","urlTemplate":"https:\/\/www.erresse-shop.it\/fr\/?s={search_term_string}"},"query-input":"required name=search_term_string"}],"inLanguage":"fr-FR"}]}},"df_price":172.4925,"df_sale_price":172.4925,"df_regular_price":229.99,"df_image_link":"https:\/\/www.erresse-shop.it\/wp-content\/uploads\/2024\/07\/INSTANT-POT-Pro-Plus-Wifi-57-L-Nero-300x300.jpg","_links":{"self":[{"href":"https:\/\/www.erresse-shop.it\/fr\/wp-json\/wp\/v2\/product\/419596"}],"collection":[{"href":"https:\/\/www.erresse-shop.it\/fr\/wp-json\/wp\/v2\/product"}],"about":[{"href":"https:\/\/www.erresse-shop.it\/fr\/wp-json\/wp\/v2\/types\/product"}],"wp:featuredmedia":[{"embeddable":true,"href":"https:\/\/www.erresse-shop.it\/fr\/wp-json\/wp\/v2\/media\/460783"}],"wp:attachment":[{"href":"https:\/\/www.erresse-shop.it\/fr\/wp-json\/wp\/v2\/media?parent=419596"}],"wp:term":[{"taxonomy":"product_cat","embeddable":true,"href":"https:\/\/www.erresse-shop.it\/fr\/wp-json\/wp\/v2\/product_cat?post=419596"},{"taxonomy":"product_tag","embeddable":true,"href":"https:\/\/www.erresse-shop.it\/fr\/wp-json\/wp\/v2\/product_tag?post=419596"}],"curies":[{"name":"wp","href":"https:\/\/api.w.org\/{rel}","templated":true}]}}