{"id":416198,"date":"2024-07-08T09:11:34","date_gmt":"2024-07-08T09:11:35","guid":{"rendered":"https:\/\/www.erresse-shop.it\/?post_type=product&#038;p=416198"},"modified":"2024-10-28T07:20:04","modified_gmt":"2024-10-28T07:20:04","slug":"seletti-cle-en-porcelaine-passion-key-copia","status":"publish","type":"product","link":"https:\/\/www.erresse-shop.it\/fr\/shop\/ameublement-maison\/objets-de-decoration\/seletti-cle-en-porcelaine-passion-key-copia\/","title":{"rendered":"SELETTI Cl\u00e9 en Porcelaine Freedom Key"},"content":{"rendered":"<p>La cl\u00e9 est un objet tr\u00e8s puissant : elle peut repr\u00e9senter nos d\u00e9sirs, la cl\u00e9 de la passion, la cl\u00e9 du pouvoir, la cl\u00e9 de la libert\u00e9. Les cl\u00e9s permettent \u00e0 leur propri\u00e9taire d&#8217;acc\u00e9der \u00e0 des endroits sp\u00e9ciaux, impossibles \u00e0 atteindre sans elles.<\/p>\n<p><strong>Design :<\/strong> Marcantonio<br \/>\n<strong>Mat\u00e9riau :<\/strong> Porcelaine<br \/>\n<strong>Mesures :<\/strong> Cm. 34 h.42<\/p>\n","protected":false},"excerpt":{"rendered":"<p>La cl\u00e9 est un objet tr\u00e8s puissant : elle peut repr\u00e9senter nos d\u00e9sirs, la cl\u00e9 de la passion, la cl\u00e9<\/p>\n","protected":false},"featured_media":461936,"template":"","meta":{"_acf_changed":false,"inline_featured_image":false},"product_cat":[12738,14441],"product_tag":[24365],"acf":[],"yoast_head":"<!-- This site is optimized with the Yoast SEO Premium plugin v18.6 (Yoast SEO v19.13) - https:\/\/yoast.com\/wordpress\/plugins\/seo\/ -->\n<title>SELETTI Cl\u00e9 en Porcelaine Freedom Key - Erresse Shop<\/title>\n<meta name=\"description\" content=\"La cl\u00e9 est un objet tr\u00e8s puissant : elle peut repr\u00e9senter nos d\u00e9sirs, la cl\u00e9 de la passion, la cl\u00e9 du pouvoir, la cl\u00e9 de la libert\u00e9. Les cl\u00e9s permettent \u00e0\" \/>\n<meta name=\"robots\" content=\"index, follow, max-snippet:-1, max-image-preview:large, max-video-preview:-1\" \/>\n<link rel=\"canonical\" href=\"https:\/\/www.erresse-shop.it\/fr\/shop\/ameublement-maison\/objets-de-decoration\/seletti-cle-en-porcelaine-passion-key-copia\/\" \/>\n<meta property=\"og:locale\" content=\"fr_FR\" \/>\n<meta property=\"og:type\" content=\"article\" \/>\n<meta property=\"og:title\" content=\"SELETTI Cl\u00e9 en Porcelaine Freedom Key\" \/>\n<meta property=\"og:description\" content=\"La cl\u00e9 est un objet tr\u00e8s puissant : elle peut repr\u00e9senter nos d\u00e9sirs, la cl\u00e9 de la passion, la cl\u00e9 du pouvoir, la cl\u00e9 de la libert\u00e9. Les cl\u00e9s permettent \u00e0\" \/>\n<meta property=\"og:url\" content=\"https:\/\/www.erresse-shop.it\/fr\/shop\/ameublement-maison\/objets-de-decoration\/seletti-cle-en-porcelaine-passion-key-copia\/\" \/>\n<meta property=\"og:site_name\" content=\"Erresse Shop\" \/>\n<meta property=\"article:modified_time\" content=\"2024-10-28T07:20:04+00:00\" \/>\n<meta property=\"og:image\" content=\"https:\/\/www.erresse-shop.it\/wp-content\/uploads\/2024\/07\/SELETTI-Chiave-in-Porcellana-Freedom-Key.png\" \/>\n\t<meta property=\"og:image:width\" content=\"800\" \/>\n\t<meta property=\"og:image:height\" content=\"800\" \/>\n\t<meta property=\"og:image:type\" content=\"image\/png\" \/>\n<meta name=\"twitter:card\" content=\"summary_large_image\" \/>\n<script type=\"application\/ld+json\" class=\"yoast-schema-graph\">{\"@context\":\"https:\/\/schema.org\",\"@graph\":[{\"@type\":\"WebPage\",\"@id\":\"https:\/\/www.erresse-shop.it\/fr\/shop\/ameublement-maison\/objets-de-decoration\/seletti-cle-en-porcelaine-passion-key-copia\/\",\"url\":\"https:\/\/www.erresse-shop.it\/fr\/shop\/ameublement-maison\/objets-de-decoration\/seletti-cle-en-porcelaine-passion-key-copia\/\",\"name\":\"SELETTI Cl\u00e9 en Porcelaine Freedom Key - Erresse Shop\",\"isPartOf\":{\"@id\":\"https:\/\/www.erresse-shop.it\/fr\/#website\"},\"datePublished\":\"2024-07-08T09:11:35+00:00\",\"dateModified\":\"2024-10-28T07:20:04+00:00\",\"description\":\"La cl\u00e9 est un objet tr\u00e8s puissant : elle peut repr\u00e9senter nos d\u00e9sirs, la cl\u00e9 de la passion, la cl\u00e9 du pouvoir, la cl\u00e9 de la libert\u00e9. Les cl\u00e9s permettent \u00e0\",\"breadcrumb\":{\"@id\":\"https:\/\/www.erresse-shop.it\/fr\/shop\/ameublement-maison\/objets-de-decoration\/seletti-cle-en-porcelaine-passion-key-copia\/#breadcrumb\"},\"inLanguage\":\"fr-FR\",\"potentialAction\":[{\"@type\":\"ReadAction\",\"target\":[\"https:\/\/www.erresse-shop.it\/fr\/shop\/ameublement-maison\/objets-de-decoration\/seletti-cle-en-porcelaine-passion-key-copia\/\"]}]},{\"@type\":\"BreadcrumbList\",\"@id\":\"https:\/\/www.erresse-shop.it\/fr\/shop\/ameublement-maison\/objets-de-decoration\/seletti-cle-en-porcelaine-passion-key-copia\/#breadcrumb\",\"itemListElement\":[{\"@type\":\"ListItem\",\"position\":1,\"name\":\"Home\",\"item\":\"https:\/\/www.erresse-shop.it\/fr\/\"},{\"@type\":\"ListItem\",\"position\":2,\"name\":\"Shop\",\"item\":\"https:\/\/www.erresse-shop.it\/fr\/shop\/\"},{\"@type\":\"ListItem\",\"position\":3,\"name\":\"SELETTI Cl\u00e9 en Porcelaine Freedom Key\"}]},{\"@type\":\"WebSite\",\"@id\":\"https:\/\/www.erresse-shop.it\/fr\/#website\",\"url\":\"https:\/\/www.erresse-shop.it\/fr\/\",\"name\":\"Erresse Shop\",\"description\":\"Articoli di qualit\u00e0 per la casa\",\"potentialAction\":[{\"@type\":\"SearchAction\",\"target\":{\"@type\":\"EntryPoint\",\"urlTemplate\":\"https:\/\/www.erresse-shop.it\/fr\/?s={search_term_string}\"},\"query-input\":\"required name=search_term_string\"}],\"inLanguage\":\"fr-FR\"}]}<\/script>\n<!-- \/ Yoast SEO Premium plugin. -->","yoast_head_json":{"title":"SELETTI Cl\u00e9 en Porcelaine Freedom Key - Erresse Shop","description":"La cl\u00e9 est un objet tr\u00e8s puissant : elle peut repr\u00e9senter nos d\u00e9sirs, la cl\u00e9 de la passion, la cl\u00e9 du pouvoir, la cl\u00e9 de la libert\u00e9. Les cl\u00e9s permettent \u00e0","robots":{"index":"index","follow":"follow","max-snippet":"max-snippet:-1","max-image-preview":"max-image-preview:large","max-video-preview":"max-video-preview:-1"},"canonical":"https:\/\/www.erresse-shop.it\/fr\/shop\/ameublement-maison\/objets-de-decoration\/seletti-cle-en-porcelaine-passion-key-copia\/","og_locale":"fr_FR","og_type":"article","og_title":"SELETTI Cl\u00e9 en Porcelaine Freedom Key","og_description":"La cl\u00e9 est un objet tr\u00e8s puissant : elle peut repr\u00e9senter nos d\u00e9sirs, la cl\u00e9 de la passion, la cl\u00e9 du pouvoir, la cl\u00e9 de la libert\u00e9. Les cl\u00e9s permettent \u00e0","og_url":"https:\/\/www.erresse-shop.it\/fr\/shop\/ameublement-maison\/objets-de-decoration\/seletti-cle-en-porcelaine-passion-key-copia\/","og_site_name":"Erresse Shop","article_modified_time":"2024-10-28T07:20:04+00:00","og_image":[{"width":800,"height":800,"url":"https:\/\/www.erresse-shop.it\/wp-content\/uploads\/2024\/07\/SELETTI-Chiave-in-Porcellana-Freedom-Key.png","type":"image\/png"}],"twitter_card":"summary_large_image","schema":{"@context":"https:\/\/schema.org","@graph":[{"@type":"WebPage","@id":"https:\/\/www.erresse-shop.it\/fr\/shop\/ameublement-maison\/objets-de-decoration\/seletti-cle-en-porcelaine-passion-key-copia\/","url":"https:\/\/www.erresse-shop.it\/fr\/shop\/ameublement-maison\/objets-de-decoration\/seletti-cle-en-porcelaine-passion-key-copia\/","name":"SELETTI Cl\u00e9 en Porcelaine Freedom Key - Erresse Shop","isPartOf":{"@id":"https:\/\/www.erresse-shop.it\/fr\/#website"},"datePublished":"2024-07-08T09:11:35+00:00","dateModified":"2024-10-28T07:20:04+00:00","description":"La cl\u00e9 est un objet tr\u00e8s puissant : elle peut repr\u00e9senter nos d\u00e9sirs, la cl\u00e9 de la passion, la cl\u00e9 du pouvoir, la cl\u00e9 de la libert\u00e9. Les cl\u00e9s permettent \u00e0","breadcrumb":{"@id":"https:\/\/www.erresse-shop.it\/fr\/shop\/ameublement-maison\/objets-de-decoration\/seletti-cle-en-porcelaine-passion-key-copia\/#breadcrumb"},"inLanguage":"fr-FR","potentialAction":[{"@type":"ReadAction","target":["https:\/\/www.erresse-shop.it\/fr\/shop\/ameublement-maison\/objets-de-decoration\/seletti-cle-en-porcelaine-passion-key-copia\/"]}]},{"@type":"BreadcrumbList","@id":"https:\/\/www.erresse-shop.it\/fr\/shop\/ameublement-maison\/objets-de-decoration\/seletti-cle-en-porcelaine-passion-key-copia\/#breadcrumb","itemListElement":[{"@type":"ListItem","position":1,"name":"Home","item":"https:\/\/www.erresse-shop.it\/fr\/"},{"@type":"ListItem","position":2,"name":"Shop","item":"https:\/\/www.erresse-shop.it\/fr\/shop\/"},{"@type":"ListItem","position":3,"name":"SELETTI Cl\u00e9 en Porcelaine Freedom Key"}]},{"@type":"WebSite","@id":"https:\/\/www.erresse-shop.it\/fr\/#website","url":"https:\/\/www.erresse-shop.it\/fr\/","name":"Erresse Shop","description":"Articoli di qualit\u00e0 per la casa","potentialAction":[{"@type":"SearchAction","target":{"@type":"EntryPoint","urlTemplate":"https:\/\/www.erresse-shop.it\/fr\/?s={search_term_string}"},"query-input":"required name=search_term_string"}],"inLanguage":"fr-FR"}]}},"df_price":44.550000000000004,"df_sale_price":44.550000000000004,"df_regular_price":99,"df_image_link":"https:\/\/www.erresse-shop.it\/wp-content\/uploads\/2024\/07\/SELETTI-Chiave-in-Porcellana-Freedom-Key-300x300.jpg","_links":{"self":[{"href":"https:\/\/www.erresse-shop.it\/fr\/wp-json\/wp\/v2\/product\/416198"}],"collection":[{"href":"https:\/\/www.erresse-shop.it\/fr\/wp-json\/wp\/v2\/product"}],"about":[{"href":"https:\/\/www.erresse-shop.it\/fr\/wp-json\/wp\/v2\/types\/product"}],"wp:featuredmedia":[{"embeddable":true,"href":"https:\/\/www.erresse-shop.it\/fr\/wp-json\/wp\/v2\/media\/461936"}],"wp:attachment":[{"href":"https:\/\/www.erresse-shop.it\/fr\/wp-json\/wp\/v2\/media?parent=416198"}],"wp:term":[{"taxonomy":"product_cat","embeddable":true,"href":"https:\/\/www.erresse-shop.it\/fr\/wp-json\/wp\/v2\/product_cat?post=416198"},{"taxonomy":"product_tag","embeddable":true,"href":"https:\/\/www.erresse-shop.it\/fr\/wp-json\/wp\/v2\/product_tag?post=416198"}],"curies":[{"name":"wp","href":"https:\/\/api.w.org\/{rel}","templated":true}]}}