{"id":415588,"date":"2024-07-03T13:32:47","date_gmt":"2024-07-03T13:32:48","guid":{"rendered":"https:\/\/www.erresse-shop.it\/?post_type=product&#038;p=415588"},"modified":"2024-10-28T07:30:09","modified_gmt":"2024-10-28T07:30:09","slug":"la-pavoni-moulin-a-cafe-kube-mill-noir","status":"publish","type":"product","link":"https:\/\/www.erresse-shop.it\/fr\/shop\/petits-electromenagers\/moulins-a-cafe\/la-pavoni-moulin-a-cafe-kube-mill-noir\/","title":{"rendered":"LA PAVONI Moulin \u00e0 caf\u00e9 Kube Mill Noir"},"content":{"rendered":"<p>Le nouveau moulin plat Kube Mill est dot\u00e9 d&#8217;une tr\u00e9mie de 150 g et d&#8217;un bouton de r\u00e9glage facile et intuitif. Son syst\u00e8me anti-vibration unique r\u00e9duit le bruit de la mouture d&#8217;environ 20 dB par rapport aux moulins \u00e0 caf\u00e9 conventionnels.<\/p>\n<p><strong>CARACT\u00c9RISTIQUES<\/strong><\/p>\n<p><strong>ESTH\u00c9TIQUE<\/strong><br \/>\nType de logo : Appliqu\u00e9<br \/>\nCouleur : Noir<br \/>\nFinition : Noir<br \/>\nCouleur du corps : Noir<\/p>\n<p><strong>PROGRAMMES \/ FONCTIONS<\/strong><br \/>\nNiveau de mouture du caf\u00e9 r\u00e9glable : Oui<br \/>\nType de dosage : Continu<br \/>\nR\u00e9glage microm\u00e9trique continu : Oui<br \/>\nFonction manuelle : Oui<\/p>\n<p><strong>CARACT\u00c9RISTIQUES TECHNIQUES<\/strong><br \/>\nPuissance : 310 W<br \/>\nProductivit\u00e9 : 1,1-1,5 g\/s Espresso<br \/>\nMat\u00e9riau du corps : Aluminium<br \/>\nVitesse de rotation du moteur : 1350<br \/>\nDiam\u00e8tre de la meule : 50<br \/>\nMat\u00e9riau de la mouture : acier tremp\u00e9<br \/>\nCapacit\u00e9 du r\u00e9cipient \u00e0 grains de caf\u00e9 : 150 g<br \/>\nType de moulin : Plat<br \/>\nCentrage du porte-filtre : Oui<\/p>\n<p><strong>RACCORDEMENT \u00c9LECTRIQUE<\/strong><br \/>\nPrise : (F;E) Schuko<br \/>\nType de prise : Schuko<br \/>\nTension (V) : 220-240 V<br \/>\nFr\u00e9quence Hz : 50\/60 Hz<\/p>\n<p><strong>INFORMATIONS LOGISTIQUES<\/strong><br \/>\nLargeur du produit : 130 mm<br \/>\nProfondeur du produit : 190 mm<br \/>\nHauteur du produit : 330 mm<br \/>\nPoids : 5,500 kg<\/p>\n<p><strong>Pas de vente en dehors de l&#8217;Europe<\/strong><\/p>\n","protected":false},"excerpt":{"rendered":"<p>Le nouveau moulin plat Kube Mill est dot\u00e9 d&#8217;une tr\u00e9mie de 150 g et d&#8217;un bouton de r\u00e9glage facile et<\/p>\n","protected":false},"featured_media":492577,"template":"","meta":{"_acf_changed":false,"inline_featured_image":false},"product_cat":[25385,12449],"product_tag":[25036,23623,23563,25021,24397,24680,12856,13268],"acf":[],"yoast_head":"<!-- This site is optimized with the Yoast SEO Premium plugin v18.6 (Yoast SEO v19.13) - https:\/\/yoast.com\/wordpress\/plugins\/seo\/ -->\n<title>LA PAVONI Moulin \u00e0 caf\u00e9 Kube Mill Noir - Erresse Shop<\/title>\n<meta name=\"description\" content=\"Le nouveau moulin plat Kube Mill est dot\u00e9 d&#039;une tr\u00e9mie de 150 g et d&#039;un bouton de r\u00e9glage facile et intuitif. Son syst\u00e8me anti-vibration unique r\u00e9duit le\" \/>\n<meta name=\"robots\" content=\"index, follow, max-snippet:-1, max-image-preview:large, max-video-preview:-1\" \/>\n<link rel=\"canonical\" href=\"https:\/\/www.erresse-shop.it\/fr\/shop\/petits-electromenagers\/moulins-a-cafe\/la-pavoni-moulin-a-cafe-kube-mill-noir\/\" \/>\n<meta property=\"og:locale\" content=\"fr_FR\" \/>\n<meta property=\"og:type\" content=\"article\" \/>\n<meta property=\"og:title\" content=\"LA PAVONI Moulin \u00e0 caf\u00e9 Kube Mill Noir\" \/>\n<meta property=\"og:description\" content=\"Le nouveau moulin plat Kube Mill est dot\u00e9 d&#039;une tr\u00e9mie de 150 g et d&#039;un bouton de r\u00e9glage facile et intuitif. Son syst\u00e8me anti-vibration unique r\u00e9duit le\" \/>\n<meta property=\"og:url\" content=\"https:\/\/www.erresse-shop.it\/fr\/shop\/petits-electromenagers\/moulins-a-cafe\/la-pavoni-moulin-a-cafe-kube-mill-noir\/\" \/>\n<meta property=\"og:site_name\" content=\"Erresse Shop\" \/>\n<meta property=\"article:modified_time\" content=\"2024-10-28T07:30:09+00:00\" \/>\n<meta property=\"og:image\" content=\"https:\/\/www.erresse-shop.it\/wp-content\/uploads\/2024\/07\/LA-PAVONI-Macinacaffe-Kube-Mill-Nero.png\" \/>\n\t<meta property=\"og:image:width\" content=\"800\" \/>\n\t<meta property=\"og:image:height\" content=\"800\" \/>\n\t<meta property=\"og:image:type\" content=\"image\/png\" \/>\n<meta name=\"twitter:card\" content=\"summary_large_image\" \/>\n<script type=\"application\/ld+json\" class=\"yoast-schema-graph\">{\"@context\":\"https:\/\/schema.org\",\"@graph\":[{\"@type\":\"WebPage\",\"@id\":\"https:\/\/www.erresse-shop.it\/fr\/shop\/petits-electromenagers\/moulins-a-cafe\/la-pavoni-moulin-a-cafe-kube-mill-noir\/\",\"url\":\"https:\/\/www.erresse-shop.it\/fr\/shop\/petits-electromenagers\/moulins-a-cafe\/la-pavoni-moulin-a-cafe-kube-mill-noir\/\",\"name\":\"LA PAVONI Moulin \u00e0 caf\u00e9 Kube Mill Noir - Erresse Shop\",\"isPartOf\":{\"@id\":\"https:\/\/www.erresse-shop.it\/fr\/#website\"},\"datePublished\":\"2024-07-03T13:32:48+00:00\",\"dateModified\":\"2024-10-28T07:30:09+00:00\",\"description\":\"Le nouveau moulin plat Kube Mill est dot\u00e9 d'une tr\u00e9mie de 150 g et d'un bouton de r\u00e9glage facile et intuitif. Son syst\u00e8me anti-vibration unique r\u00e9duit le\",\"breadcrumb\":{\"@id\":\"https:\/\/www.erresse-shop.it\/fr\/shop\/petits-electromenagers\/moulins-a-cafe\/la-pavoni-moulin-a-cafe-kube-mill-noir\/#breadcrumb\"},\"inLanguage\":\"fr-FR\",\"potentialAction\":[{\"@type\":\"ReadAction\",\"target\":[\"https:\/\/www.erresse-shop.it\/fr\/shop\/petits-electromenagers\/moulins-a-cafe\/la-pavoni-moulin-a-cafe-kube-mill-noir\/\"]}]},{\"@type\":\"BreadcrumbList\",\"@id\":\"https:\/\/www.erresse-shop.it\/fr\/shop\/petits-electromenagers\/moulins-a-cafe\/la-pavoni-moulin-a-cafe-kube-mill-noir\/#breadcrumb\",\"itemListElement\":[{\"@type\":\"ListItem\",\"position\":1,\"name\":\"Home\",\"item\":\"https:\/\/www.erresse-shop.it\/fr\/\"},{\"@type\":\"ListItem\",\"position\":2,\"name\":\"Shop\",\"item\":\"https:\/\/www.erresse-shop.it\/fr\/shop\/\"},{\"@type\":\"ListItem\",\"position\":3,\"name\":\"LA PAVONI Moulin \u00e0 caf\u00e9 Kube Mill Noir\"}]},{\"@type\":\"WebSite\",\"@id\":\"https:\/\/www.erresse-shop.it\/fr\/#website\",\"url\":\"https:\/\/www.erresse-shop.it\/fr\/\",\"name\":\"Erresse Shop\",\"description\":\"Articoli di qualit\u00e0 per la casa\",\"potentialAction\":[{\"@type\":\"SearchAction\",\"target\":{\"@type\":\"EntryPoint\",\"urlTemplate\":\"https:\/\/www.erresse-shop.it\/fr\/?s={search_term_string}\"},\"query-input\":\"required name=search_term_string\"}],\"inLanguage\":\"fr-FR\"}]}<\/script>\n<!-- \/ Yoast SEO Premium plugin. -->","yoast_head_json":{"title":"LA PAVONI Moulin \u00e0 caf\u00e9 Kube Mill Noir - Erresse Shop","description":"Le nouveau moulin plat Kube Mill est dot\u00e9 d'une tr\u00e9mie de 150 g et d'un bouton de r\u00e9glage facile et intuitif. Son syst\u00e8me anti-vibration unique r\u00e9duit le","robots":{"index":"index","follow":"follow","max-snippet":"max-snippet:-1","max-image-preview":"max-image-preview:large","max-video-preview":"max-video-preview:-1"},"canonical":"https:\/\/www.erresse-shop.it\/fr\/shop\/petits-electromenagers\/moulins-a-cafe\/la-pavoni-moulin-a-cafe-kube-mill-noir\/","og_locale":"fr_FR","og_type":"article","og_title":"LA PAVONI Moulin \u00e0 caf\u00e9 Kube Mill Noir","og_description":"Le nouveau moulin plat Kube Mill est dot\u00e9 d'une tr\u00e9mie de 150 g et d'un bouton de r\u00e9glage facile et intuitif. Son syst\u00e8me anti-vibration unique r\u00e9duit le","og_url":"https:\/\/www.erresse-shop.it\/fr\/shop\/petits-electromenagers\/moulins-a-cafe\/la-pavoni-moulin-a-cafe-kube-mill-noir\/","og_site_name":"Erresse Shop","article_modified_time":"2024-10-28T07:30:09+00:00","og_image":[{"width":800,"height":800,"url":"https:\/\/www.erresse-shop.it\/wp-content\/uploads\/2024\/07\/LA-PAVONI-Macinacaffe-Kube-Mill-Nero.png","type":"image\/png"}],"twitter_card":"summary_large_image","schema":{"@context":"https:\/\/schema.org","@graph":[{"@type":"WebPage","@id":"https:\/\/www.erresse-shop.it\/fr\/shop\/petits-electromenagers\/moulins-a-cafe\/la-pavoni-moulin-a-cafe-kube-mill-noir\/","url":"https:\/\/www.erresse-shop.it\/fr\/shop\/petits-electromenagers\/moulins-a-cafe\/la-pavoni-moulin-a-cafe-kube-mill-noir\/","name":"LA PAVONI Moulin \u00e0 caf\u00e9 Kube Mill Noir - Erresse Shop","isPartOf":{"@id":"https:\/\/www.erresse-shop.it\/fr\/#website"},"datePublished":"2024-07-03T13:32:48+00:00","dateModified":"2024-10-28T07:30:09+00:00","description":"Le nouveau moulin plat Kube Mill est dot\u00e9 d'une tr\u00e9mie de 150 g et d'un bouton de r\u00e9glage facile et intuitif. Son syst\u00e8me anti-vibration unique r\u00e9duit le","breadcrumb":{"@id":"https:\/\/www.erresse-shop.it\/fr\/shop\/petits-electromenagers\/moulins-a-cafe\/la-pavoni-moulin-a-cafe-kube-mill-noir\/#breadcrumb"},"inLanguage":"fr-FR","potentialAction":[{"@type":"ReadAction","target":["https:\/\/www.erresse-shop.it\/fr\/shop\/petits-electromenagers\/moulins-a-cafe\/la-pavoni-moulin-a-cafe-kube-mill-noir\/"]}]},{"@type":"BreadcrumbList","@id":"https:\/\/www.erresse-shop.it\/fr\/shop\/petits-electromenagers\/moulins-a-cafe\/la-pavoni-moulin-a-cafe-kube-mill-noir\/#breadcrumb","itemListElement":[{"@type":"ListItem","position":1,"name":"Home","item":"https:\/\/www.erresse-shop.it\/fr\/"},{"@type":"ListItem","position":2,"name":"Shop","item":"https:\/\/www.erresse-shop.it\/fr\/shop\/"},{"@type":"ListItem","position":3,"name":"LA PAVONI Moulin \u00e0 caf\u00e9 Kube Mill Noir"}]},{"@type":"WebSite","@id":"https:\/\/www.erresse-shop.it\/fr\/#website","url":"https:\/\/www.erresse-shop.it\/fr\/","name":"Erresse Shop","description":"Articoli di qualit\u00e0 per la casa","potentialAction":[{"@type":"SearchAction","target":{"@type":"EntryPoint","urlTemplate":"https:\/\/www.erresse-shop.it\/fr\/?s={search_term_string}"},"query-input":"required name=search_term_string"}],"inLanguage":"fr-FR"}]}},"df_price":304,"df_sale_price":304,"df_regular_price":469,"df_image_link":"https:\/\/www.erresse-shop.it\/wp-content\/uploads\/2024\/07\/LA-PAVONI-Macinacaffe-Kube-Mill-Nero-300x300.jpg","_links":{"self":[{"href":"https:\/\/www.erresse-shop.it\/fr\/wp-json\/wp\/v2\/product\/415588"}],"collection":[{"href":"https:\/\/www.erresse-shop.it\/fr\/wp-json\/wp\/v2\/product"}],"about":[{"href":"https:\/\/www.erresse-shop.it\/fr\/wp-json\/wp\/v2\/types\/product"}],"wp:featuredmedia":[{"embeddable":true,"href":"https:\/\/www.erresse-shop.it\/fr\/wp-json\/wp\/v2\/media\/492577"}],"wp:attachment":[{"href":"https:\/\/www.erresse-shop.it\/fr\/wp-json\/wp\/v2\/media?parent=415588"}],"wp:term":[{"taxonomy":"product_cat","embeddable":true,"href":"https:\/\/www.erresse-shop.it\/fr\/wp-json\/wp\/v2\/product_cat?post=415588"},{"taxonomy":"product_tag","embeddable":true,"href":"https:\/\/www.erresse-shop.it\/fr\/wp-json\/wp\/v2\/product_tag?post=415588"}],"curies":[{"name":"wp","href":"https:\/\/api.w.org\/{rel}","templated":true}]}}