{"id":415213,"date":"2024-07-03T06:10:40","date_gmt":"2024-07-03T06:10:42","guid":{"rendered":"https:\/\/www.erresse-shop.it\/?post_type=product&#038;p=415213"},"modified":"2025-03-15T14:40:07","modified_gmt":"2025-03-15T14:40:07","slug":"ninja-set-4-tubes-pour-desserts","status":"publish","type":"product","link":"https:\/\/www.erresse-shop.it\/fr\/shop\/petits-electromenagers\/sorbetieres\/ninja-set-4-tubes-pour-desserts\/","title":{"rendered":"NINJA Set 4 Tubes pour desserts"},"content":{"rendered":"<p>Tubes pour desserts compatibles avec la sorbeti\u00e8re Ninja<\/p>\n<p>Il suffit de remplir un pot \u00e0 dessert d&#8217;ingr\u00e9dients, de le placer au cong\u00e9lateur pendant 24 heures et de le fouetter \u00e0 la perfection en quelques minutes dans votre sorbeti\u00e8re Ninja NC300EU.<\/p>\n<p>D\u00e9gustez-la imm\u00e9diatement pour obtenir un produit lisse et doux, ou conservez-la au cong\u00e9lateur pour la d\u00e9guster plus tard.<\/p>\n<p>Avec un jeu suppl\u00e9mentaire de bacs et de couvercles, vous pouvez cr\u00e9er et conserver encore plus de saveurs pour le plaisir de toute la famille.<\/p>\n","protected":false},"excerpt":{"rendered":"<p>Tubes pour desserts compatibles avec la sorbeti\u00e8re Ninja Il suffit de remplir un pot \u00e0 dessert d&#8217;ingr\u00e9dients, de le placer<\/p>\n","protected":false},"featured_media":463426,"template":"","meta":{"_acf_changed":false,"inline_featured_image":false},"product_cat":[12449,12761],"product_tag":[14285,24603,12991],"acf":[],"yoast_head":"<!-- This site is optimized with the Yoast SEO Premium plugin v18.6 (Yoast SEO v19.13) - https:\/\/yoast.com\/wordpress\/plugins\/seo\/ -->\n<title>NINJA Set 4 Tubes pour desserts - Erresse Shop<\/title>\n<meta name=\"description\" content=\"Tubes pour desserts compatibles avec la sorbeti\u00e8re Ninja Il suffit de remplir un pot \u00e0 dessert d&#039;ingr\u00e9dients, de le placer au cong\u00e9lateur pendant 24\" \/>\n<meta name=\"robots\" content=\"index, follow, max-snippet:-1, max-image-preview:large, max-video-preview:-1\" \/>\n<link rel=\"canonical\" href=\"https:\/\/www.erresse-shop.it\/fr\/shop\/petits-electromenagers\/sorbetieres\/ninja-set-4-tubes-pour-desserts\/\" \/>\n<meta property=\"og:locale\" content=\"fr_FR\" \/>\n<meta property=\"og:type\" content=\"article\" \/>\n<meta property=\"og:title\" content=\"NINJA Set 4 Tubes pour desserts\" \/>\n<meta property=\"og:description\" content=\"Tubes pour desserts compatibles avec la sorbeti\u00e8re Ninja Il suffit de remplir un pot \u00e0 dessert d&#039;ingr\u00e9dients, de le placer au cong\u00e9lateur pendant 24\" \/>\n<meta property=\"og:url\" content=\"https:\/\/www.erresse-shop.it\/fr\/shop\/petits-electromenagers\/sorbetieres\/ninja-set-4-tubes-pour-desserts\/\" \/>\n<meta property=\"og:site_name\" content=\"Erresse Shop\" \/>\n<meta property=\"article:modified_time\" content=\"2025-03-15T14:40:07+00:00\" \/>\n<meta property=\"og:image\" content=\"https:\/\/www.erresse-shop.it\/wp-content\/uploads\/2024\/07\/NINJA-Set-4-Cestelli-per-Dessert.png\" \/>\n\t<meta property=\"og:image:width\" content=\"800\" \/>\n\t<meta property=\"og:image:height\" content=\"800\" \/>\n\t<meta property=\"og:image:type\" content=\"image\/png\" \/>\n<meta name=\"twitter:card\" content=\"summary_large_image\" \/>\n<script type=\"application\/ld+json\" class=\"yoast-schema-graph\">{\"@context\":\"https:\/\/schema.org\",\"@graph\":[{\"@type\":\"WebPage\",\"@id\":\"https:\/\/www.erresse-shop.it\/fr\/shop\/petits-electromenagers\/sorbetieres\/ninja-set-4-tubes-pour-desserts\/\",\"url\":\"https:\/\/www.erresse-shop.it\/fr\/shop\/petits-electromenagers\/sorbetieres\/ninja-set-4-tubes-pour-desserts\/\",\"name\":\"NINJA Set 4 Tubes pour desserts - Erresse Shop\",\"isPartOf\":{\"@id\":\"https:\/\/www.erresse-shop.it\/fr\/#website\"},\"datePublished\":\"2024-07-03T06:10:42+00:00\",\"dateModified\":\"2025-03-15T14:40:07+00:00\",\"description\":\"Tubes pour desserts compatibles avec la sorbeti\u00e8re Ninja Il suffit de remplir un pot \u00e0 dessert d'ingr\u00e9dients, de le placer au cong\u00e9lateur pendant 24\",\"breadcrumb\":{\"@id\":\"https:\/\/www.erresse-shop.it\/fr\/shop\/petits-electromenagers\/sorbetieres\/ninja-set-4-tubes-pour-desserts\/#breadcrumb\"},\"inLanguage\":\"fr-FR\",\"potentialAction\":[{\"@type\":\"ReadAction\",\"target\":[\"https:\/\/www.erresse-shop.it\/fr\/shop\/petits-electromenagers\/sorbetieres\/ninja-set-4-tubes-pour-desserts\/\"]}]},{\"@type\":\"BreadcrumbList\",\"@id\":\"https:\/\/www.erresse-shop.it\/fr\/shop\/petits-electromenagers\/sorbetieres\/ninja-set-4-tubes-pour-desserts\/#breadcrumb\",\"itemListElement\":[{\"@type\":\"ListItem\",\"position\":1,\"name\":\"Home\",\"item\":\"https:\/\/www.erresse-shop.it\/fr\/\"},{\"@type\":\"ListItem\",\"position\":2,\"name\":\"Shop\",\"item\":\"https:\/\/www.erresse-shop.it\/fr\/shop\/\"},{\"@type\":\"ListItem\",\"position\":3,\"name\":\"NINJA Set 4 Tubes pour desserts\"}]},{\"@type\":\"WebSite\",\"@id\":\"https:\/\/www.erresse-shop.it\/fr\/#website\",\"url\":\"https:\/\/www.erresse-shop.it\/fr\/\",\"name\":\"Erresse Shop\",\"description\":\"Articoli di qualit\u00e0 per la casa\",\"potentialAction\":[{\"@type\":\"SearchAction\",\"target\":{\"@type\":\"EntryPoint\",\"urlTemplate\":\"https:\/\/www.erresse-shop.it\/fr\/?s={search_term_string}\"},\"query-input\":\"required name=search_term_string\"}],\"inLanguage\":\"fr-FR\"}]}<\/script>\n<!-- \/ Yoast SEO Premium plugin. -->","yoast_head_json":{"title":"NINJA Set 4 Tubes pour desserts - Erresse Shop","description":"Tubes pour desserts compatibles avec la sorbeti\u00e8re Ninja Il suffit de remplir un pot \u00e0 dessert d'ingr\u00e9dients, de le placer au cong\u00e9lateur pendant 24","robots":{"index":"index","follow":"follow","max-snippet":"max-snippet:-1","max-image-preview":"max-image-preview:large","max-video-preview":"max-video-preview:-1"},"canonical":"https:\/\/www.erresse-shop.it\/fr\/shop\/petits-electromenagers\/sorbetieres\/ninja-set-4-tubes-pour-desserts\/","og_locale":"fr_FR","og_type":"article","og_title":"NINJA Set 4 Tubes pour desserts","og_description":"Tubes pour desserts compatibles avec la sorbeti\u00e8re Ninja Il suffit de remplir un pot \u00e0 dessert d'ingr\u00e9dients, de le placer au cong\u00e9lateur pendant 24","og_url":"https:\/\/www.erresse-shop.it\/fr\/shop\/petits-electromenagers\/sorbetieres\/ninja-set-4-tubes-pour-desserts\/","og_site_name":"Erresse Shop","article_modified_time":"2025-03-15T14:40:07+00:00","og_image":[{"width":800,"height":800,"url":"https:\/\/www.erresse-shop.it\/wp-content\/uploads\/2024\/07\/NINJA-Set-4-Cestelli-per-Dessert.png","type":"image\/png"}],"twitter_card":"summary_large_image","schema":{"@context":"https:\/\/schema.org","@graph":[{"@type":"WebPage","@id":"https:\/\/www.erresse-shop.it\/fr\/shop\/petits-electromenagers\/sorbetieres\/ninja-set-4-tubes-pour-desserts\/","url":"https:\/\/www.erresse-shop.it\/fr\/shop\/petits-electromenagers\/sorbetieres\/ninja-set-4-tubes-pour-desserts\/","name":"NINJA Set 4 Tubes pour desserts - Erresse Shop","isPartOf":{"@id":"https:\/\/www.erresse-shop.it\/fr\/#website"},"datePublished":"2024-07-03T06:10:42+00:00","dateModified":"2025-03-15T14:40:07+00:00","description":"Tubes pour desserts compatibles avec la sorbeti\u00e8re Ninja Il suffit de remplir un pot \u00e0 dessert d'ingr\u00e9dients, de le placer au cong\u00e9lateur pendant 24","breadcrumb":{"@id":"https:\/\/www.erresse-shop.it\/fr\/shop\/petits-electromenagers\/sorbetieres\/ninja-set-4-tubes-pour-desserts\/#breadcrumb"},"inLanguage":"fr-FR","potentialAction":[{"@type":"ReadAction","target":["https:\/\/www.erresse-shop.it\/fr\/shop\/petits-electromenagers\/sorbetieres\/ninja-set-4-tubes-pour-desserts\/"]}]},{"@type":"BreadcrumbList","@id":"https:\/\/www.erresse-shop.it\/fr\/shop\/petits-electromenagers\/sorbetieres\/ninja-set-4-tubes-pour-desserts\/#breadcrumb","itemListElement":[{"@type":"ListItem","position":1,"name":"Home","item":"https:\/\/www.erresse-shop.it\/fr\/"},{"@type":"ListItem","position":2,"name":"Shop","item":"https:\/\/www.erresse-shop.it\/fr\/shop\/"},{"@type":"ListItem","position":3,"name":"NINJA Set 4 Tubes pour desserts"}]},{"@type":"WebSite","@id":"https:\/\/www.erresse-shop.it\/fr\/#website","url":"https:\/\/www.erresse-shop.it\/fr\/","name":"Erresse Shop","description":"Articoli di qualit\u00e0 per la casa","potentialAction":[{"@type":"SearchAction","target":{"@type":"EntryPoint","urlTemplate":"https:\/\/www.erresse-shop.it\/fr\/?s={search_term_string}"},"query-input":"required name=search_term_string"}],"inLanguage":"fr-FR"}]}},"df_price":17.95,"df_sale_price":17.95,"df_regular_price":24.99,"df_image_link":"https:\/\/www.erresse-shop.it\/wp-content\/uploads\/2024\/07\/NINJA-Set-4-Cestelli-per-Dessert-300x300.jpg","_links":{"self":[{"href":"https:\/\/www.erresse-shop.it\/fr\/wp-json\/wp\/v2\/product\/415213"}],"collection":[{"href":"https:\/\/www.erresse-shop.it\/fr\/wp-json\/wp\/v2\/product"}],"about":[{"href":"https:\/\/www.erresse-shop.it\/fr\/wp-json\/wp\/v2\/types\/product"}],"wp:featuredmedia":[{"embeddable":true,"href":"https:\/\/www.erresse-shop.it\/fr\/wp-json\/wp\/v2\/media\/463426"}],"wp:attachment":[{"href":"https:\/\/www.erresse-shop.it\/fr\/wp-json\/wp\/v2\/media?parent=415213"}],"wp:term":[{"taxonomy":"product_cat","embeddable":true,"href":"https:\/\/www.erresse-shop.it\/fr\/wp-json\/wp\/v2\/product_cat?post=415213"},{"taxonomy":"product_tag","embeddable":true,"href":"https:\/\/www.erresse-shop.it\/fr\/wp-json\/wp\/v2\/product_tag?post=415213"}],"curies":[{"name":"wp","href":"https:\/\/api.w.org\/{rel}","templated":true}]}}