{"id":414852,"date":"2024-07-01T09:18:36","date_gmt":"2024-07-01T09:18:37","guid":{"rendered":"https:\/\/www.erresse-shop.it\/?post_type=product&#038;p=414852"},"modified":"2024-10-28T08:11:39","modified_gmt":"2024-10-28T08:11:39","slug":"mario-luca-giusti-pancale-assiette-de-fruits-orange","status":"publish","type":"product","link":"https:\/\/www.erresse-shop.it\/fr\/shop\/table-fr-2\/plats\/mario-luca-giusti-pancale-assiette-de-fruits-orange\/","title":{"rendered":"MARIO LUCA GIUSTI Pancale Assiette de fruits Orange"},"content":{"rendered":"<p><strong>Mode d&#8217;emploi de la m\u00e9lanine<\/strong><br \/>\n&#8211; test\u00e9 par T\u00dcV, SGS, Intertek<br \/>\n&#8211; absolument insipide et inodore<br \/>\n&#8211; Sans BPA<br \/>\n&#8211; Non indestructible<br \/>\n&#8211; congelable<br \/>\n&#8211; peut \u00eatre lav\u00e9 au lave-vaisselle (toutefois, le lave-vaisselle peut alt\u00e9rer les couleurs de la vaisselle)<br \/>\n&#8211; lavage \u00e0 la main recommand\u00e9 pour prolonger la dur\u00e9e de vie du produit<br \/>\n&#8211; pas pour le micro-ondes<br \/>\n&#8211; pas pour le four conventionnel<br \/>\n&#8211; R\u00e9sistant de -10\u00b0C \u00e0 50\u00b0C<br \/>\n&#8211; utiliser uniquement des d\u00e9tergents neutres et des mat\u00e9riaux non abrasifs<br \/>\n&#8211; La m\u00e9lamine est un mat\u00e9riau plastique thermodurcissable qui est solide, l\u00e9ger et dur, mais qui a l&#8217;apparence d&#8217;un produit en c\u00e9ramique. Elle est tr\u00e8s r\u00e9sistante aux rayures et \u00e0 la casse, mais n&#8217;est pas indestructible \u00e0 100 % ; elle peut \u00eatre ray\u00e9e et cass\u00e9e.<\/p>\n<p><strong>Caract\u00e9ristiques techniques<\/strong><\/p>\n<p>Diam\u00e8tre 23\u00a0cm<\/p>\n","protected":false},"excerpt":{"rendered":"<p>Mode d&#8217;emploi de la m\u00e9lanine &#8211; test\u00e9 par T\u00dcV, SGS, Intertek &#8211; absolument insipide et inodore &#8211; Sans BPA &#8211;<\/p>\n","protected":false},"featured_media":439675,"template":"","meta":{"_acf_changed":false,"inline_featured_image":false},"product_cat":[12788,12782],"product_tag":[25026,13169,14547,25021,20717,25404,24603],"acf":[],"yoast_head":"<!-- This site is optimized with the Yoast SEO Premium plugin v18.6 (Yoast SEO v19.13) - https:\/\/yoast.com\/wordpress\/plugins\/seo\/ -->\n<title>MARIO LUCA GIUSTI Pancale Assiette de fruits Orange - Erresse Shop<\/title>\n<meta name=\"description\" content=\"Mode d&#039;emploi de la m\u00e9lanine - test\u00e9 par T\u00dcV, SGS, Intertek - absolument insipide et inodore - Sans BPA - Non indestructible - congelable - peut \u00eatre lav\u00e9\" \/>\n<meta name=\"robots\" content=\"index, follow, max-snippet:-1, max-image-preview:large, max-video-preview:-1\" \/>\n<link rel=\"canonical\" href=\"https:\/\/www.erresse-shop.it\/fr\/shop\/table-fr-2\/plats\/mario-luca-giusti-pancale-assiette-de-fruits-orange\/\" \/>\n<meta property=\"og:locale\" content=\"fr_FR\" \/>\n<meta property=\"og:type\" content=\"article\" \/>\n<meta property=\"og:title\" content=\"MARIO LUCA GIUSTI Pancale Assiette de fruits Orange\" \/>\n<meta property=\"og:description\" content=\"Mode d&#039;emploi de la m\u00e9lanine - test\u00e9 par T\u00dcV, SGS, Intertek - absolument insipide et inodore - Sans BPA - Non indestructible - congelable - peut \u00eatre lav\u00e9\" \/>\n<meta property=\"og:url\" content=\"https:\/\/www.erresse-shop.it\/fr\/shop\/table-fr-2\/plats\/mario-luca-giusti-pancale-assiette-de-fruits-orange\/\" \/>\n<meta property=\"og:site_name\" content=\"Erresse Shop\" \/>\n<meta property=\"article:modified_time\" content=\"2024-10-28T08:11:39+00:00\" \/>\n<meta property=\"og:image\" content=\"https:\/\/www.erresse-shop.it\/wp-content\/uploads\/2024\/07\/MARIO-LUCA-GIUSTI-Pancale-Piatto-Frutta-Arancio.jpg\" \/>\n\t<meta property=\"og:image:width\" content=\"1200\" \/>\n\t<meta property=\"og:image:height\" content=\"1200\" \/>\n\t<meta property=\"og:image:type\" content=\"image\/jpeg\" \/>\n<meta name=\"twitter:card\" content=\"summary_large_image\" \/>\n<script type=\"application\/ld+json\" class=\"yoast-schema-graph\">{\"@context\":\"https:\/\/schema.org\",\"@graph\":[{\"@type\":\"WebPage\",\"@id\":\"https:\/\/www.erresse-shop.it\/fr\/shop\/table-fr-2\/plats\/mario-luca-giusti-pancale-assiette-de-fruits-orange\/\",\"url\":\"https:\/\/www.erresse-shop.it\/fr\/shop\/table-fr-2\/plats\/mario-luca-giusti-pancale-assiette-de-fruits-orange\/\",\"name\":\"MARIO LUCA GIUSTI Pancale Assiette de fruits Orange - Erresse Shop\",\"isPartOf\":{\"@id\":\"https:\/\/www.erresse-shop.it\/fr\/#website\"},\"datePublished\":\"2024-07-01T09:18:37+00:00\",\"dateModified\":\"2024-10-28T08:11:39+00:00\",\"description\":\"Mode d'emploi de la m\u00e9lanine - test\u00e9 par T\u00dcV, SGS, Intertek - absolument insipide et inodore - Sans BPA - Non indestructible - congelable - peut \u00eatre lav\u00e9\",\"breadcrumb\":{\"@id\":\"https:\/\/www.erresse-shop.it\/fr\/shop\/table-fr-2\/plats\/mario-luca-giusti-pancale-assiette-de-fruits-orange\/#breadcrumb\"},\"inLanguage\":\"fr-FR\",\"potentialAction\":[{\"@type\":\"ReadAction\",\"target\":[\"https:\/\/www.erresse-shop.it\/fr\/shop\/table-fr-2\/plats\/mario-luca-giusti-pancale-assiette-de-fruits-orange\/\"]}]},{\"@type\":\"BreadcrumbList\",\"@id\":\"https:\/\/www.erresse-shop.it\/fr\/shop\/table-fr-2\/plats\/mario-luca-giusti-pancale-assiette-de-fruits-orange\/#breadcrumb\",\"itemListElement\":[{\"@type\":\"ListItem\",\"position\":1,\"name\":\"Home\",\"item\":\"https:\/\/www.erresse-shop.it\/fr\/\"},{\"@type\":\"ListItem\",\"position\":2,\"name\":\"Shop\",\"item\":\"https:\/\/www.erresse-shop.it\/fr\/shop\/\"},{\"@type\":\"ListItem\",\"position\":3,\"name\":\"MARIO LUCA GIUSTI Pancale Assiette de fruits Orange\"}]},{\"@type\":\"WebSite\",\"@id\":\"https:\/\/www.erresse-shop.it\/fr\/#website\",\"url\":\"https:\/\/www.erresse-shop.it\/fr\/\",\"name\":\"Erresse Shop\",\"description\":\"Articoli di qualit\u00e0 per la casa\",\"potentialAction\":[{\"@type\":\"SearchAction\",\"target\":{\"@type\":\"EntryPoint\",\"urlTemplate\":\"https:\/\/www.erresse-shop.it\/fr\/?s={search_term_string}\"},\"query-input\":\"required name=search_term_string\"}],\"inLanguage\":\"fr-FR\"}]}<\/script>\n<!-- \/ Yoast SEO Premium plugin. -->","yoast_head_json":{"title":"MARIO LUCA GIUSTI Pancale Assiette de fruits Orange - Erresse Shop","description":"Mode d'emploi de la m\u00e9lanine - test\u00e9 par T\u00dcV, SGS, Intertek - absolument insipide et inodore - Sans BPA - Non indestructible - congelable - peut \u00eatre lav\u00e9","robots":{"index":"index","follow":"follow","max-snippet":"max-snippet:-1","max-image-preview":"max-image-preview:large","max-video-preview":"max-video-preview:-1"},"canonical":"https:\/\/www.erresse-shop.it\/fr\/shop\/table-fr-2\/plats\/mario-luca-giusti-pancale-assiette-de-fruits-orange\/","og_locale":"fr_FR","og_type":"article","og_title":"MARIO LUCA GIUSTI Pancale Assiette de fruits Orange","og_description":"Mode d'emploi de la m\u00e9lanine - test\u00e9 par T\u00dcV, SGS, Intertek - absolument insipide et inodore - Sans BPA - Non indestructible - congelable - peut \u00eatre lav\u00e9","og_url":"https:\/\/www.erresse-shop.it\/fr\/shop\/table-fr-2\/plats\/mario-luca-giusti-pancale-assiette-de-fruits-orange\/","og_site_name":"Erresse Shop","article_modified_time":"2024-10-28T08:11:39+00:00","og_image":[{"width":1200,"height":1200,"url":"https:\/\/www.erresse-shop.it\/wp-content\/uploads\/2024\/07\/MARIO-LUCA-GIUSTI-Pancale-Piatto-Frutta-Arancio.jpg","type":"image\/jpeg"}],"twitter_card":"summary_large_image","schema":{"@context":"https:\/\/schema.org","@graph":[{"@type":"WebPage","@id":"https:\/\/www.erresse-shop.it\/fr\/shop\/table-fr-2\/plats\/mario-luca-giusti-pancale-assiette-de-fruits-orange\/","url":"https:\/\/www.erresse-shop.it\/fr\/shop\/table-fr-2\/plats\/mario-luca-giusti-pancale-assiette-de-fruits-orange\/","name":"MARIO LUCA GIUSTI Pancale Assiette de fruits Orange - Erresse Shop","isPartOf":{"@id":"https:\/\/www.erresse-shop.it\/fr\/#website"},"datePublished":"2024-07-01T09:18:37+00:00","dateModified":"2024-10-28T08:11:39+00:00","description":"Mode d'emploi de la m\u00e9lanine - test\u00e9 par T\u00dcV, SGS, Intertek - absolument insipide et inodore - Sans BPA - Non indestructible - congelable - peut \u00eatre lav\u00e9","breadcrumb":{"@id":"https:\/\/www.erresse-shop.it\/fr\/shop\/table-fr-2\/plats\/mario-luca-giusti-pancale-assiette-de-fruits-orange\/#breadcrumb"},"inLanguage":"fr-FR","potentialAction":[{"@type":"ReadAction","target":["https:\/\/www.erresse-shop.it\/fr\/shop\/table-fr-2\/plats\/mario-luca-giusti-pancale-assiette-de-fruits-orange\/"]}]},{"@type":"BreadcrumbList","@id":"https:\/\/www.erresse-shop.it\/fr\/shop\/table-fr-2\/plats\/mario-luca-giusti-pancale-assiette-de-fruits-orange\/#breadcrumb","itemListElement":[{"@type":"ListItem","position":1,"name":"Home","item":"https:\/\/www.erresse-shop.it\/fr\/"},{"@type":"ListItem","position":2,"name":"Shop","item":"https:\/\/www.erresse-shop.it\/fr\/shop\/"},{"@type":"ListItem","position":3,"name":"MARIO LUCA GIUSTI Pancale Assiette de fruits Orange"}]},{"@type":"WebSite","@id":"https:\/\/www.erresse-shop.it\/fr\/#website","url":"https:\/\/www.erresse-shop.it\/fr\/","name":"Erresse Shop","description":"Articoli di qualit\u00e0 per la casa","potentialAction":[{"@type":"SearchAction","target":{"@type":"EntryPoint","urlTemplate":"https:\/\/www.erresse-shop.it\/fr\/?s={search_term_string}"},"query-input":"required name=search_term_string"}],"inLanguage":"fr-FR"}]}},"df_price":18.5,"df_sale_price":18.5,"df_regular_price":27,"df_image_link":"https:\/\/www.erresse-shop.it\/wp-content\/uploads\/2024\/07\/MARIO-LUCA-GIUSTI-Pancale-Piatto-Frutta-Arancio-300x300.jpg","_links":{"self":[{"href":"https:\/\/www.erresse-shop.it\/fr\/wp-json\/wp\/v2\/product\/414852"}],"collection":[{"href":"https:\/\/www.erresse-shop.it\/fr\/wp-json\/wp\/v2\/product"}],"about":[{"href":"https:\/\/www.erresse-shop.it\/fr\/wp-json\/wp\/v2\/types\/product"}],"wp:featuredmedia":[{"embeddable":true,"href":"https:\/\/www.erresse-shop.it\/fr\/wp-json\/wp\/v2\/media\/439675"}],"wp:attachment":[{"href":"https:\/\/www.erresse-shop.it\/fr\/wp-json\/wp\/v2\/media?parent=414852"}],"wp:term":[{"taxonomy":"product_cat","embeddable":true,"href":"https:\/\/www.erresse-shop.it\/fr\/wp-json\/wp\/v2\/product_cat?post=414852"},{"taxonomy":"product_tag","embeddable":true,"href":"https:\/\/www.erresse-shop.it\/fr\/wp-json\/wp\/v2\/product_tag?post=414852"}],"curies":[{"name":"wp","href":"https:\/\/api.w.org\/{rel}","templated":true}]}}