{"id":414638,"date":"2024-07-01T06:43:36","date_gmt":"2024-07-01T06:43:37","guid":{"rendered":"https:\/\/www.erresse-shop.it\/?post_type=product&#038;p=414638"},"modified":"2024-10-28T08:40:05","modified_gmt":"2024-10-28T08:40:05","slug":"mario-luca-giusti-caterina-vittoria-set-sel-et-poivre-rubis","status":"publish","type":"product","link":"https:\/\/www.erresse-shop.it\/fr\/shop\/table-fr-2\/huile-vinaigre-sel\/mario-luca-giusti-caterina-vittoria-set-sel-et-poivre-rubis\/","title":{"rendered":"MARIO LUCA GIUSTI Caterina &#038; Vittoria Set sel et poivre Rubis"},"content":{"rendered":"<p><strong>Utiliser les instructions du produit acrylique<\/strong><\/p>\n<p>test\u00e9 par T\u00dcV, SGS, Intertek<br \/>\n&#8211; absolument insipide et inodore<br \/>\n&#8211; Sans BPA<br \/>\n&#8211; Non indestructible<br \/>\n&#8211; R\u00e9sistant de -10\u00b0C \u00e0 50\u00b0C<br \/>\n&#8211; congelable<br \/>\n&#8211; lavage \u00e0 la main recommand\u00e9 pour prolonger la dur\u00e9e de vie du produit<br \/>\n&#8211; ne passe pas au lave-vaisselle<br \/>\n&#8211; ne convient pas aux micro-ondes<br \/>\n&#8211; utiliser uniquement des d\u00e9tergents neutres et des mat\u00e9riaux non abrasifs<\/p>\n<p><strong>Les \u00e9l\u00e9ments suivants peuvent d\u00e9colorer le produit ou le rendre opaque \u00e0 long terme :<\/strong><br \/>\n&#8211; Laisser les produits pendant une p\u00e9riode prolong\u00e9e \u00e0 des temp\u00e9ratures et \u00e0 une humidit\u00e9 \u00e9lev\u00e9es<br \/>\n&#8211; Dosage incorrect du d\u00e9tergent<br \/>\n&#8211; Utilisation d&#8217;un d\u00e9tergent contenant de l&#8217;aluminium ou une protection m\u00e9tallique.<br \/>\n&#8211; Les produits laitiers, le caf\u00e9, le cacao, le th\u00e9 ou l&#8217;alcool peuvent laisser des traces sur le verre s&#8217;ils sont laiss\u00e9s pendant la nuit. Lavez le verre \u00e0 l&#8217;eau chaude savonneuse imm\u00e9diatement apr\u00e8s utilisation, lavez-le \u00e0 la main ou utilisez notre produit de nettoyage. D\u00e9poussi\u00e9rer r\u00e9guli\u00e8rement.<\/p>\n<p><strong>Caract\u00e9ristiques techniques<\/strong><\/p>\n<p>Hauteur 10,6 cm<br \/>\nDiam\u00e8tre 5,6 cm<br \/>\nCapacit\u00e9 40 ml<\/p>\n","protected":false},"excerpt":{"rendered":"<p>Utiliser les instructions du produit acrylique test\u00e9 par T\u00dcV, SGS, Intertek &#8211; absolument insipide et inodore &#8211; Sans BPA &#8211;<\/p>\n","protected":false},"featured_media":435044,"template":"","meta":{"_acf_changed":false,"inline_featured_image":false},"product_cat":[20473,12782],"product_tag":[25026,25021,25404,24603,22610],"acf":[],"yoast_head":"<!-- This site is optimized with the Yoast SEO Premium plugin v18.6 (Yoast SEO v19.13) - https:\/\/yoast.com\/wordpress\/plugins\/seo\/ -->\n<title>MARIO LUCA GIUSTI Caterina &amp; Vittoria Set sel et poivre Rubis - Erresse Shop<\/title>\n<meta name=\"description\" content=\"Utiliser les instructions du produit acrylique test\u00e9 par T\u00dcV, SGS, Intertek - absolument insipide et inodore - Sans BPA - Non indestructible - R\u00e9sistant\" \/>\n<meta name=\"robots\" content=\"index, follow, max-snippet:-1, max-image-preview:large, max-video-preview:-1\" \/>\n<link rel=\"canonical\" href=\"https:\/\/www.erresse-shop.it\/fr\/shop\/table-fr-2\/huile-vinaigre-sel\/mario-luca-giusti-caterina-vittoria-set-sel-et-poivre-rubis\/\" \/>\n<meta property=\"og:locale\" content=\"fr_FR\" \/>\n<meta property=\"og:type\" content=\"article\" \/>\n<meta property=\"og:title\" content=\"MARIO LUCA GIUSTI Caterina &amp; Vittoria Set sel et poivre Rubis\" \/>\n<meta property=\"og:description\" content=\"Utiliser les instructions du produit acrylique test\u00e9 par T\u00dcV, SGS, Intertek - absolument insipide et inodore - Sans BPA - Non indestructible - R\u00e9sistant\" \/>\n<meta property=\"og:url\" content=\"https:\/\/www.erresse-shop.it\/fr\/shop\/table-fr-2\/huile-vinaigre-sel\/mario-luca-giusti-caterina-vittoria-set-sel-et-poivre-rubis\/\" \/>\n<meta property=\"og:site_name\" content=\"Erresse Shop\" \/>\n<meta property=\"article:modified_time\" content=\"2024-10-28T08:40:05+00:00\" \/>\n<meta property=\"og:image\" content=\"https:\/\/www.erresse-shop.it\/wp-content\/uploads\/2024\/07\/MARIO-LUCA-GIUSTI-Caterina-Vittoria-Set-Sale-e-Pepe-Rubino.jpg\" \/>\n\t<meta property=\"og:image:width\" content=\"1200\" \/>\n\t<meta property=\"og:image:height\" content=\"1200\" \/>\n\t<meta property=\"og:image:type\" content=\"image\/jpeg\" \/>\n<meta name=\"twitter:card\" content=\"summary_large_image\" \/>\n<script type=\"application\/ld+json\" class=\"yoast-schema-graph\">{\"@context\":\"https:\/\/schema.org\",\"@graph\":[{\"@type\":\"WebPage\",\"@id\":\"https:\/\/www.erresse-shop.it\/fr\/shop\/table-fr-2\/huile-vinaigre-sel\/mario-luca-giusti-caterina-vittoria-set-sel-et-poivre-rubis\/\",\"url\":\"https:\/\/www.erresse-shop.it\/fr\/shop\/table-fr-2\/huile-vinaigre-sel\/mario-luca-giusti-caterina-vittoria-set-sel-et-poivre-rubis\/\",\"name\":\"MARIO LUCA GIUSTI Caterina & Vittoria Set sel et poivre Rubis - Erresse Shop\",\"isPartOf\":{\"@id\":\"https:\/\/www.erresse-shop.it\/fr\/#website\"},\"datePublished\":\"2024-07-01T06:43:37+00:00\",\"dateModified\":\"2024-10-28T08:40:05+00:00\",\"description\":\"Utiliser les instructions du produit acrylique test\u00e9 par T\u00dcV, SGS, Intertek - absolument insipide et inodore - Sans BPA - Non indestructible - R\u00e9sistant\",\"breadcrumb\":{\"@id\":\"https:\/\/www.erresse-shop.it\/fr\/shop\/table-fr-2\/huile-vinaigre-sel\/mario-luca-giusti-caterina-vittoria-set-sel-et-poivre-rubis\/#breadcrumb\"},\"inLanguage\":\"fr-FR\",\"potentialAction\":[{\"@type\":\"ReadAction\",\"target\":[\"https:\/\/www.erresse-shop.it\/fr\/shop\/table-fr-2\/huile-vinaigre-sel\/mario-luca-giusti-caterina-vittoria-set-sel-et-poivre-rubis\/\"]}]},{\"@type\":\"BreadcrumbList\",\"@id\":\"https:\/\/www.erresse-shop.it\/fr\/shop\/table-fr-2\/huile-vinaigre-sel\/mario-luca-giusti-caterina-vittoria-set-sel-et-poivre-rubis\/#breadcrumb\",\"itemListElement\":[{\"@type\":\"ListItem\",\"position\":1,\"name\":\"Home\",\"item\":\"https:\/\/www.erresse-shop.it\/fr\/\"},{\"@type\":\"ListItem\",\"position\":2,\"name\":\"Shop\",\"item\":\"https:\/\/www.erresse-shop.it\/fr\/shop\/\"},{\"@type\":\"ListItem\",\"position\":3,\"name\":\"MARIO LUCA GIUSTI Caterina &#038; Vittoria Set sel et poivre Rubis\"}]},{\"@type\":\"WebSite\",\"@id\":\"https:\/\/www.erresse-shop.it\/fr\/#website\",\"url\":\"https:\/\/www.erresse-shop.it\/fr\/\",\"name\":\"Erresse Shop\",\"description\":\"Articoli di qualit\u00e0 per la casa\",\"potentialAction\":[{\"@type\":\"SearchAction\",\"target\":{\"@type\":\"EntryPoint\",\"urlTemplate\":\"https:\/\/www.erresse-shop.it\/fr\/?s={search_term_string}\"},\"query-input\":\"required name=search_term_string\"}],\"inLanguage\":\"fr-FR\"}]}<\/script>\n<!-- \/ Yoast SEO Premium plugin. -->","yoast_head_json":{"title":"MARIO LUCA GIUSTI Caterina & Vittoria Set sel et poivre Rubis - Erresse Shop","description":"Utiliser les instructions du produit acrylique test\u00e9 par T\u00dcV, SGS, Intertek - absolument insipide et inodore - Sans BPA - Non indestructible - R\u00e9sistant","robots":{"index":"index","follow":"follow","max-snippet":"max-snippet:-1","max-image-preview":"max-image-preview:large","max-video-preview":"max-video-preview:-1"},"canonical":"https:\/\/www.erresse-shop.it\/fr\/shop\/table-fr-2\/huile-vinaigre-sel\/mario-luca-giusti-caterina-vittoria-set-sel-et-poivre-rubis\/","og_locale":"fr_FR","og_type":"article","og_title":"MARIO LUCA GIUSTI Caterina & Vittoria Set sel et poivre Rubis","og_description":"Utiliser les instructions du produit acrylique test\u00e9 par T\u00dcV, SGS, Intertek - absolument insipide et inodore - Sans BPA - Non indestructible - R\u00e9sistant","og_url":"https:\/\/www.erresse-shop.it\/fr\/shop\/table-fr-2\/huile-vinaigre-sel\/mario-luca-giusti-caterina-vittoria-set-sel-et-poivre-rubis\/","og_site_name":"Erresse Shop","article_modified_time":"2024-10-28T08:40:05+00:00","og_image":[{"width":1200,"height":1200,"url":"https:\/\/www.erresse-shop.it\/wp-content\/uploads\/2024\/07\/MARIO-LUCA-GIUSTI-Caterina-Vittoria-Set-Sale-e-Pepe-Rubino.jpg","type":"image\/jpeg"}],"twitter_card":"summary_large_image","schema":{"@context":"https:\/\/schema.org","@graph":[{"@type":"WebPage","@id":"https:\/\/www.erresse-shop.it\/fr\/shop\/table-fr-2\/huile-vinaigre-sel\/mario-luca-giusti-caterina-vittoria-set-sel-et-poivre-rubis\/","url":"https:\/\/www.erresse-shop.it\/fr\/shop\/table-fr-2\/huile-vinaigre-sel\/mario-luca-giusti-caterina-vittoria-set-sel-et-poivre-rubis\/","name":"MARIO LUCA GIUSTI Caterina & Vittoria Set sel et poivre Rubis - Erresse Shop","isPartOf":{"@id":"https:\/\/www.erresse-shop.it\/fr\/#website"},"datePublished":"2024-07-01T06:43:37+00:00","dateModified":"2024-10-28T08:40:05+00:00","description":"Utiliser les instructions du produit acrylique test\u00e9 par T\u00dcV, SGS, Intertek - absolument insipide et inodore - Sans BPA - Non indestructible - R\u00e9sistant","breadcrumb":{"@id":"https:\/\/www.erresse-shop.it\/fr\/shop\/table-fr-2\/huile-vinaigre-sel\/mario-luca-giusti-caterina-vittoria-set-sel-et-poivre-rubis\/#breadcrumb"},"inLanguage":"fr-FR","potentialAction":[{"@type":"ReadAction","target":["https:\/\/www.erresse-shop.it\/fr\/shop\/table-fr-2\/huile-vinaigre-sel\/mario-luca-giusti-caterina-vittoria-set-sel-et-poivre-rubis\/"]}]},{"@type":"BreadcrumbList","@id":"https:\/\/www.erresse-shop.it\/fr\/shop\/table-fr-2\/huile-vinaigre-sel\/mario-luca-giusti-caterina-vittoria-set-sel-et-poivre-rubis\/#breadcrumb","itemListElement":[{"@type":"ListItem","position":1,"name":"Home","item":"https:\/\/www.erresse-shop.it\/fr\/"},{"@type":"ListItem","position":2,"name":"Shop","item":"https:\/\/www.erresse-shop.it\/fr\/shop\/"},{"@type":"ListItem","position":3,"name":"MARIO LUCA GIUSTI Caterina &#038; Vittoria Set sel et poivre Rubis"}]},{"@type":"WebSite","@id":"https:\/\/www.erresse-shop.it\/fr\/#website","url":"https:\/\/www.erresse-shop.it\/fr\/","name":"Erresse Shop","description":"Articoli di qualit\u00e0 per la casa","potentialAction":[{"@type":"SearchAction","target":{"@type":"EntryPoint","urlTemplate":"https:\/\/www.erresse-shop.it\/fr\/?s={search_term_string}"},"query-input":"required name=search_term_string"}],"inLanguage":"fr-FR"}]}},"df_price":39,"df_sale_price":39,"df_regular_price":58,"df_image_link":"https:\/\/www.erresse-shop.it\/wp-content\/uploads\/2024\/07\/MARIO-LUCA-GIUSTI-Caterina-Vittoria-Set-Sale-e-Pepe-Rubino-300x300.jpg","_links":{"self":[{"href":"https:\/\/www.erresse-shop.it\/fr\/wp-json\/wp\/v2\/product\/414638"}],"collection":[{"href":"https:\/\/www.erresse-shop.it\/fr\/wp-json\/wp\/v2\/product"}],"about":[{"href":"https:\/\/www.erresse-shop.it\/fr\/wp-json\/wp\/v2\/types\/product"}],"wp:featuredmedia":[{"embeddable":true,"href":"https:\/\/www.erresse-shop.it\/fr\/wp-json\/wp\/v2\/media\/435044"}],"wp:attachment":[{"href":"https:\/\/www.erresse-shop.it\/fr\/wp-json\/wp\/v2\/media?parent=414638"}],"wp:term":[{"taxonomy":"product_cat","embeddable":true,"href":"https:\/\/www.erresse-shop.it\/fr\/wp-json\/wp\/v2\/product_cat?post=414638"},{"taxonomy":"product_tag","embeddable":true,"href":"https:\/\/www.erresse-shop.it\/fr\/wp-json\/wp\/v2\/product_tag?post=414638"}],"curies":[{"name":"wp","href":"https:\/\/api.w.org\/{rel}","templated":true}]}}