{"id":414306,"date":"2024-06-28T12:53:55","date_gmt":"2024-06-28T12:53:56","guid":{"rendered":"https:\/\/www.erresse-shop.it\/?post_type=product&#038;p=414306"},"modified":"2025-02-26T11:39:28","modified_gmt":"2025-02-26T11:39:28","slug":"portmeirion-botanic-garden-meadows-set-de-6-tasses-a-the-et-soucoupes-pour-le-petit-dejeuner","status":"publish","type":"product","link":"https:\/\/www.erresse-shop.it\/fr\/shop\/table-fr-2\/tasses\/portmeirion-botanic-garden-meadows-set-de-6-tasses-a-the-et-soucoupes-pour-le-petit-dejeuner\/","title":{"rendered":"PORTMEIRION Botanic Garden Meadows Set de 6 Tasses \u00e0 th\u00e9 et soucoupes pour le petit d\u00e9jeuner"},"content":{"rendered":"<p>Le design classique de Botanic Garden revisit\u00e9 avec une touche de couleur : Botanic Garden Meadow apporte une touche d&#8217;\u00e9clat \u00e0 la table. Fabriqu\u00e9s au Royaume-Uni, les magnifiques motifs floraux sont entour\u00e9s de bordures de feuilles de laurier dans six couleurs vives pour fleurir votre table tout au long de l&#8217;ann\u00e9e.<\/p>\n<p>R\u00e9unissez vos amis autour de vos boissons chaudes pr\u00e9f\u00e9r\u00e9es avec ces tasses et soucoupes de petit-d\u00e9jeuner Botanic Garden Meadow. C\u00e9l\u00e9brant la beaut\u00e9 d&#8217;une prairie anglaise, chaque tasse et soucoupe de cet ensemble pr\u00e9sente une d\u00e9licieuse illustration florale sur la grande tasse \u00e0 th\u00e9 et une bordure color\u00e9e de feuilles de laurier sur le bord de la soucoupe. Ce magnifique ensemble est soigneusement fabriqu\u00e9 en Angleterre et constitue un accompagnement \u00e9l\u00e9gant pour votre prochain caf\u00e9 ou petit-d\u00e9jeuner.<\/p>\n<p><strong>Dimensions : <\/strong>\u00f8 17 x H. 8 cm<strong><br \/>\nMat\u00e9riau<\/strong> : fa\u00efence<\/p>\n","protected":false},"excerpt":{"rendered":"<p>Le design classique de Botanic Garden revisit\u00e9 avec une touche de couleur : Botanic Garden Meadow apporte une touche d&#8217;\u00e9clat<\/p>\n","protected":false},"featured_media":460669,"template":"","meta":{"_acf_changed":false,"inline_featured_image":false},"product_cat":[12782,12791],"product_tag":[19356,23910,25021,24603,15712,21821],"acf":[],"yoast_head":"<!-- This site is optimized with the Yoast SEO Premium plugin v18.6 (Yoast SEO v19.13) - https:\/\/yoast.com\/wordpress\/plugins\/seo\/ -->\n<title>PORTMEIRION Botanic Garden Meadows Set de 6 Tasses \u00e0 th\u00e9 et soucoupes pour le petit d\u00e9jeuner - Erresse Shop<\/title>\n<meta name=\"description\" content=\"Le design classique de Botanic Garden revisit\u00e9 avec une touche de couleur : Botanic Garden Meadow apporte une touche d&#039;\u00e9clat \u00e0 la table. Fabriqu\u00e9s au\" \/>\n<meta name=\"robots\" content=\"index, follow, max-snippet:-1, max-image-preview:large, max-video-preview:-1\" \/>\n<link rel=\"canonical\" href=\"https:\/\/www.erresse-shop.it\/fr\/shop\/table-fr-2\/tasses\/portmeirion-botanic-garden-meadows-set-de-6-tasses-a-the-et-soucoupes-pour-le-petit-dejeuner\/\" \/>\n<meta property=\"og:locale\" content=\"fr_FR\" \/>\n<meta property=\"og:type\" content=\"article\" \/>\n<meta property=\"og:title\" content=\"PORTMEIRION Botanic Garden Meadows Set de 6 Tasses \u00e0 th\u00e9 et soucoupes pour le petit d\u00e9jeuner\" \/>\n<meta property=\"og:description\" content=\"Le design classique de Botanic Garden revisit\u00e9 avec une touche de couleur : Botanic Garden Meadow apporte une touche d&#039;\u00e9clat \u00e0 la table. Fabriqu\u00e9s au\" \/>\n<meta property=\"og:url\" content=\"https:\/\/www.erresse-shop.it\/fr\/shop\/table-fr-2\/tasses\/portmeirion-botanic-garden-meadows-set-de-6-tasses-a-the-et-soucoupes-pour-le-petit-dejeuner\/\" \/>\n<meta property=\"og:site_name\" content=\"Erresse Shop\" \/>\n<meta property=\"article:modified_time\" content=\"2025-02-26T11:39:28+00:00\" \/>\n<meta property=\"og:image\" content=\"https:\/\/www.erresse-shop.it\/wp-content\/uploads\/2024\/06\/PORTMEIRION-Botanic-Garden-Meadows-Set-6-Tazze-e-Piattini-da-Colazione.jpg\" \/>\n\t<meta property=\"og:image:width\" content=\"1200\" \/>\n\t<meta property=\"og:image:height\" content=\"1200\" \/>\n\t<meta property=\"og:image:type\" content=\"image\/jpeg\" \/>\n<meta name=\"twitter:card\" content=\"summary_large_image\" \/>\n<script type=\"application\/ld+json\" class=\"yoast-schema-graph\">{\"@context\":\"https:\/\/schema.org\",\"@graph\":[{\"@type\":\"WebPage\",\"@id\":\"https:\/\/www.erresse-shop.it\/fr\/shop\/table-fr-2\/tasses\/portmeirion-botanic-garden-meadows-set-de-6-tasses-a-the-et-soucoupes-pour-le-petit-dejeuner\/\",\"url\":\"https:\/\/www.erresse-shop.it\/fr\/shop\/table-fr-2\/tasses\/portmeirion-botanic-garden-meadows-set-de-6-tasses-a-the-et-soucoupes-pour-le-petit-dejeuner\/\",\"name\":\"PORTMEIRION Botanic Garden Meadows Set de 6 Tasses \u00e0 th\u00e9 et soucoupes pour le petit d\u00e9jeuner - Erresse Shop\",\"isPartOf\":{\"@id\":\"https:\/\/www.erresse-shop.it\/fr\/#website\"},\"datePublished\":\"2024-06-28T12:53:56+00:00\",\"dateModified\":\"2025-02-26T11:39:28+00:00\",\"description\":\"Le design classique de Botanic Garden revisit\u00e9 avec une touche de couleur : Botanic Garden Meadow apporte une touche d'\u00e9clat \u00e0 la table. Fabriqu\u00e9s au\",\"breadcrumb\":{\"@id\":\"https:\/\/www.erresse-shop.it\/fr\/shop\/table-fr-2\/tasses\/portmeirion-botanic-garden-meadows-set-de-6-tasses-a-the-et-soucoupes-pour-le-petit-dejeuner\/#breadcrumb\"},\"inLanguage\":\"fr-FR\",\"potentialAction\":[{\"@type\":\"ReadAction\",\"target\":[\"https:\/\/www.erresse-shop.it\/fr\/shop\/table-fr-2\/tasses\/portmeirion-botanic-garden-meadows-set-de-6-tasses-a-the-et-soucoupes-pour-le-petit-dejeuner\/\"]}]},{\"@type\":\"BreadcrumbList\",\"@id\":\"https:\/\/www.erresse-shop.it\/fr\/shop\/table-fr-2\/tasses\/portmeirion-botanic-garden-meadows-set-de-6-tasses-a-the-et-soucoupes-pour-le-petit-dejeuner\/#breadcrumb\",\"itemListElement\":[{\"@type\":\"ListItem\",\"position\":1,\"name\":\"Home\",\"item\":\"https:\/\/www.erresse-shop.it\/fr\/\"},{\"@type\":\"ListItem\",\"position\":2,\"name\":\"Shop\",\"item\":\"https:\/\/www.erresse-shop.it\/fr\/shop\/\"},{\"@type\":\"ListItem\",\"position\":3,\"name\":\"PORTMEIRION Botanic Garden Meadows Set de 6 Tasses \u00e0 th\u00e9 et soucoupes pour le petit d\u00e9jeuner\"}]},{\"@type\":\"WebSite\",\"@id\":\"https:\/\/www.erresse-shop.it\/fr\/#website\",\"url\":\"https:\/\/www.erresse-shop.it\/fr\/\",\"name\":\"Erresse Shop\",\"description\":\"Articoli di qualit\u00e0 per la casa\",\"potentialAction\":[{\"@type\":\"SearchAction\",\"target\":{\"@type\":\"EntryPoint\",\"urlTemplate\":\"https:\/\/www.erresse-shop.it\/fr\/?s={search_term_string}\"},\"query-input\":\"required name=search_term_string\"}],\"inLanguage\":\"fr-FR\"}]}<\/script>\n<!-- \/ Yoast SEO Premium plugin. -->","yoast_head_json":{"title":"PORTMEIRION Botanic Garden Meadows Set de 6 Tasses \u00e0 th\u00e9 et soucoupes pour le petit d\u00e9jeuner - Erresse Shop","description":"Le design classique de Botanic Garden revisit\u00e9 avec une touche de couleur : Botanic Garden Meadow apporte une touche d'\u00e9clat \u00e0 la table. Fabriqu\u00e9s au","robots":{"index":"index","follow":"follow","max-snippet":"max-snippet:-1","max-image-preview":"max-image-preview:large","max-video-preview":"max-video-preview:-1"},"canonical":"https:\/\/www.erresse-shop.it\/fr\/shop\/table-fr-2\/tasses\/portmeirion-botanic-garden-meadows-set-de-6-tasses-a-the-et-soucoupes-pour-le-petit-dejeuner\/","og_locale":"fr_FR","og_type":"article","og_title":"PORTMEIRION Botanic Garden Meadows Set de 6 Tasses \u00e0 th\u00e9 et soucoupes pour le petit d\u00e9jeuner","og_description":"Le design classique de Botanic Garden revisit\u00e9 avec une touche de couleur : Botanic Garden Meadow apporte une touche d'\u00e9clat \u00e0 la table. Fabriqu\u00e9s au","og_url":"https:\/\/www.erresse-shop.it\/fr\/shop\/table-fr-2\/tasses\/portmeirion-botanic-garden-meadows-set-de-6-tasses-a-the-et-soucoupes-pour-le-petit-dejeuner\/","og_site_name":"Erresse Shop","article_modified_time":"2025-02-26T11:39:28+00:00","og_image":[{"width":1200,"height":1200,"url":"https:\/\/www.erresse-shop.it\/wp-content\/uploads\/2024\/06\/PORTMEIRION-Botanic-Garden-Meadows-Set-6-Tazze-e-Piattini-da-Colazione.jpg","type":"image\/jpeg"}],"twitter_card":"summary_large_image","schema":{"@context":"https:\/\/schema.org","@graph":[{"@type":"WebPage","@id":"https:\/\/www.erresse-shop.it\/fr\/shop\/table-fr-2\/tasses\/portmeirion-botanic-garden-meadows-set-de-6-tasses-a-the-et-soucoupes-pour-le-petit-dejeuner\/","url":"https:\/\/www.erresse-shop.it\/fr\/shop\/table-fr-2\/tasses\/portmeirion-botanic-garden-meadows-set-de-6-tasses-a-the-et-soucoupes-pour-le-petit-dejeuner\/","name":"PORTMEIRION Botanic Garden Meadows Set de 6 Tasses \u00e0 th\u00e9 et soucoupes pour le petit d\u00e9jeuner - Erresse Shop","isPartOf":{"@id":"https:\/\/www.erresse-shop.it\/fr\/#website"},"datePublished":"2024-06-28T12:53:56+00:00","dateModified":"2025-02-26T11:39:28+00:00","description":"Le design classique de Botanic Garden revisit\u00e9 avec une touche de couleur : Botanic Garden Meadow apporte une touche d'\u00e9clat \u00e0 la table. Fabriqu\u00e9s au","breadcrumb":{"@id":"https:\/\/www.erresse-shop.it\/fr\/shop\/table-fr-2\/tasses\/portmeirion-botanic-garden-meadows-set-de-6-tasses-a-the-et-soucoupes-pour-le-petit-dejeuner\/#breadcrumb"},"inLanguage":"fr-FR","potentialAction":[{"@type":"ReadAction","target":["https:\/\/www.erresse-shop.it\/fr\/shop\/table-fr-2\/tasses\/portmeirion-botanic-garden-meadows-set-de-6-tasses-a-the-et-soucoupes-pour-le-petit-dejeuner\/"]}]},{"@type":"BreadcrumbList","@id":"https:\/\/www.erresse-shop.it\/fr\/shop\/table-fr-2\/tasses\/portmeirion-botanic-garden-meadows-set-de-6-tasses-a-the-et-soucoupes-pour-le-petit-dejeuner\/#breadcrumb","itemListElement":[{"@type":"ListItem","position":1,"name":"Home","item":"https:\/\/www.erresse-shop.it\/fr\/"},{"@type":"ListItem","position":2,"name":"Shop","item":"https:\/\/www.erresse-shop.it\/fr\/shop\/"},{"@type":"ListItem","position":3,"name":"PORTMEIRION Botanic Garden Meadows Set de 6 Tasses \u00e0 th\u00e9 et soucoupes pour le petit d\u00e9jeuner"}]},{"@type":"WebSite","@id":"https:\/\/www.erresse-shop.it\/fr\/#website","url":"https:\/\/www.erresse-shop.it\/fr\/","name":"Erresse Shop","description":"Articoli di qualit\u00e0 per la casa","potentialAction":[{"@type":"SearchAction","target":{"@type":"EntryPoint","urlTemplate":"https:\/\/www.erresse-shop.it\/fr\/?s={search_term_string}"},"query-input":"required name=search_term_string"}],"inLanguage":"fr-FR"}]}},"df_price":161.46,"df_sale_price":161.46,"df_regular_price":248.4,"df_image_link":"https:\/\/www.erresse-shop.it\/wp-content\/uploads\/2024\/06\/PORTMEIRION-Botanic-Garden-Meadows-Set-6-Tazze-e-Piattini-da-Colazione-300x300.jpg","_links":{"self":[{"href":"https:\/\/www.erresse-shop.it\/fr\/wp-json\/wp\/v2\/product\/414306"}],"collection":[{"href":"https:\/\/www.erresse-shop.it\/fr\/wp-json\/wp\/v2\/product"}],"about":[{"href":"https:\/\/www.erresse-shop.it\/fr\/wp-json\/wp\/v2\/types\/product"}],"wp:featuredmedia":[{"embeddable":true,"href":"https:\/\/www.erresse-shop.it\/fr\/wp-json\/wp\/v2\/media\/460669"}],"wp:attachment":[{"href":"https:\/\/www.erresse-shop.it\/fr\/wp-json\/wp\/v2\/media?parent=414306"}],"wp:term":[{"taxonomy":"product_cat","embeddable":true,"href":"https:\/\/www.erresse-shop.it\/fr\/wp-json\/wp\/v2\/product_cat?post=414306"},{"taxonomy":"product_tag","embeddable":true,"href":"https:\/\/www.erresse-shop.it\/fr\/wp-json\/wp\/v2\/product_tag?post=414306"}],"curies":[{"name":"wp","href":"https:\/\/api.w.org\/{rel}","templated":true}]}}