{"id":414228,"date":"2024-06-28T12:11:19","date_gmt":"2024-06-28T12:11:20","guid":{"rendered":"https:\/\/www.erresse-shop.it\/?post_type=product&#038;p=414228"},"modified":"2025-10-12T13:32:55","modified_gmt":"2025-10-12T13:32:55","slug":"portmeirion-botanic-garden-meadows-set-de-6-assiettes-a-fruits","status":"publish","type":"product","link":"https:\/\/www.erresse-shop.it\/fr\/shop\/table-fr-2\/plats\/portmeirion-botanic-garden-meadows-set-de-6-assiettes-a-fruits\/","title":{"rendered":"PORTMEIRION Botanic Garden Meadows Set de 6 assiettes \u00e0 fruits"},"content":{"rendered":"<p>Le design classique de Botanic Garden revisit\u00e9 avec une touche de couleur : Botanic Garden Meadow apporte une touche d&#8217;\u00e9clat \u00e0 la table. Fabriqu\u00e9s au Royaume-Uni, les magnifiques motifs floraux sont entour\u00e9s de bordures de feuilles de laurier dans six couleurs vives pour fleurir votre table tout au long de l&#8217;ann\u00e9e.<\/p>\n<p>Ce set de 6 petites assiettes de service Botanic Garden Meadow offre une d\u00e9licieuse interpr\u00e9tation du design classique de Portmeirion, introduit pour la premi\u00e8re fois en 1972. Chaque assiette de ce set pr\u00e9sente un magnifique motif floral au centre, comprenant un tournesol, un pois, une digitale, une azal\u00e9e, un hortensia et un coquelicot. Ces fleurs \u00e9clatantes sont entour\u00e9es d&#8217;une bordure ludique de feuilles de laurier, chacune dans une couleur diff\u00e9rente. Fabriqu\u00e9 au Royaume-Uni, ce charmant set d&#8217;assiettes n&#8217;est pas seulement un r\u00e9gal pour les yeux, il est aussi incroyablement polyvalent et convient \u00e0 un usage quotidien.<\/p>\n<p><strong>Dimensions : <\/strong>\u00f8 21,5 x H. 3 cm<strong><br \/>\nMat\u00e9riau<\/strong> : terre cuite<\/p>\n","protected":false},"excerpt":{"rendered":"<p>Le design classique de Botanic Garden revisit\u00e9 avec une touche de couleur : Botanic Garden Meadow apporte une touche d&#8217;\u00e9clat<\/p>\n","protected":false},"featured_media":456533,"template":"","meta":{"_acf_changed":false,"inline_featured_image":false},"product_cat":[12788,12782],"product_tag":[19356,13169,14547,23910,25021,24603,21821],"acf":[],"yoast_head":"<!-- This site is optimized with the Yoast SEO Premium plugin v18.6 (Yoast SEO v19.13) - https:\/\/yoast.com\/wordpress\/plugins\/seo\/ -->\n<title>PORTMEIRION Botanic Garden Meadows Set de 6 assiettes \u00e0 fruits - Erresse Shop<\/title>\n<meta name=\"description\" content=\"Le design classique de Botanic Garden revisit\u00e9 avec une touche de couleur : Botanic Garden Meadow apporte une touche d&#039;\u00e9clat \u00e0 la table. Fabriqu\u00e9s au\" \/>\n<meta name=\"robots\" content=\"index, follow, max-snippet:-1, max-image-preview:large, max-video-preview:-1\" \/>\n<link rel=\"canonical\" href=\"https:\/\/www.erresse-shop.it\/fr\/shop\/table-fr-2\/plats\/portmeirion-botanic-garden-meadows-set-de-6-assiettes-a-fruits\/\" \/>\n<meta property=\"og:locale\" content=\"fr_FR\" \/>\n<meta property=\"og:type\" content=\"article\" \/>\n<meta property=\"og:title\" content=\"PORTMEIRION Botanic Garden Meadows Set de 6 assiettes \u00e0 fruits\" \/>\n<meta property=\"og:description\" content=\"Le design classique de Botanic Garden revisit\u00e9 avec une touche de couleur : Botanic Garden Meadow apporte une touche d&#039;\u00e9clat \u00e0 la table. Fabriqu\u00e9s au\" \/>\n<meta property=\"og:url\" content=\"https:\/\/www.erresse-shop.it\/fr\/shop\/table-fr-2\/plats\/portmeirion-botanic-garden-meadows-set-de-6-assiettes-a-fruits\/\" \/>\n<meta property=\"og:site_name\" content=\"Erresse Shop\" \/>\n<meta property=\"article:modified_time\" content=\"2025-10-12T13:32:55+00:00\" \/>\n<meta property=\"og:image\" content=\"https:\/\/www.erresse-shop.it\/wp-content\/uploads\/2024\/06\/PORTMEIRION-Botanic-Garden-Meadows-Set-6-Piatti-Frutta.jpg\" \/>\n\t<meta property=\"og:image:width\" content=\"1200\" \/>\n\t<meta property=\"og:image:height\" content=\"1200\" \/>\n\t<meta property=\"og:image:type\" content=\"image\/jpeg\" \/>\n<meta name=\"twitter:card\" content=\"summary_large_image\" \/>\n<script type=\"application\/ld+json\" class=\"yoast-schema-graph\">{\"@context\":\"https:\/\/schema.org\",\"@graph\":[{\"@type\":\"WebPage\",\"@id\":\"https:\/\/www.erresse-shop.it\/fr\/shop\/table-fr-2\/plats\/portmeirion-botanic-garden-meadows-set-de-6-assiettes-a-fruits\/\",\"url\":\"https:\/\/www.erresse-shop.it\/fr\/shop\/table-fr-2\/plats\/portmeirion-botanic-garden-meadows-set-de-6-assiettes-a-fruits\/\",\"name\":\"PORTMEIRION Botanic Garden Meadows Set de 6 assiettes \u00e0 fruits - Erresse Shop\",\"isPartOf\":{\"@id\":\"https:\/\/www.erresse-shop.it\/fr\/#website\"},\"datePublished\":\"2024-06-28T12:11:20+00:00\",\"dateModified\":\"2025-10-12T13:32:55+00:00\",\"description\":\"Le design classique de Botanic Garden revisit\u00e9 avec une touche de couleur : Botanic Garden Meadow apporte une touche d'\u00e9clat \u00e0 la table. Fabriqu\u00e9s au\",\"breadcrumb\":{\"@id\":\"https:\/\/www.erresse-shop.it\/fr\/shop\/table-fr-2\/plats\/portmeirion-botanic-garden-meadows-set-de-6-assiettes-a-fruits\/#breadcrumb\"},\"inLanguage\":\"fr-FR\",\"potentialAction\":[{\"@type\":\"ReadAction\",\"target\":[\"https:\/\/www.erresse-shop.it\/fr\/shop\/table-fr-2\/plats\/portmeirion-botanic-garden-meadows-set-de-6-assiettes-a-fruits\/\"]}]},{\"@type\":\"BreadcrumbList\",\"@id\":\"https:\/\/www.erresse-shop.it\/fr\/shop\/table-fr-2\/plats\/portmeirion-botanic-garden-meadows-set-de-6-assiettes-a-fruits\/#breadcrumb\",\"itemListElement\":[{\"@type\":\"ListItem\",\"position\":1,\"name\":\"Home\",\"item\":\"https:\/\/www.erresse-shop.it\/fr\/\"},{\"@type\":\"ListItem\",\"position\":2,\"name\":\"Shop\",\"item\":\"https:\/\/www.erresse-shop.it\/fr\/shop\/\"},{\"@type\":\"ListItem\",\"position\":3,\"name\":\"PORTMEIRION Botanic Garden Meadows Set de 6 assiettes \u00e0 fruits\"}]},{\"@type\":\"WebSite\",\"@id\":\"https:\/\/www.erresse-shop.it\/fr\/#website\",\"url\":\"https:\/\/www.erresse-shop.it\/fr\/\",\"name\":\"Erresse Shop\",\"description\":\"Articoli di qualit\u00e0 per la casa\",\"potentialAction\":[{\"@type\":\"SearchAction\",\"target\":{\"@type\":\"EntryPoint\",\"urlTemplate\":\"https:\/\/www.erresse-shop.it\/fr\/?s={search_term_string}\"},\"query-input\":\"required name=search_term_string\"}],\"inLanguage\":\"fr-FR\"}]}<\/script>\n<!-- \/ Yoast SEO Premium plugin. -->","yoast_head_json":{"title":"PORTMEIRION Botanic Garden Meadows Set de 6 assiettes \u00e0 fruits - Erresse Shop","description":"Le design classique de Botanic Garden revisit\u00e9 avec une touche de couleur : Botanic Garden Meadow apporte une touche d'\u00e9clat \u00e0 la table. Fabriqu\u00e9s au","robots":{"index":"index","follow":"follow","max-snippet":"max-snippet:-1","max-image-preview":"max-image-preview:large","max-video-preview":"max-video-preview:-1"},"canonical":"https:\/\/www.erresse-shop.it\/fr\/shop\/table-fr-2\/plats\/portmeirion-botanic-garden-meadows-set-de-6-assiettes-a-fruits\/","og_locale":"fr_FR","og_type":"article","og_title":"PORTMEIRION Botanic Garden Meadows Set de 6 assiettes \u00e0 fruits","og_description":"Le design classique de Botanic Garden revisit\u00e9 avec une touche de couleur : Botanic Garden Meadow apporte une touche d'\u00e9clat \u00e0 la table. Fabriqu\u00e9s au","og_url":"https:\/\/www.erresse-shop.it\/fr\/shop\/table-fr-2\/plats\/portmeirion-botanic-garden-meadows-set-de-6-assiettes-a-fruits\/","og_site_name":"Erresse Shop","article_modified_time":"2025-10-12T13:32:55+00:00","og_image":[{"width":1200,"height":1200,"url":"https:\/\/www.erresse-shop.it\/wp-content\/uploads\/2024\/06\/PORTMEIRION-Botanic-Garden-Meadows-Set-6-Piatti-Frutta.jpg","type":"image\/jpeg"}],"twitter_card":"summary_large_image","schema":{"@context":"https:\/\/schema.org","@graph":[{"@type":"WebPage","@id":"https:\/\/www.erresse-shop.it\/fr\/shop\/table-fr-2\/plats\/portmeirion-botanic-garden-meadows-set-de-6-assiettes-a-fruits\/","url":"https:\/\/www.erresse-shop.it\/fr\/shop\/table-fr-2\/plats\/portmeirion-botanic-garden-meadows-set-de-6-assiettes-a-fruits\/","name":"PORTMEIRION Botanic Garden Meadows Set de 6 assiettes \u00e0 fruits - Erresse Shop","isPartOf":{"@id":"https:\/\/www.erresse-shop.it\/fr\/#website"},"datePublished":"2024-06-28T12:11:20+00:00","dateModified":"2025-10-12T13:32:55+00:00","description":"Le design classique de Botanic Garden revisit\u00e9 avec une touche de couleur : Botanic Garden Meadow apporte une touche d'\u00e9clat \u00e0 la table. Fabriqu\u00e9s au","breadcrumb":{"@id":"https:\/\/www.erresse-shop.it\/fr\/shop\/table-fr-2\/plats\/portmeirion-botanic-garden-meadows-set-de-6-assiettes-a-fruits\/#breadcrumb"},"inLanguage":"fr-FR","potentialAction":[{"@type":"ReadAction","target":["https:\/\/www.erresse-shop.it\/fr\/shop\/table-fr-2\/plats\/portmeirion-botanic-garden-meadows-set-de-6-assiettes-a-fruits\/"]}]},{"@type":"BreadcrumbList","@id":"https:\/\/www.erresse-shop.it\/fr\/shop\/table-fr-2\/plats\/portmeirion-botanic-garden-meadows-set-de-6-assiettes-a-fruits\/#breadcrumb","itemListElement":[{"@type":"ListItem","position":1,"name":"Home","item":"https:\/\/www.erresse-shop.it\/fr\/"},{"@type":"ListItem","position":2,"name":"Shop","item":"https:\/\/www.erresse-shop.it\/fr\/shop\/"},{"@type":"ListItem","position":3,"name":"PORTMEIRION Botanic Garden Meadows Set de 6 assiettes \u00e0 fruits"}]},{"@type":"WebSite","@id":"https:\/\/www.erresse-shop.it\/fr\/#website","url":"https:\/\/www.erresse-shop.it\/fr\/","name":"Erresse Shop","description":"Articoli di qualit\u00e0 per la casa","potentialAction":[{"@type":"SearchAction","target":{"@type":"EntryPoint","urlTemplate":"https:\/\/www.erresse-shop.it\/fr\/?s={search_term_string}"},"query-input":"required name=search_term_string"}],"inLanguage":"fr-FR"}]}},"df_price":109.95,"df_sale_price":109.95,"df_regular_price":165,"df_image_link":"https:\/\/www.erresse-shop.it\/wp-content\/uploads\/2024\/06\/PORTMEIRION-Botanic-Garden-Meadows-Set-6-Piatti-Frutta-300x300.jpg","_links":{"self":[{"href":"https:\/\/www.erresse-shop.it\/fr\/wp-json\/wp\/v2\/product\/414228"}],"collection":[{"href":"https:\/\/www.erresse-shop.it\/fr\/wp-json\/wp\/v2\/product"}],"about":[{"href":"https:\/\/www.erresse-shop.it\/fr\/wp-json\/wp\/v2\/types\/product"}],"wp:featuredmedia":[{"embeddable":true,"href":"https:\/\/www.erresse-shop.it\/fr\/wp-json\/wp\/v2\/media\/456533"}],"wp:attachment":[{"href":"https:\/\/www.erresse-shop.it\/fr\/wp-json\/wp\/v2\/media?parent=414228"}],"wp:term":[{"taxonomy":"product_cat","embeddable":true,"href":"https:\/\/www.erresse-shop.it\/fr\/wp-json\/wp\/v2\/product_cat?post=414228"},{"taxonomy":"product_tag","embeddable":true,"href":"https:\/\/www.erresse-shop.it\/fr\/wp-json\/wp\/v2\/product_tag?post=414228"}],"curies":[{"name":"wp","href":"https:\/\/api.w.org\/{rel}","templated":true}]}}