{"id":413366,"date":"2024-06-20T09:52:06","date_gmt":"2024-06-20T09:52:07","guid":{"rendered":"https:\/\/www.erresse-shop.it\/?post_type=product&#038;p=413366"},"modified":"2024-10-15T08:31:12","modified_gmt":"2024-10-15T08:31:12","slug":"wd-lifestyle-panier-de-pique-nique-en-osier-pour-4-personnes-blanc","status":"publish","type":"product","link":"https:\/\/www.erresse-shop.it\/fr\/shop\/table-fr-2\/paniers-pique-nique\/wd-lifestyle-panier-de-pique-nique-en-osier-pour-4-personnes-blanc\/","title":{"rendered":"WD LIFESTYLE Panier de pique-nique en osier pour 4 personnes Blanc"},"content":{"rendered":"<p>Panier pique-nique en osier blanc pour 4 personnes. D\u00e9cor\u00e9 de tissu ray\u00e9 blanc, confortable et pratique gr\u00e2ce \u00e0 sa bandouli\u00e8re r\u00e9glable. Contient 4 assiettes en c\u00e9ramique ; 4 fourchettes, 4 couteaux, 4 cuill\u00e8res, 1 tire-bouchon en acier inoxydable ; 4 gobelets en verre ; 1 sac isotherme ; 1 nappe avec fond imperm\u00e9able.<\/p>\n<p>Dimensions : 43 x 30 x 23 cm<\/p>\n","protected":false},"excerpt":{"rendered":"<p>Panier pique-nique en osier blanc pour 4 personnes. D\u00e9cor\u00e9 de tissu ray\u00e9 blanc, confortable et pratique gr\u00e2ce \u00e0 sa bandouli\u00e8re<\/p>\n","protected":false},"featured_media":436991,"template":"","meta":{"_acf_changed":false,"inline_featured_image":false},"product_cat":[15510,12782],"product_tag":[17552,24603],"acf":[],"yoast_head":"<!-- This site is optimized with the Yoast SEO Premium plugin v18.6 (Yoast SEO v19.13) - https:\/\/yoast.com\/wordpress\/plugins\/seo\/ -->\n<title>WD LIFESTYLE Panier de pique-nique en osier pour 4 personnes Blanc - Erresse Shop<\/title>\n<meta name=\"description\" content=\"Panier pique-nique en osier blanc pour 4 personnes. D\u00e9cor\u00e9 de tissu ray\u00e9 blanc, confortable et pratique gr\u00e2ce \u00e0 sa bandouli\u00e8re r\u00e9glable. Contient 4\" \/>\n<meta name=\"robots\" content=\"index, follow, max-snippet:-1, max-image-preview:large, max-video-preview:-1\" \/>\n<link rel=\"canonical\" href=\"https:\/\/www.erresse-shop.it\/fr\/shop\/table-fr-2\/paniers-pique-nique\/wd-lifestyle-panier-de-pique-nique-en-osier-pour-4-personnes-blanc\/\" \/>\n<meta property=\"og:locale\" content=\"fr_FR\" \/>\n<meta property=\"og:type\" content=\"article\" \/>\n<meta property=\"og:title\" content=\"WD LIFESTYLE Panier de pique-nique en osier pour 4 personnes Blanc\" \/>\n<meta property=\"og:description\" content=\"Panier pique-nique en osier blanc pour 4 personnes. D\u00e9cor\u00e9 de tissu ray\u00e9 blanc, confortable et pratique gr\u00e2ce \u00e0 sa bandouli\u00e8re r\u00e9glable. Contient 4\" \/>\n<meta property=\"og:url\" content=\"https:\/\/www.erresse-shop.it\/fr\/shop\/table-fr-2\/paniers-pique-nique\/wd-lifestyle-panier-de-pique-nique-en-osier-pour-4-personnes-blanc\/\" \/>\n<meta property=\"og:site_name\" content=\"Erresse Shop\" \/>\n<meta property=\"article:modified_time\" content=\"2024-10-15T08:31:12+00:00\" \/>\n<meta property=\"og:image\" content=\"https:\/\/www.erresse-shop.it\/wp-content\/uploads\/2024\/06\/WD-LIFESTYLE-Cestino-Picnic-in-Vimini-per-4-Persone-Bianco-1.jpg\" \/>\n\t<meta property=\"og:image:width\" content=\"1200\" \/>\n\t<meta property=\"og:image:height\" content=\"1200\" \/>\n\t<meta property=\"og:image:type\" content=\"image\/jpeg\" \/>\n<meta name=\"twitter:card\" content=\"summary_large_image\" \/>\n<script type=\"application\/ld+json\" class=\"yoast-schema-graph\">{\"@context\":\"https:\/\/schema.org\",\"@graph\":[{\"@type\":\"WebPage\",\"@id\":\"https:\/\/www.erresse-shop.it\/fr\/shop\/table-fr-2\/paniers-pique-nique\/wd-lifestyle-panier-de-pique-nique-en-osier-pour-4-personnes-blanc\/\",\"url\":\"https:\/\/www.erresse-shop.it\/fr\/shop\/table-fr-2\/paniers-pique-nique\/wd-lifestyle-panier-de-pique-nique-en-osier-pour-4-personnes-blanc\/\",\"name\":\"WD LIFESTYLE Panier de pique-nique en osier pour 4 personnes Blanc - Erresse Shop\",\"isPartOf\":{\"@id\":\"https:\/\/www.erresse-shop.it\/fr\/#website\"},\"datePublished\":\"2024-06-20T09:52:07+00:00\",\"dateModified\":\"2024-10-15T08:31:12+00:00\",\"description\":\"Panier pique-nique en osier blanc pour 4 personnes. D\u00e9cor\u00e9 de tissu ray\u00e9 blanc, confortable et pratique gr\u00e2ce \u00e0 sa bandouli\u00e8re r\u00e9glable. Contient 4\",\"breadcrumb\":{\"@id\":\"https:\/\/www.erresse-shop.it\/fr\/shop\/table-fr-2\/paniers-pique-nique\/wd-lifestyle-panier-de-pique-nique-en-osier-pour-4-personnes-blanc\/#breadcrumb\"},\"inLanguage\":\"fr-FR\",\"potentialAction\":[{\"@type\":\"ReadAction\",\"target\":[\"https:\/\/www.erresse-shop.it\/fr\/shop\/table-fr-2\/paniers-pique-nique\/wd-lifestyle-panier-de-pique-nique-en-osier-pour-4-personnes-blanc\/\"]}]},{\"@type\":\"BreadcrumbList\",\"@id\":\"https:\/\/www.erresse-shop.it\/fr\/shop\/table-fr-2\/paniers-pique-nique\/wd-lifestyle-panier-de-pique-nique-en-osier-pour-4-personnes-blanc\/#breadcrumb\",\"itemListElement\":[{\"@type\":\"ListItem\",\"position\":1,\"name\":\"Home\",\"item\":\"https:\/\/www.erresse-shop.it\/fr\/\"},{\"@type\":\"ListItem\",\"position\":2,\"name\":\"Shop\",\"item\":\"https:\/\/www.erresse-shop.it\/fr\/shop\/\"},{\"@type\":\"ListItem\",\"position\":3,\"name\":\"WD LIFESTYLE Panier de pique-nique en osier pour 4 personnes Blanc\"}]},{\"@type\":\"WebSite\",\"@id\":\"https:\/\/www.erresse-shop.it\/fr\/#website\",\"url\":\"https:\/\/www.erresse-shop.it\/fr\/\",\"name\":\"Erresse Shop\",\"description\":\"Articoli di qualit\u00e0 per la casa\",\"potentialAction\":[{\"@type\":\"SearchAction\",\"target\":{\"@type\":\"EntryPoint\",\"urlTemplate\":\"https:\/\/www.erresse-shop.it\/fr\/?s={search_term_string}\"},\"query-input\":\"required name=search_term_string\"}],\"inLanguage\":\"fr-FR\"}]}<\/script>\n<!-- \/ Yoast SEO Premium plugin. -->","yoast_head_json":{"title":"WD LIFESTYLE Panier de pique-nique en osier pour 4 personnes Blanc - Erresse Shop","description":"Panier pique-nique en osier blanc pour 4 personnes. D\u00e9cor\u00e9 de tissu ray\u00e9 blanc, confortable et pratique gr\u00e2ce \u00e0 sa bandouli\u00e8re r\u00e9glable. Contient 4","robots":{"index":"index","follow":"follow","max-snippet":"max-snippet:-1","max-image-preview":"max-image-preview:large","max-video-preview":"max-video-preview:-1"},"canonical":"https:\/\/www.erresse-shop.it\/fr\/shop\/table-fr-2\/paniers-pique-nique\/wd-lifestyle-panier-de-pique-nique-en-osier-pour-4-personnes-blanc\/","og_locale":"fr_FR","og_type":"article","og_title":"WD LIFESTYLE Panier de pique-nique en osier pour 4 personnes Blanc","og_description":"Panier pique-nique en osier blanc pour 4 personnes. D\u00e9cor\u00e9 de tissu ray\u00e9 blanc, confortable et pratique gr\u00e2ce \u00e0 sa bandouli\u00e8re r\u00e9glable. Contient 4","og_url":"https:\/\/www.erresse-shop.it\/fr\/shop\/table-fr-2\/paniers-pique-nique\/wd-lifestyle-panier-de-pique-nique-en-osier-pour-4-personnes-blanc\/","og_site_name":"Erresse Shop","article_modified_time":"2024-10-15T08:31:12+00:00","og_image":[{"width":1200,"height":1200,"url":"https:\/\/www.erresse-shop.it\/wp-content\/uploads\/2024\/06\/WD-LIFESTYLE-Cestino-Picnic-in-Vimini-per-4-Persone-Bianco-1.jpg","type":"image\/jpeg"}],"twitter_card":"summary_large_image","schema":{"@context":"https:\/\/schema.org","@graph":[{"@type":"WebPage","@id":"https:\/\/www.erresse-shop.it\/fr\/shop\/table-fr-2\/paniers-pique-nique\/wd-lifestyle-panier-de-pique-nique-en-osier-pour-4-personnes-blanc\/","url":"https:\/\/www.erresse-shop.it\/fr\/shop\/table-fr-2\/paniers-pique-nique\/wd-lifestyle-panier-de-pique-nique-en-osier-pour-4-personnes-blanc\/","name":"WD LIFESTYLE Panier de pique-nique en osier pour 4 personnes Blanc - Erresse Shop","isPartOf":{"@id":"https:\/\/www.erresse-shop.it\/fr\/#website"},"datePublished":"2024-06-20T09:52:07+00:00","dateModified":"2024-10-15T08:31:12+00:00","description":"Panier pique-nique en osier blanc pour 4 personnes. D\u00e9cor\u00e9 de tissu ray\u00e9 blanc, confortable et pratique gr\u00e2ce \u00e0 sa bandouli\u00e8re r\u00e9glable. Contient 4","breadcrumb":{"@id":"https:\/\/www.erresse-shop.it\/fr\/shop\/table-fr-2\/paniers-pique-nique\/wd-lifestyle-panier-de-pique-nique-en-osier-pour-4-personnes-blanc\/#breadcrumb"},"inLanguage":"fr-FR","potentialAction":[{"@type":"ReadAction","target":["https:\/\/www.erresse-shop.it\/fr\/shop\/table-fr-2\/paniers-pique-nique\/wd-lifestyle-panier-de-pique-nique-en-osier-pour-4-personnes-blanc\/"]}]},{"@type":"BreadcrumbList","@id":"https:\/\/www.erresse-shop.it\/fr\/shop\/table-fr-2\/paniers-pique-nique\/wd-lifestyle-panier-de-pique-nique-en-osier-pour-4-personnes-blanc\/#breadcrumb","itemListElement":[{"@type":"ListItem","position":1,"name":"Home","item":"https:\/\/www.erresse-shop.it\/fr\/"},{"@type":"ListItem","position":2,"name":"Shop","item":"https:\/\/www.erresse-shop.it\/fr\/shop\/"},{"@type":"ListItem","position":3,"name":"WD LIFESTYLE Panier de pique-nique en osier pour 4 personnes Blanc"}]},{"@type":"WebSite","@id":"https:\/\/www.erresse-shop.it\/fr\/#website","url":"https:\/\/www.erresse-shop.it\/fr\/","name":"Erresse Shop","description":"Articoli di qualit\u00e0 per la casa","potentialAction":[{"@type":"SearchAction","target":{"@type":"EntryPoint","urlTemplate":"https:\/\/www.erresse-shop.it\/fr\/?s={search_term_string}"},"query-input":"required name=search_term_string"}],"inLanguage":"fr-FR"}]}},"df_price":77.94,"df_sale_price":77.94,"df_regular_price":129.9,"df_image_link":"https:\/\/www.erresse-shop.it\/wp-content\/uploads\/2024\/06\/WD-LIFESTYLE-Cestino-Picnic-in-Vimini-per-4-Persone-Bianco-1-300x300.jpg","_links":{"self":[{"href":"https:\/\/www.erresse-shop.it\/fr\/wp-json\/wp\/v2\/product\/413366"}],"collection":[{"href":"https:\/\/www.erresse-shop.it\/fr\/wp-json\/wp\/v2\/product"}],"about":[{"href":"https:\/\/www.erresse-shop.it\/fr\/wp-json\/wp\/v2\/types\/product"}],"wp:featuredmedia":[{"embeddable":true,"href":"https:\/\/www.erresse-shop.it\/fr\/wp-json\/wp\/v2\/media\/436991"}],"wp:attachment":[{"href":"https:\/\/www.erresse-shop.it\/fr\/wp-json\/wp\/v2\/media?parent=413366"}],"wp:term":[{"taxonomy":"product_cat","embeddable":true,"href":"https:\/\/www.erresse-shop.it\/fr\/wp-json\/wp\/v2\/product_cat?post=413366"},{"taxonomy":"product_tag","embeddable":true,"href":"https:\/\/www.erresse-shop.it\/fr\/wp-json\/wp\/v2\/product_tag?post=413366"}],"curies":[{"name":"wp","href":"https:\/\/api.w.org\/{rel}","templated":true}]}}