{"id":412965,"date":"2024-06-19T12:45:39","date_gmt":"2024-06-19T12:45:40","guid":{"rendered":"https:\/\/www.erresse-shop.it\/?post_type=product&#038;p=412965"},"modified":"2025-09-18T21:04:29","modified_gmt":"2025-09-18T21:04:29","slug":"wd-lifestyle-seau-a-glace-enceinte-bluethooth-lampe-led-blanc","status":"publish","type":"product","link":"https:\/\/www.erresse-shop.it\/fr\/shop\/table-fr-2\/vin\/wd-lifestyle-seau-a-glace-enceinte-bluethooth-lampe-led-blanc\/","title":{"rendered":"WD LIFESTYLE Seau \u00e0 glace Enceinte Bluethooth Lampe Led Blanc"},"content":{"rendered":"<p>La technologie Bluetooth vous permet d&#8217;\u00e9couter votre musique pr\u00e9f\u00e9r\u00e9e pendant que votre vin\/boisson reste frais et que la lumi\u00e8re LED cr\u00e9e une atmosph\u00e8re unique. Vous pouvez l&#8217;utiliser partout gr\u00e2ce \u00e0 la batterie rechargeable qui le rend portable et \u00e0 la protection contre l&#8217;eau et la poussi\u00e8re. Possibilit\u00e9 de connexion simultan\u00e9e \u00e0 un autre ROOFTOP.<\/p>\n<p>Dimensions : \u00d8 30 x 41 cm<\/p>\n","protected":false},"excerpt":{"rendered":"<p>La technologie Bluetooth vous permet d&#8217;\u00e9couter votre musique pr\u00e9f\u00e9r\u00e9e pendant que votre vin\/boisson reste frais et que la lumi\u00e8re LED<\/p>\n","protected":false},"featured_media":488832,"template":"","meta":{"_acf_changed":false,"inline_featured_image":false},"product_cat":[14466,12782,12754],"product_tag":[24603,21294,16884],"acf":[],"yoast_head":"<!-- This site is optimized with the Yoast SEO Premium plugin v18.6 (Yoast SEO v19.13) - https:\/\/yoast.com\/wordpress\/plugins\/seo\/ -->\n<title>WD LIFESTYLE Seau \u00e0 glace Enceinte Bluethooth Lampe Led Blanc - Erresse Shop<\/title>\n<meta name=\"description\" content=\"La technologie Bluetooth vous permet d&#039;\u00e9couter votre musique pr\u00e9f\u00e9r\u00e9e pendant que votre vin\/boisson reste frais et que la lumi\u00e8re LED cr\u00e9e une atmosph\u00e8re\" \/>\n<meta name=\"robots\" content=\"index, follow, max-snippet:-1, max-image-preview:large, max-video-preview:-1\" \/>\n<link rel=\"canonical\" href=\"https:\/\/www.erresse-shop.it\/fr\/shop\/table-fr-2\/vin\/wd-lifestyle-seau-a-glace-enceinte-bluethooth-lampe-led-blanc\/\" \/>\n<meta property=\"og:locale\" content=\"fr_FR\" \/>\n<meta property=\"og:type\" content=\"article\" \/>\n<meta property=\"og:title\" content=\"WD LIFESTYLE Seau \u00e0 glace Enceinte Bluethooth Lampe Led Blanc\" \/>\n<meta property=\"og:description\" content=\"La technologie Bluetooth vous permet d&#039;\u00e9couter votre musique pr\u00e9f\u00e9r\u00e9e pendant que votre vin\/boisson reste frais et que la lumi\u00e8re LED cr\u00e9e une atmosph\u00e8re\" \/>\n<meta property=\"og:url\" content=\"https:\/\/www.erresse-shop.it\/fr\/shop\/table-fr-2\/vin\/wd-lifestyle-seau-a-glace-enceinte-bluethooth-lampe-led-blanc\/\" \/>\n<meta property=\"og:site_name\" content=\"Erresse Shop\" \/>\n<meta property=\"article:modified_time\" content=\"2025-09-18T21:04:29+00:00\" \/>\n<meta property=\"og:image\" content=\"https:\/\/www.erresse-shop.it\/wp-content\/uploads\/2024\/06\/WD-LIFESTYLE-Secchiello-Per-Ghiaccio-Altoparlante-Bluethooth-Lampada-Led-Bianco.png\" \/>\n\t<meta property=\"og:image:width\" content=\"800\" \/>\n\t<meta property=\"og:image:height\" content=\"800\" \/>\n\t<meta property=\"og:image:type\" content=\"image\/png\" \/>\n<meta name=\"twitter:card\" content=\"summary_large_image\" \/>\n<script type=\"application\/ld+json\" class=\"yoast-schema-graph\">{\"@context\":\"https:\/\/schema.org\",\"@graph\":[{\"@type\":\"WebPage\",\"@id\":\"https:\/\/www.erresse-shop.it\/fr\/shop\/table-fr-2\/vin\/wd-lifestyle-seau-a-glace-enceinte-bluethooth-lampe-led-blanc\/\",\"url\":\"https:\/\/www.erresse-shop.it\/fr\/shop\/table-fr-2\/vin\/wd-lifestyle-seau-a-glace-enceinte-bluethooth-lampe-led-blanc\/\",\"name\":\"WD LIFESTYLE Seau \u00e0 glace Enceinte Bluethooth Lampe Led Blanc - Erresse Shop\",\"isPartOf\":{\"@id\":\"https:\/\/www.erresse-shop.it\/fr\/#website\"},\"datePublished\":\"2024-06-19T12:45:40+00:00\",\"dateModified\":\"2025-09-18T21:04:29+00:00\",\"description\":\"La technologie Bluetooth vous permet d'\u00e9couter votre musique pr\u00e9f\u00e9r\u00e9e pendant que votre vin\/boisson reste frais et que la lumi\u00e8re LED cr\u00e9e une atmosph\u00e8re\",\"breadcrumb\":{\"@id\":\"https:\/\/www.erresse-shop.it\/fr\/shop\/table-fr-2\/vin\/wd-lifestyle-seau-a-glace-enceinte-bluethooth-lampe-led-blanc\/#breadcrumb\"},\"inLanguage\":\"fr-FR\",\"potentialAction\":[{\"@type\":\"ReadAction\",\"target\":[\"https:\/\/www.erresse-shop.it\/fr\/shop\/table-fr-2\/vin\/wd-lifestyle-seau-a-glace-enceinte-bluethooth-lampe-led-blanc\/\"]}]},{\"@type\":\"BreadcrumbList\",\"@id\":\"https:\/\/www.erresse-shop.it\/fr\/shop\/table-fr-2\/vin\/wd-lifestyle-seau-a-glace-enceinte-bluethooth-lampe-led-blanc\/#breadcrumb\",\"itemListElement\":[{\"@type\":\"ListItem\",\"position\":1,\"name\":\"Home\",\"item\":\"https:\/\/www.erresse-shop.it\/fr\/\"},{\"@type\":\"ListItem\",\"position\":2,\"name\":\"Shop\",\"item\":\"https:\/\/www.erresse-shop.it\/fr\/shop\/\"},{\"@type\":\"ListItem\",\"position\":3,\"name\":\"WD LIFESTYLE Seau \u00e0 glace Enceinte Bluethooth Lampe Led Blanc\"}]},{\"@type\":\"WebSite\",\"@id\":\"https:\/\/www.erresse-shop.it\/fr\/#website\",\"url\":\"https:\/\/www.erresse-shop.it\/fr\/\",\"name\":\"Erresse Shop\",\"description\":\"Articoli di qualit\u00e0 per la casa\",\"potentialAction\":[{\"@type\":\"SearchAction\",\"target\":{\"@type\":\"EntryPoint\",\"urlTemplate\":\"https:\/\/www.erresse-shop.it\/fr\/?s={search_term_string}\"},\"query-input\":\"required name=search_term_string\"}],\"inLanguage\":\"fr-FR\"}]}<\/script>\n<!-- \/ Yoast SEO Premium plugin. -->","yoast_head_json":{"title":"WD LIFESTYLE Seau \u00e0 glace Enceinte Bluethooth Lampe Led Blanc - Erresse Shop","description":"La technologie Bluetooth vous permet d'\u00e9couter votre musique pr\u00e9f\u00e9r\u00e9e pendant que votre vin\/boisson reste frais et que la lumi\u00e8re LED cr\u00e9e une atmosph\u00e8re","robots":{"index":"index","follow":"follow","max-snippet":"max-snippet:-1","max-image-preview":"max-image-preview:large","max-video-preview":"max-video-preview:-1"},"canonical":"https:\/\/www.erresse-shop.it\/fr\/shop\/table-fr-2\/vin\/wd-lifestyle-seau-a-glace-enceinte-bluethooth-lampe-led-blanc\/","og_locale":"fr_FR","og_type":"article","og_title":"WD LIFESTYLE Seau \u00e0 glace Enceinte Bluethooth Lampe Led Blanc","og_description":"La technologie Bluetooth vous permet d'\u00e9couter votre musique pr\u00e9f\u00e9r\u00e9e pendant que votre vin\/boisson reste frais et que la lumi\u00e8re LED cr\u00e9e une atmosph\u00e8re","og_url":"https:\/\/www.erresse-shop.it\/fr\/shop\/table-fr-2\/vin\/wd-lifestyle-seau-a-glace-enceinte-bluethooth-lampe-led-blanc\/","og_site_name":"Erresse Shop","article_modified_time":"2025-09-18T21:04:29+00:00","og_image":[{"width":800,"height":800,"url":"https:\/\/www.erresse-shop.it\/wp-content\/uploads\/2024\/06\/WD-LIFESTYLE-Secchiello-Per-Ghiaccio-Altoparlante-Bluethooth-Lampada-Led-Bianco.png","type":"image\/png"}],"twitter_card":"summary_large_image","schema":{"@context":"https:\/\/schema.org","@graph":[{"@type":"WebPage","@id":"https:\/\/www.erresse-shop.it\/fr\/shop\/table-fr-2\/vin\/wd-lifestyle-seau-a-glace-enceinte-bluethooth-lampe-led-blanc\/","url":"https:\/\/www.erresse-shop.it\/fr\/shop\/table-fr-2\/vin\/wd-lifestyle-seau-a-glace-enceinte-bluethooth-lampe-led-blanc\/","name":"WD LIFESTYLE Seau \u00e0 glace Enceinte Bluethooth Lampe Led Blanc - Erresse Shop","isPartOf":{"@id":"https:\/\/www.erresse-shop.it\/fr\/#website"},"datePublished":"2024-06-19T12:45:40+00:00","dateModified":"2025-09-18T21:04:29+00:00","description":"La technologie Bluetooth vous permet d'\u00e9couter votre musique pr\u00e9f\u00e9r\u00e9e pendant que votre vin\/boisson reste frais et que la lumi\u00e8re LED cr\u00e9e une atmosph\u00e8re","breadcrumb":{"@id":"https:\/\/www.erresse-shop.it\/fr\/shop\/table-fr-2\/vin\/wd-lifestyle-seau-a-glace-enceinte-bluethooth-lampe-led-blanc\/#breadcrumb"},"inLanguage":"fr-FR","potentialAction":[{"@type":"ReadAction","target":["https:\/\/www.erresse-shop.it\/fr\/shop\/table-fr-2\/vin\/wd-lifestyle-seau-a-glace-enceinte-bluethooth-lampe-led-blanc\/"]}]},{"@type":"BreadcrumbList","@id":"https:\/\/www.erresse-shop.it\/fr\/shop\/table-fr-2\/vin\/wd-lifestyle-seau-a-glace-enceinte-bluethooth-lampe-led-blanc\/#breadcrumb","itemListElement":[{"@type":"ListItem","position":1,"name":"Home","item":"https:\/\/www.erresse-shop.it\/fr\/"},{"@type":"ListItem","position":2,"name":"Shop","item":"https:\/\/www.erresse-shop.it\/fr\/shop\/"},{"@type":"ListItem","position":3,"name":"WD LIFESTYLE Seau \u00e0 glace Enceinte Bluethooth Lampe Led Blanc"}]},{"@type":"WebSite","@id":"https:\/\/www.erresse-shop.it\/fr\/#website","url":"https:\/\/www.erresse-shop.it\/fr\/","name":"Erresse Shop","description":"Articoli di qualit\u00e0 per la casa","potentialAction":[{"@type":"SearchAction","target":{"@type":"EntryPoint","urlTemplate":"https:\/\/www.erresse-shop.it\/fr\/?s={search_term_string}"},"query-input":"required name=search_term_string"}],"inLanguage":"fr-FR"}]}},"df_price":101.39999999999999,"df_sale_price":101.39999999999999,"df_regular_price":169,"df_image_link":"https:\/\/www.erresse-shop.it\/wp-content\/uploads\/2024\/06\/WD-LIFESTYLE-Secchiello-Per-Ghiaccio-Altoparlante-Bluethooth-Lampada-Led-Bianco-300x300.jpg","_links":{"self":[{"href":"https:\/\/www.erresse-shop.it\/fr\/wp-json\/wp\/v2\/product\/412965"}],"collection":[{"href":"https:\/\/www.erresse-shop.it\/fr\/wp-json\/wp\/v2\/product"}],"about":[{"href":"https:\/\/www.erresse-shop.it\/fr\/wp-json\/wp\/v2\/types\/product"}],"wp:featuredmedia":[{"embeddable":true,"href":"https:\/\/www.erresse-shop.it\/fr\/wp-json\/wp\/v2\/media\/488832"}],"wp:attachment":[{"href":"https:\/\/www.erresse-shop.it\/fr\/wp-json\/wp\/v2\/media?parent=412965"}],"wp:term":[{"taxonomy":"product_cat","embeddable":true,"href":"https:\/\/www.erresse-shop.it\/fr\/wp-json\/wp\/v2\/product_cat?post=412965"},{"taxonomy":"product_tag","embeddable":true,"href":"https:\/\/www.erresse-shop.it\/fr\/wp-json\/wp\/v2\/product_tag?post=412965"}],"curies":[{"name":"wp","href":"https:\/\/api.w.org\/{rel}","templated":true}]}}