{"id":412435,"date":"2024-06-14T06:31:51","date_gmt":"2024-06-14T06:31:53","guid":{"rendered":"https:\/\/www.erresse-shop.it\/?post_type=product&#038;p=412435"},"modified":"2024-11-27T12:00:07","modified_gmt":"2024-11-27T12:00:07","slug":"magimix-robot-multifonction-compact-4200xl-rouge","status":"publish","type":"product","link":"https:\/\/www.erresse-shop.it\/fr\/shop\/petits-electromenagers\/robots-de-cuisine\/magimix-robot-multifonction-compact-4200xl-rouge\/","title":{"rendered":"MAGIMIX Robot multifonction Compact 4200XL Rouge"},"content":{"rendered":"<p><strong>MAGIMIX.<\/strong><br \/>\nC&#8217;est en France, au c\u0153ur de la Bourgogne, r\u00e9put\u00e9e pour sa gastronomie, que Magimix a invent\u00e9, il y a plus de quarante ans, le robot culinaire.Aujourd&#8217;hui, les appareils Magimix sont la version domestique des appareils destin\u00e9s aux professionnels. Les plus grands restaurants du monde utilisent la version professionnelle de nos produits.Au sein de la gamme Magimix, vous trouverez la gamme compl\u00e8te du petit \u00e9lectrom\u00e9nager.Toujours \u00e0 la pointe de l&#8217;innovation dans la cuisine, Magimix est fi\u00e8re de pr\u00e9senter sa derni\u00e8re collection pour le plaisir de cuisiner comme un grand cuisinier.<br \/>\n<strong>CUISINE 4200XL<\/strong><\/p>\n<p>Grand bol 3 litres<br \/>\nBol en moyenne 2,6 litres<br \/>\nMini bol 1,2 litre<br \/>\nsspatule 1<br \/>\ncapacit\u00e9: Brioche 800 g P\u00e2te \u00e0 pain 1 kg P\u00e2tes bris\u00e9es 1,2 kg Velout\u00e9 1,3 litre Hach\u00e9 1 kg Carottes 1 kg 6 blancs d&#8217;\u0153ufs<br \/>\nMat\u00e9riau 0% BPA<br \/>\nPuissance du moteur 950 W<br \/>\nGarantie 3 ans<br \/>\nGarantie moteur 30 ans<br \/>\nDimensions H425 x L210 x P260 mm<br \/>\nPoids 10,8 kg<br \/>\nFabriqu\u00e9 en France<br \/>\nRemarque: la prise d&#8217;alimentation est europ\u00e9enne Schuko<br \/>\nPas \u00e0 vendre en dehors de l&#8217;Europe<\/p>\n","protected":false},"excerpt":{"rendered":"<p>MAGIMIX. C&#8217;est en France, au c\u0153ur de la Bourgogne, r\u00e9put\u00e9e pour sa gastronomie, que Magimix a invent\u00e9, il y a<\/p>\n","protected":false},"featured_media":492502,"template":"","meta":{"_acf_changed":false,"inline_featured_image":false},"product_cat":[12449,12768],"product_tag":[15904,23910,13739,13740,25021,12994,12995,13004,15733,23261,23260],"acf":[],"yoast_head":"<!-- This site is optimized with the Yoast SEO Premium plugin v18.6 (Yoast SEO v19.13) - https:\/\/yoast.com\/wordpress\/plugins\/seo\/ -->\n<title>MAGIMIX Robot multifonction Compact 4200XL Rouge - Erresse Shop<\/title>\n<meta name=\"description\" content=\"MAGIMIX. C&#039;est en France, au c\u0153ur de la Bourgogne, r\u00e9put\u00e9e pour sa gastronomie, que Magimix a invent\u00e9, il y a plus de quarante ans, le robot\" \/>\n<meta name=\"robots\" content=\"index, follow, max-snippet:-1, max-image-preview:large, max-video-preview:-1\" \/>\n<link rel=\"canonical\" href=\"https:\/\/www.erresse-shop.it\/fr\/shop\/petits-electromenagers\/robots-de-cuisine\/magimix-robot-multifonction-compact-4200xl-rouge\/\" \/>\n<meta property=\"og:locale\" content=\"fr_FR\" \/>\n<meta property=\"og:type\" content=\"article\" \/>\n<meta property=\"og:title\" content=\"MAGIMIX Robot multifonction Compact 4200XL Rouge\" \/>\n<meta property=\"og:description\" content=\"MAGIMIX. C&#039;est en France, au c\u0153ur de la Bourgogne, r\u00e9put\u00e9e pour sa gastronomie, que Magimix a invent\u00e9, il y a plus de quarante ans, le robot\" \/>\n<meta property=\"og:url\" content=\"https:\/\/www.erresse-shop.it\/fr\/shop\/petits-electromenagers\/robots-de-cuisine\/magimix-robot-multifonction-compact-4200xl-rouge\/\" \/>\n<meta property=\"og:site_name\" content=\"Erresse Shop\" \/>\n<meta property=\"article:modified_time\" content=\"2024-11-27T12:00:07+00:00\" \/>\n<meta property=\"og:image\" content=\"https:\/\/www.erresse-shop.it\/wp-content\/uploads\/2024\/06\/MAGIMIX-Robot-da-cucina-Cuisine-4200XL-Rosso.png\" \/>\n\t<meta property=\"og:image:width\" content=\"800\" \/>\n\t<meta property=\"og:image:height\" content=\"800\" \/>\n\t<meta property=\"og:image:type\" content=\"image\/png\" \/>\n<meta name=\"twitter:card\" content=\"summary_large_image\" \/>\n<script type=\"application\/ld+json\" class=\"yoast-schema-graph\">{\"@context\":\"https:\/\/schema.org\",\"@graph\":[{\"@type\":\"WebPage\",\"@id\":\"https:\/\/www.erresse-shop.it\/fr\/shop\/petits-electromenagers\/robots-de-cuisine\/magimix-robot-multifonction-compact-4200xl-rouge\/\",\"url\":\"https:\/\/www.erresse-shop.it\/fr\/shop\/petits-electromenagers\/robots-de-cuisine\/magimix-robot-multifonction-compact-4200xl-rouge\/\",\"name\":\"MAGIMIX Robot multifonction Compact 4200XL Rouge - Erresse Shop\",\"isPartOf\":{\"@id\":\"https:\/\/www.erresse-shop.it\/fr\/#website\"},\"datePublished\":\"2024-06-14T06:31:53+00:00\",\"dateModified\":\"2024-11-27T12:00:07+00:00\",\"description\":\"MAGIMIX. C'est en France, au c\u0153ur de la Bourgogne, r\u00e9put\u00e9e pour sa gastronomie, que Magimix a invent\u00e9, il y a plus de quarante ans, le robot\",\"breadcrumb\":{\"@id\":\"https:\/\/www.erresse-shop.it\/fr\/shop\/petits-electromenagers\/robots-de-cuisine\/magimix-robot-multifonction-compact-4200xl-rouge\/#breadcrumb\"},\"inLanguage\":\"fr-FR\",\"potentialAction\":[{\"@type\":\"ReadAction\",\"target\":[\"https:\/\/www.erresse-shop.it\/fr\/shop\/petits-electromenagers\/robots-de-cuisine\/magimix-robot-multifonction-compact-4200xl-rouge\/\"]}]},{\"@type\":\"BreadcrumbList\",\"@id\":\"https:\/\/www.erresse-shop.it\/fr\/shop\/petits-electromenagers\/robots-de-cuisine\/magimix-robot-multifonction-compact-4200xl-rouge\/#breadcrumb\",\"itemListElement\":[{\"@type\":\"ListItem\",\"position\":1,\"name\":\"Home\",\"item\":\"https:\/\/www.erresse-shop.it\/fr\/\"},{\"@type\":\"ListItem\",\"position\":2,\"name\":\"Shop\",\"item\":\"https:\/\/www.erresse-shop.it\/fr\/shop\/\"},{\"@type\":\"ListItem\",\"position\":3,\"name\":\"MAGIMIX Robot multifonction Compact 4200XL Rouge\"}]},{\"@type\":\"WebSite\",\"@id\":\"https:\/\/www.erresse-shop.it\/fr\/#website\",\"url\":\"https:\/\/www.erresse-shop.it\/fr\/\",\"name\":\"Erresse Shop\",\"description\":\"Articoli di qualit\u00e0 per la casa\",\"potentialAction\":[{\"@type\":\"SearchAction\",\"target\":{\"@type\":\"EntryPoint\",\"urlTemplate\":\"https:\/\/www.erresse-shop.it\/fr\/?s={search_term_string}\"},\"query-input\":\"required name=search_term_string\"}],\"inLanguage\":\"fr-FR\"}]}<\/script>\n<!-- \/ Yoast SEO Premium plugin. -->","yoast_head_json":{"title":"MAGIMIX Robot multifonction Compact 4200XL Rouge - Erresse Shop","description":"MAGIMIX. C'est en France, au c\u0153ur de la Bourgogne, r\u00e9put\u00e9e pour sa gastronomie, que Magimix a invent\u00e9, il y a plus de quarante ans, le robot","robots":{"index":"index","follow":"follow","max-snippet":"max-snippet:-1","max-image-preview":"max-image-preview:large","max-video-preview":"max-video-preview:-1"},"canonical":"https:\/\/www.erresse-shop.it\/fr\/shop\/petits-electromenagers\/robots-de-cuisine\/magimix-robot-multifonction-compact-4200xl-rouge\/","og_locale":"fr_FR","og_type":"article","og_title":"MAGIMIX Robot multifonction Compact 4200XL Rouge","og_description":"MAGIMIX. C'est en France, au c\u0153ur de la Bourgogne, r\u00e9put\u00e9e pour sa gastronomie, que Magimix a invent\u00e9, il y a plus de quarante ans, le robot","og_url":"https:\/\/www.erresse-shop.it\/fr\/shop\/petits-electromenagers\/robots-de-cuisine\/magimix-robot-multifonction-compact-4200xl-rouge\/","og_site_name":"Erresse Shop","article_modified_time":"2024-11-27T12:00:07+00:00","og_image":[{"width":800,"height":800,"url":"https:\/\/www.erresse-shop.it\/wp-content\/uploads\/2024\/06\/MAGIMIX-Robot-da-cucina-Cuisine-4200XL-Rosso.png","type":"image\/png"}],"twitter_card":"summary_large_image","schema":{"@context":"https:\/\/schema.org","@graph":[{"@type":"WebPage","@id":"https:\/\/www.erresse-shop.it\/fr\/shop\/petits-electromenagers\/robots-de-cuisine\/magimix-robot-multifonction-compact-4200xl-rouge\/","url":"https:\/\/www.erresse-shop.it\/fr\/shop\/petits-electromenagers\/robots-de-cuisine\/magimix-robot-multifonction-compact-4200xl-rouge\/","name":"MAGIMIX Robot multifonction Compact 4200XL Rouge - Erresse Shop","isPartOf":{"@id":"https:\/\/www.erresse-shop.it\/fr\/#website"},"datePublished":"2024-06-14T06:31:53+00:00","dateModified":"2024-11-27T12:00:07+00:00","description":"MAGIMIX. C'est en France, au c\u0153ur de la Bourgogne, r\u00e9put\u00e9e pour sa gastronomie, que Magimix a invent\u00e9, il y a plus de quarante ans, le robot","breadcrumb":{"@id":"https:\/\/www.erresse-shop.it\/fr\/shop\/petits-electromenagers\/robots-de-cuisine\/magimix-robot-multifonction-compact-4200xl-rouge\/#breadcrumb"},"inLanguage":"fr-FR","potentialAction":[{"@type":"ReadAction","target":["https:\/\/www.erresse-shop.it\/fr\/shop\/petits-electromenagers\/robots-de-cuisine\/magimix-robot-multifonction-compact-4200xl-rouge\/"]}]},{"@type":"BreadcrumbList","@id":"https:\/\/www.erresse-shop.it\/fr\/shop\/petits-electromenagers\/robots-de-cuisine\/magimix-robot-multifonction-compact-4200xl-rouge\/#breadcrumb","itemListElement":[{"@type":"ListItem","position":1,"name":"Home","item":"https:\/\/www.erresse-shop.it\/fr\/"},{"@type":"ListItem","position":2,"name":"Shop","item":"https:\/\/www.erresse-shop.it\/fr\/shop\/"},{"@type":"ListItem","position":3,"name":"MAGIMIX Robot multifonction Compact 4200XL Rouge"}]},{"@type":"WebSite","@id":"https:\/\/www.erresse-shop.it\/fr\/#website","url":"https:\/\/www.erresse-shop.it\/fr\/","name":"Erresse Shop","description":"Articoli di qualit\u00e0 per la casa","potentialAction":[{"@type":"SearchAction","target":{"@type":"EntryPoint","urlTemplate":"https:\/\/www.erresse-shop.it\/fr\/?s={search_term_string}"},"query-input":"required name=search_term_string"}],"inLanguage":"fr-FR"}]}},"df_price":329,"df_sale_price":329,"df_regular_price":520,"df_image_link":"https:\/\/www.erresse-shop.it\/wp-content\/uploads\/2024\/06\/MAGIMIX-Robot-da-cucina-Cuisine-4200XL-Rosso-300x300.jpg","_links":{"self":[{"href":"https:\/\/www.erresse-shop.it\/fr\/wp-json\/wp\/v2\/product\/412435"}],"collection":[{"href":"https:\/\/www.erresse-shop.it\/fr\/wp-json\/wp\/v2\/product"}],"about":[{"href":"https:\/\/www.erresse-shop.it\/fr\/wp-json\/wp\/v2\/types\/product"}],"wp:featuredmedia":[{"embeddable":true,"href":"https:\/\/www.erresse-shop.it\/fr\/wp-json\/wp\/v2\/media\/492502"}],"wp:attachment":[{"href":"https:\/\/www.erresse-shop.it\/fr\/wp-json\/wp\/v2\/media?parent=412435"}],"wp:term":[{"taxonomy":"product_cat","embeddable":true,"href":"https:\/\/www.erresse-shop.it\/fr\/wp-json\/wp\/v2\/product_cat?post=412435"},{"taxonomy":"product_tag","embeddable":true,"href":"https:\/\/www.erresse-shop.it\/fr\/wp-json\/wp\/v2\/product_tag?post=412435"}],"curies":[{"name":"wp","href":"https:\/\/api.w.org\/{rel}","templated":true}]}}