{"id":412080,"date":"2024-06-10T06:44:15","date_gmt":"2024-06-10T06:44:16","guid":{"rendered":"https:\/\/www.erresse-shop.it\/?post_type=product&#038;p=412080"},"modified":"2024-10-28T09:18:47","modified_gmt":"2024-10-28T09:18:47","slug":"la-pavoni-machine-a-cafe-espresso-new-cellini-evoluzione","status":"publish","type":"product","link":"https:\/\/www.erresse-shop.it\/fr\/shop\/petits-electromenagers\/machines-cafe\/manuels\/la-pavoni-machine-a-cafe-espresso-new-cellini-evoluzione\/","title":{"rendered":"LA PAVONI Machine \u00e0 Caf\u00e9 Espresso New Cellini Evoluzione"},"content":{"rendered":"<p>Le mod\u00e8le <strong>Cellini<\/strong> <strong>Evoluzione<\/strong> a une chaudi\u00e8re en cuivre avec une bride en laiton. Chaudi\u00e8re avec isolation ext\u00e9rieure pour une plus grande stabilit\u00e9 thermique et une \u00e9conomie d&#8217;\u00e9nergie.<\/p>\n<p>Ch\u00e2ssis et but\u00e9es en acier inoxydable AISI 304.<\/p>\n<p>Deux manom\u00e8tres professionnels, l&#8217;un pour le contr\u00f4le de la pression de la pompe et l&#8217;autre pour la pression de la chaudi\u00e8re, qui garantissent un processus d&#8217;extraction correct, la pompe \u00e9lectrique rotative professionnelle avec la possibilit\u00e9 d&#8217;utiliser un r\u00e9servoir ou d&#8217;\u00eatre raccord\u00e9e au r\u00e9seau d&#8217;eau, et le pressostat m\u00e9canique commercial compl\u00e8tent les caract\u00e9ristiques techniques avanc\u00e9es de ce mod\u00e8le.<\/p>\n<p>Toutes les machines semi-professionnelles La Pavoni 230V sont certifi\u00e9es par :<\/p>\n<p><a href=\"https:\/\/www.erresse-shop.it\/wp-content\/uploads\/2021\/02\/La-Pavoni-Certificato-150x150.png\"><img decoding=\"async\" class=\"alignnone size-thumbnail wp-image-91734\" src=\"https:\/\/www.erresse-shop.it\/wp-content\/uploads\/2021\/02\/La-Pavoni-Certificato-150x150.png\" alt=\"La Pavoni Certificato\" width=\"150\" height=\"150\" \/><\/a><br \/>\n<strong>ESTH\u00c9TIQUE<\/strong><\/p>\n<p><strong>Couleur<\/strong>\u00a0: Acier inoxydable<br \/>\n<strong>Finition<\/strong>\u00a0: Polie<br \/>\n<strong>Esth\u00e9tique<\/strong>\u00a0: \u00e9volution<br \/>\n<strong>S\u00e9rie<\/strong>\u00a0: Cellini<br \/>\n<strong>Couleur du corps<\/strong>\u00a0: Acier poli<br \/>\n<strong>Mat\u00e9riau du corps<\/strong>\u00a0: Acier inoxydable<br \/>\n<strong>Mat\u00e9riau de la grille<\/strong> <strong>repose-tasse<\/strong>\u00a0: Acier<br \/>\n<strong>Mat\u00e9riau de la baguette vapeur<\/strong>\u00a0: Acier inoxydable &#8211; Toucher froid<br \/>\n<strong>Mat\u00e9riau de la buse de distribution d&#8217;eau chaude<\/strong>\u00a0: Acier inoxydable-Cool Touch<br \/>\n<strong>Groupe de distributeurs<\/strong>\u00a0: E61<br \/>\n<strong>Mat\u00e9riau du groupe distributeur<\/strong>\u00a0: Laiton<br \/>\n<strong>Couleur du groupe de distributeurs<\/strong>\u00a0: Chrome<br \/>\n<strong>Type de bouton<\/strong>\u00a0: Levier<\/p>\n<p><strong>PROGRAMMES \/ FONCTIONS<\/strong><\/p>\n<p><strong>Fonction de distribution de caf\u00e9<\/strong>\u00a0: Oui<br \/>\n<strong>Fonction vapeur<\/strong>\u00a0: Oui<br \/>\n<strong>Fonction eau chaude<\/strong>\u00a0: Oui<br \/>\n<strong>Avertissement pas d&#8217;eau<\/strong>\u00a0: Oui<\/p>\n<p><strong>CARACT\u00c9RISTIQUES TECHNIQUES<\/strong><\/p>\n<p><strong>Auto-niveau \u00e9lectronique<\/strong>\u00a0: Oui<br \/>\n<strong>Dispositif anti-vide<\/strong>\u00a0: Oui<br \/>\n<strong>Type de chaudi\u00e8re<\/strong>\u00a0: Chaudi\u00e8re simple avec \u00e9changeur de chaleur<br \/>\n<strong>Mat\u00e9riau de la chaudi\u00e8re<\/strong>\u00a0: Cuivre et Laiton<br \/>\n<strong>Capacit\u00e9 de la chaudi\u00e8re<\/strong>\u00a0: 1,8 l<br \/>\n<strong>Type de pompe<\/strong>\u00a0: Rotative<br \/>\n<strong>Pression de la pompe<\/strong>\u00a0: 20 bars<br \/>\n<strong>Capacit\u00e9 du r\u00e9servoir d&#8217;eau<\/strong>\u00a0: 2,9 l<br \/>\n<strong>R\u00e9servoir d&#8217;eau amovible<\/strong>\u00a0: Oui<br \/>\n<strong>Raccordement au r\u00e9seau d&#8217;eau<\/strong>\u00a0: Oui<br \/>\n<strong>Manom\u00e8tre de pompe<\/strong>\u00a0: Oui<br \/>\n<strong>Manom\u00e8tre de chaudi\u00e8re<\/strong>\u00a0: Oui<br \/>\n<strong>Voyant de temp\u00e9rature<\/strong>\u00a0: Oui<br \/>\n<strong>Chauffe-tasse<\/strong>\u00a0: Passif<br \/>\n<strong>Baguette de distribution de vapeur<\/strong>\u00a0: Oui\u00a0&#8211;\u00a0Cool Touch<br \/>\n<strong>Buse de distribution d&#8217;eau chaude<\/strong>\u00a0: Oui<\/p>\n<p><strong>ACCESSOIRES INCLUS<\/strong><\/p>\n<p><strong>Filtres<\/strong>\u00a0: 1 tasse\/2 tasses\/aveugle<br \/>\n<strong>Brosse de nettoyage<\/strong>\u00a0: Oui<br \/>\n<strong>Pressino<\/strong>\u00a0: Oui<br \/>\n<strong>Tasse \u00e0 mesurer<\/strong>\u00a0: Oui<br \/>\n<strong>Porte-filtre<\/strong>\u00a0: Bec double, Bec simple<br \/>\n<strong>Diam\u00e8tre interne du porte-filtre (avec filtre)<\/strong>\u00a0: 58 mm<br \/>\n<strong>Joint porte-filtre<\/strong>\u00a0: Oui<br \/>\n<strong>Raccordement de tuyau au r\u00e9seau d&#8217;eau<\/strong>\u00a0: Oui<br \/>\n<strong>Tuyau de vidange d&#8217;eau<\/strong>\u00a0: Oui<\/p>\n<p><strong>RACCORDEMENT \u00c9LECTRIQUE<\/strong><\/p>\n<p><strong>Spina<\/strong>\u00a0: (F;E) Schuko<br \/>\n<strong>Tension<\/strong> (V) : 220-240 V<br \/>\n<strong>Fr\u00e9quence<\/strong> Hz\u00a0: 50\/60\u00a0Hz<br \/>\n<strong>Longueur<\/strong> <strong>C\u00e2ble d&#8217;alimentation<\/strong> <strong>\u00a0: 1,8 m<\/strong><\/p>\n<p><span style=\"text-decoration: underline;\"><strong>Pas \u00e0 vendre en dehors de l&#8217;Europe<\/strong><\/span><\/p>\n","protected":false},"excerpt":{"rendered":"<p>Le mod\u00e8le Cellini Evoluzione a une chaudi\u00e8re en cuivre avec une bride en laiton. Chaudi\u00e8re avec isolation ext\u00e9rieure pour une<\/p>\n","protected":false},"featured_media":456793,"template":"","meta":{"_acf_changed":false,"inline_featured_image":false},"product_cat":[12764,25365,12449],"product_tag":[23563,24680,23581,12856],"acf":[],"yoast_head":"<!-- This site is optimized with the Yoast SEO Premium plugin v18.6 (Yoast SEO v19.13) - https:\/\/yoast.com\/wordpress\/plugins\/seo\/ -->\n<title>LA PAVONI Machine \u00e0 Caf\u00e9 Espresso New Cellini Evoluzione - Erresse Shop<\/title>\n<meta name=\"description\" content=\"Le mod\u00e8le Cellini Evoluzione a une chaudi\u00e8re en cuivre avec une bride en laiton. Chaudi\u00e8re avec isolation ext\u00e9rieure pour une plus grande stabilit\u00e9\" \/>\n<meta name=\"robots\" content=\"index, follow, max-snippet:-1, max-image-preview:large, max-video-preview:-1\" \/>\n<link rel=\"canonical\" href=\"https:\/\/www.erresse-shop.it\/fr\/shop\/petits-electromenagers\/machines-cafe\/manuels\/la-pavoni-machine-a-cafe-espresso-new-cellini-evoluzione\/\" \/>\n<meta property=\"og:locale\" content=\"fr_FR\" \/>\n<meta property=\"og:type\" content=\"article\" \/>\n<meta property=\"og:title\" content=\"LA PAVONI Machine \u00e0 Caf\u00e9 Espresso New Cellini Evoluzione\" \/>\n<meta property=\"og:description\" content=\"Le mod\u00e8le Cellini Evoluzione a une chaudi\u00e8re en cuivre avec une bride en laiton. Chaudi\u00e8re avec isolation ext\u00e9rieure pour une plus grande stabilit\u00e9\" \/>\n<meta property=\"og:url\" content=\"https:\/\/www.erresse-shop.it\/fr\/shop\/petits-electromenagers\/machines-cafe\/manuels\/la-pavoni-machine-a-cafe-espresso-new-cellini-evoluzione\/\" \/>\n<meta property=\"og:site_name\" content=\"Erresse Shop\" \/>\n<meta property=\"article:modified_time\" content=\"2024-10-28T09:18:47+00:00\" \/>\n<meta property=\"og:image\" content=\"https:\/\/www.erresse-shop.it\/wp-content\/uploads\/2024\/06\/LA-PAVONI-Macchina-da-Caffe-Nuova-Cellini-Evoluzione.png\" \/>\n\t<meta property=\"og:image:width\" content=\"800\" \/>\n\t<meta property=\"og:image:height\" content=\"800\" \/>\n\t<meta property=\"og:image:type\" content=\"image\/png\" \/>\n<meta name=\"twitter:card\" content=\"summary_large_image\" \/>\n<script type=\"application\/ld+json\" class=\"yoast-schema-graph\">{\"@context\":\"https:\/\/schema.org\",\"@graph\":[{\"@type\":\"WebPage\",\"@id\":\"https:\/\/www.erresse-shop.it\/fr\/shop\/petits-electromenagers\/machines-cafe\/manuels\/la-pavoni-machine-a-cafe-espresso-new-cellini-evoluzione\/\",\"url\":\"https:\/\/www.erresse-shop.it\/fr\/shop\/petits-electromenagers\/machines-cafe\/manuels\/la-pavoni-machine-a-cafe-espresso-new-cellini-evoluzione\/\",\"name\":\"LA PAVONI Machine \u00e0 Caf\u00e9 Espresso New Cellini Evoluzione - Erresse Shop\",\"isPartOf\":{\"@id\":\"https:\/\/www.erresse-shop.it\/fr\/#website\"},\"datePublished\":\"2024-06-10T06:44:16+00:00\",\"dateModified\":\"2024-10-28T09:18:47+00:00\",\"description\":\"Le mod\u00e8le Cellini Evoluzione a une chaudi\u00e8re en cuivre avec une bride en laiton. Chaudi\u00e8re avec isolation ext\u00e9rieure pour une plus grande stabilit\u00e9\",\"breadcrumb\":{\"@id\":\"https:\/\/www.erresse-shop.it\/fr\/shop\/petits-electromenagers\/machines-cafe\/manuels\/la-pavoni-machine-a-cafe-espresso-new-cellini-evoluzione\/#breadcrumb\"},\"inLanguage\":\"fr-FR\",\"potentialAction\":[{\"@type\":\"ReadAction\",\"target\":[\"https:\/\/www.erresse-shop.it\/fr\/shop\/petits-electromenagers\/machines-cafe\/manuels\/la-pavoni-machine-a-cafe-espresso-new-cellini-evoluzione\/\"]}]},{\"@type\":\"BreadcrumbList\",\"@id\":\"https:\/\/www.erresse-shop.it\/fr\/shop\/petits-electromenagers\/machines-cafe\/manuels\/la-pavoni-machine-a-cafe-espresso-new-cellini-evoluzione\/#breadcrumb\",\"itemListElement\":[{\"@type\":\"ListItem\",\"position\":1,\"name\":\"Home\",\"item\":\"https:\/\/www.erresse-shop.it\/fr\/\"},{\"@type\":\"ListItem\",\"position\":2,\"name\":\"Shop\",\"item\":\"https:\/\/www.erresse-shop.it\/fr\/shop\/\"},{\"@type\":\"ListItem\",\"position\":3,\"name\":\"LA PAVONI Machine \u00e0 Caf\u00e9 Espresso New Cellini Evoluzione\"}]},{\"@type\":\"WebSite\",\"@id\":\"https:\/\/www.erresse-shop.it\/fr\/#website\",\"url\":\"https:\/\/www.erresse-shop.it\/fr\/\",\"name\":\"Erresse Shop\",\"description\":\"Articoli di qualit\u00e0 per la casa\",\"potentialAction\":[{\"@type\":\"SearchAction\",\"target\":{\"@type\":\"EntryPoint\",\"urlTemplate\":\"https:\/\/www.erresse-shop.it\/fr\/?s={search_term_string}\"},\"query-input\":\"required name=search_term_string\"}],\"inLanguage\":\"fr-FR\"}]}<\/script>\n<!-- \/ Yoast SEO Premium plugin. -->","yoast_head_json":{"title":"LA PAVONI Machine \u00e0 Caf\u00e9 Espresso New Cellini Evoluzione - Erresse Shop","description":"Le mod\u00e8le Cellini Evoluzione a une chaudi\u00e8re en cuivre avec une bride en laiton. Chaudi\u00e8re avec isolation ext\u00e9rieure pour une plus grande stabilit\u00e9","robots":{"index":"index","follow":"follow","max-snippet":"max-snippet:-1","max-image-preview":"max-image-preview:large","max-video-preview":"max-video-preview:-1"},"canonical":"https:\/\/www.erresse-shop.it\/fr\/shop\/petits-electromenagers\/machines-cafe\/manuels\/la-pavoni-machine-a-cafe-espresso-new-cellini-evoluzione\/","og_locale":"fr_FR","og_type":"article","og_title":"LA PAVONI Machine \u00e0 Caf\u00e9 Espresso New Cellini Evoluzione","og_description":"Le mod\u00e8le Cellini Evoluzione a une chaudi\u00e8re en cuivre avec une bride en laiton. Chaudi\u00e8re avec isolation ext\u00e9rieure pour une plus grande stabilit\u00e9","og_url":"https:\/\/www.erresse-shop.it\/fr\/shop\/petits-electromenagers\/machines-cafe\/manuels\/la-pavoni-machine-a-cafe-espresso-new-cellini-evoluzione\/","og_site_name":"Erresse Shop","article_modified_time":"2024-10-28T09:18:47+00:00","og_image":[{"width":800,"height":800,"url":"https:\/\/www.erresse-shop.it\/wp-content\/uploads\/2024\/06\/LA-PAVONI-Macchina-da-Caffe-Nuova-Cellini-Evoluzione.png","type":"image\/png"}],"twitter_card":"summary_large_image","schema":{"@context":"https:\/\/schema.org","@graph":[{"@type":"WebPage","@id":"https:\/\/www.erresse-shop.it\/fr\/shop\/petits-electromenagers\/machines-cafe\/manuels\/la-pavoni-machine-a-cafe-espresso-new-cellini-evoluzione\/","url":"https:\/\/www.erresse-shop.it\/fr\/shop\/petits-electromenagers\/machines-cafe\/manuels\/la-pavoni-machine-a-cafe-espresso-new-cellini-evoluzione\/","name":"LA PAVONI Machine \u00e0 Caf\u00e9 Espresso New Cellini Evoluzione - Erresse Shop","isPartOf":{"@id":"https:\/\/www.erresse-shop.it\/fr\/#website"},"datePublished":"2024-06-10T06:44:16+00:00","dateModified":"2024-10-28T09:18:47+00:00","description":"Le mod\u00e8le Cellini Evoluzione a une chaudi\u00e8re en cuivre avec une bride en laiton. Chaudi\u00e8re avec isolation ext\u00e9rieure pour une plus grande stabilit\u00e9","breadcrumb":{"@id":"https:\/\/www.erresse-shop.it\/fr\/shop\/petits-electromenagers\/machines-cafe\/manuels\/la-pavoni-machine-a-cafe-espresso-new-cellini-evoluzione\/#breadcrumb"},"inLanguage":"fr-FR","potentialAction":[{"@type":"ReadAction","target":["https:\/\/www.erresse-shop.it\/fr\/shop\/petits-electromenagers\/machines-cafe\/manuels\/la-pavoni-machine-a-cafe-espresso-new-cellini-evoluzione\/"]}]},{"@type":"BreadcrumbList","@id":"https:\/\/www.erresse-shop.it\/fr\/shop\/petits-electromenagers\/machines-cafe\/manuels\/la-pavoni-machine-a-cafe-espresso-new-cellini-evoluzione\/#breadcrumb","itemListElement":[{"@type":"ListItem","position":1,"name":"Home","item":"https:\/\/www.erresse-shop.it\/fr\/"},{"@type":"ListItem","position":2,"name":"Shop","item":"https:\/\/www.erresse-shop.it\/fr\/shop\/"},{"@type":"ListItem","position":3,"name":"LA PAVONI Machine \u00e0 Caf\u00e9 Espresso New Cellini Evoluzione"}]},{"@type":"WebSite","@id":"https:\/\/www.erresse-shop.it\/fr\/#website","url":"https:\/\/www.erresse-shop.it\/fr\/","name":"Erresse Shop","description":"Articoli di qualit\u00e0 per la casa","potentialAction":[{"@type":"SearchAction","target":{"@type":"EntryPoint","urlTemplate":"https:\/\/www.erresse-shop.it\/fr\/?s={search_term_string}"},"query-input":"required name=search_term_string"}],"inLanguage":"fr-FR"}]}},"df_price":1016.95,"df_sale_price":1016.95,"df_regular_price":1849,"df_image_link":"https:\/\/www.erresse-shop.it\/wp-content\/uploads\/2024\/06\/LA-PAVONI-Macchina-da-Caffe-Nuova-Cellini-Evoluzione-300x300.jpg","_links":{"self":[{"href":"https:\/\/www.erresse-shop.it\/fr\/wp-json\/wp\/v2\/product\/412080"}],"collection":[{"href":"https:\/\/www.erresse-shop.it\/fr\/wp-json\/wp\/v2\/product"}],"about":[{"href":"https:\/\/www.erresse-shop.it\/fr\/wp-json\/wp\/v2\/types\/product"}],"wp:featuredmedia":[{"embeddable":true,"href":"https:\/\/www.erresse-shop.it\/fr\/wp-json\/wp\/v2\/media\/456793"}],"wp:attachment":[{"href":"https:\/\/www.erresse-shop.it\/fr\/wp-json\/wp\/v2\/media?parent=412080"}],"wp:term":[{"taxonomy":"product_cat","embeddable":true,"href":"https:\/\/www.erresse-shop.it\/fr\/wp-json\/wp\/v2\/product_cat?post=412080"},{"taxonomy":"product_tag","embeddable":true,"href":"https:\/\/www.erresse-shop.it\/fr\/wp-json\/wp\/v2\/product_tag?post=412080"}],"curies":[{"name":"wp","href":"https:\/\/api.w.org\/{rel}","templated":true}]}}