{"id":411590,"date":"2024-06-06T06:43:41","date_gmt":"2024-06-06T06:43:43","guid":{"rendered":"https:\/\/www.erresse-shop.it\/?post_type=product&#038;p=411590"},"modified":"2024-10-28T09:51:50","modified_gmt":"2024-10-28T09:51:50","slug":"riedel-performance-pinot-noir-set-de-4","status":"publish","type":"product","link":"https:\/\/www.erresse-shop.it\/fr\/shop\/table-fr-2\/verres\/riedel-performance-pinot-noir-set-de-4\/","title":{"rendered":"RIEDEL Performance Pinot Noir Set de 4"},"content":{"rendered":"<p>Le verre \u00e0 Pinot Noir harmonise la fragilit\u00e9 et le fruit\u00e9 frais des vins l\u00e9gers du Nouveau Monde.<br \/>\nR\u00e9alis\u00e9 dans plusieurs ateliers, ce verre tulipe au bord l\u00e9g\u00e8rement \u00e9largi met en valeur la douceur du vin, \u00e9quilibre id\u00e9alement l&#8217;acidit\u00e9 et mod\u00e8re la pointe d&#8217;alcool, lui donnant ainsi une image parfaite.<br \/>\nEn plus de caract\u00e9riser le design, l&#8217;impact optique de la s\u00e9rie RIEDEL Performance a un effet surprenant sur les caract\u00e9ristiques aromatiques du vin. RIEDEL Performance est la premi\u00e8re s\u00e9rie de verres \u00e0 vin \u00e0 pr\u00e9senter des buveurs avec un l\u00e9ger impact optique pour am\u00e9liorer les performances aromatiques. N\u00e9e de la collaboration entre Georg et Maximilian Riedel, RIEDEL Performance est une collection pratique et technologiquement avanc\u00e9e de verres sp\u00e9cifiques au raisin.<\/p>\n<p>Cet article est un produit haut de gamme fabriqu\u00e9 \u00e0 la machine.<\/p>\n<p>PREMIUM d\u00e9signe l&#8217;avantage d&#8217;un verre RIEDEL souffl\u00e9 \u00e0 la machine par rapport \u00e0 un verre souffl\u00e9 \u00e0 la main. La diff\u00e9rence r\u00e9side dans la pr\u00e9cision.<\/p>\n<p>L&#8217;emballage contient un ensemble de 4 verres.<\/p>\n<p><strong>Caract\u00e9ristiques techniques<\/strong><\/p>\n<p>Mat\u00e9riau : Cristal<\/p>\n<p>Capacit\u00e9 834.0 ccm<\/p>\n<p>Hauteur 245,0 mm<\/p>\n<p>Lavable au lave-vaisselle<\/p>\n","protected":false},"excerpt":{"rendered":"<p>Le verre \u00e0 Pinot Noir harmonise la fragilit\u00e9 et le fruit\u00e9 frais des vins l\u00e9gers du Nouveau Monde. R\u00e9alis\u00e9 dans<\/p>\n","protected":false},"featured_media":411618,"template":"","meta":{"_acf_changed":false,"inline_featured_image":false},"product_cat":[12782,12784],"product_tag":[25086,23910,14413,25021,21821,12826,15730,22555],"acf":[],"yoast_head":"<!-- This site is optimized with the Yoast SEO Premium plugin v18.6 (Yoast SEO v19.13) - https:\/\/yoast.com\/wordpress\/plugins\/seo\/ -->\n<title>RIEDEL Performance Pinot Noir Set de 4 - Erresse Shop<\/title>\n<meta name=\"description\" content=\"Le verre \u00e0 Pinot Noir harmonise la fragilit\u00e9 et le fruit\u00e9 frais des vins l\u00e9gers du Nouveau Monde. R\u00e9alis\u00e9 dans plusieurs ateliers, ce verre tulipe au bord\" \/>\n<meta name=\"robots\" content=\"index, follow, max-snippet:-1, max-image-preview:large, max-video-preview:-1\" \/>\n<link rel=\"canonical\" href=\"https:\/\/www.erresse-shop.it\/fr\/shop\/table-fr-2\/verres\/riedel-performance-pinot-noir-set-de-4\/\" \/>\n<meta property=\"og:locale\" content=\"fr_FR\" \/>\n<meta property=\"og:type\" content=\"article\" \/>\n<meta property=\"og:title\" content=\"RIEDEL Performance Pinot Noir Set de 4\" \/>\n<meta property=\"og:description\" content=\"Le verre \u00e0 Pinot Noir harmonise la fragilit\u00e9 et le fruit\u00e9 frais des vins l\u00e9gers du Nouveau Monde. R\u00e9alis\u00e9 dans plusieurs ateliers, ce verre tulipe au bord\" \/>\n<meta property=\"og:url\" content=\"https:\/\/www.erresse-shop.it\/fr\/shop\/table-fr-2\/verres\/riedel-performance-pinot-noir-set-de-4\/\" \/>\n<meta property=\"og:site_name\" content=\"Erresse Shop\" \/>\n<meta property=\"article:modified_time\" content=\"2024-10-28T09:51:50+00:00\" \/>\n<meta property=\"og:image\" content=\"https:\/\/www.erresse-shop.it\/wp-content\/uploads\/2024\/06\/riedel-pinot-nero.jpg\" \/>\n\t<meta property=\"og:image:width\" content=\"800\" \/>\n\t<meta property=\"og:image:height\" content=\"800\" \/>\n\t<meta property=\"og:image:type\" content=\"image\/jpeg\" \/>\n<meta name=\"twitter:card\" content=\"summary_large_image\" \/>\n<script type=\"application\/ld+json\" class=\"yoast-schema-graph\">{\"@context\":\"https:\/\/schema.org\",\"@graph\":[{\"@type\":\"WebPage\",\"@id\":\"https:\/\/www.erresse-shop.it\/fr\/shop\/table-fr-2\/verres\/riedel-performance-pinot-noir-set-de-4\/\",\"url\":\"https:\/\/www.erresse-shop.it\/fr\/shop\/table-fr-2\/verres\/riedel-performance-pinot-noir-set-de-4\/\",\"name\":\"RIEDEL Performance Pinot Noir Set de 4 - Erresse Shop\",\"isPartOf\":{\"@id\":\"https:\/\/www.erresse-shop.it\/fr\/#website\"},\"datePublished\":\"2024-06-06T06:43:43+00:00\",\"dateModified\":\"2024-10-28T09:51:50+00:00\",\"description\":\"Le verre \u00e0 Pinot Noir harmonise la fragilit\u00e9 et le fruit\u00e9 frais des vins l\u00e9gers du Nouveau Monde. R\u00e9alis\u00e9 dans plusieurs ateliers, ce verre tulipe au bord\",\"breadcrumb\":{\"@id\":\"https:\/\/www.erresse-shop.it\/fr\/shop\/table-fr-2\/verres\/riedel-performance-pinot-noir-set-de-4\/#breadcrumb\"},\"inLanguage\":\"fr-FR\",\"potentialAction\":[{\"@type\":\"ReadAction\",\"target\":[\"https:\/\/www.erresse-shop.it\/fr\/shop\/table-fr-2\/verres\/riedel-performance-pinot-noir-set-de-4\/\"]}]},{\"@type\":\"BreadcrumbList\",\"@id\":\"https:\/\/www.erresse-shop.it\/fr\/shop\/table-fr-2\/verres\/riedel-performance-pinot-noir-set-de-4\/#breadcrumb\",\"itemListElement\":[{\"@type\":\"ListItem\",\"position\":1,\"name\":\"Home\",\"item\":\"https:\/\/www.erresse-shop.it\/fr\/\"},{\"@type\":\"ListItem\",\"position\":2,\"name\":\"Shop\",\"item\":\"https:\/\/www.erresse-shop.it\/fr\/shop\/\"},{\"@type\":\"ListItem\",\"position\":3,\"name\":\"RIEDEL Performance Pinot Noir Set de 4\"}]},{\"@type\":\"WebSite\",\"@id\":\"https:\/\/www.erresse-shop.it\/fr\/#website\",\"url\":\"https:\/\/www.erresse-shop.it\/fr\/\",\"name\":\"Erresse Shop\",\"description\":\"Articoli di qualit\u00e0 per la casa\",\"potentialAction\":[{\"@type\":\"SearchAction\",\"target\":{\"@type\":\"EntryPoint\",\"urlTemplate\":\"https:\/\/www.erresse-shop.it\/fr\/?s={search_term_string}\"},\"query-input\":\"required name=search_term_string\"}],\"inLanguage\":\"fr-FR\"}]}<\/script>\n<!-- \/ Yoast SEO Premium plugin. -->","yoast_head_json":{"title":"RIEDEL Performance Pinot Noir Set de 4 - Erresse Shop","description":"Le verre \u00e0 Pinot Noir harmonise la fragilit\u00e9 et le fruit\u00e9 frais des vins l\u00e9gers du Nouveau Monde. R\u00e9alis\u00e9 dans plusieurs ateliers, ce verre tulipe au bord","robots":{"index":"index","follow":"follow","max-snippet":"max-snippet:-1","max-image-preview":"max-image-preview:large","max-video-preview":"max-video-preview:-1"},"canonical":"https:\/\/www.erresse-shop.it\/fr\/shop\/table-fr-2\/verres\/riedel-performance-pinot-noir-set-de-4\/","og_locale":"fr_FR","og_type":"article","og_title":"RIEDEL Performance Pinot Noir Set de 4","og_description":"Le verre \u00e0 Pinot Noir harmonise la fragilit\u00e9 et le fruit\u00e9 frais des vins l\u00e9gers du Nouveau Monde. R\u00e9alis\u00e9 dans plusieurs ateliers, ce verre tulipe au bord","og_url":"https:\/\/www.erresse-shop.it\/fr\/shop\/table-fr-2\/verres\/riedel-performance-pinot-noir-set-de-4\/","og_site_name":"Erresse Shop","article_modified_time":"2024-10-28T09:51:50+00:00","og_image":[{"width":800,"height":800,"url":"https:\/\/www.erresse-shop.it\/wp-content\/uploads\/2024\/06\/riedel-pinot-nero.jpg","type":"image\/jpeg"}],"twitter_card":"summary_large_image","schema":{"@context":"https:\/\/schema.org","@graph":[{"@type":"WebPage","@id":"https:\/\/www.erresse-shop.it\/fr\/shop\/table-fr-2\/verres\/riedel-performance-pinot-noir-set-de-4\/","url":"https:\/\/www.erresse-shop.it\/fr\/shop\/table-fr-2\/verres\/riedel-performance-pinot-noir-set-de-4\/","name":"RIEDEL Performance Pinot Noir Set de 4 - Erresse Shop","isPartOf":{"@id":"https:\/\/www.erresse-shop.it\/fr\/#website"},"datePublished":"2024-06-06T06:43:43+00:00","dateModified":"2024-10-28T09:51:50+00:00","description":"Le verre \u00e0 Pinot Noir harmonise la fragilit\u00e9 et le fruit\u00e9 frais des vins l\u00e9gers du Nouveau Monde. R\u00e9alis\u00e9 dans plusieurs ateliers, ce verre tulipe au bord","breadcrumb":{"@id":"https:\/\/www.erresse-shop.it\/fr\/shop\/table-fr-2\/verres\/riedel-performance-pinot-noir-set-de-4\/#breadcrumb"},"inLanguage":"fr-FR","potentialAction":[{"@type":"ReadAction","target":["https:\/\/www.erresse-shop.it\/fr\/shop\/table-fr-2\/verres\/riedel-performance-pinot-noir-set-de-4\/"]}]},{"@type":"BreadcrumbList","@id":"https:\/\/www.erresse-shop.it\/fr\/shop\/table-fr-2\/verres\/riedel-performance-pinot-noir-set-de-4\/#breadcrumb","itemListElement":[{"@type":"ListItem","position":1,"name":"Home","item":"https:\/\/www.erresse-shop.it\/fr\/"},{"@type":"ListItem","position":2,"name":"Shop","item":"https:\/\/www.erresse-shop.it\/fr\/shop\/"},{"@type":"ListItem","position":3,"name":"RIEDEL Performance Pinot Noir Set de 4"}]},{"@type":"WebSite","@id":"https:\/\/www.erresse-shop.it\/fr\/#website","url":"https:\/\/www.erresse-shop.it\/fr\/","name":"Erresse Shop","description":"Articoli di qualit\u00e0 per la casa","potentialAction":[{"@type":"SearchAction","target":{"@type":"EntryPoint","urlTemplate":"https:\/\/www.erresse-shop.it\/fr\/?s={search_term_string}"},"query-input":"required name=search_term_string"}],"inLanguage":"fr-FR"}]}},"df_price":53.1,"df_sale_price":53.1,"df_regular_price":118,"df_image_link":"https:\/\/www.erresse-shop.it\/wp-content\/uploads\/2024\/06\/riedel-pinot-nero-300x300.jpg","_links":{"self":[{"href":"https:\/\/www.erresse-shop.it\/fr\/wp-json\/wp\/v2\/product\/411590"}],"collection":[{"href":"https:\/\/www.erresse-shop.it\/fr\/wp-json\/wp\/v2\/product"}],"about":[{"href":"https:\/\/www.erresse-shop.it\/fr\/wp-json\/wp\/v2\/types\/product"}],"wp:featuredmedia":[{"embeddable":true,"href":"https:\/\/www.erresse-shop.it\/fr\/wp-json\/wp\/v2\/media\/411618"}],"wp:attachment":[{"href":"https:\/\/www.erresse-shop.it\/fr\/wp-json\/wp\/v2\/media?parent=411590"}],"wp:term":[{"taxonomy":"product_cat","embeddable":true,"href":"https:\/\/www.erresse-shop.it\/fr\/wp-json\/wp\/v2\/product_cat?post=411590"},{"taxonomy":"product_tag","embeddable":true,"href":"https:\/\/www.erresse-shop.it\/fr\/wp-json\/wp\/v2\/product_tag?post=411590"}],"curies":[{"name":"wp","href":"https:\/\/api.w.org\/{rel}","templated":true}]}}