{"id":411566,"date":"2024-06-06T06:29:00","date_gmt":"2024-06-06T06:29:02","guid":{"rendered":"https:\/\/www.erresse-shop.it\/?post_type=product&#038;p=411566"},"modified":"2024-10-28T09:54:21","modified_gmt":"2024-10-28T09:54:21","slug":"riedel-performance-cabernet-merlot-set-de-4","status":"publish","type":"product","link":"https:\/\/www.erresse-shop.it\/fr\/shop\/table-fr-2\/verres\/riedel-performance-cabernet-merlot-set-de-4\/","title":{"rendered":"RIEDEL Performance Cabernet\/Merlot Set de 4"},"content":{"rendered":"<p>Le verre Cabernet est parfait pour les vins rouges complexes, cors\u00e9s et riches en tanins.<\/p>\n<p>La forme en diamant est parfaite pour les grands vins audacieux du Nouveau Monde, gr\u00e2ce \u00e0 ses angles extr\u00eames qui donnent au vin plus d&#8217;espace pour d\u00e9velopper ses ar\u00f4mes.<\/p>\n<p>La taille g\u00e9n\u00e9reuse de ce verre met en valeur les notes fruit\u00e9es et att\u00e9nue les asp\u00e9rit\u00e9s et le caract\u00e8re amer des tannins, permettant aux vins d&#8217;atteindre un \u00e9quilibre id\u00e9al. RIEDEL Veloce est une grande r\u00e9ussite bas\u00e9e sur la technologie de pointe de l&#8217;usine RIEDEL.<\/p>\n<p>Les derni\u00e8res technologies de production permettent d&#8217;obtenir des objets qui semblent faits \u00e0 la main mais qui offrent la pr\u00e9cision d&#8217;une production m\u00e9canique. Plus l\u00e9gers et plus minces, ils conviennent parfaitement aux vins du Nouveau Monde et pr\u00e9sentent une base grav\u00e9e du nom du c\u00e9page pour lequel le verre est recommand\u00e9. Cet article est un produit premium fabriqu\u00e9 \u00e0 la machine.<br \/>\nPREMIUM indique l&#8217;avantage d&#8217;un verre RIEDEL souffl\u00e9 \u00e0 la machine par rapport \u00e0 un verre souffl\u00e9 \u00e0 la main. La diff\u00e9rence r\u00e9side dans la pr\u00e9cision.<\/p>\n<p>Cet article peut \u00eatre lav\u00e9 au lave-vaisselle.<\/p>\n<p>L&#8217;emballage contient 6 pi\u00e8ces.<\/p>\n<p><strong>Caract\u00e9ristiques techniques<\/strong><\/p>\n<p>Mat\u00e9riau : Cristal<\/p>\n<p>Capacit\u00e9 : 834,0 cm<\/p>\n<p>Hauteur 245,0 mm<\/p>\n<p>Lavable au lave-vaisselle<\/p>\n","protected":false},"excerpt":{"rendered":"<p>Le verre Cabernet est parfait pour les vins rouges complexes, cors\u00e9s et riches en tanins. La forme en diamant est<\/p>\n","protected":false},"featured_media":411575,"template":"","meta":{"_acf_changed":false,"inline_featured_image":false},"product_cat":[12782,12784],"product_tag":[25086,23910,14413,25021,21821,12826,15730,22555],"acf":[],"yoast_head":"<!-- This site is optimized with the Yoast SEO Premium plugin v18.6 (Yoast SEO v19.13) - https:\/\/yoast.com\/wordpress\/plugins\/seo\/ -->\n<title>RIEDEL Performance Cabernet\/Merlot Set de 4 - Erresse Shop<\/title>\n<meta name=\"description\" content=\"Le verre Cabernet est parfait pour les vins rouges complexes, cors\u00e9s et riches en tanins. La forme en diamant est parfaite pour les grands vins audacieux\" \/>\n<meta name=\"robots\" content=\"index, follow, max-snippet:-1, max-image-preview:large, max-video-preview:-1\" \/>\n<link rel=\"canonical\" href=\"https:\/\/www.erresse-shop.it\/fr\/shop\/table-fr-2\/verres\/riedel-performance-cabernet-merlot-set-de-4\/\" \/>\n<meta property=\"og:locale\" content=\"fr_FR\" \/>\n<meta property=\"og:type\" content=\"article\" \/>\n<meta property=\"og:title\" content=\"RIEDEL Performance Cabernet\/Merlot Set de 4\" \/>\n<meta property=\"og:description\" content=\"Le verre Cabernet est parfait pour les vins rouges complexes, cors\u00e9s et riches en tanins. La forme en diamant est parfaite pour les grands vins audacieux\" \/>\n<meta property=\"og:url\" content=\"https:\/\/www.erresse-shop.it\/fr\/shop\/table-fr-2\/verres\/riedel-performance-cabernet-merlot-set-de-4\/\" \/>\n<meta property=\"og:site_name\" content=\"Erresse Shop\" \/>\n<meta property=\"article:modified_time\" content=\"2024-10-28T09:54:21+00:00\" \/>\n<meta property=\"og:image\" content=\"https:\/\/www.erresse-shop.it\/wp-content\/uploads\/2024\/06\/riedel-cabernet-merlot-4-pz.jpg\" \/>\n\t<meta property=\"og:image:width\" content=\"800\" \/>\n\t<meta property=\"og:image:height\" content=\"800\" \/>\n\t<meta property=\"og:image:type\" content=\"image\/jpeg\" \/>\n<meta name=\"twitter:card\" content=\"summary_large_image\" \/>\n<script type=\"application\/ld+json\" class=\"yoast-schema-graph\">{\"@context\":\"https:\/\/schema.org\",\"@graph\":[{\"@type\":\"WebPage\",\"@id\":\"https:\/\/www.erresse-shop.it\/fr\/shop\/table-fr-2\/verres\/riedel-performance-cabernet-merlot-set-de-4\/\",\"url\":\"https:\/\/www.erresse-shop.it\/fr\/shop\/table-fr-2\/verres\/riedel-performance-cabernet-merlot-set-de-4\/\",\"name\":\"RIEDEL Performance Cabernet\/Merlot Set de 4 - Erresse Shop\",\"isPartOf\":{\"@id\":\"https:\/\/www.erresse-shop.it\/fr\/#website\"},\"datePublished\":\"2024-06-06T06:29:02+00:00\",\"dateModified\":\"2024-10-28T09:54:21+00:00\",\"description\":\"Le verre Cabernet est parfait pour les vins rouges complexes, cors\u00e9s et riches en tanins. La forme en diamant est parfaite pour les grands vins audacieux\",\"breadcrumb\":{\"@id\":\"https:\/\/www.erresse-shop.it\/fr\/shop\/table-fr-2\/verres\/riedel-performance-cabernet-merlot-set-de-4\/#breadcrumb\"},\"inLanguage\":\"fr-FR\",\"potentialAction\":[{\"@type\":\"ReadAction\",\"target\":[\"https:\/\/www.erresse-shop.it\/fr\/shop\/table-fr-2\/verres\/riedel-performance-cabernet-merlot-set-de-4\/\"]}]},{\"@type\":\"BreadcrumbList\",\"@id\":\"https:\/\/www.erresse-shop.it\/fr\/shop\/table-fr-2\/verres\/riedel-performance-cabernet-merlot-set-de-4\/#breadcrumb\",\"itemListElement\":[{\"@type\":\"ListItem\",\"position\":1,\"name\":\"Home\",\"item\":\"https:\/\/www.erresse-shop.it\/fr\/\"},{\"@type\":\"ListItem\",\"position\":2,\"name\":\"Shop\",\"item\":\"https:\/\/www.erresse-shop.it\/fr\/shop\/\"},{\"@type\":\"ListItem\",\"position\":3,\"name\":\"RIEDEL Performance Cabernet\/Merlot Set de 4\"}]},{\"@type\":\"WebSite\",\"@id\":\"https:\/\/www.erresse-shop.it\/fr\/#website\",\"url\":\"https:\/\/www.erresse-shop.it\/fr\/\",\"name\":\"Erresse Shop\",\"description\":\"Articoli di qualit\u00e0 per la casa\",\"potentialAction\":[{\"@type\":\"SearchAction\",\"target\":{\"@type\":\"EntryPoint\",\"urlTemplate\":\"https:\/\/www.erresse-shop.it\/fr\/?s={search_term_string}\"},\"query-input\":\"required name=search_term_string\"}],\"inLanguage\":\"fr-FR\"}]}<\/script>\n<!-- \/ Yoast SEO Premium plugin. -->","yoast_head_json":{"title":"RIEDEL Performance Cabernet\/Merlot Set de 4 - Erresse Shop","description":"Le verre Cabernet est parfait pour les vins rouges complexes, cors\u00e9s et riches en tanins. La forme en diamant est parfaite pour les grands vins audacieux","robots":{"index":"index","follow":"follow","max-snippet":"max-snippet:-1","max-image-preview":"max-image-preview:large","max-video-preview":"max-video-preview:-1"},"canonical":"https:\/\/www.erresse-shop.it\/fr\/shop\/table-fr-2\/verres\/riedel-performance-cabernet-merlot-set-de-4\/","og_locale":"fr_FR","og_type":"article","og_title":"RIEDEL Performance Cabernet\/Merlot Set de 4","og_description":"Le verre Cabernet est parfait pour les vins rouges complexes, cors\u00e9s et riches en tanins. La forme en diamant est parfaite pour les grands vins audacieux","og_url":"https:\/\/www.erresse-shop.it\/fr\/shop\/table-fr-2\/verres\/riedel-performance-cabernet-merlot-set-de-4\/","og_site_name":"Erresse Shop","article_modified_time":"2024-10-28T09:54:21+00:00","og_image":[{"width":800,"height":800,"url":"https:\/\/www.erresse-shop.it\/wp-content\/uploads\/2024\/06\/riedel-cabernet-merlot-4-pz.jpg","type":"image\/jpeg"}],"twitter_card":"summary_large_image","schema":{"@context":"https:\/\/schema.org","@graph":[{"@type":"WebPage","@id":"https:\/\/www.erresse-shop.it\/fr\/shop\/table-fr-2\/verres\/riedel-performance-cabernet-merlot-set-de-4\/","url":"https:\/\/www.erresse-shop.it\/fr\/shop\/table-fr-2\/verres\/riedel-performance-cabernet-merlot-set-de-4\/","name":"RIEDEL Performance Cabernet\/Merlot Set de 4 - Erresse Shop","isPartOf":{"@id":"https:\/\/www.erresse-shop.it\/fr\/#website"},"datePublished":"2024-06-06T06:29:02+00:00","dateModified":"2024-10-28T09:54:21+00:00","description":"Le verre Cabernet est parfait pour les vins rouges complexes, cors\u00e9s et riches en tanins. La forme en diamant est parfaite pour les grands vins audacieux","breadcrumb":{"@id":"https:\/\/www.erresse-shop.it\/fr\/shop\/table-fr-2\/verres\/riedel-performance-cabernet-merlot-set-de-4\/#breadcrumb"},"inLanguage":"fr-FR","potentialAction":[{"@type":"ReadAction","target":["https:\/\/www.erresse-shop.it\/fr\/shop\/table-fr-2\/verres\/riedel-performance-cabernet-merlot-set-de-4\/"]}]},{"@type":"BreadcrumbList","@id":"https:\/\/www.erresse-shop.it\/fr\/shop\/table-fr-2\/verres\/riedel-performance-cabernet-merlot-set-de-4\/#breadcrumb","itemListElement":[{"@type":"ListItem","position":1,"name":"Home","item":"https:\/\/www.erresse-shop.it\/fr\/"},{"@type":"ListItem","position":2,"name":"Shop","item":"https:\/\/www.erresse-shop.it\/fr\/shop\/"},{"@type":"ListItem","position":3,"name":"RIEDEL Performance Cabernet\/Merlot Set de 4"}]},{"@type":"WebSite","@id":"https:\/\/www.erresse-shop.it\/fr\/#website","url":"https:\/\/www.erresse-shop.it\/fr\/","name":"Erresse Shop","description":"Articoli di qualit\u00e0 per la casa","potentialAction":[{"@type":"SearchAction","target":{"@type":"EntryPoint","urlTemplate":"https:\/\/www.erresse-shop.it\/fr\/?s={search_term_string}"},"query-input":"required name=search_term_string"}],"inLanguage":"fr-FR"}]}},"df_price":53.1,"df_sale_price":53.1,"df_regular_price":118,"df_image_link":"https:\/\/www.erresse-shop.it\/wp-content\/uploads\/2024\/06\/riedel-cabernet-merlot-4-pz-300x300.jpg","_links":{"self":[{"href":"https:\/\/www.erresse-shop.it\/fr\/wp-json\/wp\/v2\/product\/411566"}],"collection":[{"href":"https:\/\/www.erresse-shop.it\/fr\/wp-json\/wp\/v2\/product"}],"about":[{"href":"https:\/\/www.erresse-shop.it\/fr\/wp-json\/wp\/v2\/types\/product"}],"wp:featuredmedia":[{"embeddable":true,"href":"https:\/\/www.erresse-shop.it\/fr\/wp-json\/wp\/v2\/media\/411575"}],"wp:attachment":[{"href":"https:\/\/www.erresse-shop.it\/fr\/wp-json\/wp\/v2\/media?parent=411566"}],"wp:term":[{"taxonomy":"product_cat","embeddable":true,"href":"https:\/\/www.erresse-shop.it\/fr\/wp-json\/wp\/v2\/product_cat?post=411566"},{"taxonomy":"product_tag","embeddable":true,"href":"https:\/\/www.erresse-shop.it\/fr\/wp-json\/wp\/v2\/product_tag?post=411566"}],"curies":[{"name":"wp","href":"https:\/\/api.w.org\/{rel}","templated":true}]}}