{"id":411554,"date":"2024-06-06T06:19:26","date_gmt":"2024-06-06T06:19:46","guid":{"rendered":"https:\/\/www.erresse-shop.it\/?post_type=product&#038;p=411554"},"modified":"2024-10-15T09:28:44","modified_gmt":"2024-10-15T09:28:44","slug":"villeroy-boch-service-louis-24-pieces","status":"publish","type":"product","link":"https:\/\/www.erresse-shop.it\/fr\/shop\/table-fr-2\/couverts\/villeroy-boch-service-louis-24-pieces\/","title":{"rendered":"VILLEROY &#038; BOCH Service Louis 24 pi\u00e8ces"},"content":{"rendered":"<p><strong>Minimaliste, urbain et moderne<\/strong><br \/>\nLes formes claires et simples de la collection de couverts Louis en acier inoxydable de haute qualit\u00e9 sont id\u00e9ales pour un d\u00e9cor urbain et moderne. Avec le set de couverts au design simple, vous disposez d&#8217;une forme de base classique \u00e0 l&#8217;effet minimaliste, qui s&#8217;adapte sans probl\u00e8me \u00e0 tous les styles. Le manche plat et les extr\u00e9mit\u00e9s arrondies sont agr\u00e9ables \u00e0 tenir.<br \/>\nL&#8217;ensemble se compose de :<\/p>\n<ul>\n<li>6x Couteau de table<\/li>\n<li>6x Fourchettes de table<\/li>\n<li>6x cuill\u00e8res \u00e0 soupe<\/li>\n<li>6x cuill\u00e8res \u00e0 caf\u00e9<\/li>\n<\/ul>\n<p><strong>Mat\u00e9riau<\/strong> : Acier inoxydable<br \/>\n<strong>Couleur<\/strong> : Argent\/Platine<br \/>\n<strong>Lavable<\/strong> <strong>Au lave-vaisselle<\/strong> : Oui<br \/>\n<strong>Convient<\/strong> <strong>Pour<\/strong> <strong>Micro-ondes<\/strong> : Non<\/p>\n","protected":false},"excerpt":{"rendered":"<p>Minimaliste, urbain et moderne Les formes claires et simples de la collection de couverts Louis en acier inoxydable de haute<\/p>\n","protected":false},"featured_media":494107,"template":"","meta":{"_acf_changed":false,"inline_featured_image":false},"product_cat":[12790,12782],"product_tag":[25026,25021,24397],"acf":[],"yoast_head":"<!-- This site is optimized with the Yoast SEO Premium plugin v18.6 (Yoast SEO v19.13) - https:\/\/yoast.com\/wordpress\/plugins\/seo\/ -->\n<title>VILLEROY &amp; BOCH Service Louis 24 pi\u00e8ces - Erresse Shop<\/title>\n<meta name=\"description\" content=\"Minimaliste, urbain et moderne Les formes claires et simples de la collection de couverts Louis en acier inoxydable de haute qualit\u00e9 sont id\u00e9ales pour un\" \/>\n<meta name=\"robots\" content=\"index, follow, max-snippet:-1, max-image-preview:large, max-video-preview:-1\" \/>\n<link rel=\"canonical\" href=\"https:\/\/www.erresse-shop.it\/fr\/shop\/table-fr-2\/couverts\/villeroy-boch-service-louis-24-pieces\/\" \/>\n<meta property=\"og:locale\" content=\"fr_FR\" \/>\n<meta property=\"og:type\" content=\"article\" \/>\n<meta property=\"og:title\" content=\"VILLEROY &amp; BOCH Service Louis 24 pi\u00e8ces\" \/>\n<meta property=\"og:description\" content=\"Minimaliste, urbain et moderne Les formes claires et simples de la collection de couverts Louis en acier inoxydable de haute qualit\u00e9 sont id\u00e9ales pour un\" \/>\n<meta property=\"og:url\" content=\"https:\/\/www.erresse-shop.it\/fr\/shop\/table-fr-2\/couverts\/villeroy-boch-service-louis-24-pieces\/\" \/>\n<meta property=\"og:site_name\" content=\"Erresse Shop\" \/>\n<meta property=\"article:modified_time\" content=\"2024-10-15T09:28:44+00:00\" \/>\n<meta property=\"og:image\" content=\"https:\/\/www.erresse-shop.it\/wp-content\/uploads\/2024\/06\/VILLEROY-BOCH-Louis-Servizio-24-Pezzi.png\" \/>\n\t<meta property=\"og:image:width\" content=\"800\" \/>\n\t<meta property=\"og:image:height\" content=\"800\" \/>\n\t<meta property=\"og:image:type\" content=\"image\/png\" \/>\n<meta name=\"twitter:card\" content=\"summary_large_image\" \/>\n<script type=\"application\/ld+json\" class=\"yoast-schema-graph\">{\"@context\":\"https:\/\/schema.org\",\"@graph\":[{\"@type\":\"WebPage\",\"@id\":\"https:\/\/www.erresse-shop.it\/fr\/shop\/table-fr-2\/couverts\/villeroy-boch-service-louis-24-pieces\/\",\"url\":\"https:\/\/www.erresse-shop.it\/fr\/shop\/table-fr-2\/couverts\/villeroy-boch-service-louis-24-pieces\/\",\"name\":\"VILLEROY & BOCH Service Louis 24 pi\u00e8ces - Erresse Shop\",\"isPartOf\":{\"@id\":\"https:\/\/www.erresse-shop.it\/fr\/#website\"},\"datePublished\":\"2024-06-06T06:19:46+00:00\",\"dateModified\":\"2024-10-15T09:28:44+00:00\",\"description\":\"Minimaliste, urbain et moderne Les formes claires et simples de la collection de couverts Louis en acier inoxydable de haute qualit\u00e9 sont id\u00e9ales pour un\",\"breadcrumb\":{\"@id\":\"https:\/\/www.erresse-shop.it\/fr\/shop\/table-fr-2\/couverts\/villeroy-boch-service-louis-24-pieces\/#breadcrumb\"},\"inLanguage\":\"fr-FR\",\"potentialAction\":[{\"@type\":\"ReadAction\",\"target\":[\"https:\/\/www.erresse-shop.it\/fr\/shop\/table-fr-2\/couverts\/villeroy-boch-service-louis-24-pieces\/\"]}]},{\"@type\":\"BreadcrumbList\",\"@id\":\"https:\/\/www.erresse-shop.it\/fr\/shop\/table-fr-2\/couverts\/villeroy-boch-service-louis-24-pieces\/#breadcrumb\",\"itemListElement\":[{\"@type\":\"ListItem\",\"position\":1,\"name\":\"Home\",\"item\":\"https:\/\/www.erresse-shop.it\/fr\/\"},{\"@type\":\"ListItem\",\"position\":2,\"name\":\"Shop\",\"item\":\"https:\/\/www.erresse-shop.it\/fr\/shop\/\"},{\"@type\":\"ListItem\",\"position\":3,\"name\":\"VILLEROY &#038; BOCH Service Louis 24 pi\u00e8ces\"}]},{\"@type\":\"WebSite\",\"@id\":\"https:\/\/www.erresse-shop.it\/fr\/#website\",\"url\":\"https:\/\/www.erresse-shop.it\/fr\/\",\"name\":\"Erresse Shop\",\"description\":\"Articoli di qualit\u00e0 per la casa\",\"potentialAction\":[{\"@type\":\"SearchAction\",\"target\":{\"@type\":\"EntryPoint\",\"urlTemplate\":\"https:\/\/www.erresse-shop.it\/fr\/?s={search_term_string}\"},\"query-input\":\"required name=search_term_string\"}],\"inLanguage\":\"fr-FR\"}]}<\/script>\n<!-- \/ Yoast SEO Premium plugin. -->","yoast_head_json":{"title":"VILLEROY & BOCH Service Louis 24 pi\u00e8ces - Erresse Shop","description":"Minimaliste, urbain et moderne Les formes claires et simples de la collection de couverts Louis en acier inoxydable de haute qualit\u00e9 sont id\u00e9ales pour un","robots":{"index":"index","follow":"follow","max-snippet":"max-snippet:-1","max-image-preview":"max-image-preview:large","max-video-preview":"max-video-preview:-1"},"canonical":"https:\/\/www.erresse-shop.it\/fr\/shop\/table-fr-2\/couverts\/villeroy-boch-service-louis-24-pieces\/","og_locale":"fr_FR","og_type":"article","og_title":"VILLEROY & BOCH Service Louis 24 pi\u00e8ces","og_description":"Minimaliste, urbain et moderne Les formes claires et simples de la collection de couverts Louis en acier inoxydable de haute qualit\u00e9 sont id\u00e9ales pour un","og_url":"https:\/\/www.erresse-shop.it\/fr\/shop\/table-fr-2\/couverts\/villeroy-boch-service-louis-24-pieces\/","og_site_name":"Erresse Shop","article_modified_time":"2024-10-15T09:28:44+00:00","og_image":[{"width":800,"height":800,"url":"https:\/\/www.erresse-shop.it\/wp-content\/uploads\/2024\/06\/VILLEROY-BOCH-Louis-Servizio-24-Pezzi.png","type":"image\/png"}],"twitter_card":"summary_large_image","schema":{"@context":"https:\/\/schema.org","@graph":[{"@type":"WebPage","@id":"https:\/\/www.erresse-shop.it\/fr\/shop\/table-fr-2\/couverts\/villeroy-boch-service-louis-24-pieces\/","url":"https:\/\/www.erresse-shop.it\/fr\/shop\/table-fr-2\/couverts\/villeroy-boch-service-louis-24-pieces\/","name":"VILLEROY & BOCH Service Louis 24 pi\u00e8ces - Erresse Shop","isPartOf":{"@id":"https:\/\/www.erresse-shop.it\/fr\/#website"},"datePublished":"2024-06-06T06:19:46+00:00","dateModified":"2024-10-15T09:28:44+00:00","description":"Minimaliste, urbain et moderne Les formes claires et simples de la collection de couverts Louis en acier inoxydable de haute qualit\u00e9 sont id\u00e9ales pour un","breadcrumb":{"@id":"https:\/\/www.erresse-shop.it\/fr\/shop\/table-fr-2\/couverts\/villeroy-boch-service-louis-24-pieces\/#breadcrumb"},"inLanguage":"fr-FR","potentialAction":[{"@type":"ReadAction","target":["https:\/\/www.erresse-shop.it\/fr\/shop\/table-fr-2\/couverts\/villeroy-boch-service-louis-24-pieces\/"]}]},{"@type":"BreadcrumbList","@id":"https:\/\/www.erresse-shop.it\/fr\/shop\/table-fr-2\/couverts\/villeroy-boch-service-louis-24-pieces\/#breadcrumb","itemListElement":[{"@type":"ListItem","position":1,"name":"Home","item":"https:\/\/www.erresse-shop.it\/fr\/"},{"@type":"ListItem","position":2,"name":"Shop","item":"https:\/\/www.erresse-shop.it\/fr\/shop\/"},{"@type":"ListItem","position":3,"name":"VILLEROY &#038; BOCH Service Louis 24 pi\u00e8ces"}]},{"@type":"WebSite","@id":"https:\/\/www.erresse-shop.it\/fr\/#website","url":"https:\/\/www.erresse-shop.it\/fr\/","name":"Erresse Shop","description":"Articoli di qualit\u00e0 per la casa","potentialAction":[{"@type":"SearchAction","target":{"@type":"EntryPoint","urlTemplate":"https:\/\/www.erresse-shop.it\/fr\/?s={search_term_string}"},"query-input":"required name=search_term_string"}],"inLanguage":"fr-FR"}]}},"df_price":99.5,"df_sale_price":99.5,"df_regular_price":199,"df_image_link":"https:\/\/www.erresse-shop.it\/wp-content\/uploads\/2024\/06\/VILLEROY-BOCH-Louis-Servizio-24-Pezzi-300x300.jpg","_links":{"self":[{"href":"https:\/\/www.erresse-shop.it\/fr\/wp-json\/wp\/v2\/product\/411554"}],"collection":[{"href":"https:\/\/www.erresse-shop.it\/fr\/wp-json\/wp\/v2\/product"}],"about":[{"href":"https:\/\/www.erresse-shop.it\/fr\/wp-json\/wp\/v2\/types\/product"}],"wp:featuredmedia":[{"embeddable":true,"href":"https:\/\/www.erresse-shop.it\/fr\/wp-json\/wp\/v2\/media\/494107"}],"wp:attachment":[{"href":"https:\/\/www.erresse-shop.it\/fr\/wp-json\/wp\/v2\/media?parent=411554"}],"wp:term":[{"taxonomy":"product_cat","embeddable":true,"href":"https:\/\/www.erresse-shop.it\/fr\/wp-json\/wp\/v2\/product_cat?post=411554"},{"taxonomy":"product_tag","embeddable":true,"href":"https:\/\/www.erresse-shop.it\/fr\/wp-json\/wp\/v2\/product_tag?post=411554"}],"curies":[{"name":"wp","href":"https:\/\/api.w.org\/{rel}","templated":true}]}}