{"id":411499,"date":"2024-06-05T12:53:41","date_gmt":"2024-06-05T12:53:43","guid":{"rendered":"https:\/\/www.erresse-shop.it\/?post_type=product&#038;p=411499"},"modified":"2024-10-28T09:58:18","modified_gmt":"2024-10-28T09:58:18","slug":"riedel-veloce-cabernet-merlot-set-de-6","status":"publish","type":"product","link":"https:\/\/www.erresse-shop.it\/fr\/shop\/table-fr-2\/verres\/riedel-veloce-cabernet-merlot-set-de-6\/","title":{"rendered":"RIEDEL Veloce Cabernet\/Merlot Set de 6"},"content":{"rendered":"<p>Le verre Cabernet est parfait pour les vins rouges complexes, cors\u00e9s et riches en tanins.<\/p>\n<p>La forme en diamant est parfaite pour les grands vins audacieux du Nouveau Monde, gr\u00e2ce \u00e0 ses angles extr\u00eames qui donnent au vin plus d&#8217;espace pour d\u00e9velopper ses ar\u00f4mes.<\/p>\n<p>La taille g\u00e9n\u00e9reuse de ce verre met en valeur les notes fruit\u00e9es et att\u00e9nue les asp\u00e9rit\u00e9s et le caract\u00e8re amer des tanins, permettant aux vins d&#8217;atteindre l&#8217;\u00e9quilibre id\u00e9al.RIEDEL Veloce est une grande r\u00e9ussite bas\u00e9e sur la technologie de pointe de l&#8217;usine RIEDEL.<\/p>\n<p>Les derni\u00e8res technologies de production permettent d&#8217;obtenir des objets qui semblent faits \u00e0 la main mais qui offrent la pr\u00e9cision d&#8217;une production m\u00e9canique. Plus l\u00e9gers et plus minces, ils conviennent parfaitement aux vins du Nouveau Monde et leur base est grav\u00e9e du nom du c\u00e9page pour lequel le verre est recommand\u00e9. Cet article est un produit haut de gamme fabriqu\u00e9 \u00e0 la machine.<br \/>\nPREMIUM indique l&#8217;avantage d&#8217;un verre RIEDEL souffl\u00e9 \u00e0 la machine par rapport \u00e0 un verre souffl\u00e9 \u00e0 la main. La diff\u00e9rence r\u00e9side dans la pr\u00e9cision.<\/p>\n<p>Cet article peut \u00eatre lav\u00e9 au lave-vaisselle.<\/p>\n<p>L&#8217;emballage contient 6 pi\u00e8ces.<\/p>\n<p><strong>Caract\u00e9ristiques techniques<\/strong><\/p>\n<p>Ann\u00e9e de conception 2024<br \/>\nCapacit\u00e9 829.0 ccm<br \/>\nHauteur 247,0 mm<br \/>\nQuantit\u00e9 de bo\u00eetes 6<br \/>\nType de fabrication Fabriqu\u00e9 \u00e0 la machine<br \/>\nMat\u00e9riau Cristal<\/p>\n","protected":false},"excerpt":{"rendered":"<p>Le verre Cabernet est parfait pour les vins rouges complexes, cors\u00e9s et riches en tanins. La forme en diamant est<\/p>\n","protected":false},"featured_media":411508,"template":"","meta":{"_acf_changed":false,"inline_featured_image":false},"product_cat":[12782,12784],"product_tag":[25086,23910,14413,25021,21821,12826,15730,22555],"acf":[],"yoast_head":"<!-- This site is optimized with the Yoast SEO Premium plugin v18.6 (Yoast SEO v19.13) - https:\/\/yoast.com\/wordpress\/plugins\/seo\/ -->\n<title>RIEDEL Veloce Cabernet\/Merlot Set de 6 - Erresse Shop<\/title>\n<meta name=\"description\" content=\"Le verre Cabernet est parfait pour les vins rouges complexes, cors\u00e9s et riches en tanins. La forme en diamant est parfaite pour les grands vins audacieux\" \/>\n<meta name=\"robots\" content=\"index, follow, max-snippet:-1, max-image-preview:large, max-video-preview:-1\" \/>\n<link rel=\"canonical\" href=\"https:\/\/www.erresse-shop.it\/fr\/shop\/table-fr-2\/verres\/riedel-veloce-cabernet-merlot-set-de-6\/\" \/>\n<meta property=\"og:locale\" content=\"fr_FR\" \/>\n<meta property=\"og:type\" content=\"article\" \/>\n<meta property=\"og:title\" content=\"RIEDEL Veloce Cabernet\/Merlot Set de 6\" \/>\n<meta property=\"og:description\" content=\"Le verre Cabernet est parfait pour les vins rouges complexes, cors\u00e9s et riches en tanins. La forme en diamant est parfaite pour les grands vins audacieux\" \/>\n<meta property=\"og:url\" content=\"https:\/\/www.erresse-shop.it\/fr\/shop\/table-fr-2\/verres\/riedel-veloce-cabernet-merlot-set-de-6\/\" \/>\n<meta property=\"og:site_name\" content=\"Erresse Shop\" \/>\n<meta property=\"article:modified_time\" content=\"2024-10-28T09:58:18+00:00\" \/>\n<meta property=\"og:image\" content=\"https:\/\/www.erresse-shop.it\/wp-content\/uploads\/2024\/06\/Riedel-veloce-6-pc-r.jpg\" \/>\n\t<meta property=\"og:image:width\" content=\"800\" \/>\n\t<meta property=\"og:image:height\" content=\"800\" \/>\n\t<meta property=\"og:image:type\" content=\"image\/jpeg\" \/>\n<meta name=\"twitter:card\" content=\"summary_large_image\" \/>\n<script type=\"application\/ld+json\" class=\"yoast-schema-graph\">{\"@context\":\"https:\/\/schema.org\",\"@graph\":[{\"@type\":\"WebPage\",\"@id\":\"https:\/\/www.erresse-shop.it\/fr\/shop\/table-fr-2\/verres\/riedel-veloce-cabernet-merlot-set-de-6\/\",\"url\":\"https:\/\/www.erresse-shop.it\/fr\/shop\/table-fr-2\/verres\/riedel-veloce-cabernet-merlot-set-de-6\/\",\"name\":\"RIEDEL Veloce Cabernet\/Merlot Set de 6 - Erresse Shop\",\"isPartOf\":{\"@id\":\"https:\/\/www.erresse-shop.it\/fr\/#website\"},\"datePublished\":\"2024-06-05T12:53:43+00:00\",\"dateModified\":\"2024-10-28T09:58:18+00:00\",\"description\":\"Le verre Cabernet est parfait pour les vins rouges complexes, cors\u00e9s et riches en tanins. La forme en diamant est parfaite pour les grands vins audacieux\",\"breadcrumb\":{\"@id\":\"https:\/\/www.erresse-shop.it\/fr\/shop\/table-fr-2\/verres\/riedel-veloce-cabernet-merlot-set-de-6\/#breadcrumb\"},\"inLanguage\":\"fr-FR\",\"potentialAction\":[{\"@type\":\"ReadAction\",\"target\":[\"https:\/\/www.erresse-shop.it\/fr\/shop\/table-fr-2\/verres\/riedel-veloce-cabernet-merlot-set-de-6\/\"]}]},{\"@type\":\"BreadcrumbList\",\"@id\":\"https:\/\/www.erresse-shop.it\/fr\/shop\/table-fr-2\/verres\/riedel-veloce-cabernet-merlot-set-de-6\/#breadcrumb\",\"itemListElement\":[{\"@type\":\"ListItem\",\"position\":1,\"name\":\"Home\",\"item\":\"https:\/\/www.erresse-shop.it\/fr\/\"},{\"@type\":\"ListItem\",\"position\":2,\"name\":\"Shop\",\"item\":\"https:\/\/www.erresse-shop.it\/fr\/shop\/\"},{\"@type\":\"ListItem\",\"position\":3,\"name\":\"RIEDEL Veloce Cabernet\/Merlot Set de 6\"}]},{\"@type\":\"WebSite\",\"@id\":\"https:\/\/www.erresse-shop.it\/fr\/#website\",\"url\":\"https:\/\/www.erresse-shop.it\/fr\/\",\"name\":\"Erresse Shop\",\"description\":\"Articoli di qualit\u00e0 per la casa\",\"potentialAction\":[{\"@type\":\"SearchAction\",\"target\":{\"@type\":\"EntryPoint\",\"urlTemplate\":\"https:\/\/www.erresse-shop.it\/fr\/?s={search_term_string}\"},\"query-input\":\"required name=search_term_string\"}],\"inLanguage\":\"fr-FR\"}]}<\/script>\n<!-- \/ Yoast SEO Premium plugin. -->","yoast_head_json":{"title":"RIEDEL Veloce Cabernet\/Merlot Set de 6 - Erresse Shop","description":"Le verre Cabernet est parfait pour les vins rouges complexes, cors\u00e9s et riches en tanins. La forme en diamant est parfaite pour les grands vins audacieux","robots":{"index":"index","follow":"follow","max-snippet":"max-snippet:-1","max-image-preview":"max-image-preview:large","max-video-preview":"max-video-preview:-1"},"canonical":"https:\/\/www.erresse-shop.it\/fr\/shop\/table-fr-2\/verres\/riedel-veloce-cabernet-merlot-set-de-6\/","og_locale":"fr_FR","og_type":"article","og_title":"RIEDEL Veloce Cabernet\/Merlot Set de 6","og_description":"Le verre Cabernet est parfait pour les vins rouges complexes, cors\u00e9s et riches en tanins. La forme en diamant est parfaite pour les grands vins audacieux","og_url":"https:\/\/www.erresse-shop.it\/fr\/shop\/table-fr-2\/verres\/riedel-veloce-cabernet-merlot-set-de-6\/","og_site_name":"Erresse Shop","article_modified_time":"2024-10-28T09:58:18+00:00","og_image":[{"width":800,"height":800,"url":"https:\/\/www.erresse-shop.it\/wp-content\/uploads\/2024\/06\/Riedel-veloce-6-pc-r.jpg","type":"image\/jpeg"}],"twitter_card":"summary_large_image","schema":{"@context":"https:\/\/schema.org","@graph":[{"@type":"WebPage","@id":"https:\/\/www.erresse-shop.it\/fr\/shop\/table-fr-2\/verres\/riedel-veloce-cabernet-merlot-set-de-6\/","url":"https:\/\/www.erresse-shop.it\/fr\/shop\/table-fr-2\/verres\/riedel-veloce-cabernet-merlot-set-de-6\/","name":"RIEDEL Veloce Cabernet\/Merlot Set de 6 - Erresse Shop","isPartOf":{"@id":"https:\/\/www.erresse-shop.it\/fr\/#website"},"datePublished":"2024-06-05T12:53:43+00:00","dateModified":"2024-10-28T09:58:18+00:00","description":"Le verre Cabernet est parfait pour les vins rouges complexes, cors\u00e9s et riches en tanins. La forme en diamant est parfaite pour les grands vins audacieux","breadcrumb":{"@id":"https:\/\/www.erresse-shop.it\/fr\/shop\/table-fr-2\/verres\/riedel-veloce-cabernet-merlot-set-de-6\/#breadcrumb"},"inLanguage":"fr-FR","potentialAction":[{"@type":"ReadAction","target":["https:\/\/www.erresse-shop.it\/fr\/shop\/table-fr-2\/verres\/riedel-veloce-cabernet-merlot-set-de-6\/"]}]},{"@type":"BreadcrumbList","@id":"https:\/\/www.erresse-shop.it\/fr\/shop\/table-fr-2\/verres\/riedel-veloce-cabernet-merlot-set-de-6\/#breadcrumb","itemListElement":[{"@type":"ListItem","position":1,"name":"Home","item":"https:\/\/www.erresse-shop.it\/fr\/"},{"@type":"ListItem","position":2,"name":"Shop","item":"https:\/\/www.erresse-shop.it\/fr\/shop\/"},{"@type":"ListItem","position":3,"name":"RIEDEL Veloce Cabernet\/Merlot Set de 6"}]},{"@type":"WebSite","@id":"https:\/\/www.erresse-shop.it\/fr\/#website","url":"https:\/\/www.erresse-shop.it\/fr\/","name":"Erresse Shop","description":"Articoli di qualit\u00e0 per la casa","potentialAction":[{"@type":"SearchAction","target":{"@type":"EntryPoint","urlTemplate":"https:\/\/www.erresse-shop.it\/fr\/?s={search_term_string}"},"query-input":"required name=search_term_string"}],"inLanguage":"fr-FR"}]}},"df_price":79.65,"df_sale_price":79.65,"df_regular_price":177,"df_image_link":"https:\/\/www.erresse-shop.it\/wp-content\/uploads\/2024\/06\/Riedel-veloce-6-pc-r-300x300.jpg","_links":{"self":[{"href":"https:\/\/www.erresse-shop.it\/fr\/wp-json\/wp\/v2\/product\/411499"}],"collection":[{"href":"https:\/\/www.erresse-shop.it\/fr\/wp-json\/wp\/v2\/product"}],"about":[{"href":"https:\/\/www.erresse-shop.it\/fr\/wp-json\/wp\/v2\/types\/product"}],"wp:featuredmedia":[{"embeddable":true,"href":"https:\/\/www.erresse-shop.it\/fr\/wp-json\/wp\/v2\/media\/411508"}],"wp:attachment":[{"href":"https:\/\/www.erresse-shop.it\/fr\/wp-json\/wp\/v2\/media?parent=411499"}],"wp:term":[{"taxonomy":"product_cat","embeddable":true,"href":"https:\/\/www.erresse-shop.it\/fr\/wp-json\/wp\/v2\/product_cat?post=411499"},{"taxonomy":"product_tag","embeddable":true,"href":"https:\/\/www.erresse-shop.it\/fr\/wp-json\/wp\/v2\/product_tag?post=411499"}],"curies":[{"name":"wp","href":"https:\/\/api.w.org\/{rel}","templated":true}]}}