{"id":410305,"date":"2024-05-30T14:40:20","date_gmt":"2024-05-30T14:40:25","guid":{"rendered":"https:\/\/www.erresse-shop.it\/?post_type=product&#038;p=410305"},"modified":"2024-10-28T10:09:33","modified_gmt":"2024-10-28T10:09:33","slug":"stadler-form-finn-ventilateur-mobile","status":"publish","type":"product","link":"https:\/\/www.erresse-shop.it\/fr\/shop\/petits-electromenagers\/ventilateurs\/stadler-form-finn-ventilateur-mobile\/","title":{"rendered":"STADLER FORM Finn Ventilateur Mobile"},"content":{"rendered":"<p><strong>Informations sur le produit Finn mobile<\/strong><\/p>\n<p>Le ventilateur mobile Finn est parfait pour les journ\u00e9es chaudes ! Gr\u00e2ce \u00e0 sa batterie rechargeable et \u00e0 sa certification IP44, il apporte une brise fra\u00eeche \u00e0 l&#8217;int\u00e9rieur et dans les espaces ext\u00e9rieurs couverts, de mani\u00e8re silencieuse et \u00e9conome en \u00e9nergie. Sa fonction d&#8217;oscillation horizontale, ses 8 niveaux de vitesse avec une distance de vent allant jusqu&#8217;\u00e0 8 m\u00e8tres et sa t\u00e9l\u00e9commande pratique offrent un confort individuel. Gr\u00e2ce \u00e0 la minuterie d&#8217;arr\u00eat de 1 \u00e0 8 heures, vous pouvez choisir le temps de fonctionnement du Finn mobile. Le mode nuit silencieux garantit un sommeil r\u00e9parateur.<\/p>\n<ul>\n<li>A l&#8217;int\u00e9rieur comme \u00e0 l&#8217;ext\u00e9rieur : La fra\u00eecheur \u00e0 tout moment et en tout lieu<\/li>\n<li>Fonctionnement sans fil sur batterie jusqu&#8217;\u00e0 7 heures<\/li>\n<li>Refroidissement polyvalent et silencieux avec fonction swing<\/li>\n<\/ul>\n<p><strong>Informations techniques :<\/strong><\/p>\n<p><strong>Syst\u00e8me :<\/strong> Ventilateur sur pied<br \/>\n<strong>Couleur :<\/strong> blanc<br \/>\n<strong>Capacit\u00e9 :<\/strong> 361 m3\/h<br \/>\n<strong>Niveau de puissance :<\/strong> 8<br \/>\n<strong>Consommation \u00e9lectrique :<\/strong> 1,6 W &#8211; 28 W<br \/>\n<strong>Niveau sonore :<\/strong> 24 &#8211; 53 dB(A)<br \/>\n<strong>Poids :<\/strong> 4,6 kg<br \/>\n<strong>Dimensions :<\/strong> 349 x 954 x 226 mm : 349 x 954 x 226 mm<\/p>\n","protected":false},"excerpt":{"rendered":"<p>Informations sur le produit Finn mobile Le ventilateur mobile Finn est parfait pour les journ\u00e9es chaudes ! Gr\u00e2ce \u00e0 sa<\/p>\n","protected":false},"featured_media":500681,"template":"","meta":{"_acf_changed":false,"inline_featured_image":false},"product_cat":[12449,25275],"product_tag":[25021],"acf":[],"yoast_head":"<!-- This site is optimized with the Yoast SEO Premium plugin v18.6 (Yoast SEO v19.13) - https:\/\/yoast.com\/wordpress\/plugins\/seo\/ -->\n<title>STADLER FORM Finn Ventilateur Mobile - Erresse Shop<\/title>\n<meta name=\"description\" content=\"Informations sur le produit Finn mobile Le ventilateur mobile Finn est parfait pour les journ\u00e9es chaudes ! Gr\u00e2ce \u00e0 sa batterie rechargeable et \u00e0 sa\" \/>\n<meta name=\"robots\" content=\"index, follow, max-snippet:-1, max-image-preview:large, max-video-preview:-1\" \/>\n<link rel=\"canonical\" href=\"https:\/\/www.erresse-shop.it\/fr\/shop\/petits-electromenagers\/ventilateurs\/stadler-form-finn-ventilateur-mobile\/\" \/>\n<meta property=\"og:locale\" content=\"fr_FR\" \/>\n<meta property=\"og:type\" content=\"article\" \/>\n<meta property=\"og:title\" content=\"STADLER FORM Finn Ventilateur Mobile\" \/>\n<meta property=\"og:description\" content=\"Informations sur le produit Finn mobile Le ventilateur mobile Finn est parfait pour les journ\u00e9es chaudes ! Gr\u00e2ce \u00e0 sa batterie rechargeable et \u00e0 sa\" \/>\n<meta property=\"og:url\" content=\"https:\/\/www.erresse-shop.it\/fr\/shop\/petits-electromenagers\/ventilateurs\/stadler-form-finn-ventilateur-mobile\/\" \/>\n<meta property=\"og:site_name\" content=\"Erresse Shop\" \/>\n<meta property=\"article:modified_time\" content=\"2024-10-28T10:09:33+00:00\" \/>\n<meta property=\"og:image\" content=\"https:\/\/www.erresse-shop.it\/wp-content\/uploads\/2024\/05\/STADLER-FORM-Ventilatore-Finn.png\" \/>\n\t<meta property=\"og:image:width\" content=\"800\" \/>\n\t<meta property=\"og:image:height\" content=\"800\" \/>\n\t<meta property=\"og:image:type\" content=\"image\/png\" \/>\n<meta name=\"twitter:card\" content=\"summary_large_image\" \/>\n<script type=\"application\/ld+json\" class=\"yoast-schema-graph\">{\"@context\":\"https:\/\/schema.org\",\"@graph\":[{\"@type\":\"WebPage\",\"@id\":\"https:\/\/www.erresse-shop.it\/fr\/shop\/petits-electromenagers\/ventilateurs\/stadler-form-finn-ventilateur-mobile\/\",\"url\":\"https:\/\/www.erresse-shop.it\/fr\/shop\/petits-electromenagers\/ventilateurs\/stadler-form-finn-ventilateur-mobile\/\",\"name\":\"STADLER FORM Finn Ventilateur Mobile - Erresse Shop\",\"isPartOf\":{\"@id\":\"https:\/\/www.erresse-shop.it\/fr\/#website\"},\"datePublished\":\"2024-05-30T14:40:25+00:00\",\"dateModified\":\"2024-10-28T10:09:33+00:00\",\"description\":\"Informations sur le produit Finn mobile Le ventilateur mobile Finn est parfait pour les journ\u00e9es chaudes ! Gr\u00e2ce \u00e0 sa batterie rechargeable et \u00e0 sa\",\"breadcrumb\":{\"@id\":\"https:\/\/www.erresse-shop.it\/fr\/shop\/petits-electromenagers\/ventilateurs\/stadler-form-finn-ventilateur-mobile\/#breadcrumb\"},\"inLanguage\":\"fr-FR\",\"potentialAction\":[{\"@type\":\"ReadAction\",\"target\":[\"https:\/\/www.erresse-shop.it\/fr\/shop\/petits-electromenagers\/ventilateurs\/stadler-form-finn-ventilateur-mobile\/\"]}]},{\"@type\":\"BreadcrumbList\",\"@id\":\"https:\/\/www.erresse-shop.it\/fr\/shop\/petits-electromenagers\/ventilateurs\/stadler-form-finn-ventilateur-mobile\/#breadcrumb\",\"itemListElement\":[{\"@type\":\"ListItem\",\"position\":1,\"name\":\"Home\",\"item\":\"https:\/\/www.erresse-shop.it\/fr\/\"},{\"@type\":\"ListItem\",\"position\":2,\"name\":\"Shop\",\"item\":\"https:\/\/www.erresse-shop.it\/fr\/shop\/\"},{\"@type\":\"ListItem\",\"position\":3,\"name\":\"STADLER FORM Finn Ventilateur Mobile\"}]},{\"@type\":\"WebSite\",\"@id\":\"https:\/\/www.erresse-shop.it\/fr\/#website\",\"url\":\"https:\/\/www.erresse-shop.it\/fr\/\",\"name\":\"Erresse Shop\",\"description\":\"Articoli di qualit\u00e0 per la casa\",\"potentialAction\":[{\"@type\":\"SearchAction\",\"target\":{\"@type\":\"EntryPoint\",\"urlTemplate\":\"https:\/\/www.erresse-shop.it\/fr\/?s={search_term_string}\"},\"query-input\":\"required name=search_term_string\"}],\"inLanguage\":\"fr-FR\"}]}<\/script>\n<!-- \/ Yoast SEO Premium plugin. -->","yoast_head_json":{"title":"STADLER FORM Finn Ventilateur Mobile - Erresse Shop","description":"Informations sur le produit Finn mobile Le ventilateur mobile Finn est parfait pour les journ\u00e9es chaudes ! Gr\u00e2ce \u00e0 sa batterie rechargeable et \u00e0 sa","robots":{"index":"index","follow":"follow","max-snippet":"max-snippet:-1","max-image-preview":"max-image-preview:large","max-video-preview":"max-video-preview:-1"},"canonical":"https:\/\/www.erresse-shop.it\/fr\/shop\/petits-electromenagers\/ventilateurs\/stadler-form-finn-ventilateur-mobile\/","og_locale":"fr_FR","og_type":"article","og_title":"STADLER FORM Finn Ventilateur Mobile","og_description":"Informations sur le produit Finn mobile Le ventilateur mobile Finn est parfait pour les journ\u00e9es chaudes ! Gr\u00e2ce \u00e0 sa batterie rechargeable et \u00e0 sa","og_url":"https:\/\/www.erresse-shop.it\/fr\/shop\/petits-electromenagers\/ventilateurs\/stadler-form-finn-ventilateur-mobile\/","og_site_name":"Erresse Shop","article_modified_time":"2024-10-28T10:09:33+00:00","og_image":[{"width":800,"height":800,"url":"https:\/\/www.erresse-shop.it\/wp-content\/uploads\/2024\/05\/STADLER-FORM-Ventilatore-Finn.png","type":"image\/png"}],"twitter_card":"summary_large_image","schema":{"@context":"https:\/\/schema.org","@graph":[{"@type":"WebPage","@id":"https:\/\/www.erresse-shop.it\/fr\/shop\/petits-electromenagers\/ventilateurs\/stadler-form-finn-ventilateur-mobile\/","url":"https:\/\/www.erresse-shop.it\/fr\/shop\/petits-electromenagers\/ventilateurs\/stadler-form-finn-ventilateur-mobile\/","name":"STADLER FORM Finn Ventilateur Mobile - Erresse Shop","isPartOf":{"@id":"https:\/\/www.erresse-shop.it\/fr\/#website"},"datePublished":"2024-05-30T14:40:25+00:00","dateModified":"2024-10-28T10:09:33+00:00","description":"Informations sur le produit Finn mobile Le ventilateur mobile Finn est parfait pour les journ\u00e9es chaudes ! Gr\u00e2ce \u00e0 sa batterie rechargeable et \u00e0 sa","breadcrumb":{"@id":"https:\/\/www.erresse-shop.it\/fr\/shop\/petits-electromenagers\/ventilateurs\/stadler-form-finn-ventilateur-mobile\/#breadcrumb"},"inLanguage":"fr-FR","potentialAction":[{"@type":"ReadAction","target":["https:\/\/www.erresse-shop.it\/fr\/shop\/petits-electromenagers\/ventilateurs\/stadler-form-finn-ventilateur-mobile\/"]}]},{"@type":"BreadcrumbList","@id":"https:\/\/www.erresse-shop.it\/fr\/shop\/petits-electromenagers\/ventilateurs\/stadler-form-finn-ventilateur-mobile\/#breadcrumb","itemListElement":[{"@type":"ListItem","position":1,"name":"Home","item":"https:\/\/www.erresse-shop.it\/fr\/"},{"@type":"ListItem","position":2,"name":"Shop","item":"https:\/\/www.erresse-shop.it\/fr\/shop\/"},{"@type":"ListItem","position":3,"name":"STADLER FORM Finn Ventilateur Mobile"}]},{"@type":"WebSite","@id":"https:\/\/www.erresse-shop.it\/fr\/#website","url":"https:\/\/www.erresse-shop.it\/fr\/","name":"Erresse Shop","description":"Articoli di qualit\u00e0 per la casa","potentialAction":[{"@type":"SearchAction","target":{"@type":"EntryPoint","urlTemplate":"https:\/\/www.erresse-shop.it\/fr\/?s={search_term_string}"},"query-input":"required name=search_term_string"}],"inLanguage":"fr-FR"}]}},"df_price":139.95,"df_sale_price":139.95,"df_regular_price":179,"df_image_link":"https:\/\/www.erresse-shop.it\/wp-content\/uploads\/2024\/05\/STADLER-FORM-Ventilatore-Finn-Mobile-1-300x300.jpg","_links":{"self":[{"href":"https:\/\/www.erresse-shop.it\/fr\/wp-json\/wp\/v2\/product\/410305"}],"collection":[{"href":"https:\/\/www.erresse-shop.it\/fr\/wp-json\/wp\/v2\/product"}],"about":[{"href":"https:\/\/www.erresse-shop.it\/fr\/wp-json\/wp\/v2\/types\/product"}],"wp:featuredmedia":[{"embeddable":true,"href":"https:\/\/www.erresse-shop.it\/fr\/wp-json\/wp\/v2\/media\/500681"}],"wp:attachment":[{"href":"https:\/\/www.erresse-shop.it\/fr\/wp-json\/wp\/v2\/media?parent=410305"}],"wp:term":[{"taxonomy":"product_cat","embeddable":true,"href":"https:\/\/www.erresse-shop.it\/fr\/wp-json\/wp\/v2\/product_cat?post=410305"},{"taxonomy":"product_tag","embeddable":true,"href":"https:\/\/www.erresse-shop.it\/fr\/wp-json\/wp\/v2\/product_tag?post=410305"}],"curies":[{"name":"wp","href":"https:\/\/api.w.org\/{rel}","templated":true}]}}