{"id":410281,"date":"2024-05-30T14:21:06","date_gmt":"2024-05-30T14:21:11","guid":{"rendered":"https:\/\/www.erresse-shop.it\/?post_type=product&#038;p=410281"},"modified":"2024-10-28T13:30:46","modified_gmt":"2024-10-28T13:30:46","slug":"stadler-form-fan-finn","status":"publish","type":"product","link":"https:\/\/www.erresse-shop.it\/fr\/shop\/petits-electromenagers\/ventilateurs\/stadler-form-fan-finn\/","title":{"rendered":"STADLER FORM Fan Finn"},"content":{"rendered":"<p><strong>Informations sur les produits finlandais<\/strong><\/p>\n<p>Gr\u00e2ce \u00e0 sa technologie \u00e9conome en \u00e9nergie, le ventilateur Finn offre une fra\u00eecheur agr\u00e9able lors des journ\u00e9es les plus chaudes. Finn peut \u00eatre utilis\u00e9 comme ventilateur sur pied, au sol ou sur table et oscille silencieusement de gauche \u00e0 droite pour optimiser la circulation de l&#8217;air dans la pi\u00e8ce. Ses 8 niveaux de vitesse avec une distance au vent allant jusqu&#8217;\u00e0 8 m\u00e8tres, son mode brise naturelle et sa t\u00e9l\u00e9commande offrent un confort maximal. De plus, gr\u00e2ce au mode nuit et \u00e0 la minuterie de mise en veille de 1 \u00e0 8 heures, Finn assure un sommeil r\u00e9parateur.<\/p>\n<ul>\n<li>Refroidissement silencieux avec fonction Swing<\/li>\n<li>Arr\u00eat automatique gr\u00e2ce \u00e0 la minuterie de 1 \u00e0 8 heures<\/li>\n<li>Tr\u00e8s faible consommation \u00e9lectrique de 1,6\u00a0watt<\/li>\n<\/ul>\n<p><strong>Informations techniques\u00a0:<\/strong><\/p>\n<p><strong>Syst\u00e8me\u00a0:<\/strong> Ventilateur sur pied<br \/>\n<strong>Couleur\u00a0:<\/strong> blanc<br \/>\n<strong>Capacit\u00e9\u00a0:<\/strong> 361 m3\/h<br \/>\n<strong>Niveau de puissance\u00a0:<\/strong> 8<br \/>\n<strong>Consommation \u00e9lectrique\u00a0:<\/strong> 1,6 W &#8211; 13 W<br \/>\n<strong>Niveau sonore<\/strong> 24 &#8211; 53 dB(A)<br \/>\n<strong>Poids\u00a0:<\/strong> 4,6 kg<br \/>\n<strong>Dimensions\u00a0:<\/strong> 349 x 954 x 226 mm<\/p>\n","protected":false},"excerpt":{"rendered":"<p>Informations sur les produits finlandais Gr\u00e2ce \u00e0 sa technologie \u00e9conome en \u00e9nergie, le ventilateur Finn offre une fra\u00eecheur agr\u00e9able lors<\/p>\n","protected":false},"featured_media":494019,"template":"","meta":{"_acf_changed":false,"inline_featured_image":false},"product_cat":[12449,25275],"product_tag":[],"acf":[],"yoast_head":"<!-- This site is optimized with the Yoast SEO Premium plugin v18.6 (Yoast SEO v19.13) - https:\/\/yoast.com\/wordpress\/plugins\/seo\/ -->\n<title>STADLER FORM Fan Finn - Erresse Shop<\/title>\n<meta name=\"description\" content=\"Informations sur les produits finlandais Gr\u00e2ce \u00e0 sa technologie \u00e9conome en \u00e9nergie, le ventilateur Finn offre une fra\u00eecheur agr\u00e9able lors des journ\u00e9es les\" \/>\n<meta name=\"robots\" content=\"index, follow, max-snippet:-1, max-image-preview:large, max-video-preview:-1\" \/>\n<link rel=\"canonical\" href=\"https:\/\/www.erresse-shop.it\/fr\/shop\/petits-electromenagers\/ventilateurs\/stadler-form-fan-finn\/\" \/>\n<meta property=\"og:locale\" content=\"fr_FR\" \/>\n<meta property=\"og:type\" content=\"article\" \/>\n<meta property=\"og:title\" content=\"STADLER FORM Fan Finn\" \/>\n<meta property=\"og:description\" content=\"Informations sur les produits finlandais Gr\u00e2ce \u00e0 sa technologie \u00e9conome en \u00e9nergie, le ventilateur Finn offre une fra\u00eecheur agr\u00e9able lors des journ\u00e9es les\" \/>\n<meta property=\"og:url\" content=\"https:\/\/www.erresse-shop.it\/fr\/shop\/petits-electromenagers\/ventilateurs\/stadler-form-fan-finn\/\" \/>\n<meta property=\"og:site_name\" content=\"Erresse Shop\" \/>\n<meta property=\"article:modified_time\" content=\"2024-10-28T13:30:46+00:00\" \/>\n<meta property=\"og:image\" content=\"https:\/\/www.erresse-shop.it\/wp-content\/uploads\/2024\/05\/STADLER-FORM-Ventilatore-Finn.png\" \/>\n\t<meta property=\"og:image:width\" content=\"800\" \/>\n\t<meta property=\"og:image:height\" content=\"800\" \/>\n\t<meta property=\"og:image:type\" content=\"image\/png\" \/>\n<meta name=\"twitter:card\" content=\"summary_large_image\" \/>\n<script type=\"application\/ld+json\" class=\"yoast-schema-graph\">{\"@context\":\"https:\/\/schema.org\",\"@graph\":[{\"@type\":\"WebPage\",\"@id\":\"https:\/\/www.erresse-shop.it\/fr\/shop\/petits-electromenagers\/ventilateurs\/stadler-form-fan-finn\/\",\"url\":\"https:\/\/www.erresse-shop.it\/fr\/shop\/petits-electromenagers\/ventilateurs\/stadler-form-fan-finn\/\",\"name\":\"STADLER FORM Fan Finn - Erresse Shop\",\"isPartOf\":{\"@id\":\"https:\/\/www.erresse-shop.it\/fr\/#website\"},\"datePublished\":\"2024-05-30T14:21:11+00:00\",\"dateModified\":\"2024-10-28T13:30:46+00:00\",\"description\":\"Informations sur les produits finlandais Gr\u00e2ce \u00e0 sa technologie \u00e9conome en \u00e9nergie, le ventilateur Finn offre une fra\u00eecheur agr\u00e9able lors des journ\u00e9es les\",\"breadcrumb\":{\"@id\":\"https:\/\/www.erresse-shop.it\/fr\/shop\/petits-electromenagers\/ventilateurs\/stadler-form-fan-finn\/#breadcrumb\"},\"inLanguage\":\"fr-FR\",\"potentialAction\":[{\"@type\":\"ReadAction\",\"target\":[\"https:\/\/www.erresse-shop.it\/fr\/shop\/petits-electromenagers\/ventilateurs\/stadler-form-fan-finn\/\"]}]},{\"@type\":\"BreadcrumbList\",\"@id\":\"https:\/\/www.erresse-shop.it\/fr\/shop\/petits-electromenagers\/ventilateurs\/stadler-form-fan-finn\/#breadcrumb\",\"itemListElement\":[{\"@type\":\"ListItem\",\"position\":1,\"name\":\"Home\",\"item\":\"https:\/\/www.erresse-shop.it\/fr\/\"},{\"@type\":\"ListItem\",\"position\":2,\"name\":\"Shop\",\"item\":\"https:\/\/www.erresse-shop.it\/fr\/shop\/\"},{\"@type\":\"ListItem\",\"position\":3,\"name\":\"STADLER FORM Fan Finn\"}]},{\"@type\":\"WebSite\",\"@id\":\"https:\/\/www.erresse-shop.it\/fr\/#website\",\"url\":\"https:\/\/www.erresse-shop.it\/fr\/\",\"name\":\"Erresse Shop\",\"description\":\"Articoli di qualit\u00e0 per la casa\",\"potentialAction\":[{\"@type\":\"SearchAction\",\"target\":{\"@type\":\"EntryPoint\",\"urlTemplate\":\"https:\/\/www.erresse-shop.it\/fr\/?s={search_term_string}\"},\"query-input\":\"required name=search_term_string\"}],\"inLanguage\":\"fr-FR\"}]}<\/script>\n<!-- \/ Yoast SEO Premium plugin. -->","yoast_head_json":{"title":"STADLER FORM Fan Finn - Erresse Shop","description":"Informations sur les produits finlandais Gr\u00e2ce \u00e0 sa technologie \u00e9conome en \u00e9nergie, le ventilateur Finn offre une fra\u00eecheur agr\u00e9able lors des journ\u00e9es les","robots":{"index":"index","follow":"follow","max-snippet":"max-snippet:-1","max-image-preview":"max-image-preview:large","max-video-preview":"max-video-preview:-1"},"canonical":"https:\/\/www.erresse-shop.it\/fr\/shop\/petits-electromenagers\/ventilateurs\/stadler-form-fan-finn\/","og_locale":"fr_FR","og_type":"article","og_title":"STADLER FORM Fan Finn","og_description":"Informations sur les produits finlandais Gr\u00e2ce \u00e0 sa technologie \u00e9conome en \u00e9nergie, le ventilateur Finn offre une fra\u00eecheur agr\u00e9able lors des journ\u00e9es les","og_url":"https:\/\/www.erresse-shop.it\/fr\/shop\/petits-electromenagers\/ventilateurs\/stadler-form-fan-finn\/","og_site_name":"Erresse Shop","article_modified_time":"2024-10-28T13:30:46+00:00","og_image":[{"width":800,"height":800,"url":"https:\/\/www.erresse-shop.it\/wp-content\/uploads\/2024\/05\/STADLER-FORM-Ventilatore-Finn.png","type":"image\/png"}],"twitter_card":"summary_large_image","schema":{"@context":"https:\/\/schema.org","@graph":[{"@type":"WebPage","@id":"https:\/\/www.erresse-shop.it\/fr\/shop\/petits-electromenagers\/ventilateurs\/stadler-form-fan-finn\/","url":"https:\/\/www.erresse-shop.it\/fr\/shop\/petits-electromenagers\/ventilateurs\/stadler-form-fan-finn\/","name":"STADLER FORM Fan Finn - Erresse Shop","isPartOf":{"@id":"https:\/\/www.erresse-shop.it\/fr\/#website"},"datePublished":"2024-05-30T14:21:11+00:00","dateModified":"2024-10-28T13:30:46+00:00","description":"Informations sur les produits finlandais Gr\u00e2ce \u00e0 sa technologie \u00e9conome en \u00e9nergie, le ventilateur Finn offre une fra\u00eecheur agr\u00e9able lors des journ\u00e9es les","breadcrumb":{"@id":"https:\/\/www.erresse-shop.it\/fr\/shop\/petits-electromenagers\/ventilateurs\/stadler-form-fan-finn\/#breadcrumb"},"inLanguage":"fr-FR","potentialAction":[{"@type":"ReadAction","target":["https:\/\/www.erresse-shop.it\/fr\/shop\/petits-electromenagers\/ventilateurs\/stadler-form-fan-finn\/"]}]},{"@type":"BreadcrumbList","@id":"https:\/\/www.erresse-shop.it\/fr\/shop\/petits-electromenagers\/ventilateurs\/stadler-form-fan-finn\/#breadcrumb","itemListElement":[{"@type":"ListItem","position":1,"name":"Home","item":"https:\/\/www.erresse-shop.it\/fr\/"},{"@type":"ListItem","position":2,"name":"Shop","item":"https:\/\/www.erresse-shop.it\/fr\/shop\/"},{"@type":"ListItem","position":3,"name":"STADLER FORM Fan Finn"}]},{"@type":"WebSite","@id":"https:\/\/www.erresse-shop.it\/fr\/#website","url":"https:\/\/www.erresse-shop.it\/fr\/","name":"Erresse Shop","description":"Articoli di qualit\u00e0 per la casa","potentialAction":[{"@type":"SearchAction","target":{"@type":"EntryPoint","urlTemplate":"https:\/\/www.erresse-shop.it\/fr\/?s={search_term_string}"},"query-input":"required name=search_term_string"}],"inLanguage":"fr-FR"}]}},"df_price":109.95,"df_sale_price":109.95,"df_regular_price":129.9,"df_image_link":"https:\/\/www.erresse-shop.it\/wp-content\/uploads\/2024\/05\/STADLER-FORM-Ventilatore-Finn-300x300.jpg","_links":{"self":[{"href":"https:\/\/www.erresse-shop.it\/fr\/wp-json\/wp\/v2\/product\/410281"}],"collection":[{"href":"https:\/\/www.erresse-shop.it\/fr\/wp-json\/wp\/v2\/product"}],"about":[{"href":"https:\/\/www.erresse-shop.it\/fr\/wp-json\/wp\/v2\/types\/product"}],"wp:featuredmedia":[{"embeddable":true,"href":"https:\/\/www.erresse-shop.it\/fr\/wp-json\/wp\/v2\/media\/494019"}],"wp:attachment":[{"href":"https:\/\/www.erresse-shop.it\/fr\/wp-json\/wp\/v2\/media?parent=410281"}],"wp:term":[{"taxonomy":"product_cat","embeddable":true,"href":"https:\/\/www.erresse-shop.it\/fr\/wp-json\/wp\/v2\/product_cat?post=410281"},{"taxonomy":"product_tag","embeddable":true,"href":"https:\/\/www.erresse-shop.it\/fr\/wp-json\/wp\/v2\/product_tag?post=410281"}],"curies":[{"name":"wp","href":"https:\/\/api.w.org\/{rel}","templated":true}]}}