{"id":410155,"date":"2024-05-30T12:12:17","date_gmt":"2024-05-30T12:12:21","guid":{"rendered":"https:\/\/www.erresse-shop.it\/?post_type=product&#038;p=410155"},"modified":"2024-10-23T09:01:05","modified_gmt":"2024-10-23T09:01:05","slug":"ichendorf-milano-woodland-tales-tisaniere-arbre-de-noel","status":"publish","type":"product","link":"https:\/\/www.erresse-shop.it\/fr\/shop\/table-fr-2\/tasses\/ichendorf-milano-woodland-tales-tisaniere-arbre-de-noel\/","title":{"rendered":"ICHENDORF MILANO Woodland Tales Tisani\u00e8re Arbre de No\u00ebl"},"content":{"rendered":"<p><strong>Collection<\/strong> Woodland Tales<br \/>\n<strong>Design<\/strong> Alessandra Baldereschi<br \/>\n<strong>Mat\u00e9riau<\/strong> Borosilicate<br \/>\n<strong>Fabrication<\/strong> Fait \u00e0 la main et travaill\u00e9 \u00e0 la lampe<br \/>\n<strong>Dimensions<\/strong> H. 18,5 \u2300 9,5<br \/>\n<strong>Lavage<\/strong> Lavable au lave-vaisselle \u00e0 basse temp\u00e9rature (40\u00b0 recommand\u00e9).<\/p>\n","protected":false},"excerpt":{"rendered":"<p>Collection Woodland Tales Design Alessandra Baldereschi Mat\u00e9riau Borosilicate Fabrication Fait \u00e0 la main et travaill\u00e9 \u00e0 la lampe Dimensions H.<\/p>\n","protected":false},"featured_media":483659,"template":"","meta":{"_acf_changed":false,"inline_featured_image":false},"product_cat":[12782,12791],"product_tag":[21327,24603,14889],"acf":[],"yoast_head":"<!-- This site is optimized with the Yoast SEO Premium plugin v18.6 (Yoast SEO v19.13) - https:\/\/yoast.com\/wordpress\/plugins\/seo\/ -->\n<title>ICHENDORF MILANO Woodland Tales Tisani\u00e8re Arbre de No\u00ebl - Erresse Shop<\/title>\n<meta name=\"description\" content=\"Collection Woodland Tales Design Alessandra Baldereschi Mat\u00e9riau Borosilicate Fabrication Fait \u00e0 la main et travaill\u00e9 \u00e0 la lampe Dimensions H. 18,5 \u2300 9,5\" \/>\n<meta name=\"robots\" content=\"index, follow, max-snippet:-1, max-image-preview:large, max-video-preview:-1\" \/>\n<link rel=\"canonical\" href=\"https:\/\/www.erresse-shop.it\/fr\/shop\/table-fr-2\/tasses\/ichendorf-milano-woodland-tales-tisaniere-arbre-de-noel\/\" \/>\n<meta property=\"og:locale\" content=\"fr_FR\" \/>\n<meta property=\"og:type\" content=\"article\" \/>\n<meta property=\"og:title\" content=\"ICHENDORF MILANO Woodland Tales Tisani\u00e8re Arbre de No\u00ebl\" \/>\n<meta property=\"og:description\" content=\"Collection Woodland Tales Design Alessandra Baldereschi Mat\u00e9riau Borosilicate Fabrication Fait \u00e0 la main et travaill\u00e9 \u00e0 la lampe Dimensions H. 18,5 \u2300 9,5\" \/>\n<meta property=\"og:url\" content=\"https:\/\/www.erresse-shop.it\/fr\/shop\/table-fr-2\/tasses\/ichendorf-milano-woodland-tales-tisaniere-arbre-de-noel\/\" \/>\n<meta property=\"og:site_name\" content=\"Erresse Shop\" \/>\n<meta property=\"article:modified_time\" content=\"2024-10-23T09:01:05+00:00\" \/>\n<meta property=\"og:image\" content=\"https:\/\/www.erresse-shop.it\/wp-content\/uploads\/2024\/05\/ICHENDORF-MILANO-Woodland-Tales-Tisaniera-Albero-di-Natale.png\" \/>\n\t<meta property=\"og:image:width\" content=\"800\" \/>\n\t<meta property=\"og:image:height\" content=\"800\" \/>\n\t<meta property=\"og:image:type\" content=\"image\/png\" \/>\n<meta name=\"twitter:card\" content=\"summary_large_image\" \/>\n<script type=\"application\/ld+json\" class=\"yoast-schema-graph\">{\"@context\":\"https:\/\/schema.org\",\"@graph\":[{\"@type\":\"WebPage\",\"@id\":\"https:\/\/www.erresse-shop.it\/fr\/shop\/table-fr-2\/tasses\/ichendorf-milano-woodland-tales-tisaniere-arbre-de-noel\/\",\"url\":\"https:\/\/www.erresse-shop.it\/fr\/shop\/table-fr-2\/tasses\/ichendorf-milano-woodland-tales-tisaniere-arbre-de-noel\/\",\"name\":\"ICHENDORF MILANO Woodland Tales Tisani\u00e8re Arbre de No\u00ebl - Erresse Shop\",\"isPartOf\":{\"@id\":\"https:\/\/www.erresse-shop.it\/fr\/#website\"},\"datePublished\":\"2024-05-30T12:12:21+00:00\",\"dateModified\":\"2024-10-23T09:01:05+00:00\",\"description\":\"Collection Woodland Tales Design Alessandra Baldereschi Mat\u00e9riau Borosilicate Fabrication Fait \u00e0 la main et travaill\u00e9 \u00e0 la lampe Dimensions H. 18,5 \u2300 9,5\",\"breadcrumb\":{\"@id\":\"https:\/\/www.erresse-shop.it\/fr\/shop\/table-fr-2\/tasses\/ichendorf-milano-woodland-tales-tisaniere-arbre-de-noel\/#breadcrumb\"},\"inLanguage\":\"fr-FR\",\"potentialAction\":[{\"@type\":\"ReadAction\",\"target\":[\"https:\/\/www.erresse-shop.it\/fr\/shop\/table-fr-2\/tasses\/ichendorf-milano-woodland-tales-tisaniere-arbre-de-noel\/\"]}]},{\"@type\":\"BreadcrumbList\",\"@id\":\"https:\/\/www.erresse-shop.it\/fr\/shop\/table-fr-2\/tasses\/ichendorf-milano-woodland-tales-tisaniere-arbre-de-noel\/#breadcrumb\",\"itemListElement\":[{\"@type\":\"ListItem\",\"position\":1,\"name\":\"Home\",\"item\":\"https:\/\/www.erresse-shop.it\/fr\/\"},{\"@type\":\"ListItem\",\"position\":2,\"name\":\"Shop\",\"item\":\"https:\/\/www.erresse-shop.it\/fr\/shop\/\"},{\"@type\":\"ListItem\",\"position\":3,\"name\":\"ICHENDORF MILANO Woodland Tales Tisani\u00e8re Arbre de No\u00ebl\"}]},{\"@type\":\"WebSite\",\"@id\":\"https:\/\/www.erresse-shop.it\/fr\/#website\",\"url\":\"https:\/\/www.erresse-shop.it\/fr\/\",\"name\":\"Erresse Shop\",\"description\":\"Articoli di qualit\u00e0 per la casa\",\"potentialAction\":[{\"@type\":\"SearchAction\",\"target\":{\"@type\":\"EntryPoint\",\"urlTemplate\":\"https:\/\/www.erresse-shop.it\/fr\/?s={search_term_string}\"},\"query-input\":\"required name=search_term_string\"}],\"inLanguage\":\"fr-FR\"}]}<\/script>\n<!-- \/ Yoast SEO Premium plugin. -->","yoast_head_json":{"title":"ICHENDORF MILANO Woodland Tales Tisani\u00e8re Arbre de No\u00ebl - Erresse Shop","description":"Collection Woodland Tales Design Alessandra Baldereschi Mat\u00e9riau Borosilicate Fabrication Fait \u00e0 la main et travaill\u00e9 \u00e0 la lampe Dimensions H. 18,5 \u2300 9,5","robots":{"index":"index","follow":"follow","max-snippet":"max-snippet:-1","max-image-preview":"max-image-preview:large","max-video-preview":"max-video-preview:-1"},"canonical":"https:\/\/www.erresse-shop.it\/fr\/shop\/table-fr-2\/tasses\/ichendorf-milano-woodland-tales-tisaniere-arbre-de-noel\/","og_locale":"fr_FR","og_type":"article","og_title":"ICHENDORF MILANO Woodland Tales Tisani\u00e8re Arbre de No\u00ebl","og_description":"Collection Woodland Tales Design Alessandra Baldereschi Mat\u00e9riau Borosilicate Fabrication Fait \u00e0 la main et travaill\u00e9 \u00e0 la lampe Dimensions H. 18,5 \u2300 9,5","og_url":"https:\/\/www.erresse-shop.it\/fr\/shop\/table-fr-2\/tasses\/ichendorf-milano-woodland-tales-tisaniere-arbre-de-noel\/","og_site_name":"Erresse Shop","article_modified_time":"2024-10-23T09:01:05+00:00","og_image":[{"width":800,"height":800,"url":"https:\/\/www.erresse-shop.it\/wp-content\/uploads\/2024\/05\/ICHENDORF-MILANO-Woodland-Tales-Tisaniera-Albero-di-Natale.png","type":"image\/png"}],"twitter_card":"summary_large_image","schema":{"@context":"https:\/\/schema.org","@graph":[{"@type":"WebPage","@id":"https:\/\/www.erresse-shop.it\/fr\/shop\/table-fr-2\/tasses\/ichendorf-milano-woodland-tales-tisaniere-arbre-de-noel\/","url":"https:\/\/www.erresse-shop.it\/fr\/shop\/table-fr-2\/tasses\/ichendorf-milano-woodland-tales-tisaniere-arbre-de-noel\/","name":"ICHENDORF MILANO Woodland Tales Tisani\u00e8re Arbre de No\u00ebl - Erresse Shop","isPartOf":{"@id":"https:\/\/www.erresse-shop.it\/fr\/#website"},"datePublished":"2024-05-30T12:12:21+00:00","dateModified":"2024-10-23T09:01:05+00:00","description":"Collection Woodland Tales Design Alessandra Baldereschi Mat\u00e9riau Borosilicate Fabrication Fait \u00e0 la main et travaill\u00e9 \u00e0 la lampe Dimensions H. 18,5 \u2300 9,5","breadcrumb":{"@id":"https:\/\/www.erresse-shop.it\/fr\/shop\/table-fr-2\/tasses\/ichendorf-milano-woodland-tales-tisaniere-arbre-de-noel\/#breadcrumb"},"inLanguage":"fr-FR","potentialAction":[{"@type":"ReadAction","target":["https:\/\/www.erresse-shop.it\/fr\/shop\/table-fr-2\/tasses\/ichendorf-milano-woodland-tales-tisaniere-arbre-de-noel\/"]}]},{"@type":"BreadcrumbList","@id":"https:\/\/www.erresse-shop.it\/fr\/shop\/table-fr-2\/tasses\/ichendorf-milano-woodland-tales-tisaniere-arbre-de-noel\/#breadcrumb","itemListElement":[{"@type":"ListItem","position":1,"name":"Home","item":"https:\/\/www.erresse-shop.it\/fr\/"},{"@type":"ListItem","position":2,"name":"Shop","item":"https:\/\/www.erresse-shop.it\/fr\/shop\/"},{"@type":"ListItem","position":3,"name":"ICHENDORF MILANO Woodland Tales Tisani\u00e8re Arbre de No\u00ebl"}]},{"@type":"WebSite","@id":"https:\/\/www.erresse-shop.it\/fr\/#website","url":"https:\/\/www.erresse-shop.it\/fr\/","name":"Erresse Shop","description":"Articoli di qualit\u00e0 per la casa","potentialAction":[{"@type":"SearchAction","target":{"@type":"EntryPoint","urlTemplate":"https:\/\/www.erresse-shop.it\/fr\/?s={search_term_string}"},"query-input":"required name=search_term_string"}],"inLanguage":"fr-FR"}]}},"df_price":21.599999999999998,"df_sale_price":21.599999999999998,"df_regular_price":36,"df_image_link":"https:\/\/www.erresse-shop.it\/wp-content\/uploads\/2024\/05\/ICHENDORF-MILANO-Woodland-Tales-Tazza-Albero-di-Natale-300x300.jpg","_links":{"self":[{"href":"https:\/\/www.erresse-shop.it\/fr\/wp-json\/wp\/v2\/product\/410155"}],"collection":[{"href":"https:\/\/www.erresse-shop.it\/fr\/wp-json\/wp\/v2\/product"}],"about":[{"href":"https:\/\/www.erresse-shop.it\/fr\/wp-json\/wp\/v2\/types\/product"}],"wp:featuredmedia":[{"embeddable":true,"href":"https:\/\/www.erresse-shop.it\/fr\/wp-json\/wp\/v2\/media\/483659"}],"wp:attachment":[{"href":"https:\/\/www.erresse-shop.it\/fr\/wp-json\/wp\/v2\/media?parent=410155"}],"wp:term":[{"taxonomy":"product_cat","embeddable":true,"href":"https:\/\/www.erresse-shop.it\/fr\/wp-json\/wp\/v2\/product_cat?post=410155"},{"taxonomy":"product_tag","embeddable":true,"href":"https:\/\/www.erresse-shop.it\/fr\/wp-json\/wp\/v2\/product_tag?post=410155"}],"curies":[{"name":"wp","href":"https:\/\/api.w.org\/{rel}","templated":true}]}}