{"id":409690,"date":"2024-05-29T12:45:46","date_gmt":"2024-05-29T12:45:52","guid":{"rendered":"https:\/\/www.erresse-shop.it\/?post_type=product&#038;p=409690"},"modified":"2025-05-21T08:45:29","modified_gmt":"2025-05-21T08:45:29","slug":"joseph-joseph-folio-jeu-de-4-planches-a-decouper-avec-etui-en-acier-3","status":"publish","type":"product","link":"https:\/\/www.erresse-shop.it\/fr\/shop\/cuisine\/planches-a-decouper\/joseph-joseph-folio-jeu-de-4-planches-a-decouper-avec-etui-en-acier-3\/","title":{"rendered":"JOSEPH JOSEPH Folio Jeu de 4 planches \u00e0 d\u00e9couper avec \u00e9tui en acier"},"content":{"rendered":"<p>Tout bon repas commence par une planche \u00e0 d\u00e9couper, c&#8217;est pourquoi nous avons con\u00e7u Folio\u2122 pour rendre le processus de pr\u00e9paration des aliments plus efficace et plus agr\u00e9able. Notre ensemble de planches \u00e0 d\u00e9couper comprend quatre planches \u00e0 d\u00e9couper \u00e0 code couleur avec des surfaces textur\u00e9es adapt\u00e9es aux couteaux et des pieds antid\u00e9rapants pour trancher, hacher et d\u00e9couper en toute s\u00e9curit\u00e9. Des barres en acier inoxydable permettent de s\u00e9lectionner facilement la planche \u00e0 d\u00e9couper souhait\u00e9e dans la mallette \u00e9troite.<\/p>\n<ul>\n<li>Mallette fine pour un rangement organis\u00e9<\/li>\n<li>Conception \u00e0 plusieurs niveaux et barres en acier inoxydable sur les planches pour une s\u00e9lection facile<\/li>\n<li>Planches \u00e0 d\u00e9couper double face avec surfaces de coupe textur\u00e9es, adapt\u00e9es aux couteaux, et pieds antid\u00e9rapants<\/li>\n<li>Le support permet de s\u00e9parer les planches les unes des autres pour favoriser la circulation de l&#8217;air.<\/li>\n<\/ul>\n<p><strong>Entretien et utilisation<\/strong><\/p>\n<ul>\n<li>Planches \u00e0 d\u00e9couper : lavable au lave-vaisselle<\/li>\n<li>Bo\u00eetier : nettoyer avec un chiffon doux et humide.<\/li>\n<li>La surface des planches, qui se pr\u00eate au couteau, est con\u00e7ue pour se marquer l\u00e9g\u00e8rement pendant l&#8217;utilisation.<\/li>\n<\/ul>\n<p><strong>Dimensions :<\/strong><\/p>\n<p>H22 x L31.8 x P7.5 cm (H8\u00be x L12\u00bd x D3 pouces)<\/p>\n<p><strong>Poids :<\/strong><\/p>\n<p>1,8 kg<\/p>\n","protected":false},"excerpt":{"rendered":"<p>Tout bon repas commence par une planche \u00e0 d\u00e9couper, c&#8217;est pourquoi nous avons con\u00e7u Folio\u2122 pour rendre le processus de<\/p>\n","protected":false},"featured_media":499887,"template":"","meta":{"_acf_changed":false,"inline_featured_image":false},"product_cat":[12748,12759],"product_tag":[25026,21530,21532,21262,21529,21531,25021],"acf":[],"yoast_head":"<!-- This site is optimized with the Yoast SEO Premium plugin v18.6 (Yoast SEO v19.13) - https:\/\/yoast.com\/wordpress\/plugins\/seo\/ -->\n<title>JOSEPH JOSEPH Folio Jeu de 4 planches \u00e0 d\u00e9couper avec \u00e9tui en acier - Erresse Shop<\/title>\n<meta name=\"description\" content=\"Tout bon repas commence par une planche \u00e0 d\u00e9couper, c&#039;est pourquoi nous avons con\u00e7u Folio\u2122 pour rendre le processus de pr\u00e9paration des aliments plus\" \/>\n<meta name=\"robots\" content=\"index, follow, max-snippet:-1, max-image-preview:large, max-video-preview:-1\" \/>\n<link rel=\"canonical\" href=\"https:\/\/www.erresse-shop.it\/fr\/shop\/cuisine\/planches-a-decouper\/joseph-joseph-folio-jeu-de-4-planches-a-decouper-avec-etui-en-acier-3\/\" \/>\n<meta property=\"og:locale\" content=\"fr_FR\" \/>\n<meta property=\"og:type\" content=\"article\" \/>\n<meta property=\"og:title\" content=\"JOSEPH JOSEPH Folio Jeu de 4 planches \u00e0 d\u00e9couper avec \u00e9tui en acier\" \/>\n<meta property=\"og:description\" content=\"Tout bon repas commence par une planche \u00e0 d\u00e9couper, c&#039;est pourquoi nous avons con\u00e7u Folio\u2122 pour rendre le processus de pr\u00e9paration des aliments plus\" \/>\n<meta property=\"og:url\" content=\"https:\/\/www.erresse-shop.it\/fr\/shop\/cuisine\/planches-a-decouper\/joseph-joseph-folio-jeu-de-4-planches-a-decouper-avec-etui-en-acier-3\/\" \/>\n<meta property=\"og:site_name\" content=\"Erresse Shop\" \/>\n<meta property=\"article:modified_time\" content=\"2025-05-21T08:45:29+00:00\" \/>\n<meta property=\"og:image\" content=\"https:\/\/www.erresse-shop.it\/wp-content\/uploads\/2024\/05\/JOSEPH-JOSEPH-Set-4-Taglieri-con-Custodia-in-Acciaio-Grigio.jpg\" \/>\n\t<meta property=\"og:image:width\" content=\"1200\" \/>\n\t<meta property=\"og:image:height\" content=\"1200\" \/>\n\t<meta property=\"og:image:type\" content=\"image\/jpeg\" \/>\n<meta name=\"twitter:card\" content=\"summary_large_image\" \/>\n<script type=\"application\/ld+json\" class=\"yoast-schema-graph\">{\"@context\":\"https:\/\/schema.org\",\"@graph\":[{\"@type\":\"WebPage\",\"@id\":\"https:\/\/www.erresse-shop.it\/fr\/shop\/cuisine\/planches-a-decouper\/joseph-joseph-folio-jeu-de-4-planches-a-decouper-avec-etui-en-acier-3\/\",\"url\":\"https:\/\/www.erresse-shop.it\/fr\/shop\/cuisine\/planches-a-decouper\/joseph-joseph-folio-jeu-de-4-planches-a-decouper-avec-etui-en-acier-3\/\",\"name\":\"JOSEPH JOSEPH Folio Jeu de 4 planches \u00e0 d\u00e9couper avec \u00e9tui en acier - Erresse Shop\",\"isPartOf\":{\"@id\":\"https:\/\/www.erresse-shop.it\/fr\/#website\"},\"datePublished\":\"2024-05-29T12:45:52+00:00\",\"dateModified\":\"2025-05-21T08:45:29+00:00\",\"description\":\"Tout bon repas commence par une planche \u00e0 d\u00e9couper, c'est pourquoi nous avons con\u00e7u Folio\u2122 pour rendre le processus de pr\u00e9paration des aliments plus\",\"breadcrumb\":{\"@id\":\"https:\/\/www.erresse-shop.it\/fr\/shop\/cuisine\/planches-a-decouper\/joseph-joseph-folio-jeu-de-4-planches-a-decouper-avec-etui-en-acier-3\/#breadcrumb\"},\"inLanguage\":\"fr-FR\",\"potentialAction\":[{\"@type\":\"ReadAction\",\"target\":[\"https:\/\/www.erresse-shop.it\/fr\/shop\/cuisine\/planches-a-decouper\/joseph-joseph-folio-jeu-de-4-planches-a-decouper-avec-etui-en-acier-3\/\"]}]},{\"@type\":\"BreadcrumbList\",\"@id\":\"https:\/\/www.erresse-shop.it\/fr\/shop\/cuisine\/planches-a-decouper\/joseph-joseph-folio-jeu-de-4-planches-a-decouper-avec-etui-en-acier-3\/#breadcrumb\",\"itemListElement\":[{\"@type\":\"ListItem\",\"position\":1,\"name\":\"Home\",\"item\":\"https:\/\/www.erresse-shop.it\/fr\/\"},{\"@type\":\"ListItem\",\"position\":2,\"name\":\"Shop\",\"item\":\"https:\/\/www.erresse-shop.it\/fr\/shop\/\"},{\"@type\":\"ListItem\",\"position\":3,\"name\":\"JOSEPH JOSEPH Folio Jeu de 4 planches \u00e0 d\u00e9couper avec \u00e9tui en acier\"}]},{\"@type\":\"WebSite\",\"@id\":\"https:\/\/www.erresse-shop.it\/fr\/#website\",\"url\":\"https:\/\/www.erresse-shop.it\/fr\/\",\"name\":\"Erresse Shop\",\"description\":\"Articoli di qualit\u00e0 per la casa\",\"potentialAction\":[{\"@type\":\"SearchAction\",\"target\":{\"@type\":\"EntryPoint\",\"urlTemplate\":\"https:\/\/www.erresse-shop.it\/fr\/?s={search_term_string}\"},\"query-input\":\"required name=search_term_string\"}],\"inLanguage\":\"fr-FR\"}]}<\/script>\n<!-- \/ Yoast SEO Premium plugin. -->","yoast_head_json":{"title":"JOSEPH JOSEPH Folio Jeu de 4 planches \u00e0 d\u00e9couper avec \u00e9tui en acier - Erresse Shop","description":"Tout bon repas commence par une planche \u00e0 d\u00e9couper, c'est pourquoi nous avons con\u00e7u Folio\u2122 pour rendre le processus de pr\u00e9paration des aliments plus","robots":{"index":"index","follow":"follow","max-snippet":"max-snippet:-1","max-image-preview":"max-image-preview:large","max-video-preview":"max-video-preview:-1"},"canonical":"https:\/\/www.erresse-shop.it\/fr\/shop\/cuisine\/planches-a-decouper\/joseph-joseph-folio-jeu-de-4-planches-a-decouper-avec-etui-en-acier-3\/","og_locale":"fr_FR","og_type":"article","og_title":"JOSEPH JOSEPH Folio Jeu de 4 planches \u00e0 d\u00e9couper avec \u00e9tui en acier","og_description":"Tout bon repas commence par une planche \u00e0 d\u00e9couper, c'est pourquoi nous avons con\u00e7u Folio\u2122 pour rendre le processus de pr\u00e9paration des aliments plus","og_url":"https:\/\/www.erresse-shop.it\/fr\/shop\/cuisine\/planches-a-decouper\/joseph-joseph-folio-jeu-de-4-planches-a-decouper-avec-etui-en-acier-3\/","og_site_name":"Erresse Shop","article_modified_time":"2025-05-21T08:45:29+00:00","og_image":[{"width":1200,"height":1200,"url":"https:\/\/www.erresse-shop.it\/wp-content\/uploads\/2024\/05\/JOSEPH-JOSEPH-Set-4-Taglieri-con-Custodia-in-Acciaio-Grigio.jpg","type":"image\/jpeg"}],"twitter_card":"summary_large_image","schema":{"@context":"https:\/\/schema.org","@graph":[{"@type":"WebPage","@id":"https:\/\/www.erresse-shop.it\/fr\/shop\/cuisine\/planches-a-decouper\/joseph-joseph-folio-jeu-de-4-planches-a-decouper-avec-etui-en-acier-3\/","url":"https:\/\/www.erresse-shop.it\/fr\/shop\/cuisine\/planches-a-decouper\/joseph-joseph-folio-jeu-de-4-planches-a-decouper-avec-etui-en-acier-3\/","name":"JOSEPH JOSEPH Folio Jeu de 4 planches \u00e0 d\u00e9couper avec \u00e9tui en acier - Erresse Shop","isPartOf":{"@id":"https:\/\/www.erresse-shop.it\/fr\/#website"},"datePublished":"2024-05-29T12:45:52+00:00","dateModified":"2025-05-21T08:45:29+00:00","description":"Tout bon repas commence par une planche \u00e0 d\u00e9couper, c'est pourquoi nous avons con\u00e7u Folio\u2122 pour rendre le processus de pr\u00e9paration des aliments plus","breadcrumb":{"@id":"https:\/\/www.erresse-shop.it\/fr\/shop\/cuisine\/planches-a-decouper\/joseph-joseph-folio-jeu-de-4-planches-a-decouper-avec-etui-en-acier-3\/#breadcrumb"},"inLanguage":"fr-FR","potentialAction":[{"@type":"ReadAction","target":["https:\/\/www.erresse-shop.it\/fr\/shop\/cuisine\/planches-a-decouper\/joseph-joseph-folio-jeu-de-4-planches-a-decouper-avec-etui-en-acier-3\/"]}]},{"@type":"BreadcrumbList","@id":"https:\/\/www.erresse-shop.it\/fr\/shop\/cuisine\/planches-a-decouper\/joseph-joseph-folio-jeu-de-4-planches-a-decouper-avec-etui-en-acier-3\/#breadcrumb","itemListElement":[{"@type":"ListItem","position":1,"name":"Home","item":"https:\/\/www.erresse-shop.it\/fr\/"},{"@type":"ListItem","position":2,"name":"Shop","item":"https:\/\/www.erresse-shop.it\/fr\/shop\/"},{"@type":"ListItem","position":3,"name":"JOSEPH JOSEPH Folio Jeu de 4 planches \u00e0 d\u00e9couper avec \u00e9tui en acier"}]},{"@type":"WebSite","@id":"https:\/\/www.erresse-shop.it\/fr\/#website","url":"https:\/\/www.erresse-shop.it\/fr\/","name":"Erresse Shop","description":"Articoli di qualit\u00e0 per la casa","potentialAction":[{"@type":"SearchAction","target":{"@type":"EntryPoint","urlTemplate":"https:\/\/www.erresse-shop.it\/fr\/?s={search_term_string}"},"query-input":"required name=search_term_string"}],"inLanguage":"fr-FR"}]}},"df_price":32.495,"df_sale_price":32.495,"df_regular_price":64.99,"df_image_link":"https:\/\/www.erresse-shop.it\/wp-content\/uploads\/2024\/05\/JOSEPH-JOSEPH-Set-4-Taglieri-con-Custodia-in-Acciaio-Grigio-300x300.jpg","_links":{"self":[{"href":"https:\/\/www.erresse-shop.it\/fr\/wp-json\/wp\/v2\/product\/409690"}],"collection":[{"href":"https:\/\/www.erresse-shop.it\/fr\/wp-json\/wp\/v2\/product"}],"about":[{"href":"https:\/\/www.erresse-shop.it\/fr\/wp-json\/wp\/v2\/types\/product"}],"wp:featuredmedia":[{"embeddable":true,"href":"https:\/\/www.erresse-shop.it\/fr\/wp-json\/wp\/v2\/media\/499887"}],"wp:attachment":[{"href":"https:\/\/www.erresse-shop.it\/fr\/wp-json\/wp\/v2\/media?parent=409690"}],"wp:term":[{"taxonomy":"product_cat","embeddable":true,"href":"https:\/\/www.erresse-shop.it\/fr\/wp-json\/wp\/v2\/product_cat?post=409690"},{"taxonomy":"product_tag","embeddable":true,"href":"https:\/\/www.erresse-shop.it\/fr\/wp-json\/wp\/v2\/product_tag?post=409690"}],"curies":[{"name":"wp","href":"https:\/\/api.w.org\/{rel}","templated":true}]}}