{"id":409526,"date":"2024-05-29T09:14:17","date_gmt":"2024-05-29T09:14:23","guid":{"rendered":"https:\/\/www.erresse-shop.it\/?post_type=product&#038;p=409526"},"modified":"2026-03-25T21:10:07","modified_gmt":"2026-03-25T21:10:07","slug":"joseph-folio-set-de-3-planches-a-decouper-en-bambou-avec-etui-en-acier","status":"publish","type":"product","link":"https:\/\/www.erresse-shop.it\/fr\/shop\/cuisine\/planches-a-decouper\/joseph-folio-set-de-3-planches-a-decouper-en-bambou-avec-etui-en-acier\/","title":{"rendered":"JOSEPH JOSEPH Folio Set de 3 planches \u00e0 d\u00e9couper en bambou avec \u00e9tui en acier"},"content":{"rendered":"<p><strong>Caract\u00e9ristiques du produit :<\/strong><\/p>\n<p>Cet ensemble de qualit\u00e9, qui comprend une mallette fine et trois planches \u00e0 d\u00e9couper, se distingue de tous les autres \u00e9l\u00e9ments de votre plan de travail.<\/p>\n<ul>\n<li>Planches \u00e0 d\u00e9couper double face avec pieds antid\u00e9rapants<\/li>\n<li>Surfaces de coupe en bambou durable<\/li>\n<li>Barres en acier inoxydable pour faciliter la s\u00e9lection des planches<\/li>\n<li>Bo\u00eetier en acier inoxydable r\u00e9sistant aux empreintes digitales<\/li>\n<li>L&#8217;\u00e9tui maintient les planches s\u00e9par\u00e9es pour permettre la circulation de l&#8217;air<\/li>\n<\/ul>\n<p><strong>Entretien et utilisation :<\/strong><\/p>\n<ul>\n<li>Planches &#8211; laver \u00e0 la main et s\u00e9cher uniquement &#8211; ne pas immerger.<\/li>\n<li>Bo\u00eetier &#8211; nettoyer avec un chiffon doux et humide.<\/li>\n<li>Ne pas utiliser de chiffons abrasifs ou de nettoyants chimiques puissants.<\/li>\n<li>La surface des planches, qui n&#8217;est pas un couteau, est con\u00e7ue pour marquer l\u00e9g\u00e8rement pendant l&#8217;utilisation.<\/li>\n<\/ul>\n<p><strong>Dimensions:<\/strong><\/p>\n<p>H28.7 x L38 x P8.5 cm (H11.3 x L14.9 x D3.3 pouces)<\/p>\n<p>&nbsp;<\/p>\n<p><strong>Con\u00e7u par Joseph Joseph<\/strong><\/p>\n","protected":false},"excerpt":{"rendered":"<p>Caract\u00e9ristiques du produit : Cet ensemble de qualit\u00e9, qui comprend une mallette fine et trois planches \u00e0 d\u00e9couper, se distingue<\/p>\n","protected":false},"featured_media":499936,"template":"","meta":{"_acf_changed":false,"inline_featured_image":false},"product_cat":[12748,12759],"product_tag":[25026,21530,21532,21262,21529,21531,25021],"acf":[],"yoast_head":"<!-- This site is optimized with the Yoast SEO Premium plugin v18.6 (Yoast SEO v19.13) - https:\/\/yoast.com\/wordpress\/plugins\/seo\/ -->\n<title>JOSEPH JOSEPH Folio Set de 3 planches \u00e0 d\u00e9couper en bambou avec \u00e9tui en acier - Erresse Shop<\/title>\n<meta name=\"description\" content=\"Caract\u00e9ristiques du produit : Cet ensemble de qualit\u00e9, qui comprend une mallette fine et trois planches \u00e0 d\u00e9couper, se distingue de tous les autres\" \/>\n<meta name=\"robots\" content=\"index, follow, max-snippet:-1, max-image-preview:large, max-video-preview:-1\" \/>\n<link rel=\"canonical\" href=\"https:\/\/www.erresse-shop.it\/fr\/shop\/cuisine\/planches-a-decouper\/joseph-folio-set-de-3-planches-a-decouper-en-bambou-avec-etui-en-acier\/\" \/>\n<meta property=\"og:locale\" content=\"fr_FR\" \/>\n<meta property=\"og:type\" content=\"article\" \/>\n<meta property=\"og:title\" content=\"JOSEPH JOSEPH Folio Set de 3 planches \u00e0 d\u00e9couper en bambou avec \u00e9tui en acier\" \/>\n<meta property=\"og:description\" content=\"Caract\u00e9ristiques du produit : Cet ensemble de qualit\u00e9, qui comprend une mallette fine et trois planches \u00e0 d\u00e9couper, se distingue de tous les autres\" \/>\n<meta property=\"og:url\" content=\"https:\/\/www.erresse-shop.it\/fr\/shop\/cuisine\/planches-a-decouper\/joseph-folio-set-de-3-planches-a-decouper-en-bambou-avec-etui-en-acier\/\" \/>\n<meta property=\"og:site_name\" content=\"Erresse Shop\" \/>\n<meta property=\"article:modified_time\" content=\"2026-03-25T21:10:07+00:00\" \/>\n<meta property=\"og:image\" content=\"https:\/\/www.erresse-shop.it\/wp-content\/uploads\/2024\/05\/JOSEPH-JOSEPH-Set-3-Taglieri-in-Bambu-Custodia-in-Acciaio.jpg\" \/>\n\t<meta property=\"og:image:width\" content=\"1200\" \/>\n\t<meta property=\"og:image:height\" content=\"1200\" \/>\n\t<meta property=\"og:image:type\" content=\"image\/jpeg\" \/>\n<meta name=\"twitter:card\" content=\"summary_large_image\" \/>\n<script type=\"application\/ld+json\" class=\"yoast-schema-graph\">{\"@context\":\"https:\/\/schema.org\",\"@graph\":[{\"@type\":\"WebPage\",\"@id\":\"https:\/\/www.erresse-shop.it\/fr\/shop\/cuisine\/planches-a-decouper\/joseph-folio-set-de-3-planches-a-decouper-en-bambou-avec-etui-en-acier\/\",\"url\":\"https:\/\/www.erresse-shop.it\/fr\/shop\/cuisine\/planches-a-decouper\/joseph-folio-set-de-3-planches-a-decouper-en-bambou-avec-etui-en-acier\/\",\"name\":\"JOSEPH JOSEPH Folio Set de 3 planches \u00e0 d\u00e9couper en bambou avec \u00e9tui en acier - Erresse Shop\",\"isPartOf\":{\"@id\":\"https:\/\/www.erresse-shop.it\/fr\/#website\"},\"datePublished\":\"2024-05-29T09:14:23+00:00\",\"dateModified\":\"2026-03-25T21:10:07+00:00\",\"description\":\"Caract\u00e9ristiques du produit : Cet ensemble de qualit\u00e9, qui comprend une mallette fine et trois planches \u00e0 d\u00e9couper, se distingue de tous les autres\",\"breadcrumb\":{\"@id\":\"https:\/\/www.erresse-shop.it\/fr\/shop\/cuisine\/planches-a-decouper\/joseph-folio-set-de-3-planches-a-decouper-en-bambou-avec-etui-en-acier\/#breadcrumb\"},\"inLanguage\":\"fr-FR\",\"potentialAction\":[{\"@type\":\"ReadAction\",\"target\":[\"https:\/\/www.erresse-shop.it\/fr\/shop\/cuisine\/planches-a-decouper\/joseph-folio-set-de-3-planches-a-decouper-en-bambou-avec-etui-en-acier\/\"]}]},{\"@type\":\"BreadcrumbList\",\"@id\":\"https:\/\/www.erresse-shop.it\/fr\/shop\/cuisine\/planches-a-decouper\/joseph-folio-set-de-3-planches-a-decouper-en-bambou-avec-etui-en-acier\/#breadcrumb\",\"itemListElement\":[{\"@type\":\"ListItem\",\"position\":1,\"name\":\"Home\",\"item\":\"https:\/\/www.erresse-shop.it\/fr\/\"},{\"@type\":\"ListItem\",\"position\":2,\"name\":\"Shop\",\"item\":\"https:\/\/www.erresse-shop.it\/fr\/shop\/\"},{\"@type\":\"ListItem\",\"position\":3,\"name\":\"JOSEPH JOSEPH Folio Set de 3 planches \u00e0 d\u00e9couper en bambou avec \u00e9tui en acier\"}]},{\"@type\":\"WebSite\",\"@id\":\"https:\/\/www.erresse-shop.it\/fr\/#website\",\"url\":\"https:\/\/www.erresse-shop.it\/fr\/\",\"name\":\"Erresse Shop\",\"description\":\"Articoli di qualit\u00e0 per la casa\",\"potentialAction\":[{\"@type\":\"SearchAction\",\"target\":{\"@type\":\"EntryPoint\",\"urlTemplate\":\"https:\/\/www.erresse-shop.it\/fr\/?s={search_term_string}\"},\"query-input\":\"required name=search_term_string\"}],\"inLanguage\":\"fr-FR\"}]}<\/script>\n<!-- \/ Yoast SEO Premium plugin. -->","yoast_head_json":{"title":"JOSEPH JOSEPH Folio Set de 3 planches \u00e0 d\u00e9couper en bambou avec \u00e9tui en acier - Erresse Shop","description":"Caract\u00e9ristiques du produit : Cet ensemble de qualit\u00e9, qui comprend une mallette fine et trois planches \u00e0 d\u00e9couper, se distingue de tous les autres","robots":{"index":"index","follow":"follow","max-snippet":"max-snippet:-1","max-image-preview":"max-image-preview:large","max-video-preview":"max-video-preview:-1"},"canonical":"https:\/\/www.erresse-shop.it\/fr\/shop\/cuisine\/planches-a-decouper\/joseph-folio-set-de-3-planches-a-decouper-en-bambou-avec-etui-en-acier\/","og_locale":"fr_FR","og_type":"article","og_title":"JOSEPH JOSEPH Folio Set de 3 planches \u00e0 d\u00e9couper en bambou avec \u00e9tui en acier","og_description":"Caract\u00e9ristiques du produit : Cet ensemble de qualit\u00e9, qui comprend une mallette fine et trois planches \u00e0 d\u00e9couper, se distingue de tous les autres","og_url":"https:\/\/www.erresse-shop.it\/fr\/shop\/cuisine\/planches-a-decouper\/joseph-folio-set-de-3-planches-a-decouper-en-bambou-avec-etui-en-acier\/","og_site_name":"Erresse Shop","article_modified_time":"2026-03-25T21:10:07+00:00","og_image":[{"width":1200,"height":1200,"url":"https:\/\/www.erresse-shop.it\/wp-content\/uploads\/2024\/05\/JOSEPH-JOSEPH-Set-3-Taglieri-in-Bambu-Custodia-in-Acciaio.jpg","type":"image\/jpeg"}],"twitter_card":"summary_large_image","schema":{"@context":"https:\/\/schema.org","@graph":[{"@type":"WebPage","@id":"https:\/\/www.erresse-shop.it\/fr\/shop\/cuisine\/planches-a-decouper\/joseph-folio-set-de-3-planches-a-decouper-en-bambou-avec-etui-en-acier\/","url":"https:\/\/www.erresse-shop.it\/fr\/shop\/cuisine\/planches-a-decouper\/joseph-folio-set-de-3-planches-a-decouper-en-bambou-avec-etui-en-acier\/","name":"JOSEPH JOSEPH Folio Set de 3 planches \u00e0 d\u00e9couper en bambou avec \u00e9tui en acier - Erresse Shop","isPartOf":{"@id":"https:\/\/www.erresse-shop.it\/fr\/#website"},"datePublished":"2024-05-29T09:14:23+00:00","dateModified":"2026-03-25T21:10:07+00:00","description":"Caract\u00e9ristiques du produit : Cet ensemble de qualit\u00e9, qui comprend une mallette fine et trois planches \u00e0 d\u00e9couper, se distingue de tous les autres","breadcrumb":{"@id":"https:\/\/www.erresse-shop.it\/fr\/shop\/cuisine\/planches-a-decouper\/joseph-folio-set-de-3-planches-a-decouper-en-bambou-avec-etui-en-acier\/#breadcrumb"},"inLanguage":"fr-FR","potentialAction":[{"@type":"ReadAction","target":["https:\/\/www.erresse-shop.it\/fr\/shop\/cuisine\/planches-a-decouper\/joseph-folio-set-de-3-planches-a-decouper-en-bambou-avec-etui-en-acier\/"]}]},{"@type":"BreadcrumbList","@id":"https:\/\/www.erresse-shop.it\/fr\/shop\/cuisine\/planches-a-decouper\/joseph-folio-set-de-3-planches-a-decouper-en-bambou-avec-etui-en-acier\/#breadcrumb","itemListElement":[{"@type":"ListItem","position":1,"name":"Home","item":"https:\/\/www.erresse-shop.it\/fr\/"},{"@type":"ListItem","position":2,"name":"Shop","item":"https:\/\/www.erresse-shop.it\/fr\/shop\/"},{"@type":"ListItem","position":3,"name":"JOSEPH JOSEPH Folio Set de 3 planches \u00e0 d\u00e9couper en bambou avec \u00e9tui en acier"}]},{"@type":"WebSite","@id":"https:\/\/www.erresse-shop.it\/fr\/#website","url":"https:\/\/www.erresse-shop.it\/fr\/","name":"Erresse Shop","description":"Articoli di qualit\u00e0 per la casa","potentialAction":[{"@type":"SearchAction","target":{"@type":"EntryPoint","urlTemplate":"https:\/\/www.erresse-shop.it\/fr\/?s={search_term_string}"},"query-input":"required name=search_term_string"}],"inLanguage":"fr-FR"}]}},"df_price":69,"df_sale_price":69,"df_regular_price":119.99,"df_image_link":"https:\/\/www.erresse-shop.it\/wp-content\/uploads\/2024\/05\/JOSEPH-JOSEPH-Set-3-Taglieri-in-Bambu-Custodia-in-Acciaio-300x300.jpg","_links":{"self":[{"href":"https:\/\/www.erresse-shop.it\/fr\/wp-json\/wp\/v2\/product\/409526"}],"collection":[{"href":"https:\/\/www.erresse-shop.it\/fr\/wp-json\/wp\/v2\/product"}],"about":[{"href":"https:\/\/www.erresse-shop.it\/fr\/wp-json\/wp\/v2\/types\/product"}],"wp:featuredmedia":[{"embeddable":true,"href":"https:\/\/www.erresse-shop.it\/fr\/wp-json\/wp\/v2\/media\/499936"}],"wp:attachment":[{"href":"https:\/\/www.erresse-shop.it\/fr\/wp-json\/wp\/v2\/media?parent=409526"}],"wp:term":[{"taxonomy":"product_cat","embeddable":true,"href":"https:\/\/www.erresse-shop.it\/fr\/wp-json\/wp\/v2\/product_cat?post=409526"},{"taxonomy":"product_tag","embeddable":true,"href":"https:\/\/www.erresse-shop.it\/fr\/wp-json\/wp\/v2\/product_tag?post=409526"}],"curies":[{"name":"wp","href":"https:\/\/api.w.org\/{rel}","templated":true}]}}