{"id":409465,"date":"2024-05-29T08:17:23","date_gmt":"2024-05-29T08:17:29","guid":{"rendered":"https:\/\/www.erresse-shop.it\/?post_type=product&#038;p=409465"},"modified":"2025-10-18T11:10:08","modified_gmt":"2025-10-18T11:10:08","slug":"joseph-nest-9-plus-ensemble-de-bols-de-preparation-des-aliments-acier","status":"publish","type":"product","link":"https:\/\/www.erresse-shop.it\/fr\/shop\/table-fr-2\/recipients-et-bols\/joseph-nest-9-plus-ensemble-de-bols-de-preparation-des-aliments-acier\/","title":{"rendered":"JOSEPH JOSEPH Nest 9 Plus Ensemble de bols de pr\u00e9paration des aliments Acier"},"content":{"rendered":"<p><strong>Caract\u00e9ristiques du produit :<\/strong><\/p>\n<p>Cet \u00e9l\u00e9gant ensemble en acier inoxydable comprend 9 \u00e9l\u00e9ments essentiels \u00e0 la pr\u00e9paration des aliments qui, lorsqu&#8217;ils ne sont pas utilis\u00e9s, s&#8217;empilent proprement et prennent moins de place lorsqu&#8217;ils sont rang\u00e9s dans le placard.<\/p>\n<ul>\n<li>Ensemble de 9 pi\u00e8ces pour la pr\u00e9paration des aliments<\/li>\n<li>Design compact et peu encombrant<\/li>\n<li>L&#8217;ensemble comprend : 2 bols avec base antid\u00e9rapante, 1 tamis, 1 passoire et 5 cuill\u00e8res \u00e0 mesurer.<\/li>\n<li>Les bols, le tamis et la passoire sont en acier inoxydable 18\/8 r\u00e9sistant.<\/li>\n<\/ul>\n<p><strong>Entretien et utilisation :<\/strong><\/p>\n<ul>\n<li>Lavable au lave-vaisselle<\/li>\n<\/ul>\n<p><strong>Dimensions : H15 x L26,5 cm :<\/strong><\/p>\n<p>H15 x W26.5 cm x D26.5 cm (H6 x W10\u00bd x D10\u00bd inches)<\/p>\n<p><strong>Cr\u00e9\u00e9 par Morph pour Joseph Joseph<\/strong><\/p>\n","protected":false},"excerpt":{"rendered":"<p>Caract\u00e9ristiques du produit : Cet \u00e9l\u00e9gant ensemble en acier inoxydable comprend 9 \u00e9l\u00e9ments essentiels \u00e0 la pr\u00e9paration des aliments qui,<\/p>\n","protected":false},"featured_media":499964,"template":"","meta":{"_acf_changed":false,"inline_featured_image":false},"product_cat":[14244,12782],"product_tag":[25026,15901,21601,25021,21602,21603,21604,21606],"acf":[],"yoast_head":"<!-- This site is optimized with the Yoast SEO Premium plugin v18.6 (Yoast SEO v19.13) - https:\/\/yoast.com\/wordpress\/plugins\/seo\/ -->\n<title>JOSEPH JOSEPH Nest 9 Plus Ensemble de bols de pr\u00e9paration des aliments Acier - Erresse Shop<\/title>\n<meta name=\"description\" content=\"Caract\u00e9ristiques du produit : Cet \u00e9l\u00e9gant ensemble en acier inoxydable comprend 9 \u00e9l\u00e9ments essentiels \u00e0 la pr\u00e9paration des aliments qui, lorsqu&#039;ils ne\" \/>\n<meta name=\"robots\" content=\"index, follow, max-snippet:-1, max-image-preview:large, max-video-preview:-1\" \/>\n<link rel=\"canonical\" href=\"https:\/\/www.erresse-shop.it\/fr\/shop\/table-fr-2\/recipients-et-bols\/joseph-nest-9-plus-ensemble-de-bols-de-preparation-des-aliments-acier\/\" \/>\n<meta property=\"og:locale\" content=\"fr_FR\" \/>\n<meta property=\"og:type\" content=\"article\" \/>\n<meta property=\"og:title\" content=\"JOSEPH JOSEPH Nest 9 Plus Ensemble de bols de pr\u00e9paration des aliments Acier\" \/>\n<meta property=\"og:description\" content=\"Caract\u00e9ristiques du produit : Cet \u00e9l\u00e9gant ensemble en acier inoxydable comprend 9 \u00e9l\u00e9ments essentiels \u00e0 la pr\u00e9paration des aliments qui, lorsqu&#039;ils ne\" \/>\n<meta property=\"og:url\" content=\"https:\/\/www.erresse-shop.it\/fr\/shop\/table-fr-2\/recipients-et-bols\/joseph-nest-9-plus-ensemble-de-bols-de-preparation-des-aliments-acier\/\" \/>\n<meta property=\"og:site_name\" content=\"Erresse Shop\" \/>\n<meta property=\"article:modified_time\" content=\"2025-10-18T11:10:08+00:00\" \/>\n<meta property=\"og:image\" content=\"https:\/\/www.erresse-shop.it\/wp-content\/uploads\/2024\/05\/JOSEPH-JOSEPH-Set-Ciotole-per-Preparazione-Alimenti-Acciaio.jpg\" \/>\n\t<meta property=\"og:image:width\" content=\"1200\" \/>\n\t<meta property=\"og:image:height\" content=\"1200\" \/>\n\t<meta property=\"og:image:type\" content=\"image\/jpeg\" \/>\n<meta name=\"twitter:card\" content=\"summary_large_image\" \/>\n<script type=\"application\/ld+json\" class=\"yoast-schema-graph\">{\"@context\":\"https:\/\/schema.org\",\"@graph\":[{\"@type\":\"WebPage\",\"@id\":\"https:\/\/www.erresse-shop.it\/fr\/shop\/table-fr-2\/recipients-et-bols\/joseph-nest-9-plus-ensemble-de-bols-de-preparation-des-aliments-acier\/\",\"url\":\"https:\/\/www.erresse-shop.it\/fr\/shop\/table-fr-2\/recipients-et-bols\/joseph-nest-9-plus-ensemble-de-bols-de-preparation-des-aliments-acier\/\",\"name\":\"JOSEPH JOSEPH Nest 9 Plus Ensemble de bols de pr\u00e9paration des aliments Acier - Erresse Shop\",\"isPartOf\":{\"@id\":\"https:\/\/www.erresse-shop.it\/fr\/#website\"},\"datePublished\":\"2024-05-29T08:17:29+00:00\",\"dateModified\":\"2025-10-18T11:10:08+00:00\",\"description\":\"Caract\u00e9ristiques du produit : Cet \u00e9l\u00e9gant ensemble en acier inoxydable comprend 9 \u00e9l\u00e9ments essentiels \u00e0 la pr\u00e9paration des aliments qui, lorsqu'ils ne\",\"breadcrumb\":{\"@id\":\"https:\/\/www.erresse-shop.it\/fr\/shop\/table-fr-2\/recipients-et-bols\/joseph-nest-9-plus-ensemble-de-bols-de-preparation-des-aliments-acier\/#breadcrumb\"},\"inLanguage\":\"fr-FR\",\"potentialAction\":[{\"@type\":\"ReadAction\",\"target\":[\"https:\/\/www.erresse-shop.it\/fr\/shop\/table-fr-2\/recipients-et-bols\/joseph-nest-9-plus-ensemble-de-bols-de-preparation-des-aliments-acier\/\"]}]},{\"@type\":\"BreadcrumbList\",\"@id\":\"https:\/\/www.erresse-shop.it\/fr\/shop\/table-fr-2\/recipients-et-bols\/joseph-nest-9-plus-ensemble-de-bols-de-preparation-des-aliments-acier\/#breadcrumb\",\"itemListElement\":[{\"@type\":\"ListItem\",\"position\":1,\"name\":\"Home\",\"item\":\"https:\/\/www.erresse-shop.it\/fr\/\"},{\"@type\":\"ListItem\",\"position\":2,\"name\":\"Shop\",\"item\":\"https:\/\/www.erresse-shop.it\/fr\/shop\/\"},{\"@type\":\"ListItem\",\"position\":3,\"name\":\"JOSEPH JOSEPH Nest 9 Plus Ensemble de bols de pr\u00e9paration des aliments Acier\"}]},{\"@type\":\"WebSite\",\"@id\":\"https:\/\/www.erresse-shop.it\/fr\/#website\",\"url\":\"https:\/\/www.erresse-shop.it\/fr\/\",\"name\":\"Erresse Shop\",\"description\":\"Articoli di qualit\u00e0 per la casa\",\"potentialAction\":[{\"@type\":\"SearchAction\",\"target\":{\"@type\":\"EntryPoint\",\"urlTemplate\":\"https:\/\/www.erresse-shop.it\/fr\/?s={search_term_string}\"},\"query-input\":\"required name=search_term_string\"}],\"inLanguage\":\"fr-FR\"}]}<\/script>\n<!-- \/ Yoast SEO Premium plugin. -->","yoast_head_json":{"title":"JOSEPH JOSEPH Nest 9 Plus Ensemble de bols de pr\u00e9paration des aliments Acier - Erresse Shop","description":"Caract\u00e9ristiques du produit : Cet \u00e9l\u00e9gant ensemble en acier inoxydable comprend 9 \u00e9l\u00e9ments essentiels \u00e0 la pr\u00e9paration des aliments qui, lorsqu'ils ne","robots":{"index":"index","follow":"follow","max-snippet":"max-snippet:-1","max-image-preview":"max-image-preview:large","max-video-preview":"max-video-preview:-1"},"canonical":"https:\/\/www.erresse-shop.it\/fr\/shop\/table-fr-2\/recipients-et-bols\/joseph-nest-9-plus-ensemble-de-bols-de-preparation-des-aliments-acier\/","og_locale":"fr_FR","og_type":"article","og_title":"JOSEPH JOSEPH Nest 9 Plus Ensemble de bols de pr\u00e9paration des aliments Acier","og_description":"Caract\u00e9ristiques du produit : Cet \u00e9l\u00e9gant ensemble en acier inoxydable comprend 9 \u00e9l\u00e9ments essentiels \u00e0 la pr\u00e9paration des aliments qui, lorsqu'ils ne","og_url":"https:\/\/www.erresse-shop.it\/fr\/shop\/table-fr-2\/recipients-et-bols\/joseph-nest-9-plus-ensemble-de-bols-de-preparation-des-aliments-acier\/","og_site_name":"Erresse Shop","article_modified_time":"2025-10-18T11:10:08+00:00","og_image":[{"width":1200,"height":1200,"url":"https:\/\/www.erresse-shop.it\/wp-content\/uploads\/2024\/05\/JOSEPH-JOSEPH-Set-Ciotole-per-Preparazione-Alimenti-Acciaio.jpg","type":"image\/jpeg"}],"twitter_card":"summary_large_image","schema":{"@context":"https:\/\/schema.org","@graph":[{"@type":"WebPage","@id":"https:\/\/www.erresse-shop.it\/fr\/shop\/table-fr-2\/recipients-et-bols\/joseph-nest-9-plus-ensemble-de-bols-de-preparation-des-aliments-acier\/","url":"https:\/\/www.erresse-shop.it\/fr\/shop\/table-fr-2\/recipients-et-bols\/joseph-nest-9-plus-ensemble-de-bols-de-preparation-des-aliments-acier\/","name":"JOSEPH JOSEPH Nest 9 Plus Ensemble de bols de pr\u00e9paration des aliments Acier - Erresse Shop","isPartOf":{"@id":"https:\/\/www.erresse-shop.it\/fr\/#website"},"datePublished":"2024-05-29T08:17:29+00:00","dateModified":"2025-10-18T11:10:08+00:00","description":"Caract\u00e9ristiques du produit : Cet \u00e9l\u00e9gant ensemble en acier inoxydable comprend 9 \u00e9l\u00e9ments essentiels \u00e0 la pr\u00e9paration des aliments qui, lorsqu'ils ne","breadcrumb":{"@id":"https:\/\/www.erresse-shop.it\/fr\/shop\/table-fr-2\/recipients-et-bols\/joseph-nest-9-plus-ensemble-de-bols-de-preparation-des-aliments-acier\/#breadcrumb"},"inLanguage":"fr-FR","potentialAction":[{"@type":"ReadAction","target":["https:\/\/www.erresse-shop.it\/fr\/shop\/table-fr-2\/recipients-et-bols\/joseph-nest-9-plus-ensemble-de-bols-de-preparation-des-aliments-acier\/"]}]},{"@type":"BreadcrumbList","@id":"https:\/\/www.erresse-shop.it\/fr\/shop\/table-fr-2\/recipients-et-bols\/joseph-nest-9-plus-ensemble-de-bols-de-preparation-des-aliments-acier\/#breadcrumb","itemListElement":[{"@type":"ListItem","position":1,"name":"Home","item":"https:\/\/www.erresse-shop.it\/fr\/"},{"@type":"ListItem","position":2,"name":"Shop","item":"https:\/\/www.erresse-shop.it\/fr\/shop\/"},{"@type":"ListItem","position":3,"name":"JOSEPH JOSEPH Nest 9 Plus Ensemble de bols de pr\u00e9paration des aliments Acier"}]},{"@type":"WebSite","@id":"https:\/\/www.erresse-shop.it\/fr\/#website","url":"https:\/\/www.erresse-shop.it\/fr\/","name":"Erresse Shop","description":"Articoli di qualit\u00e0 per la casa","potentialAction":[{"@type":"SearchAction","target":{"@type":"EntryPoint","urlTemplate":"https:\/\/www.erresse-shop.it\/fr\/?s={search_term_string}"},"query-input":"required name=search_term_string"}],"inLanguage":"fr-FR"}]}},"df_price":98.4,"df_sale_price":98.4,"df_regular_price":123,"df_image_link":"https:\/\/www.erresse-shop.it\/wp-content\/uploads\/2024\/05\/JOSEPH-JOSEPH-Set-Ciotole-per-Preparazione-Alimenti-Acciaio-300x300.jpg","_links":{"self":[{"href":"https:\/\/www.erresse-shop.it\/fr\/wp-json\/wp\/v2\/product\/409465"}],"collection":[{"href":"https:\/\/www.erresse-shop.it\/fr\/wp-json\/wp\/v2\/product"}],"about":[{"href":"https:\/\/www.erresse-shop.it\/fr\/wp-json\/wp\/v2\/types\/product"}],"wp:featuredmedia":[{"embeddable":true,"href":"https:\/\/www.erresse-shop.it\/fr\/wp-json\/wp\/v2\/media\/499964"}],"wp:attachment":[{"href":"https:\/\/www.erresse-shop.it\/fr\/wp-json\/wp\/v2\/media?parent=409465"}],"wp:term":[{"taxonomy":"product_cat","embeddable":true,"href":"https:\/\/www.erresse-shop.it\/fr\/wp-json\/wp\/v2\/product_cat?post=409465"},{"taxonomy":"product_tag","embeddable":true,"href":"https:\/\/www.erresse-shop.it\/fr\/wp-json\/wp\/v2\/product_tag?post=409465"}],"curies":[{"name":"wp","href":"https:\/\/api.w.org\/{rel}","templated":true}]}}