{"id":409385,"date":"2024-05-29T06:42:15","date_gmt":"2024-05-29T06:42:20","guid":{"rendered":"https:\/\/www.erresse-shop.it\/?post_type=product&#038;p=409385"},"modified":"2024-10-28T13:57:08","modified_gmt":"2024-10-28T13:57:08","slug":"toms-drag-chihuahua-assis-frida-m","status":"publish","type":"product","link":"https:\/\/www.erresse-shop.it\/fr\/shop\/ameublement-maison\/objets-de-decoration\/toms-drag-chihuahua-assis-frida-m\/","title":{"rendered":"TOM&#8217;S DRAG Chihuahua assis Frida M"},"content":{"rendered":"<p>La chihuahua Lady Frida, coiff\u00e9e d&#8217;un chapeau (amovible) avec un \u00e9l\u00e9gant sillon solaire, de boucles d&#8217;oreilles et des incontournables escarpins rouges, enchantera tous les amateurs de Tom&#8217;s Drag Fran et de chiens.<\/p>\n<p><strong>Dimensions<\/strong> : L 22 cm H 20 cm<\/p>\n<p><strong>Mat\u00e9riaux<\/strong> : marbre, chapeau en m\u00e9tal<\/p>\n","protected":false},"excerpt":{"rendered":"<p>La chihuahua Lady Frida, coiff\u00e9e d&#8217;un chapeau (amovible) avec un \u00e9l\u00e9gant sillon solaire, de boucles d&#8217;oreilles et des incontournables escarpins<\/p>\n","protected":false},"featured_media":459245,"template":"","meta":{"_acf_changed":false,"inline_featured_image":false},"product_cat":[12738,14441],"product_tag":[25036,16990,25021,16993],"acf":[],"yoast_head":"<!-- This site is optimized with the Yoast SEO Premium plugin v18.6 (Yoast SEO v19.13) - https:\/\/yoast.com\/wordpress\/plugins\/seo\/ -->\n<title>TOM&#039;S DRAG Chihuahua assis Frida M - Erresse Shop<\/title>\n<meta name=\"description\" content=\"La chihuahua Lady Frida, coiff\u00e9e d&#039;un chapeau (amovible) avec un \u00e9l\u00e9gant sillon solaire, de boucles d&#039;oreilles et des incontournables escarpins rouges,\" \/>\n<meta name=\"robots\" content=\"index, follow, max-snippet:-1, max-image-preview:large, max-video-preview:-1\" \/>\n<link rel=\"canonical\" href=\"https:\/\/www.erresse-shop.it\/fr\/shop\/ameublement-maison\/objets-de-decoration\/toms-drag-chihuahua-assis-frida-m\/\" \/>\n<meta property=\"og:locale\" content=\"fr_FR\" \/>\n<meta property=\"og:type\" content=\"article\" \/>\n<meta property=\"og:title\" content=\"TOM&#039;S DRAG Chihuahua assis Frida M\" \/>\n<meta property=\"og:description\" content=\"La chihuahua Lady Frida, coiff\u00e9e d&#039;un chapeau (amovible) avec un \u00e9l\u00e9gant sillon solaire, de boucles d&#039;oreilles et des incontournables escarpins rouges,\" \/>\n<meta property=\"og:url\" content=\"https:\/\/www.erresse-shop.it\/fr\/shop\/ameublement-maison\/objets-de-decoration\/toms-drag-chihuahua-assis-frida-m\/\" \/>\n<meta property=\"og:site_name\" content=\"Erresse Shop\" \/>\n<meta property=\"article:modified_time\" content=\"2024-10-28T13:57:08+00:00\" \/>\n<meta property=\"og:image\" content=\"https:\/\/www.erresse-shop.it\/wp-content\/uploads\/2024\/05\/TOMS-DRAG-Chihuahua-seduto-Frida-M.png\" \/>\n\t<meta property=\"og:image:width\" content=\"800\" \/>\n\t<meta property=\"og:image:height\" content=\"800\" \/>\n\t<meta property=\"og:image:type\" content=\"image\/png\" \/>\n<meta name=\"twitter:card\" content=\"summary_large_image\" \/>\n<script type=\"application\/ld+json\" class=\"yoast-schema-graph\">{\"@context\":\"https:\/\/schema.org\",\"@graph\":[{\"@type\":\"WebPage\",\"@id\":\"https:\/\/www.erresse-shop.it\/fr\/shop\/ameublement-maison\/objets-de-decoration\/toms-drag-chihuahua-assis-frida-m\/\",\"url\":\"https:\/\/www.erresse-shop.it\/fr\/shop\/ameublement-maison\/objets-de-decoration\/toms-drag-chihuahua-assis-frida-m\/\",\"name\":\"TOM'S DRAG Chihuahua assis Frida M - Erresse Shop\",\"isPartOf\":{\"@id\":\"https:\/\/www.erresse-shop.it\/fr\/#website\"},\"datePublished\":\"2024-05-29T06:42:20+00:00\",\"dateModified\":\"2024-10-28T13:57:08+00:00\",\"description\":\"La chihuahua Lady Frida, coiff\u00e9e d'un chapeau (amovible) avec un \u00e9l\u00e9gant sillon solaire, de boucles d'oreilles et des incontournables escarpins rouges,\",\"breadcrumb\":{\"@id\":\"https:\/\/www.erresse-shop.it\/fr\/shop\/ameublement-maison\/objets-de-decoration\/toms-drag-chihuahua-assis-frida-m\/#breadcrumb\"},\"inLanguage\":\"fr-FR\",\"potentialAction\":[{\"@type\":\"ReadAction\",\"target\":[\"https:\/\/www.erresse-shop.it\/fr\/shop\/ameublement-maison\/objets-de-decoration\/toms-drag-chihuahua-assis-frida-m\/\"]}]},{\"@type\":\"BreadcrumbList\",\"@id\":\"https:\/\/www.erresse-shop.it\/fr\/shop\/ameublement-maison\/objets-de-decoration\/toms-drag-chihuahua-assis-frida-m\/#breadcrumb\",\"itemListElement\":[{\"@type\":\"ListItem\",\"position\":1,\"name\":\"Home\",\"item\":\"https:\/\/www.erresse-shop.it\/fr\/\"},{\"@type\":\"ListItem\",\"position\":2,\"name\":\"Shop\",\"item\":\"https:\/\/www.erresse-shop.it\/fr\/shop\/\"},{\"@type\":\"ListItem\",\"position\":3,\"name\":\"TOM&#8217;S DRAG Chihuahua assis Frida M\"}]},{\"@type\":\"WebSite\",\"@id\":\"https:\/\/www.erresse-shop.it\/fr\/#website\",\"url\":\"https:\/\/www.erresse-shop.it\/fr\/\",\"name\":\"Erresse Shop\",\"description\":\"Articoli di qualit\u00e0 per la casa\",\"potentialAction\":[{\"@type\":\"SearchAction\",\"target\":{\"@type\":\"EntryPoint\",\"urlTemplate\":\"https:\/\/www.erresse-shop.it\/fr\/?s={search_term_string}\"},\"query-input\":\"required name=search_term_string\"}],\"inLanguage\":\"fr-FR\"}]}<\/script>\n<!-- \/ Yoast SEO Premium plugin. -->","yoast_head_json":{"title":"TOM'S DRAG Chihuahua assis Frida M - Erresse Shop","description":"La chihuahua Lady Frida, coiff\u00e9e d'un chapeau (amovible) avec un \u00e9l\u00e9gant sillon solaire, de boucles d'oreilles et des incontournables escarpins rouges,","robots":{"index":"index","follow":"follow","max-snippet":"max-snippet:-1","max-image-preview":"max-image-preview:large","max-video-preview":"max-video-preview:-1"},"canonical":"https:\/\/www.erresse-shop.it\/fr\/shop\/ameublement-maison\/objets-de-decoration\/toms-drag-chihuahua-assis-frida-m\/","og_locale":"fr_FR","og_type":"article","og_title":"TOM'S DRAG Chihuahua assis Frida M","og_description":"La chihuahua Lady Frida, coiff\u00e9e d'un chapeau (amovible) avec un \u00e9l\u00e9gant sillon solaire, de boucles d'oreilles et des incontournables escarpins rouges,","og_url":"https:\/\/www.erresse-shop.it\/fr\/shop\/ameublement-maison\/objets-de-decoration\/toms-drag-chihuahua-assis-frida-m\/","og_site_name":"Erresse Shop","article_modified_time":"2024-10-28T13:57:08+00:00","og_image":[{"width":800,"height":800,"url":"https:\/\/www.erresse-shop.it\/wp-content\/uploads\/2024\/05\/TOMS-DRAG-Chihuahua-seduto-Frida-M.png","type":"image\/png"}],"twitter_card":"summary_large_image","schema":{"@context":"https:\/\/schema.org","@graph":[{"@type":"WebPage","@id":"https:\/\/www.erresse-shop.it\/fr\/shop\/ameublement-maison\/objets-de-decoration\/toms-drag-chihuahua-assis-frida-m\/","url":"https:\/\/www.erresse-shop.it\/fr\/shop\/ameublement-maison\/objets-de-decoration\/toms-drag-chihuahua-assis-frida-m\/","name":"TOM'S DRAG Chihuahua assis Frida M - Erresse Shop","isPartOf":{"@id":"https:\/\/www.erresse-shop.it\/fr\/#website"},"datePublished":"2024-05-29T06:42:20+00:00","dateModified":"2024-10-28T13:57:08+00:00","description":"La chihuahua Lady Frida, coiff\u00e9e d'un chapeau (amovible) avec un \u00e9l\u00e9gant sillon solaire, de boucles d'oreilles et des incontournables escarpins rouges,","breadcrumb":{"@id":"https:\/\/www.erresse-shop.it\/fr\/shop\/ameublement-maison\/objets-de-decoration\/toms-drag-chihuahua-assis-frida-m\/#breadcrumb"},"inLanguage":"fr-FR","potentialAction":[{"@type":"ReadAction","target":["https:\/\/www.erresse-shop.it\/fr\/shop\/ameublement-maison\/objets-de-decoration\/toms-drag-chihuahua-assis-frida-m\/"]}]},{"@type":"BreadcrumbList","@id":"https:\/\/www.erresse-shop.it\/fr\/shop\/ameublement-maison\/objets-de-decoration\/toms-drag-chihuahua-assis-frida-m\/#breadcrumb","itemListElement":[{"@type":"ListItem","position":1,"name":"Home","item":"https:\/\/www.erresse-shop.it\/fr\/"},{"@type":"ListItem","position":2,"name":"Shop","item":"https:\/\/www.erresse-shop.it\/fr\/shop\/"},{"@type":"ListItem","position":3,"name":"TOM&#8217;S DRAG Chihuahua assis Frida M"}]},{"@type":"WebSite","@id":"https:\/\/www.erresse-shop.it\/fr\/#website","url":"https:\/\/www.erresse-shop.it\/fr\/","name":"Erresse Shop","description":"Articoli di qualit\u00e0 per la casa","potentialAction":[{"@type":"SearchAction","target":{"@type":"EntryPoint","urlTemplate":"https:\/\/www.erresse-shop.it\/fr\/?s={search_term_string}"},"query-input":"required name=search_term_string"}],"inLanguage":"fr-FR"}]}},"df_price":119.95,"df_sale_price":119.95,"df_regular_price":187,"df_image_link":"https:\/\/www.erresse-shop.it\/wp-content\/uploads\/2024\/05\/TOMS-DRAG-Chihuahua-seduto-Frida-M-300x300.jpg","_links":{"self":[{"href":"https:\/\/www.erresse-shop.it\/fr\/wp-json\/wp\/v2\/product\/409385"}],"collection":[{"href":"https:\/\/www.erresse-shop.it\/fr\/wp-json\/wp\/v2\/product"}],"about":[{"href":"https:\/\/www.erresse-shop.it\/fr\/wp-json\/wp\/v2\/types\/product"}],"wp:featuredmedia":[{"embeddable":true,"href":"https:\/\/www.erresse-shop.it\/fr\/wp-json\/wp\/v2\/media\/459245"}],"wp:attachment":[{"href":"https:\/\/www.erresse-shop.it\/fr\/wp-json\/wp\/v2\/media?parent=409385"}],"wp:term":[{"taxonomy":"product_cat","embeddable":true,"href":"https:\/\/www.erresse-shop.it\/fr\/wp-json\/wp\/v2\/product_cat?post=409385"},{"taxonomy":"product_tag","embeddable":true,"href":"https:\/\/www.erresse-shop.it\/fr\/wp-json\/wp\/v2\/product_tag?post=409385"}],"curies":[{"name":"wp","href":"https:\/\/api.w.org\/{rel}","templated":true}]}}