{"id":408960,"date":"2024-05-28T06:07:09","date_gmt":"2024-05-28T06:07:14","guid":{"rendered":"https:\/\/www.erresse-shop.it\/?post_type=product&#038;p=408960"},"modified":"2024-11-02T08:20:08","modified_gmt":"2024-11-02T08:20:08","slug":"smeg-dolce-gabbana-mousseur-a-lait-bleu","status":"publish","type":"product","link":"https:\/\/www.erresse-shop.it\/fr\/shop\/petits-electromenagers\/mousseurs-a-lait\/smeg-dolce-gabbana-mousseur-a-lait-bleu\/","title":{"rendered":"SMEG Dolce &#038; Gabbana Mousseur \u00e0 lait bleu"},"content":{"rendered":"<p>S\u00e9rie <strong>SMEG<\/strong> 1950s<\/p>\n<p>Objets de rencontre symboliques, ic\u00f4nes qui transforment l&#8217;espace, les nouveaux petits objets de la ligne Anni &#8217;50s, con\u00e7us en collaboration avec Matteo Bazzicalupo et Raffaella Mangiarotti de deepdesign, \u00e9voquent d&#8217;autres temps et fa\u00e7onnent les lieux du quotidien, en investissant ce qui existe ou a exist\u00e9 d&#8217;une nouvelle signification, comme cela se produit dans l&#8217;art et la m\u00e9moire.<br \/>\nDes produits aux formes arrondies et compactes, protagonistes de la cuisine, con\u00e7us pour ceux qui souhaitent vivre l&#8217;exp\u00e9rience d&#8217;un chef, mais pas seulement. Pour ceux qui aiment s&#8217;entourer d&#8217;objets \u00e0 fort caract\u00e8re esth\u00e9tique sans perdre de vue la qualit\u00e9 des prestations.<\/p>\n<p><strong>UN OBJET DESIGN BOURR\u00c9 DE TECHNOLOGIE<\/strong><br \/>\nCon\u00e7u pour \u00eatre performant, facile, s\u00fbr et confortable \u00e0 utiliser. Le syst\u00e8me de chauffage par induction, s\u00fbr et rapide, n&#8217;est activ\u00e9 qu&#8217;apr\u00e8s la s\u00e9lection du type de pr\u00e9paration souhait\u00e9 et s&#8217;\u00e9teint automatiquement \u00e0 la fin du programme.<\/p>\n<p><strong>CAPPUCCINO, LAIT CHAUD OU CHOCOLAT CHAUD ? NE LIMITEZ PAS LE PLAISIR D&#8217;UNE PAUSE<\/strong><br \/>\nLe MFF01 n&#8217;est pas seulement une machine \u00e0 cappuccino. Gr\u00e2ce \u00e0 6 programmes automatiques et \u00e0 une fonction manuelle, il peut pr\u00e9parer des boissons chaudes et froides avec ou sans mousse, satisfaisant ainsi pleinement les go\u00fbts personnels de chaque invit\u00e9. Il suffit de changer le fouet fourni pour utiliser le mousseur \u00e0 lait \u00e9galement pour la pr\u00e9paration de th\u00e9, de tisanes et d&#8217;autres boissons chaudes solubles, comme le caf\u00e9 d&#8217;orge.<\/p>\n<p><strong>PROGRAMME CHOCOLAT<\/strong><br \/>\nEn s\u00e9lectionnant la fonction chocolat et en utilisant les ingr\u00e9dients de la recette traditionnelle &#8211; lait et morceaux de chocolat &#8211; gr\u00e2ce au mouvement fluide du fouet et \u00e0 la temp\u00e9rature optimale pr\u00e9r\u00e9gl\u00e9e, on obtient sans effort un chocolat cors\u00e9, onctueux et authentique.<\/p>\n<p><strong>AESTHETIQUE<\/strong><br \/>\n<strong>Couleur<\/strong> : D\u00e9cor\u00e9 \/ Sp\u00e9cial<br \/>\n<strong>Finition<\/strong> : Brillant<br \/>\n<strong>S\u00e9rie<\/strong> : 50&#8217;s Style<br \/>\n<strong>Collaborations<\/strong> : Smeg &amp; Dolce&amp;Gabbana<br \/>\n<strong>Mat\u00e9riau du<\/strong> <strong>corps<\/strong> : acier inoxydable<br \/>\n<strong>Mat\u00e9riau du couvercle<\/strong> : plastique sans BPA<br \/>\n<strong>Mat\u00e9riau du bouchon doseur<\/strong> : plastique sans BPA<br \/>\n<strong>Mat\u00e9riau de la carafe<\/strong> : acier inoxydable<br \/>\n<strong>Couleur de la poign\u00e9e<\/strong> : Gris \u00e0 l&#8217;int\u00e9rieur \/ Chrome poli \u00e0 l&#8217;ext\u00e9rieur<br \/>\n<strong>Mat\u00e9riau de la poign\u00e9e<\/strong> : Plastique \u00e0 l&#8217;int\u00e9rieur \/ Acier inoxydable \u00e0 l&#8217;ext\u00e9rieur<br \/>\n<strong>Mat\u00e9riau du col<\/strong> : Plastique<br \/>\n<strong>Couleur de la base<\/strong> : chrome poli<br \/>\n<strong>Couleur du col<\/strong> : Chrome poli<br \/>\n<strong>Mat\u00e9riau de la plaque de base<\/strong> : Plastique<br \/>\n<strong>Couleur du c\u00e2ble d&#8217;alimentation<\/strong> : Gris<\/p>\n<p><strong>COMMANDES<\/strong><br \/>\n<strong>Type de commande<\/strong> : bouton, molette<br \/>\n<strong>Mat\u00e9riau du bouton<\/strong> : plastique<br \/>\n<strong>Mat\u00e9riau du bouton<\/strong> : plastique<\/p>\n<p><strong>PROGRAMMES \/ FONCTIONS<\/strong><br \/>\n<strong>Fonction chocolat chaud<\/strong> : Oui<br \/>\n<strong>Fonction lait chaud<\/strong> : Oui<br \/>\n<strong>Fonction lait chaud avec mousse l\u00e9g\u00e8re<\/strong> : Oui<br \/>\n<strong>Fonction lait chaud avec mousse \u00e9paisse<\/strong> : Oui<br \/>\n<strong>Fonction lait glac\u00e9 avec mousse l\u00e9g\u00e8re<\/strong> : Oui<br \/>\n<strong>Fonction lait glac\u00e9 avec mousse \u00e9paisse<\/strong> : Oui<br \/>\n<strong>Fonction chaude manuelle<\/strong> : Oui<br \/>\n<strong>Fonction lait froid manuel<\/strong> : Oui<\/p>\n<p><strong>CARACT\u00c9RISTIQUES TECHNIQUES<\/strong><br \/>\n<strong>Syst\u00e8me d&#8217;induction avec arr\u00eat automatique<\/strong> : Oui<br \/>\n<strong>Bouchon doseur amovible<\/strong> : Oui<br \/>\n<strong>Carafe amovible<\/strong> : Oui<br \/>\n<strong>Capacit\u00e9 de la carafe \u00e0 lait<\/strong> : 250 ml \/ 1 tasse<br \/>\n<strong>Capacit\u00e9 du pot \u00e0 lait et \u00e0 chocolat<\/strong> : 600 ml \/ 2,5 tasses<br \/>\n<strong>Base antid\u00e9rapante<\/strong> : Oui<br \/>\n<strong>Enrouleur de c\u00e2ble int\u00e9gr\u00e9<\/strong> : Oui<\/p>\n<p><strong>RACCORDEMENT \u00c9LECTRIQUE<\/strong><br \/>\n<strong>Tension<\/strong> : 220-240 V<br \/>\n<strong>Fr\u00e9quence<\/strong> : 50\/60 Hz<br \/>\n<strong>Puissance<\/strong> : 500 W<br \/>\n<strong>Longueur du c\u00e2ble d&#8217;alimentation<\/strong> : 1 m<\/p>\n<p><strong>ACCESSOIRES INCLUS<\/strong><br \/>\n<strong>Fouet lisse pour le lait chaud et la fonction manuelle<\/strong> : Oui<br \/>\n<strong>Fouet dentel\u00e9 pour le mousseur \u00e0 lait et la fonction manuelle<\/strong> : Oui<br \/>\n<strong>Mat\u00e9riau du fouet<\/strong> : Plastique<br \/>\n<strong>Couleur du fouet<\/strong> : Gris<\/p>\n<p><u style=\"font-size: 13px; line-height: 20.8px;\"><strong>Pas \u00e0 vendre en dehors de l&#8217;Europe<\/strong><\/u><\/p>\n","protected":false},"excerpt":{"rendered":"<p>S\u00e9rie SMEG 1950s Objets de rencontre symboliques, ic\u00f4nes qui transforment l&#8217;espace, les nouveaux petits objets de la ligne Anni &#8217;50s,<\/p>\n","protected":false},"featured_media":457121,"template":"","meta":{"_acf_changed":false,"inline_featured_image":false},"product_cat":[20620,12449],"product_tag":[25181,23623,13253,20779,23563,25021,24680,12856,20625],"acf":[],"yoast_head":"<!-- This site is optimized with the Yoast SEO Premium plugin v18.6 (Yoast SEO v19.13) - https:\/\/yoast.com\/wordpress\/plugins\/seo\/ -->\n<title>SMEG Dolce &amp; Gabbana Mousseur \u00e0 lait bleu - Erresse Shop<\/title>\n<meta name=\"description\" content=\"S\u00e9rie SMEG 1950s Objets de rencontre symboliques, ic\u00f4nes qui transforment l&#039;espace, les nouveaux petits objets de la ligne Anni &#039;50s, con\u00e7us en\" \/>\n<meta name=\"robots\" content=\"index, follow, max-snippet:-1, max-image-preview:large, max-video-preview:-1\" \/>\n<link rel=\"canonical\" href=\"https:\/\/www.erresse-shop.it\/fr\/shop\/petits-electromenagers\/mousseurs-a-lait\/smeg-dolce-gabbana-mousseur-a-lait-bleu\/\" \/>\n<meta property=\"og:locale\" content=\"fr_FR\" \/>\n<meta property=\"og:type\" content=\"article\" \/>\n<meta property=\"og:title\" content=\"SMEG Dolce &amp; Gabbana Mousseur \u00e0 lait bleu\" \/>\n<meta property=\"og:description\" content=\"S\u00e9rie SMEG 1950s Objets de rencontre symboliques, ic\u00f4nes qui transforment l&#039;espace, les nouveaux petits objets de la ligne Anni &#039;50s, con\u00e7us en\" \/>\n<meta property=\"og:url\" content=\"https:\/\/www.erresse-shop.it\/fr\/shop\/petits-electromenagers\/mousseurs-a-lait\/smeg-dolce-gabbana-mousseur-a-lait-bleu\/\" \/>\n<meta property=\"og:site_name\" content=\"Erresse Shop\" \/>\n<meta property=\"article:modified_time\" content=\"2024-11-02T08:20:08+00:00\" \/>\n<meta property=\"og:image\" content=\"https:\/\/www.erresse-shop.it\/wp-content\/uploads\/2024\/05\/SMEG-Dolce-Gabbana-Montalatte-Blu.png\" \/>\n\t<meta property=\"og:image:width\" content=\"800\" \/>\n\t<meta property=\"og:image:height\" content=\"800\" \/>\n\t<meta property=\"og:image:type\" content=\"image\/png\" \/>\n<meta name=\"twitter:card\" content=\"summary_large_image\" \/>\n<script type=\"application\/ld+json\" class=\"yoast-schema-graph\">{\"@context\":\"https:\/\/schema.org\",\"@graph\":[{\"@type\":\"WebPage\",\"@id\":\"https:\/\/www.erresse-shop.it\/fr\/shop\/petits-electromenagers\/mousseurs-a-lait\/smeg-dolce-gabbana-mousseur-a-lait-bleu\/\",\"url\":\"https:\/\/www.erresse-shop.it\/fr\/shop\/petits-electromenagers\/mousseurs-a-lait\/smeg-dolce-gabbana-mousseur-a-lait-bleu\/\",\"name\":\"SMEG Dolce & Gabbana Mousseur \u00e0 lait bleu - Erresse Shop\",\"isPartOf\":{\"@id\":\"https:\/\/www.erresse-shop.it\/fr\/#website\"},\"datePublished\":\"2024-05-28T06:07:14+00:00\",\"dateModified\":\"2024-11-02T08:20:08+00:00\",\"description\":\"S\u00e9rie SMEG 1950s Objets de rencontre symboliques, ic\u00f4nes qui transforment l'espace, les nouveaux petits objets de la ligne Anni '50s, con\u00e7us en\",\"breadcrumb\":{\"@id\":\"https:\/\/www.erresse-shop.it\/fr\/shop\/petits-electromenagers\/mousseurs-a-lait\/smeg-dolce-gabbana-mousseur-a-lait-bleu\/#breadcrumb\"},\"inLanguage\":\"fr-FR\",\"potentialAction\":[{\"@type\":\"ReadAction\",\"target\":[\"https:\/\/www.erresse-shop.it\/fr\/shop\/petits-electromenagers\/mousseurs-a-lait\/smeg-dolce-gabbana-mousseur-a-lait-bleu\/\"]}]},{\"@type\":\"BreadcrumbList\",\"@id\":\"https:\/\/www.erresse-shop.it\/fr\/shop\/petits-electromenagers\/mousseurs-a-lait\/smeg-dolce-gabbana-mousseur-a-lait-bleu\/#breadcrumb\",\"itemListElement\":[{\"@type\":\"ListItem\",\"position\":1,\"name\":\"Home\",\"item\":\"https:\/\/www.erresse-shop.it\/fr\/\"},{\"@type\":\"ListItem\",\"position\":2,\"name\":\"Shop\",\"item\":\"https:\/\/www.erresse-shop.it\/fr\/shop\/\"},{\"@type\":\"ListItem\",\"position\":3,\"name\":\"SMEG Dolce &#038; Gabbana Mousseur \u00e0 lait bleu\"}]},{\"@type\":\"WebSite\",\"@id\":\"https:\/\/www.erresse-shop.it\/fr\/#website\",\"url\":\"https:\/\/www.erresse-shop.it\/fr\/\",\"name\":\"Erresse Shop\",\"description\":\"Articoli di qualit\u00e0 per la casa\",\"potentialAction\":[{\"@type\":\"SearchAction\",\"target\":{\"@type\":\"EntryPoint\",\"urlTemplate\":\"https:\/\/www.erresse-shop.it\/fr\/?s={search_term_string}\"},\"query-input\":\"required name=search_term_string\"}],\"inLanguage\":\"fr-FR\"}]}<\/script>\n<!-- \/ Yoast SEO Premium plugin. -->","yoast_head_json":{"title":"SMEG Dolce & Gabbana Mousseur \u00e0 lait bleu - Erresse Shop","description":"S\u00e9rie SMEG 1950s Objets de rencontre symboliques, ic\u00f4nes qui transforment l'espace, les nouveaux petits objets de la ligne Anni '50s, con\u00e7us en","robots":{"index":"index","follow":"follow","max-snippet":"max-snippet:-1","max-image-preview":"max-image-preview:large","max-video-preview":"max-video-preview:-1"},"canonical":"https:\/\/www.erresse-shop.it\/fr\/shop\/petits-electromenagers\/mousseurs-a-lait\/smeg-dolce-gabbana-mousseur-a-lait-bleu\/","og_locale":"fr_FR","og_type":"article","og_title":"SMEG Dolce & Gabbana Mousseur \u00e0 lait bleu","og_description":"S\u00e9rie SMEG 1950s Objets de rencontre symboliques, ic\u00f4nes qui transforment l'espace, les nouveaux petits objets de la ligne Anni '50s, con\u00e7us en","og_url":"https:\/\/www.erresse-shop.it\/fr\/shop\/petits-electromenagers\/mousseurs-a-lait\/smeg-dolce-gabbana-mousseur-a-lait-bleu\/","og_site_name":"Erresse Shop","article_modified_time":"2024-11-02T08:20:08+00:00","og_image":[{"width":800,"height":800,"url":"https:\/\/www.erresse-shop.it\/wp-content\/uploads\/2024\/05\/SMEG-Dolce-Gabbana-Montalatte-Blu.png","type":"image\/png"}],"twitter_card":"summary_large_image","schema":{"@context":"https:\/\/schema.org","@graph":[{"@type":"WebPage","@id":"https:\/\/www.erresse-shop.it\/fr\/shop\/petits-electromenagers\/mousseurs-a-lait\/smeg-dolce-gabbana-mousseur-a-lait-bleu\/","url":"https:\/\/www.erresse-shop.it\/fr\/shop\/petits-electromenagers\/mousseurs-a-lait\/smeg-dolce-gabbana-mousseur-a-lait-bleu\/","name":"SMEG Dolce & Gabbana Mousseur \u00e0 lait bleu - Erresse Shop","isPartOf":{"@id":"https:\/\/www.erresse-shop.it\/fr\/#website"},"datePublished":"2024-05-28T06:07:14+00:00","dateModified":"2024-11-02T08:20:08+00:00","description":"S\u00e9rie SMEG 1950s Objets de rencontre symboliques, ic\u00f4nes qui transforment l'espace, les nouveaux petits objets de la ligne Anni '50s, con\u00e7us en","breadcrumb":{"@id":"https:\/\/www.erresse-shop.it\/fr\/shop\/petits-electromenagers\/mousseurs-a-lait\/smeg-dolce-gabbana-mousseur-a-lait-bleu\/#breadcrumb"},"inLanguage":"fr-FR","potentialAction":[{"@type":"ReadAction","target":["https:\/\/www.erresse-shop.it\/fr\/shop\/petits-electromenagers\/mousseurs-a-lait\/smeg-dolce-gabbana-mousseur-a-lait-bleu\/"]}]},{"@type":"BreadcrumbList","@id":"https:\/\/www.erresse-shop.it\/fr\/shop\/petits-electromenagers\/mousseurs-a-lait\/smeg-dolce-gabbana-mousseur-a-lait-bleu\/#breadcrumb","itemListElement":[{"@type":"ListItem","position":1,"name":"Home","item":"https:\/\/www.erresse-shop.it\/fr\/"},{"@type":"ListItem","position":2,"name":"Shop","item":"https:\/\/www.erresse-shop.it\/fr\/shop\/"},{"@type":"ListItem","position":3,"name":"SMEG Dolce &#038; Gabbana Mousseur \u00e0 lait bleu"}]},{"@type":"WebSite","@id":"https:\/\/www.erresse-shop.it\/fr\/#website","url":"https:\/\/www.erresse-shop.it\/fr\/","name":"Erresse Shop","description":"Articoli di qualit\u00e0 per la casa","potentialAction":[{"@type":"SearchAction","target":{"@type":"EntryPoint","urlTemplate":"https:\/\/www.erresse-shop.it\/fr\/?s={search_term_string}"},"query-input":"required name=search_term_string"}],"inLanguage":"fr-FR"}]}},"df_price":514.95,"df_sale_price":514.95,"df_regular_price":599,"df_image_link":"https:\/\/www.erresse-shop.it\/wp-content\/uploads\/2024\/05\/SMEG-Dolce-Gabbana-Montalatte-Blu-300x300.jpg","_links":{"self":[{"href":"https:\/\/www.erresse-shop.it\/fr\/wp-json\/wp\/v2\/product\/408960"}],"collection":[{"href":"https:\/\/www.erresse-shop.it\/fr\/wp-json\/wp\/v2\/product"}],"about":[{"href":"https:\/\/www.erresse-shop.it\/fr\/wp-json\/wp\/v2\/types\/product"}],"wp:featuredmedia":[{"embeddable":true,"href":"https:\/\/www.erresse-shop.it\/fr\/wp-json\/wp\/v2\/media\/457121"}],"wp:attachment":[{"href":"https:\/\/www.erresse-shop.it\/fr\/wp-json\/wp\/v2\/media?parent=408960"}],"wp:term":[{"taxonomy":"product_cat","embeddable":true,"href":"https:\/\/www.erresse-shop.it\/fr\/wp-json\/wp\/v2\/product_cat?post=408960"},{"taxonomy":"product_tag","embeddable":true,"href":"https:\/\/www.erresse-shop.it\/fr\/wp-json\/wp\/v2\/product_tag?post=408960"}],"curies":[{"name":"wp","href":"https:\/\/api.w.org\/{rel}","templated":true}]}}