{"id":408906,"date":"2024-05-27T13:50:41","date_gmt":"2024-05-27T13:50:45","guid":{"rendered":"https:\/\/www.erresse-shop.it\/?post_type=product&#038;p=408906"},"modified":"2024-10-28T14:09:08","modified_gmt":"2024-10-28T14:09:08","slug":"smeg-dolce-gabbana-machine-a-cafe-expresso-manuelle-bleu","status":"publish","type":"product","link":"https:\/\/www.erresse-shop.it\/fr\/shop\/petits-electromenagers\/machines-cafe\/manuels\/smeg-dolce-gabbana-machine-a-cafe-expresso-manuelle-bleu\/","title":{"rendered":"SMEG Dolce &#038; Gabbana Machine \u00e0 caf\u00e9 expresso manuelle Bleu"},"content":{"rendered":"<p><strong>S\u00e9rie<\/strong> SMEG 50s<\/p>\n<p>Objets de rencontre symboliques, ic\u00f4nes qui transforment l&#8217;espace qu&#8217;ils occupent, les nouveaux petits de la ligne Anni &#8217;50s, con\u00e7us en collaboration avec Matteo Bazzicalupo et Raffaella Mangiarotti de deepdesign, \u00e9voquent d&#8217;autres temps et fa\u00e7onnent des lieux quotidiens, en investissant ce qui existe ou a exist\u00e9 d&#8217;une nouvelle signification, comme cela se produit dans l&#8217;art et la m\u00e9moire.<br \/>\nDes produits aux formes arrondies et compactes, protagonistes de la cuisine, con\u00e7us pour ceux qui souhaitent vivre l&#8217;exp\u00e9rience d&#8217;un chef, mais pas seulement. Pour ceux qui aiment s&#8217;entourer d&#8217;objets \u00e0 fort caract\u00e8re esth\u00e9tique sans perdre de vue la qualit\u00e9 des prestations.<\/p>\n<p>Machine \u00e0 espresso manuelle fabriqu\u00e9e en Italie : garantit le meilleur r\u00e9sultat pour un excellent caf\u00e9 espresso.<\/p>\n<ul>\n<li>Syst\u00e8me de chauffage avec thermoblock qui garantit une vitesse d&#8217;infusion plus rapide et un contr\u00f4le pr\u00e9cis de la temp\u00e9rature de l&#8217;eau pour l&#8217;infusion du caf\u00e9<\/li>\n<li>Dimensions parmi les plus compactes de sa cat\u00e9gorie, pour s&#8217;adapter au mieux \u00e0 l&#8217;espace et \u00e0 la cuisine.<\/li>\n<li>Plateau d&#8217;\u00e9gouttage amovible pour accueillir les grandes tasses et faciliter le nettoyage<\/li>\n<li>Pompe d&#8217;une puissance de 15 bars, pour une extraction toujours correcte de votre espresso.<\/li>\n<\/ul>\n<p><strong>Pratique et polyvalente<\/strong><\/p>\n<p>La machine \u00e0 espresso ECF02 est dot\u00e9e d&#8217;un panneau de commande \u00e0 <strong>double menu<\/strong> qui vous permet de s\u00e9lectionner 4 fonctions d&#8217;espresso en fonction de vos pr\u00e9f\u00e9rences.<br \/>\nGr\u00e2ce \u00e0 la buse vapeur, vous pouvez facilement cr\u00e9er une mousse de lait riche et cr\u00e9meuse, parfaite pour des pr\u00e9parations telles que le cappuccino, le blanc plat et le latte macchiato.<\/p>\n<p><strong>Un espresso parfait en quelques secondes<\/strong><\/p>\n<p>La nouvelle machine \u00e0 caf\u00e9 ECF02 convient aussi bien au caf\u00e9 moulu qu&#8217;aux dosettes en papier gr\u00e2ce \u00e0 son porte-filtre en acier inoxydable. De plus, le syst\u00e8me de chauffage <strong>Thermoblock<\/strong> garantit des temps de pr\u00e9paration rapides et un contr\u00f4le pr\u00e9cis de la temp\u00e9rature de l&#8217;eau pour la pr\u00e9paration du caf\u00e9. Avec une pression de 15 bars, la nouvelle machine \u00e0 caf\u00e9 Smeg ECF02 promet les meilleurs r\u00e9sultats pour un excellent Espresso.<\/p>\n<p><strong>ESTH\u00c9TIQUE<\/strong><\/p>\n<p><strong>Dolce&amp;Gabbana<\/strong> et <strong>Smeg<\/strong> unissent leurs \u00e2mes artistiques pour cr\u00e9er des designs <strong>Made in Italy<\/strong> uniques et originaux tels que <strong>Blu Mediterraneo<\/strong>. La nouvelle collection de petits appareils \u00e9lectrom\u00e9nagers est cr\u00e9\u00e9e par Smeg, avec le design de Matteo Bazzicalupo et Raffaella Mangiarotti (<strong>deepdesign<\/strong>) et la <strong>cr\u00e9ativit\u00e9 inimitable de Dolce&amp;Gabbana.<\/strong><\/p>\n<p><strong>Menu blanc<\/strong> : Espresso simple, Espresso double, Vapeur<br \/>\n<strong>Menu orange<\/strong> : Espresso simple long, Espresso double long, Vapeur<br \/>\n<strong>Couleur<\/strong> : D\u00e9cor\u00e9e \/ Sp\u00e9ciale<br \/>\n<strong>Couleur d\u00e9cor\u00e9e\/sp\u00e9ciale<\/strong> : bleu m\u00e9diterran\u00e9en<br \/>\n<strong>Finition<\/strong> : Polie<br \/>\n<strong>Esth\u00e9tique<\/strong> : Style ann\u00e9es 50<br \/>\n<strong>Mat\u00e9riau<\/strong> <strong>du<\/strong> <strong>corps<\/strong> : Plastique<br \/>\n<strong>Couleur de la base<\/strong> : Chrome poli<br \/>\n<strong>Mat\u00e9riau de la base<\/strong> : Plastique<br \/>\n<strong>Mat\u00e9riau du r\u00e9servoir<\/strong> : SAN<br \/>\n<strong>Mat\u00e9riau du chauffe-tasse<\/strong> : Acier inoxydable<br \/>\n<strong>Mat\u00e9riau du levier vapeur\/eau chaude<\/strong> : Alliage de zinc<br \/>\n<strong>Mat\u00e9riau du bec<\/strong> : Acier inoxydable<br \/>\n<strong>Mat\u00e9riau du porte-filtre<\/strong> : Acier inoxydable<br \/>\n<strong>Couleur du bras du porte-filtre<\/strong> : Gris<br \/>\n<strong>Mat\u00e9riau du bras du porte-filtre<\/strong> : Plastique<br \/>\n<strong>Couleur du raccord de sortie d&#8217;eau chaude\/vapeur<\/strong> : Gris<br \/>\n<strong>Mat\u00e9riau du plateau \u00e0 tasses<\/strong> : Acier inoxydable<br \/>\n<strong>Couleur du grand plateau \u00e0 tasses<\/strong> : Gris<br \/>\n<strong>Couleur du plateau \u00e0 tasses<\/strong> : Aluminium<br \/>\n<strong>Mat\u00e9riau du grand plateau \u00e0 tasses<\/strong> : Plastique<br \/>\n<strong>Mat\u00e9riau de la lance vapeur\/eau chaude<\/strong> : Acier inoxydable<br \/>\n<strong>Mat\u00e9riau du plateau d&#8217;\u00e9gouttage<\/strong> : Plastique<\/p>\n<p><strong>FONCTIONS<\/strong><\/p>\n<p><strong>Longueur de caf\u00e9 r\u00e9glable<\/strong> : Oui<br \/>\n<strong>R\u00e9glage de la consommation d&#8217;eau<\/strong> : douce\/moyenne\/dure<br \/>\n<strong>Avertissement de d\u00e9tartrage<\/strong> : Oui<br \/>\n<strong>Avertissement de r\u00e9servoir d&#8217;eau vide\/manquant<\/strong> : Oui<br \/>\n<strong>Fonction eau chaude pour le th\u00e9 et autres boissons<\/strong> : Oui<br \/>\n<strong>Mise en veille<\/strong> : 10 min\/30 min\/1 heure<br \/>\n<strong>R\u00e9glage de la temp\u00e9rature du caf\u00e9<\/strong> : basse\/moyenne\/haute<br \/>\n<strong>R\u00e9glage de la temp\u00e9rature d&#8217;extraction du caf\u00e9<\/strong> : basse\/moyenne\/haute<\/p>\n<p><strong>COMMANDES<\/strong><\/p>\n<p><strong>Type de commandes<\/strong> : boutons, levier<br \/>\n<strong>Mat\u00e9riau des boutons<\/strong> : Plastique<br \/>\n<strong>Couleur des boutons<\/strong> : Argent<br \/>\n<strong>Nombre de boutons de boissons<\/strong> : 3<br \/>\n<strong>Bouton de menu<\/strong> : 1<br \/>\n<strong>Bouton ON\/OFF<\/strong> : Oui<br \/>\n<strong>Nombre de boutons<\/strong> : 4<br \/>\n<strong>Mode d&#8217;activation de la vapeur<\/strong> : levier<\/p>\n<p><strong>CARACT\u00c9RISTIQUES TECHNIQUES<\/strong><\/p>\n<p><strong>Syst\u00e8me de chauffage<\/strong> : Thermoblock<br \/>\n<strong>Capacit\u00e9 du r\u00e9servoir d&#8217;eau<\/strong> : 1,1 l<br \/>\n<strong>R\u00e9servoir d&#8217;eau amovible<\/strong> : Oui<br \/>\n<strong>Plateau d&#8217;\u00e9gouttage amovible<\/strong> : Oui<br \/>\n<strong>Logement pour grandes tasses<\/strong> : Oui<br \/>\n<strong>Chauffe-tasses<\/strong> : passif<br \/>\n<strong>Diam\u00e8tre du porte-filtre<\/strong> : 51 mm<br \/>\n<strong>Pression de la pompe<\/strong> : 15 bar<br \/>\n<strong>Tige \u00e0 vapeur<\/strong> : Oui<br \/>\n<strong>Base antid\u00e9rapante<\/strong> : Oui<\/p>\n<p><strong>SP\u00c9CIFICATIONS \u00c9LECTRIQUES<\/strong><\/p>\n<p><strong>Tension (V)<\/strong> : 220-240 V<br \/>\n<strong>Fr\u00e9quence Hz<\/strong> : 50\/60 Hz<br \/>\n<strong>Longueur du c\u00e2ble d&#8217;alimentation<\/strong> : 1 m<\/p>\n<p><u style=\"font-size: 13px; line-height: 20.8px;\"><strong>Not for sale outside from Europe<\/strong><\/u><\/p>\n","protected":false},"excerpt":{"rendered":"<p>S\u00e9rie SMEG 50s Objets de rencontre symboliques, ic\u00f4nes qui transforment l&#8217;espace qu&#8217;ils occupent, les nouveaux petits de la ligne Anni<\/p>\n","protected":false},"featured_media":436767,"template":"","meta":{"_acf_changed":false,"inline_featured_image":false},"product_cat":[12764,25365,12449],"product_tag":[25181,23623,23910,13253,23563,25021,24680,23581,12856],"acf":[],"yoast_head":"<!-- This site is optimized with the Yoast SEO Premium plugin v18.6 (Yoast SEO v19.13) - https:\/\/yoast.com\/wordpress\/plugins\/seo\/ -->\n<title>SMEG Dolce &amp; Gabbana Machine \u00e0 caf\u00e9 expresso manuelle Bleu - Erresse Shop<\/title>\n<meta name=\"description\" content=\"S\u00e9rie SMEG 50s Objets de rencontre symboliques, ic\u00f4nes qui transforment l&#039;espace qu&#039;ils occupent, les nouveaux petits de la ligne Anni &#039;50s, con\u00e7us en\" \/>\n<meta name=\"robots\" content=\"index, follow, max-snippet:-1, max-image-preview:large, max-video-preview:-1\" \/>\n<link rel=\"canonical\" href=\"https:\/\/www.erresse-shop.it\/fr\/shop\/petits-electromenagers\/machines-cafe\/manuels\/smeg-dolce-gabbana-machine-a-cafe-expresso-manuelle-bleu\/\" \/>\n<meta property=\"og:locale\" content=\"fr_FR\" \/>\n<meta property=\"og:type\" content=\"article\" \/>\n<meta property=\"og:title\" content=\"SMEG Dolce &amp; Gabbana Machine \u00e0 caf\u00e9 expresso manuelle Bleu\" \/>\n<meta property=\"og:description\" content=\"S\u00e9rie SMEG 50s Objets de rencontre symboliques, ic\u00f4nes qui transforment l&#039;espace qu&#039;ils occupent, les nouveaux petits de la ligne Anni &#039;50s, con\u00e7us en\" \/>\n<meta property=\"og:url\" content=\"https:\/\/www.erresse-shop.it\/fr\/shop\/petits-electromenagers\/machines-cafe\/manuels\/smeg-dolce-gabbana-machine-a-cafe-expresso-manuelle-bleu\/\" \/>\n<meta property=\"og:site_name\" content=\"Erresse Shop\" \/>\n<meta property=\"article:modified_time\" content=\"2024-10-28T14:09:08+00:00\" \/>\n<meta property=\"og:image\" content=\"https:\/\/www.erresse-shop.it\/wp-content\/uploads\/2024\/05\/SMEG-Dolce-Gabbana-Macchina-da-Caffe-Espresso-Manuale-Blu.jpg\" \/>\n\t<meta property=\"og:image:width\" content=\"1200\" \/>\n\t<meta property=\"og:image:height\" content=\"1200\" \/>\n\t<meta property=\"og:image:type\" content=\"image\/jpeg\" \/>\n<meta name=\"twitter:card\" content=\"summary_large_image\" \/>\n<script type=\"application\/ld+json\" class=\"yoast-schema-graph\">{\"@context\":\"https:\/\/schema.org\",\"@graph\":[{\"@type\":\"WebPage\",\"@id\":\"https:\/\/www.erresse-shop.it\/fr\/shop\/petits-electromenagers\/machines-cafe\/manuels\/smeg-dolce-gabbana-machine-a-cafe-expresso-manuelle-bleu\/\",\"url\":\"https:\/\/www.erresse-shop.it\/fr\/shop\/petits-electromenagers\/machines-cafe\/manuels\/smeg-dolce-gabbana-machine-a-cafe-expresso-manuelle-bleu\/\",\"name\":\"SMEG Dolce & Gabbana Machine \u00e0 caf\u00e9 expresso manuelle Bleu - Erresse Shop\",\"isPartOf\":{\"@id\":\"https:\/\/www.erresse-shop.it\/fr\/#website\"},\"datePublished\":\"2024-05-27T13:50:45+00:00\",\"dateModified\":\"2024-10-28T14:09:08+00:00\",\"description\":\"S\u00e9rie SMEG 50s Objets de rencontre symboliques, ic\u00f4nes qui transforment l'espace qu'ils occupent, les nouveaux petits de la ligne Anni '50s, con\u00e7us en\",\"breadcrumb\":{\"@id\":\"https:\/\/www.erresse-shop.it\/fr\/shop\/petits-electromenagers\/machines-cafe\/manuels\/smeg-dolce-gabbana-machine-a-cafe-expresso-manuelle-bleu\/#breadcrumb\"},\"inLanguage\":\"fr-FR\",\"potentialAction\":[{\"@type\":\"ReadAction\",\"target\":[\"https:\/\/www.erresse-shop.it\/fr\/shop\/petits-electromenagers\/machines-cafe\/manuels\/smeg-dolce-gabbana-machine-a-cafe-expresso-manuelle-bleu\/\"]}]},{\"@type\":\"BreadcrumbList\",\"@id\":\"https:\/\/www.erresse-shop.it\/fr\/shop\/petits-electromenagers\/machines-cafe\/manuels\/smeg-dolce-gabbana-machine-a-cafe-expresso-manuelle-bleu\/#breadcrumb\",\"itemListElement\":[{\"@type\":\"ListItem\",\"position\":1,\"name\":\"Home\",\"item\":\"https:\/\/www.erresse-shop.it\/fr\/\"},{\"@type\":\"ListItem\",\"position\":2,\"name\":\"Shop\",\"item\":\"https:\/\/www.erresse-shop.it\/fr\/shop\/\"},{\"@type\":\"ListItem\",\"position\":3,\"name\":\"SMEG Dolce &#038; Gabbana Machine \u00e0 caf\u00e9 expresso manuelle Bleu\"}]},{\"@type\":\"WebSite\",\"@id\":\"https:\/\/www.erresse-shop.it\/fr\/#website\",\"url\":\"https:\/\/www.erresse-shop.it\/fr\/\",\"name\":\"Erresse Shop\",\"description\":\"Articoli di qualit\u00e0 per la casa\",\"potentialAction\":[{\"@type\":\"SearchAction\",\"target\":{\"@type\":\"EntryPoint\",\"urlTemplate\":\"https:\/\/www.erresse-shop.it\/fr\/?s={search_term_string}\"},\"query-input\":\"required name=search_term_string\"}],\"inLanguage\":\"fr-FR\"}]}<\/script>\n<!-- \/ Yoast SEO Premium plugin. -->","yoast_head_json":{"title":"SMEG Dolce & Gabbana Machine \u00e0 caf\u00e9 expresso manuelle Bleu - Erresse Shop","description":"S\u00e9rie SMEG 50s Objets de rencontre symboliques, ic\u00f4nes qui transforment l'espace qu'ils occupent, les nouveaux petits de la ligne Anni '50s, con\u00e7us en","robots":{"index":"index","follow":"follow","max-snippet":"max-snippet:-1","max-image-preview":"max-image-preview:large","max-video-preview":"max-video-preview:-1"},"canonical":"https:\/\/www.erresse-shop.it\/fr\/shop\/petits-electromenagers\/machines-cafe\/manuels\/smeg-dolce-gabbana-machine-a-cafe-expresso-manuelle-bleu\/","og_locale":"fr_FR","og_type":"article","og_title":"SMEG Dolce & Gabbana Machine \u00e0 caf\u00e9 expresso manuelle Bleu","og_description":"S\u00e9rie SMEG 50s Objets de rencontre symboliques, ic\u00f4nes qui transforment l'espace qu'ils occupent, les nouveaux petits de la ligne Anni '50s, con\u00e7us en","og_url":"https:\/\/www.erresse-shop.it\/fr\/shop\/petits-electromenagers\/machines-cafe\/manuels\/smeg-dolce-gabbana-machine-a-cafe-expresso-manuelle-bleu\/","og_site_name":"Erresse Shop","article_modified_time":"2024-10-28T14:09:08+00:00","og_image":[{"width":1200,"height":1200,"url":"https:\/\/www.erresse-shop.it\/wp-content\/uploads\/2024\/05\/SMEG-Dolce-Gabbana-Macchina-da-Caffe-Espresso-Manuale-Blu.jpg","type":"image\/jpeg"}],"twitter_card":"summary_large_image","schema":{"@context":"https:\/\/schema.org","@graph":[{"@type":"WebPage","@id":"https:\/\/www.erresse-shop.it\/fr\/shop\/petits-electromenagers\/machines-cafe\/manuels\/smeg-dolce-gabbana-machine-a-cafe-expresso-manuelle-bleu\/","url":"https:\/\/www.erresse-shop.it\/fr\/shop\/petits-electromenagers\/machines-cafe\/manuels\/smeg-dolce-gabbana-machine-a-cafe-expresso-manuelle-bleu\/","name":"SMEG Dolce & Gabbana Machine \u00e0 caf\u00e9 expresso manuelle Bleu - Erresse Shop","isPartOf":{"@id":"https:\/\/www.erresse-shop.it\/fr\/#website"},"datePublished":"2024-05-27T13:50:45+00:00","dateModified":"2024-10-28T14:09:08+00:00","description":"S\u00e9rie SMEG 50s Objets de rencontre symboliques, ic\u00f4nes qui transforment l'espace qu'ils occupent, les nouveaux petits de la ligne Anni '50s, con\u00e7us en","breadcrumb":{"@id":"https:\/\/www.erresse-shop.it\/fr\/shop\/petits-electromenagers\/machines-cafe\/manuels\/smeg-dolce-gabbana-machine-a-cafe-expresso-manuelle-bleu\/#breadcrumb"},"inLanguage":"fr-FR","potentialAction":[{"@type":"ReadAction","target":["https:\/\/www.erresse-shop.it\/fr\/shop\/petits-electromenagers\/machines-cafe\/manuels\/smeg-dolce-gabbana-machine-a-cafe-expresso-manuelle-bleu\/"]}]},{"@type":"BreadcrumbList","@id":"https:\/\/www.erresse-shop.it\/fr\/shop\/petits-electromenagers\/machines-cafe\/manuels\/smeg-dolce-gabbana-machine-a-cafe-expresso-manuelle-bleu\/#breadcrumb","itemListElement":[{"@type":"ListItem","position":1,"name":"Home","item":"https:\/\/www.erresse-shop.it\/fr\/"},{"@type":"ListItem","position":2,"name":"Shop","item":"https:\/\/www.erresse-shop.it\/fr\/shop\/"},{"@type":"ListItem","position":3,"name":"SMEG Dolce &#038; Gabbana Machine \u00e0 caf\u00e9 expresso manuelle Bleu"}]},{"@type":"WebSite","@id":"https:\/\/www.erresse-shop.it\/fr\/#website","url":"https:\/\/www.erresse-shop.it\/fr\/","name":"Erresse Shop","description":"Articoli di qualit\u00e0 per la casa","potentialAction":[{"@type":"SearchAction","target":{"@type":"EntryPoint","urlTemplate":"https:\/\/www.erresse-shop.it\/fr\/?s={search_term_string}"},"query-input":"required name=search_term_string"}],"inLanguage":"fr-FR"}]}},"df_price":1189.95,"df_sale_price":1189.95,"df_regular_price":1399,"df_image_link":"https:\/\/www.erresse-shop.it\/wp-content\/uploads\/2024\/05\/SMEG-Dolce-Gabbana-Macchina-da-Caffe-Espresso-Manuale-Blu-300x300.jpg","_links":{"self":[{"href":"https:\/\/www.erresse-shop.it\/fr\/wp-json\/wp\/v2\/product\/408906"}],"collection":[{"href":"https:\/\/www.erresse-shop.it\/fr\/wp-json\/wp\/v2\/product"}],"about":[{"href":"https:\/\/www.erresse-shop.it\/fr\/wp-json\/wp\/v2\/types\/product"}],"wp:featuredmedia":[{"embeddable":true,"href":"https:\/\/www.erresse-shop.it\/fr\/wp-json\/wp\/v2\/media\/436767"}],"wp:attachment":[{"href":"https:\/\/www.erresse-shop.it\/fr\/wp-json\/wp\/v2\/media?parent=408906"}],"wp:term":[{"taxonomy":"product_cat","embeddable":true,"href":"https:\/\/www.erresse-shop.it\/fr\/wp-json\/wp\/v2\/product_cat?post=408906"},{"taxonomy":"product_tag","embeddable":true,"href":"https:\/\/www.erresse-shop.it\/fr\/wp-json\/wp\/v2\/product_tag?post=408906"}],"curies":[{"name":"wp","href":"https:\/\/api.w.org\/{rel}","templated":true}]}}