{"id":408880,"date":"2024-05-27T12:58:09","date_gmt":"2024-05-27T12:58:14","guid":{"rendered":"https:\/\/www.erresse-shop.it\/?post_type=product&#038;p=408880"},"modified":"2024-10-28T14:11:17","modified_gmt":"2024-10-28T14:11:17","slug":"smeg-dolce-gabbana-moulin-a-cafe-bleu","status":"publish","type":"product","link":"https:\/\/www.erresse-shop.it\/fr\/shop\/petits-electromenagers\/moulins-a-cafe\/smeg-dolce-gabbana-moulin-a-cafe-bleu\/","title":{"rendered":"SMEG Dolce &#038; Gabbana Moulin \u00e0 caf\u00e9 bleu"},"content":{"rendered":"<p><strong>S\u00e9rie<\/strong> SMEG 50s<\/p>\n<p>Objets de rencontre symboliques, ic\u00f4nes qui transforment l&#8217;espace qu&#8217;ils occupent, les nouveaux petits de la ligne Anni &#8217;50s, con\u00e7us en collaboration avec Matteo Bazzicalupo et Raffaella Mangiarotti de deepdesign, \u00e9voquent d&#8217;autres temps et fa\u00e7onnent des lieux quotidiens, en investissant ce qui existe ou a exist\u00e9 d&#8217;une nouvelle signification, comme cela se produit dans l&#8217;art et la m\u00e9moire.<br \/>\nDes produits aux formes arrondies et compactes, protagonistes de la cuisine, con\u00e7us pour ceux qui souhaitent vivre l&#8217;exp\u00e9rience d&#8217;un chef, mais pas seulement. Pour ceux qui aiment s&#8217;entourer d&#8217;objets \u00e0 fort caract\u00e8re esth\u00e9tique sans perdre de vue la qualit\u00e9 des prestations.<\/p>\n<p><strong>\u00c9TUDI\u00c9 DANS LES MOINDRES D\u00c9TAILS<br \/>\n<\/strong>Selon la fonction et l&#8217;utilisation souhait\u00e9es, il est possible de moudre dans le r\u00e9cipient fourni ou directement dans le porte-filtre de votre machine \u00e0 espresso.<\/p>\n<p><strong>LA QUALIT\u00c9 POUR LES VRAIS CONNAISSEURS<\/strong><br \/>\nLa CGF01 est dot\u00e9e d&#8217;un corps en aluminium moul\u00e9 sous pression et de broyeurs coniques en acier inoxydable pour une mouture lisse qui pr\u00e9serve tous les ar\u00f4mes du caf\u00e9 sans en alt\u00e9rer la saveur. Les moulins amovibles permettent un nettoyage pratique et pr\u00e9cis, et le syst\u00e8me de s\u00e9curit\u00e9 emp\u00eache tout allumage accidentel si le bac \u00e0 grains est retir\u00e9 de son logement.<\/p>\n<p><strong>UNE MOUTURE PARFAITE POUR CHAQUE MACHINE ET CHAQUE GO\u00dbT<\/strong><br \/>\nLe levier pratique vous permet de s\u00e9lectionner intuitivement et facilement le niveau de mouture en choisissant jusqu&#8217;\u00e0 30 niveaux diff\u00e9rents pour obtenir la mouture parfaite pour chaque machine et chaque go\u00fbt. Le moulin \u00e0 caf\u00e9 Smeg permet d&#8217;obtenir une poudre parfaite pour les machines \u00e0 expresso, les machines \u00e0 moka, les cafeti\u00e8res am\u00e9ricaines et les presses fran\u00e7aises.<\/p>\n<p><strong>ESTH\u00c9TIQUE<\/strong><\/p>\n<p><strong>Dolce&amp;Gabbana<\/strong> et <strong>Smeg<\/strong> unissent leurs \u00e2mes artistiques, cr\u00e9ant des designs <strong>Made in Italy<\/strong> uniques et originaux tels que <strong>Blu Mediterraneo<\/strong>. La nouvelle collection de petits appareils \u00e9lectrom\u00e9nagers est cr\u00e9\u00e9e par Smeg, avec le design de Matteo Bazzicalupo et Raffaella Mangiarotti (<strong>deepdesign<\/strong>) et la c<strong>r\u00e9ativit\u00e9 inimitable de Dolce&amp;Gabbana.<\/strong><\/p>\n<p><strong>Couleur<\/strong> : D\u00e9cor\u00e9e \/ Sp\u00e9ciale<br \/>\n<strong>Finition<\/strong> : Polie<br \/>\n<strong>Esth\u00e9tique<\/strong> : Style ann\u00e9es 50<br \/>\n<strong>Mat\u00e9riau<\/strong> <strong>du<\/strong> <strong>corps<\/strong> : Aluminium moul\u00e9 sous pression<br \/>\n<strong>Couleur<\/strong> <strong>de<\/strong> <strong>la<\/strong> <strong>base<\/strong> : chrome poli<br \/>\n<strong>Mat\u00e9riau du haricot<\/strong> : Plastique sans PBA<br \/>\n<strong>Mat\u00e9riau du couvercle du r\u00e9cipient \u00e0 grains<\/strong> : Plastique sans PBA<br \/>\n<strong>Mat\u00e9riau du broyeur<\/strong> : Acier inoxydable<br \/>\n<strong>Type de mouture<\/strong> : Conique<br \/>\n<strong>Mat\u00e9riau du couvercle du r\u00e9cipient \u00e0 caf\u00e9 moulu<\/strong> : Plastique et silicone<br \/>\n<strong>Mat\u00e9riau du r\u00e9cipient \u00e0 caf\u00e9 moulu<\/strong> : Plastique sans PBA<br \/>\n<strong>Mat\u00e9riau du socle<\/strong> : Plastique<br \/>\n<strong>Mat\u00e9riau du levier de r\u00e9glage de la mouture<\/strong> : SUS 304<\/p>\n<p><strong>COMMANDES<\/strong><br \/>\n<strong>Type de commandes<\/strong> : Bouton, bouton, levier<br \/>\n<strong>Mat\u00e9riau de la brosse de nettoyage<\/strong> : plastique<br \/>\n<strong>Mat\u00e9riau du porte-filtre<\/strong> : plastique<br \/>\n<strong>Mat\u00e9riau du bouton<\/strong> : plastique<br \/>\n<strong>Mat\u00e9riau de la soucoupe<\/strong> : acier<br \/>\n<strong>Mat\u00e9riau du bouton<\/strong> : plastique<\/p>\n<p><strong>PROGRAMMES \/ FONCTIONS<\/strong><br \/>\n<strong>Personnalisation de la quantit\u00e9 de caf\u00e9<\/strong> : Oui<br \/>\n<strong>Bac \u00e0 grains avec syst\u00e8me Twist &amp; Lock<\/strong> : Oui<br \/>\n<strong>Niveau de mouture r\u00e9glable<\/strong> : Oui<br \/>\n<strong>Niveaux de mouture disponibles<\/strong> : 30<br \/>\n<strong>Niveaux de mouture disponibles<\/strong> : FIN, MOYEN, GROS<br \/>\n<strong>Fonctions espresso<\/strong> : simple, double<br \/>\n<strong>Fonctions pour le caf\u00e9 am\u00e9ricain\/ French Press<\/strong> : 6<br \/>\n<strong>Fonction manuelle<\/strong> : Oui<\/p>\n<p><strong>CARACT\u00c9RISTIQUES TECHNIQUES<\/strong><br \/>\n<strong>Base antid\u00e9rapante<\/strong> : Oui<br \/>\n<strong>Syst\u00e8me antistatique<\/strong> : Oui<br \/>\n<strong>Capacit\u00e9 du r\u00e9servoir \u00e0 caf\u00e9 en grains<\/strong> : 350 gr<br \/>\n<strong>Capacit\u00e9 du r\u00e9servoir \u00e0 caf\u00e9 moulu<\/strong> : 130 gr<br \/>\n<strong>Moulin sup\u00e9rieur amovible<\/strong> : Oui<br \/>\n<strong>Soucoupe amovible<\/strong> : Oui<br \/>\n<strong>Enrouleur de c\u00e2ble int\u00e9gr\u00e9<\/strong> : Oui<br \/>\n<strong>Puissance<\/strong> : 150 W<\/p>\n<p><strong>CONNEXION \u00c9LECTRIQUE<\/strong><br \/>\n<strong>Type de fiche<\/strong> : Schuko<br \/>\n<strong>Tension (V)<\/strong> : 220-240 V<br \/>\n<strong>Fr\u00e9quence Hz<\/strong> : 50-60 Hz<br \/>\n<strong>Longueur du c\u00e2ble d&#8217;alimentation<\/strong> : 1 m<\/p>\n<p><strong>ACCESSOIRES INCLUS<\/strong><br \/>\n<strong>Brosse de nettoyage<\/strong> : Oui<br \/>\n<strong>Centrage du porte-filtre<\/strong> : Oui<br \/>\n<strong>R\u00e9cipient pour le caf\u00e9 moulu<\/strong> : Oui<\/p>\n<p><u style=\"font-size: 13px; line-height: 20.8px;\"><strong>Not for sale outside from Europe<\/strong><\/u><\/p>\n","protected":false},"excerpt":{"rendered":"<p>S\u00e9rie SMEG 50s Objets de rencontre symboliques, ic\u00f4nes qui transforment l&#8217;espace qu&#8217;ils occupent, les nouveaux petits de la ligne Anni<\/p>\n","protected":false},"featured_media":451116,"template":"","meta":{"_acf_changed":false,"inline_featured_image":false},"product_cat":[25385,12449],"product_tag":[23623,23910,13253,23563,24680,12856,13268],"acf":[],"yoast_head":"<!-- This site is optimized with the Yoast SEO Premium plugin v18.6 (Yoast SEO v19.13) - https:\/\/yoast.com\/wordpress\/plugins\/seo\/ -->\n<title>SMEG Dolce &amp; Gabbana Moulin \u00e0 caf\u00e9 bleu - Erresse Shop<\/title>\n<meta name=\"description\" content=\"S\u00e9rie SMEG 50s Objets de rencontre symboliques, ic\u00f4nes qui transforment l&#039;espace qu&#039;ils occupent, les nouveaux petits de la ligne Anni &#039;50s, con\u00e7us en\" \/>\n<meta name=\"robots\" content=\"index, follow, max-snippet:-1, max-image-preview:large, max-video-preview:-1\" \/>\n<link rel=\"canonical\" href=\"https:\/\/www.erresse-shop.it\/fr\/shop\/petits-electromenagers\/moulins-a-cafe\/smeg-dolce-gabbana-moulin-a-cafe-bleu\/\" \/>\n<meta property=\"og:locale\" content=\"fr_FR\" \/>\n<meta property=\"og:type\" content=\"article\" \/>\n<meta property=\"og:title\" content=\"SMEG Dolce &amp; Gabbana Moulin \u00e0 caf\u00e9 bleu\" \/>\n<meta property=\"og:description\" content=\"S\u00e9rie SMEG 50s Objets de rencontre symboliques, ic\u00f4nes qui transforment l&#039;espace qu&#039;ils occupent, les nouveaux petits de la ligne Anni &#039;50s, con\u00e7us en\" \/>\n<meta property=\"og:url\" content=\"https:\/\/www.erresse-shop.it\/fr\/shop\/petits-electromenagers\/moulins-a-cafe\/smeg-dolce-gabbana-moulin-a-cafe-bleu\/\" \/>\n<meta property=\"og:site_name\" content=\"Erresse Shop\" \/>\n<meta property=\"article:modified_time\" content=\"2024-10-28T14:11:17+00:00\" \/>\n<meta property=\"og:image\" content=\"https:\/\/www.erresse-shop.it\/wp-content\/uploads\/2024\/05\/SMEG-Dolce-Gabbana-Macinacaffe-Azzurro.png\" \/>\n\t<meta property=\"og:image:width\" content=\"1300\" \/>\n\t<meta property=\"og:image:height\" content=\"1300\" \/>\n\t<meta property=\"og:image:type\" content=\"image\/png\" \/>\n<meta name=\"twitter:card\" content=\"summary_large_image\" \/>\n<script type=\"application\/ld+json\" class=\"yoast-schema-graph\">{\"@context\":\"https:\/\/schema.org\",\"@graph\":[{\"@type\":\"WebPage\",\"@id\":\"https:\/\/www.erresse-shop.it\/fr\/shop\/petits-electromenagers\/moulins-a-cafe\/smeg-dolce-gabbana-moulin-a-cafe-bleu\/\",\"url\":\"https:\/\/www.erresse-shop.it\/fr\/shop\/petits-electromenagers\/moulins-a-cafe\/smeg-dolce-gabbana-moulin-a-cafe-bleu\/\",\"name\":\"SMEG Dolce & Gabbana Moulin \u00e0 caf\u00e9 bleu - Erresse Shop\",\"isPartOf\":{\"@id\":\"https:\/\/www.erresse-shop.it\/fr\/#website\"},\"datePublished\":\"2024-05-27T12:58:14+00:00\",\"dateModified\":\"2024-10-28T14:11:17+00:00\",\"description\":\"S\u00e9rie SMEG 50s Objets de rencontre symboliques, ic\u00f4nes qui transforment l'espace qu'ils occupent, les nouveaux petits de la ligne Anni '50s, con\u00e7us en\",\"breadcrumb\":{\"@id\":\"https:\/\/www.erresse-shop.it\/fr\/shop\/petits-electromenagers\/moulins-a-cafe\/smeg-dolce-gabbana-moulin-a-cafe-bleu\/#breadcrumb\"},\"inLanguage\":\"fr-FR\",\"potentialAction\":[{\"@type\":\"ReadAction\",\"target\":[\"https:\/\/www.erresse-shop.it\/fr\/shop\/petits-electromenagers\/moulins-a-cafe\/smeg-dolce-gabbana-moulin-a-cafe-bleu\/\"]}]},{\"@type\":\"BreadcrumbList\",\"@id\":\"https:\/\/www.erresse-shop.it\/fr\/shop\/petits-electromenagers\/moulins-a-cafe\/smeg-dolce-gabbana-moulin-a-cafe-bleu\/#breadcrumb\",\"itemListElement\":[{\"@type\":\"ListItem\",\"position\":1,\"name\":\"Home\",\"item\":\"https:\/\/www.erresse-shop.it\/fr\/\"},{\"@type\":\"ListItem\",\"position\":2,\"name\":\"Shop\",\"item\":\"https:\/\/www.erresse-shop.it\/fr\/shop\/\"},{\"@type\":\"ListItem\",\"position\":3,\"name\":\"SMEG Dolce &#038; Gabbana Moulin \u00e0 caf\u00e9 bleu\"}]},{\"@type\":\"WebSite\",\"@id\":\"https:\/\/www.erresse-shop.it\/fr\/#website\",\"url\":\"https:\/\/www.erresse-shop.it\/fr\/\",\"name\":\"Erresse Shop\",\"description\":\"Articoli di qualit\u00e0 per la casa\",\"potentialAction\":[{\"@type\":\"SearchAction\",\"target\":{\"@type\":\"EntryPoint\",\"urlTemplate\":\"https:\/\/www.erresse-shop.it\/fr\/?s={search_term_string}\"},\"query-input\":\"required name=search_term_string\"}],\"inLanguage\":\"fr-FR\"}]}<\/script>\n<!-- \/ Yoast SEO Premium plugin. -->","yoast_head_json":{"title":"SMEG Dolce & Gabbana Moulin \u00e0 caf\u00e9 bleu - Erresse Shop","description":"S\u00e9rie SMEG 50s Objets de rencontre symboliques, ic\u00f4nes qui transforment l'espace qu'ils occupent, les nouveaux petits de la ligne Anni '50s, con\u00e7us en","robots":{"index":"index","follow":"follow","max-snippet":"max-snippet:-1","max-image-preview":"max-image-preview:large","max-video-preview":"max-video-preview:-1"},"canonical":"https:\/\/www.erresse-shop.it\/fr\/shop\/petits-electromenagers\/moulins-a-cafe\/smeg-dolce-gabbana-moulin-a-cafe-bleu\/","og_locale":"fr_FR","og_type":"article","og_title":"SMEG Dolce & Gabbana Moulin \u00e0 caf\u00e9 bleu","og_description":"S\u00e9rie SMEG 50s Objets de rencontre symboliques, ic\u00f4nes qui transforment l'espace qu'ils occupent, les nouveaux petits de la ligne Anni '50s, con\u00e7us en","og_url":"https:\/\/www.erresse-shop.it\/fr\/shop\/petits-electromenagers\/moulins-a-cafe\/smeg-dolce-gabbana-moulin-a-cafe-bleu\/","og_site_name":"Erresse Shop","article_modified_time":"2024-10-28T14:11:17+00:00","og_image":[{"width":1300,"height":1300,"url":"https:\/\/www.erresse-shop.it\/wp-content\/uploads\/2024\/05\/SMEG-Dolce-Gabbana-Macinacaffe-Azzurro.png","type":"image\/png"}],"twitter_card":"summary_large_image","schema":{"@context":"https:\/\/schema.org","@graph":[{"@type":"WebPage","@id":"https:\/\/www.erresse-shop.it\/fr\/shop\/petits-electromenagers\/moulins-a-cafe\/smeg-dolce-gabbana-moulin-a-cafe-bleu\/","url":"https:\/\/www.erresse-shop.it\/fr\/shop\/petits-electromenagers\/moulins-a-cafe\/smeg-dolce-gabbana-moulin-a-cafe-bleu\/","name":"SMEG Dolce & Gabbana Moulin \u00e0 caf\u00e9 bleu - Erresse Shop","isPartOf":{"@id":"https:\/\/www.erresse-shop.it\/fr\/#website"},"datePublished":"2024-05-27T12:58:14+00:00","dateModified":"2024-10-28T14:11:17+00:00","description":"S\u00e9rie SMEG 50s Objets de rencontre symboliques, ic\u00f4nes qui transforment l'espace qu'ils occupent, les nouveaux petits de la ligne Anni '50s, con\u00e7us en","breadcrumb":{"@id":"https:\/\/www.erresse-shop.it\/fr\/shop\/petits-electromenagers\/moulins-a-cafe\/smeg-dolce-gabbana-moulin-a-cafe-bleu\/#breadcrumb"},"inLanguage":"fr-FR","potentialAction":[{"@type":"ReadAction","target":["https:\/\/www.erresse-shop.it\/fr\/shop\/petits-electromenagers\/moulins-a-cafe\/smeg-dolce-gabbana-moulin-a-cafe-bleu\/"]}]},{"@type":"BreadcrumbList","@id":"https:\/\/www.erresse-shop.it\/fr\/shop\/petits-electromenagers\/moulins-a-cafe\/smeg-dolce-gabbana-moulin-a-cafe-bleu\/#breadcrumb","itemListElement":[{"@type":"ListItem","position":1,"name":"Home","item":"https:\/\/www.erresse-shop.it\/fr\/"},{"@type":"ListItem","position":2,"name":"Shop","item":"https:\/\/www.erresse-shop.it\/fr\/shop\/"},{"@type":"ListItem","position":3,"name":"SMEG Dolce &#038; Gabbana Moulin \u00e0 caf\u00e9 bleu"}]},{"@type":"WebSite","@id":"https:\/\/www.erresse-shop.it\/fr\/#website","url":"https:\/\/www.erresse-shop.it\/fr\/","name":"Erresse Shop","description":"Articoli di qualit\u00e0 per la casa","potentialAction":[{"@type":"SearchAction","target":{"@type":"EntryPoint","urlTemplate":"https:\/\/www.erresse-shop.it\/fr\/?s={search_term_string}"},"query-input":"required name=search_term_string"}],"inLanguage":"fr-FR"}]}},"df_price":409,"df_sale_price":409,"df_regular_price":799,"df_image_link":"https:\/\/www.erresse-shop.it\/wp-content\/uploads\/2024\/05\/SMEG-Dolce-Gabbana-Macinacaffe-Blu-300x300.jpg","_links":{"self":[{"href":"https:\/\/www.erresse-shop.it\/fr\/wp-json\/wp\/v2\/product\/408880"}],"collection":[{"href":"https:\/\/www.erresse-shop.it\/fr\/wp-json\/wp\/v2\/product"}],"about":[{"href":"https:\/\/www.erresse-shop.it\/fr\/wp-json\/wp\/v2\/types\/product"}],"wp:featuredmedia":[{"embeddable":true,"href":"https:\/\/www.erresse-shop.it\/fr\/wp-json\/wp\/v2\/media\/451116"}],"wp:attachment":[{"href":"https:\/\/www.erresse-shop.it\/fr\/wp-json\/wp\/v2\/media?parent=408880"}],"wp:term":[{"taxonomy":"product_cat","embeddable":true,"href":"https:\/\/www.erresse-shop.it\/fr\/wp-json\/wp\/v2\/product_cat?post=408880"},{"taxonomy":"product_tag","embeddable":true,"href":"https:\/\/www.erresse-shop.it\/fr\/wp-json\/wp\/v2\/product_tag?post=408880"}],"curies":[{"name":"wp","href":"https:\/\/api.w.org\/{rel}","templated":true}]}}