{"id":408722,"date":"2024-05-27T08:21:16","date_gmt":"2024-05-27T08:21:20","guid":{"rendered":"https:\/\/www.erresse-shop.it\/?post_type=product&#038;p=408722"},"modified":"2024-10-28T14:27:44","modified_gmt":"2024-10-28T14:27:44","slug":"smeg-balance-de-cuisine-noire","status":"publish","type":"product","link":"https:\/\/www.erresse-shop.it\/fr\/shop\/petits-electromenagers\/balances\/smeg-balance-de-cuisine-noire\/","title":{"rendered":"SMEG Balance de cuisine noire"},"content":{"rendered":"<p>Il y a de la place pour tout ce dont vous avez besoin et la balance de cuisine Smeg est l&#8217;objet compact et polyvalent qui allie le plaisir du design \u00e0 la passion de la cuisine.<\/p>\n<p><strong>Concevoir une balance num\u00e9rique<\/strong><\/p>\n<p>La balance de cuisine num\u00e9rique Smeg est l&#8217;accessoire id\u00e9al pour ceux qui recherchent pr\u00e9cision, style et praticit\u00e9 en cuisine. Sa structure l\u00e9g\u00e8re et son design raffin\u00e9, caract\u00e9ris\u00e9 par un panneau en aluminium bross\u00e9 et une surface color\u00e9e mate, en font un authentique objet de design.<\/p>\n<p>Le bol amovible en acier inoxydable de 1,8 litre donne non seulement de l&#8217;\u00e9l\u00e9gance \u00e0 la balance, mais offre \u00e9galement une facilit\u00e9 de nettoyage et d&#8217;entretien, \u00e9tant lavable au lave-vaisselle, hygi\u00e9nique et r\u00e9sistant aux odeurs. L&#8217;\u00e9cran LED et les boutons en aluminium compl\u00e8tent son look moderne et sophistiqu\u00e9, rendant la cuisine encore plus accueillante et tendance.<\/p>\n<p><strong>Pr\u00e9cis et polyvalent<\/strong><\/p>\n<p>Avec une capacit\u00e9 maximale de 5 kg et une pr\u00e9cision de mesure de 1 gramme, la balance Smeg vous permet de peser tout type d&#8217;ingr\u00e9dient avec une pr\u00e9cision absolue.<\/p>\n<p>La fonction tare permet de r\u00e9initialiser le poids du bol, vous permettant ainsi de peser les ingr\u00e9dients les uns apr\u00e8s les autres sans avoir \u00e0 repartir de z\u00e9ro. De plus, il est possible de s\u00e9lectionner jusqu&#8217;\u00e0 4 unit\u00e9s de mesure et d&#8217;effectuer des conversions, garantissant la flexibilit\u00e9 n\u00e9cessaire pour les recettes de tous types.<\/p>\n<p><strong>Batterie rechargeable<\/strong><\/p>\n<p>Gr\u00e2ce \u00e0 la batterie lithium-ion rechargeable, la balance num\u00e9rique Smeg est une excellente solution pour ceux qui recherchent praticit\u00e9 et fiabilit\u00e9. Le chargement par c\u00e2ble USB \u00e9limine le besoin de remplacer fr\u00e9quemment les piles, tandis que le mode veille automatique r\u00e9duit la consommation d&#8217;\u00e9nergie en \u00e9teignant la balance lorsqu&#8217;elle n&#8217;est pas utilis\u00e9e.<br \/>\nCette fonctionnalit\u00e9 prolonge non seulement la dur\u00e9e de vie de la batterie, mais contribue \u00e9galement \u00e0 une approche plus \u00e9cologique de la cuisine.<\/p>\n<p><strong>ESTH\u00c9TIQUE<br \/>\n<\/strong><\/p>\n<p class=\"p1\"><strong>Couleur<\/strong>\u00a0: Noir<br \/>\n<strong>Finition<\/strong>\u00a0: Mat<br \/>\n<strong>Esth\u00e9tique<\/strong>\u00a0: Collection<br \/>\n<strong>Finition du panneau sup\u00e9rieur<\/strong>\u00a0: Bross\u00e9 avec bord poli<br \/>\n<strong>Mat\u00e9riau ext\u00e9rieur du bol<\/strong>\u00a0: Plastique<br \/>\n<strong>Finition externe de la cuve<\/strong>\u00a0: Polie<br \/>\n<strong>Mat\u00e9riau<\/strong> <strong>boutons<\/strong>\u00a0: Aluminium<br \/>\n<strong>Mat\u00e9riau<\/strong> <strong>panneau<\/strong> <strong>tige<\/strong>\u00a0: Aluminium<br \/>\n<strong>Finition de base<\/strong>\u00a0: Mat<br \/>\n<strong>Finition interne de la cuve<\/strong>\u00a0: Bross\u00e9<br \/>\n<strong>Couleur de base<\/strong>\u00a0: Blanc<br \/>\n<strong>Mat\u00e9riau interne du bol<\/strong>\u00a0: Acier inoxydable<br \/>\n<strong>Mat\u00e9riau de base<\/strong>\u00a0: Plastique<br \/>\n<strong>Mat\u00e9riau des pieds antid\u00e9rapants<\/strong>\u00a0: Plastique<br \/>\n<strong>Couleur du c\u00e2ble USB<\/strong>\u00a0: Gris fonc\u00e9<\/p>\n<p><strong>PROGRAMMES \/ FONCTIONS<\/strong><\/p>\n<p class=\"p1\"><strong>Mode veille<\/strong>\u00a0: Oui<br \/>\n<strong>Fonction d&#8217;unit\u00e9 de mesure<\/strong>\u00a0: Oui<br \/>\n<strong>Fonction Tare<\/strong>\u00a0: Oui<\/p>\n<p><strong>COMMANDES<\/strong><\/p>\n<p><strong>Affichage LED<\/strong>\u00a0: Oui<br \/>\n<strong>Couleur LED allum\u00e9e<\/strong>\u00a0: Blanc<br \/>\n<strong>Type de champs<\/strong>\u00a0: Boutons<br \/>\n<strong>Interrupteur ON\/OFF<\/strong>\u00a0: Oui<br \/>\n<strong>Bouton d&#8217;activation\/UNIT<\/strong>\u00a0: Oui<br \/>\n<strong>Touche TARE<\/strong>\u00a0: Oui<\/p>\n<p><strong>CARACT\u00c9RISTIQUES TECHNIQUES<\/strong><\/p>\n<p class=\"p2\"><strong>Capacit\u00e9 maximale<\/strong>\u00a0: 5 kg \/ 5 000 ml \/ 11 lb \/ 175 fl.oz<br \/>\n<strong>Incr\u00e9ments<\/strong>\u00a0: 1 g \/ 1 ml \/ 0,1 oz \/ 0,1 fl.oz<br \/>\n<strong>Capacit\u00e9<\/strong> <strong>bol<\/strong>\u00a0: 1,8 Lt\/ 60 Oz\/ 7 tasses<br \/>\n<strong>Cuve int\u00e9rieure lavable au lave-vaisselle<\/strong>\u00a0: Oui<br \/>\n<strong>Autonomie de la batterie<\/strong>\u00a0: 36\u00a0heures<br \/>\n<strong>Unit\u00e9s de mesure<\/strong>\u00a0: g, ml, lb.oz, fl.oz<br \/>\n<strong>Base antid\u00e9rapante<\/strong>\u00a0: Oui<\/p>\n<p><strong>SP\u00c9CIFICATIONS \u00c9LECTRIQUES<br \/>\n<\/strong><\/p>\n<p class=\"p1\"><strong>Type de batterie<\/strong>\u00a0: Li-Ion 1\u00a0200 mAh<br \/>\n<strong>Alimentation<\/strong>\u00a0: Batterie rechargeable<br \/>\n<strong>Longueur du c\u00e2ble USB<\/strong>\u00a0: 60 cm<\/p>\n<p>&nbsp;<\/p>\n<p><span style=\"text-decoration: underline;\"><strong>Pas \u00e0 vendre en dehors de l&#8217;Europe<\/strong><\/span><\/p>\n","protected":false},"excerpt":{"rendered":"<p>Il y a de la place pour tout ce dont vous avez besoin et la balance de cuisine Smeg est<\/p>\n","protected":false},"featured_media":461009,"template":"","meta":{"_acf_changed":false,"inline_featured_image":false},"product_cat":[25977,12449],"product_tag":[25181,13726,23910],"acf":[],"yoast_head":"<!-- This site is optimized with the Yoast SEO Premium plugin v18.6 (Yoast SEO v19.13) - https:\/\/yoast.com\/wordpress\/plugins\/seo\/ -->\n<title>SMEG Balance de cuisine noire - Erresse Shop<\/title>\n<meta name=\"description\" content=\"Il y a de la place pour tout ce dont vous avez besoin et la balance de cuisine Smeg est l&#039;objet compact et polyvalent qui allie le plaisir du design \u00e0 la\" \/>\n<meta name=\"robots\" content=\"index, follow, max-snippet:-1, max-image-preview:large, max-video-preview:-1\" \/>\n<link rel=\"canonical\" href=\"https:\/\/www.erresse-shop.it\/fr\/shop\/petits-electromenagers\/balances\/smeg-balance-de-cuisine-noire\/\" \/>\n<meta property=\"og:locale\" content=\"fr_FR\" \/>\n<meta property=\"og:type\" content=\"article\" \/>\n<meta property=\"og:title\" content=\"SMEG Balance de cuisine noire\" \/>\n<meta property=\"og:description\" content=\"Il y a de la place pour tout ce dont vous avez besoin et la balance de cuisine Smeg est l&#039;objet compact et polyvalent qui allie le plaisir du design \u00e0 la\" \/>\n<meta property=\"og:url\" content=\"https:\/\/www.erresse-shop.it\/fr\/shop\/petits-electromenagers\/balances\/smeg-balance-de-cuisine-noire\/\" \/>\n<meta property=\"og:site_name\" content=\"Erresse Shop\" \/>\n<meta property=\"article:modified_time\" content=\"2024-10-28T14:27:44+00:00\" \/>\n<meta property=\"og:image\" content=\"https:\/\/www.erresse-shop.it\/wp-content\/uploads\/2024\/05\/SMEG-Bilancia-da-Cucina-Nero.png\" \/>\n\t<meta property=\"og:image:width\" content=\"800\" \/>\n\t<meta property=\"og:image:height\" content=\"800\" \/>\n\t<meta property=\"og:image:type\" content=\"image\/png\" \/>\n<meta name=\"twitter:card\" content=\"summary_large_image\" \/>\n<script type=\"application\/ld+json\" class=\"yoast-schema-graph\">{\"@context\":\"https:\/\/schema.org\",\"@graph\":[{\"@type\":\"WebPage\",\"@id\":\"https:\/\/www.erresse-shop.it\/fr\/shop\/petits-electromenagers\/balances\/smeg-balance-de-cuisine-noire\/\",\"url\":\"https:\/\/www.erresse-shop.it\/fr\/shop\/petits-electromenagers\/balances\/smeg-balance-de-cuisine-noire\/\",\"name\":\"SMEG Balance de cuisine noire - Erresse Shop\",\"isPartOf\":{\"@id\":\"https:\/\/www.erresse-shop.it\/fr\/#website\"},\"datePublished\":\"2024-05-27T08:21:20+00:00\",\"dateModified\":\"2024-10-28T14:27:44+00:00\",\"description\":\"Il y a de la place pour tout ce dont vous avez besoin et la balance de cuisine Smeg est l'objet compact et polyvalent qui allie le plaisir du design \u00e0 la\",\"breadcrumb\":{\"@id\":\"https:\/\/www.erresse-shop.it\/fr\/shop\/petits-electromenagers\/balances\/smeg-balance-de-cuisine-noire\/#breadcrumb\"},\"inLanguage\":\"fr-FR\",\"potentialAction\":[{\"@type\":\"ReadAction\",\"target\":[\"https:\/\/www.erresse-shop.it\/fr\/shop\/petits-electromenagers\/balances\/smeg-balance-de-cuisine-noire\/\"]}]},{\"@type\":\"BreadcrumbList\",\"@id\":\"https:\/\/www.erresse-shop.it\/fr\/shop\/petits-electromenagers\/balances\/smeg-balance-de-cuisine-noire\/#breadcrumb\",\"itemListElement\":[{\"@type\":\"ListItem\",\"position\":1,\"name\":\"Home\",\"item\":\"https:\/\/www.erresse-shop.it\/fr\/\"},{\"@type\":\"ListItem\",\"position\":2,\"name\":\"Shop\",\"item\":\"https:\/\/www.erresse-shop.it\/fr\/shop\/\"},{\"@type\":\"ListItem\",\"position\":3,\"name\":\"SMEG Balance de cuisine noire\"}]},{\"@type\":\"WebSite\",\"@id\":\"https:\/\/www.erresse-shop.it\/fr\/#website\",\"url\":\"https:\/\/www.erresse-shop.it\/fr\/\",\"name\":\"Erresse Shop\",\"description\":\"Articoli di qualit\u00e0 per la casa\",\"potentialAction\":[{\"@type\":\"SearchAction\",\"target\":{\"@type\":\"EntryPoint\",\"urlTemplate\":\"https:\/\/www.erresse-shop.it\/fr\/?s={search_term_string}\"},\"query-input\":\"required name=search_term_string\"}],\"inLanguage\":\"fr-FR\"}]}<\/script>\n<!-- \/ Yoast SEO Premium plugin. -->","yoast_head_json":{"title":"SMEG Balance de cuisine noire - Erresse Shop","description":"Il y a de la place pour tout ce dont vous avez besoin et la balance de cuisine Smeg est l'objet compact et polyvalent qui allie le plaisir du design \u00e0 la","robots":{"index":"index","follow":"follow","max-snippet":"max-snippet:-1","max-image-preview":"max-image-preview:large","max-video-preview":"max-video-preview:-1"},"canonical":"https:\/\/www.erresse-shop.it\/fr\/shop\/petits-electromenagers\/balances\/smeg-balance-de-cuisine-noire\/","og_locale":"fr_FR","og_type":"article","og_title":"SMEG Balance de cuisine noire","og_description":"Il y a de la place pour tout ce dont vous avez besoin et la balance de cuisine Smeg est l'objet compact et polyvalent qui allie le plaisir du design \u00e0 la","og_url":"https:\/\/www.erresse-shop.it\/fr\/shop\/petits-electromenagers\/balances\/smeg-balance-de-cuisine-noire\/","og_site_name":"Erresse Shop","article_modified_time":"2024-10-28T14:27:44+00:00","og_image":[{"width":800,"height":800,"url":"https:\/\/www.erresse-shop.it\/wp-content\/uploads\/2024\/05\/SMEG-Bilancia-da-Cucina-Nero.png","type":"image\/png"}],"twitter_card":"summary_large_image","schema":{"@context":"https:\/\/schema.org","@graph":[{"@type":"WebPage","@id":"https:\/\/www.erresse-shop.it\/fr\/shop\/petits-electromenagers\/balances\/smeg-balance-de-cuisine-noire\/","url":"https:\/\/www.erresse-shop.it\/fr\/shop\/petits-electromenagers\/balances\/smeg-balance-de-cuisine-noire\/","name":"SMEG Balance de cuisine noire - Erresse Shop","isPartOf":{"@id":"https:\/\/www.erresse-shop.it\/fr\/#website"},"datePublished":"2024-05-27T08:21:20+00:00","dateModified":"2024-10-28T14:27:44+00:00","description":"Il y a de la place pour tout ce dont vous avez besoin et la balance de cuisine Smeg est l'objet compact et polyvalent qui allie le plaisir du design \u00e0 la","breadcrumb":{"@id":"https:\/\/www.erresse-shop.it\/fr\/shop\/petits-electromenagers\/balances\/smeg-balance-de-cuisine-noire\/#breadcrumb"},"inLanguage":"fr-FR","potentialAction":[{"@type":"ReadAction","target":["https:\/\/www.erresse-shop.it\/fr\/shop\/petits-electromenagers\/balances\/smeg-balance-de-cuisine-noire\/"]}]},{"@type":"BreadcrumbList","@id":"https:\/\/www.erresse-shop.it\/fr\/shop\/petits-electromenagers\/balances\/smeg-balance-de-cuisine-noire\/#breadcrumb","itemListElement":[{"@type":"ListItem","position":1,"name":"Home","item":"https:\/\/www.erresse-shop.it\/fr\/"},{"@type":"ListItem","position":2,"name":"Shop","item":"https:\/\/www.erresse-shop.it\/fr\/shop\/"},{"@type":"ListItem","position":3,"name":"SMEG Balance de cuisine noire"}]},{"@type":"WebSite","@id":"https:\/\/www.erresse-shop.it\/fr\/#website","url":"https:\/\/www.erresse-shop.it\/fr\/","name":"Erresse Shop","description":"Articoli di qualit\u00e0 per la casa","potentialAction":[{"@type":"SearchAction","target":{"@type":"EntryPoint","urlTemplate":"https:\/\/www.erresse-shop.it\/fr\/?s={search_term_string}"},"query-input":"required name=search_term_string"}],"inLanguage":"fr-FR"}]}},"df_price":104.3,"df_sale_price":104.3,"df_regular_price":149,"df_image_link":"https:\/\/www.erresse-shop.it\/wp-content\/uploads\/2024\/05\/SMEG-Bilancia-da-Cucina-Nero-300x300.jpg","_links":{"self":[{"href":"https:\/\/www.erresse-shop.it\/fr\/wp-json\/wp\/v2\/product\/408722"}],"collection":[{"href":"https:\/\/www.erresse-shop.it\/fr\/wp-json\/wp\/v2\/product"}],"about":[{"href":"https:\/\/www.erresse-shop.it\/fr\/wp-json\/wp\/v2\/types\/product"}],"wp:featuredmedia":[{"embeddable":true,"href":"https:\/\/www.erresse-shop.it\/fr\/wp-json\/wp\/v2\/media\/461009"}],"wp:attachment":[{"href":"https:\/\/www.erresse-shop.it\/fr\/wp-json\/wp\/v2\/media?parent=408722"}],"wp:term":[{"taxonomy":"product_cat","embeddable":true,"href":"https:\/\/www.erresse-shop.it\/fr\/wp-json\/wp\/v2\/product_cat?post=408722"},{"taxonomy":"product_tag","embeddable":true,"href":"https:\/\/www.erresse-shop.it\/fr\/wp-json\/wp\/v2\/product_tag?post=408722"}],"curies":[{"name":"wp","href":"https:\/\/api.w.org\/{rel}","templated":true}]}}