{"id":408686,"date":"2024-05-27T07:47:01","date_gmt":"2024-05-27T07:47:07","guid":{"rendered":"https:\/\/www.erresse-shop.it\/?post_type=product&#038;p=408686"},"modified":"2024-11-11T13:30:32","modified_gmt":"2024-11-11T13:30:32","slug":"smeg-machine-a-cafe-automatique-avec-buse-vapeur-blanc-copia","status":"publish","type":"product","link":"https:\/\/www.erresse-shop.it\/fr\/shop\/petits-electromenagers\/grilles-et-barbecues\/smeg-machine-a-cafe-automatique-avec-buse-vapeur-blanc-copia\/","title":{"rendered":"SMEG Table de cuisson \u00e0 induction portable Blanc"},"content":{"rendered":"<div class=\"main__description\">Plaque \u00e0 induction portable avec sonde de temp\u00e9rature externe, pour contr\u00f4ler pr\u00e9cis\u00e9ment les r\u00e9sultats de cuisson et exp\u00e9rimenter des pr\u00e9parations de niveau professionnel. Cr\u00e9ez toujours de nouveaux plats gr\u00e2ce aux programmes pr\u00e9d\u00e9finis Barbecue et Frire.<\/div>\n<p><strong>ESTH\u00c9TIQUE<\/strong><br \/>\n<strong>Couleur<\/strong>\u00a0: Blanc<br \/>\n<strong>Finition<\/strong>\u00a0: Mat<br \/>\n<strong>Esth\u00e9tique<\/strong>\u00a0: Collection<br \/>\n<strong>Mat\u00e9riau du corps<\/strong>\u00a0: Plastique<br \/>\n<strong>Mat\u00e9riau du panneau avant<\/strong>\u00a0: Aluminium<br \/>\n<strong>Couleur du panneau avant<\/strong>\u00a0: Aluminium<br \/>\n<strong>Finition du panneau avant<\/strong>\u00a0: Bross\u00e9 avec bord poli<br \/>\n<strong>Finition du corps<\/strong>\u00a0: Mat<br \/>\n<strong>Mat\u00e9riau des pieds antid\u00e9rapants<\/strong>\u00a0: Caoutchouc<br \/>\n<strong>Type de verre<\/strong>\u00a0: C\u00e9ramique<br \/>\n<strong>Position de contr\u00f4le<\/strong>\u00a0: Avant<br \/>\n<strong>Curseur<\/strong>\u00a0: Oui<br \/>\n<strong>Couleur LED de contr\u00f4le<\/strong>\u00a0: Rouge<br \/>\n<strong>Bord du verre<\/strong>\u00a0: biseaut\u00e9<br \/>\n<strong>Couleur de s\u00e9rigraphie<\/strong>\u00a0: Gris<\/p>\n<p><strong>PROGRAMMES \/ FONCTIONS<\/strong><br \/>\n<strong>Fonction pause<\/strong>\u00a0: Oui<br \/>\n<strong>Signaux sonores<\/strong>\u00a0:\u00a0facultatif<br \/>\n<strong>Arr\u00eat automatique<\/strong>\u00a0: Oui<br \/>\n<strong>Nombre de zones de cuisson \u00e0 induction<\/strong>\u00a0: 1<br \/>\n<strong>Niveaux de puissance<\/strong>\u00a0: 9<\/p>\n<p><strong>COMMANDES<\/strong><br \/>\n<strong>Affichage<\/strong>\u00a0: Oui<br \/>\n<strong>Type de commandes<\/strong>\u00a0: Toucher<br \/>\n<strong>Bouton ON\/OFF<\/strong>\u00a0: Oui<\/p>\n<p><strong>CARACT\u00c9RISTIQUES TECHNIQUES<\/strong><br \/>\n<strong>Technologie d&#8217;affichage<\/strong>\u00a0: LED<br \/>\n<strong>D\u00e9tection de pr\u00e9sence de pot<\/strong>\u00a0: Oui<br \/>\n<strong>Arr\u00eat automatique en cas de surchauffe<\/strong>\u00a0: Oui<br \/>\n<strong>Auto-arr\u00eat en cas de d\u00e9bordement<\/strong>\u00a0: Oui<br \/>\n<strong>Indicateur de chaleur r\u00e9siduelle<\/strong>\u00a0: Oui<\/p>\n<p><strong>RACCORDEMENT \u00c9LECTRIQUE<\/strong><br \/>\n<strong>Tension (V)\u00a0:<\/strong> 220-240\u00a0V<br \/>\n<strong>Fr\u00e9quence Hz\u00a0:<\/strong> 50\/60 Hz<br \/>\n<strong>Longueur du c\u00e2ble d&#8217;alimentation\u00a0:<\/strong> 1 m<\/p>\n<p><u><strong>Pas \u00e0 vendre en dehors de l&#8217;Europe<\/strong><\/u><\/p>\n","protected":false},"excerpt":{"rendered":"<p>Plaque \u00e0 induction portable avec sonde de temp\u00e9rature externe, pour contr\u00f4ler pr\u00e9cis\u00e9ment les r\u00e9sultats de cuisson et exp\u00e9rimenter des pr\u00e9parations<\/p>\n","protected":false},"featured_media":489013,"template":"","meta":{"_acf_changed":false,"inline_featured_image":false},"product_cat":[13383,12449],"product_tag":[25181,23910,23563,25021],"acf":[],"yoast_head":"<!-- This site is optimized with the Yoast SEO Premium plugin v18.6 (Yoast SEO v19.13) - https:\/\/yoast.com\/wordpress\/plugins\/seo\/ -->\n<title>SMEG Table de cuisson \u00e0 induction portable Blanc - Erresse Shop<\/title>\n<meta name=\"description\" content=\"Plaque \u00e0 induction portable avec sonde de temp\u00e9rature externe, pour contr\u00f4ler pr\u00e9cis\u00e9ment les r\u00e9sultats de cuisson et exp\u00e9rimenter des pr\u00e9parations de\" \/>\n<meta name=\"robots\" content=\"index, follow, max-snippet:-1, max-image-preview:large, max-video-preview:-1\" \/>\n<link rel=\"canonical\" href=\"https:\/\/www.erresse-shop.it\/fr\/shop\/petits-electromenagers\/grilles-et-barbecues\/smeg-machine-a-cafe-automatique-avec-buse-vapeur-blanc-copia\/\" \/>\n<meta property=\"og:locale\" content=\"fr_FR\" \/>\n<meta property=\"og:type\" content=\"article\" \/>\n<meta property=\"og:title\" content=\"SMEG Table de cuisson \u00e0 induction portable Blanc\" \/>\n<meta property=\"og:description\" content=\"Plaque \u00e0 induction portable avec sonde de temp\u00e9rature externe, pour contr\u00f4ler pr\u00e9cis\u00e9ment les r\u00e9sultats de cuisson et exp\u00e9rimenter des pr\u00e9parations de\" \/>\n<meta property=\"og:url\" content=\"https:\/\/www.erresse-shop.it\/fr\/shop\/petits-electromenagers\/grilles-et-barbecues\/smeg-machine-a-cafe-automatique-avec-buse-vapeur-blanc-copia\/\" \/>\n<meta property=\"og:site_name\" content=\"Erresse Shop\" \/>\n<meta property=\"article:modified_time\" content=\"2024-11-11T13:30:32+00:00\" \/>\n<meta property=\"og:image\" content=\"https:\/\/www.erresse-shop.it\/wp-content\/uploads\/2024\/05\/SMEG-Piastra-a-Induzione-Portatile.png\" \/>\n\t<meta property=\"og:image:width\" content=\"800\" \/>\n\t<meta property=\"og:image:height\" content=\"800\" \/>\n\t<meta property=\"og:image:type\" content=\"image\/png\" \/>\n<meta name=\"twitter:card\" content=\"summary_large_image\" \/>\n<script type=\"application\/ld+json\" class=\"yoast-schema-graph\">{\"@context\":\"https:\/\/schema.org\",\"@graph\":[{\"@type\":\"WebPage\",\"@id\":\"https:\/\/www.erresse-shop.it\/fr\/shop\/petits-electromenagers\/grilles-et-barbecues\/smeg-machine-a-cafe-automatique-avec-buse-vapeur-blanc-copia\/\",\"url\":\"https:\/\/www.erresse-shop.it\/fr\/shop\/petits-electromenagers\/grilles-et-barbecues\/smeg-machine-a-cafe-automatique-avec-buse-vapeur-blanc-copia\/\",\"name\":\"SMEG Table de cuisson \u00e0 induction portable Blanc - Erresse Shop\",\"isPartOf\":{\"@id\":\"https:\/\/www.erresse-shop.it\/fr\/#website\"},\"datePublished\":\"2024-05-27T07:47:07+00:00\",\"dateModified\":\"2024-11-11T13:30:32+00:00\",\"description\":\"Plaque \u00e0 induction portable avec sonde de temp\u00e9rature externe, pour contr\u00f4ler pr\u00e9cis\u00e9ment les r\u00e9sultats de cuisson et exp\u00e9rimenter des pr\u00e9parations de\",\"breadcrumb\":{\"@id\":\"https:\/\/www.erresse-shop.it\/fr\/shop\/petits-electromenagers\/grilles-et-barbecues\/smeg-machine-a-cafe-automatique-avec-buse-vapeur-blanc-copia\/#breadcrumb\"},\"inLanguage\":\"fr-FR\",\"potentialAction\":[{\"@type\":\"ReadAction\",\"target\":[\"https:\/\/www.erresse-shop.it\/fr\/shop\/petits-electromenagers\/grilles-et-barbecues\/smeg-machine-a-cafe-automatique-avec-buse-vapeur-blanc-copia\/\"]}]},{\"@type\":\"BreadcrumbList\",\"@id\":\"https:\/\/www.erresse-shop.it\/fr\/shop\/petits-electromenagers\/grilles-et-barbecues\/smeg-machine-a-cafe-automatique-avec-buse-vapeur-blanc-copia\/#breadcrumb\",\"itemListElement\":[{\"@type\":\"ListItem\",\"position\":1,\"name\":\"Home\",\"item\":\"https:\/\/www.erresse-shop.it\/fr\/\"},{\"@type\":\"ListItem\",\"position\":2,\"name\":\"Shop\",\"item\":\"https:\/\/www.erresse-shop.it\/fr\/shop\/\"},{\"@type\":\"ListItem\",\"position\":3,\"name\":\"SMEG Table de cuisson \u00e0 induction portable Blanc\"}]},{\"@type\":\"WebSite\",\"@id\":\"https:\/\/www.erresse-shop.it\/fr\/#website\",\"url\":\"https:\/\/www.erresse-shop.it\/fr\/\",\"name\":\"Erresse Shop\",\"description\":\"Articoli di qualit\u00e0 per la casa\",\"potentialAction\":[{\"@type\":\"SearchAction\",\"target\":{\"@type\":\"EntryPoint\",\"urlTemplate\":\"https:\/\/www.erresse-shop.it\/fr\/?s={search_term_string}\"},\"query-input\":\"required name=search_term_string\"}],\"inLanguage\":\"fr-FR\"}]}<\/script>\n<!-- \/ Yoast SEO Premium plugin. -->","yoast_head_json":{"title":"SMEG Table de cuisson \u00e0 induction portable Blanc - Erresse Shop","description":"Plaque \u00e0 induction portable avec sonde de temp\u00e9rature externe, pour contr\u00f4ler pr\u00e9cis\u00e9ment les r\u00e9sultats de cuisson et exp\u00e9rimenter des pr\u00e9parations de","robots":{"index":"index","follow":"follow","max-snippet":"max-snippet:-1","max-image-preview":"max-image-preview:large","max-video-preview":"max-video-preview:-1"},"canonical":"https:\/\/www.erresse-shop.it\/fr\/shop\/petits-electromenagers\/grilles-et-barbecues\/smeg-machine-a-cafe-automatique-avec-buse-vapeur-blanc-copia\/","og_locale":"fr_FR","og_type":"article","og_title":"SMEG Table de cuisson \u00e0 induction portable Blanc","og_description":"Plaque \u00e0 induction portable avec sonde de temp\u00e9rature externe, pour contr\u00f4ler pr\u00e9cis\u00e9ment les r\u00e9sultats de cuisson et exp\u00e9rimenter des pr\u00e9parations de","og_url":"https:\/\/www.erresse-shop.it\/fr\/shop\/petits-electromenagers\/grilles-et-barbecues\/smeg-machine-a-cafe-automatique-avec-buse-vapeur-blanc-copia\/","og_site_name":"Erresse Shop","article_modified_time":"2024-11-11T13:30:32+00:00","og_image":[{"width":800,"height":800,"url":"https:\/\/www.erresse-shop.it\/wp-content\/uploads\/2024\/05\/SMEG-Piastra-a-Induzione-Portatile.png","type":"image\/png"}],"twitter_card":"summary_large_image","schema":{"@context":"https:\/\/schema.org","@graph":[{"@type":"WebPage","@id":"https:\/\/www.erresse-shop.it\/fr\/shop\/petits-electromenagers\/grilles-et-barbecues\/smeg-machine-a-cafe-automatique-avec-buse-vapeur-blanc-copia\/","url":"https:\/\/www.erresse-shop.it\/fr\/shop\/petits-electromenagers\/grilles-et-barbecues\/smeg-machine-a-cafe-automatique-avec-buse-vapeur-blanc-copia\/","name":"SMEG Table de cuisson \u00e0 induction portable Blanc - Erresse Shop","isPartOf":{"@id":"https:\/\/www.erresse-shop.it\/fr\/#website"},"datePublished":"2024-05-27T07:47:07+00:00","dateModified":"2024-11-11T13:30:32+00:00","description":"Plaque \u00e0 induction portable avec sonde de temp\u00e9rature externe, pour contr\u00f4ler pr\u00e9cis\u00e9ment les r\u00e9sultats de cuisson et exp\u00e9rimenter des pr\u00e9parations de","breadcrumb":{"@id":"https:\/\/www.erresse-shop.it\/fr\/shop\/petits-electromenagers\/grilles-et-barbecues\/smeg-machine-a-cafe-automatique-avec-buse-vapeur-blanc-copia\/#breadcrumb"},"inLanguage":"fr-FR","potentialAction":[{"@type":"ReadAction","target":["https:\/\/www.erresse-shop.it\/fr\/shop\/petits-electromenagers\/grilles-et-barbecues\/smeg-machine-a-cafe-automatique-avec-buse-vapeur-blanc-copia\/"]}]},{"@type":"BreadcrumbList","@id":"https:\/\/www.erresse-shop.it\/fr\/shop\/petits-electromenagers\/grilles-et-barbecues\/smeg-machine-a-cafe-automatique-avec-buse-vapeur-blanc-copia\/#breadcrumb","itemListElement":[{"@type":"ListItem","position":1,"name":"Home","item":"https:\/\/www.erresse-shop.it\/fr\/"},{"@type":"ListItem","position":2,"name":"Shop","item":"https:\/\/www.erresse-shop.it\/fr\/shop\/"},{"@type":"ListItem","position":3,"name":"SMEG Table de cuisson \u00e0 induction portable Blanc"}]},{"@type":"WebSite","@id":"https:\/\/www.erresse-shop.it\/fr\/#website","url":"https:\/\/www.erresse-shop.it\/fr\/","name":"Erresse Shop","description":"Articoli di qualit\u00e0 per la casa","potentialAction":[{"@type":"SearchAction","target":{"@type":"EntryPoint","urlTemplate":"https:\/\/www.erresse-shop.it\/fr\/?s={search_term_string}"},"query-input":"required name=search_term_string"}],"inLanguage":"fr-FR"}]}},"df_price":244.29999999999998,"df_sale_price":244.29999999999998,"df_regular_price":349,"df_image_link":"https:\/\/www.erresse-shop.it\/wp-content\/uploads\/2024\/05\/SMEG-Piastra-a-Induzione-Portatile-300x300.jpg","_links":{"self":[{"href":"https:\/\/www.erresse-shop.it\/fr\/wp-json\/wp\/v2\/product\/408686"}],"collection":[{"href":"https:\/\/www.erresse-shop.it\/fr\/wp-json\/wp\/v2\/product"}],"about":[{"href":"https:\/\/www.erresse-shop.it\/fr\/wp-json\/wp\/v2\/types\/product"}],"wp:featuredmedia":[{"embeddable":true,"href":"https:\/\/www.erresse-shop.it\/fr\/wp-json\/wp\/v2\/media\/489013"}],"wp:attachment":[{"href":"https:\/\/www.erresse-shop.it\/fr\/wp-json\/wp\/v2\/media?parent=408686"}],"wp:term":[{"taxonomy":"product_cat","embeddable":true,"href":"https:\/\/www.erresse-shop.it\/fr\/wp-json\/wp\/v2\/product_cat?post=408686"},{"taxonomy":"product_tag","embeddable":true,"href":"https:\/\/www.erresse-shop.it\/fr\/wp-json\/wp\/v2\/product_tag?post=408686"}],"curies":[{"name":"wp","href":"https:\/\/api.w.org\/{rel}","templated":true}]}}