{"id":408612,"date":"2024-05-27T06:29:54","date_gmt":"2024-05-27T06:30:00","guid":{"rendered":"https:\/\/www.erresse-shop.it\/?post_type=product&#038;p=408612"},"modified":"2024-10-28T14:36:29","modified_gmt":"2024-10-28T14:36:29","slug":"smeg-machine-a-cafe-automatique-avec-buse-vapeur-blanc","status":"publish","type":"product","link":"https:\/\/www.erresse-shop.it\/fr\/shop\/petits-electromenagers\/machines-cafe\/automatique\/smeg-machine-a-cafe-automatique-avec-buse-vapeur-blanc\/","title":{"rendered":"SMEG Machine \u00e0 caf\u00e9 automatique avec buse vapeur Blanc"},"content":{"rendered":"<p><strong>LE VRAI GO\u00dbT DU CAF\u00c9 DANS UN FORMAT COMPACT<\/strong><br \/>\nL&#8217;ar\u00f4me du caf\u00e9 expresso fra\u00eechement moulu ne sera plus seulement appr\u00e9ci\u00e9 au bar.<br \/>\nLes machines \u00e0 caf\u00e9 avec broyeur int\u00e9gr\u00e9 offrent toute la fra\u00eecheur du caf\u00e9 fra\u00eechement moulu dans un format incroyablement compact.<\/p>\n<p><strong>FACILIT\u00c9 D&#8217;ENTRETIEN<\/strong><br \/>\nLa machine \u00e0 caf\u00e9 avec broyeur int\u00e9gr\u00e9 est facile \u00e0 entretenir avec une unit\u00e9 de broyage et un r\u00e9servoir amovibles permettant de nettoyer la machine en toute simplicit\u00e9. Enfin, la mouture directe du caf\u00e9 vous permet d&#8217;\u00e9viter l&#8217;utilisation de capsules, minimisant ainsi les d\u00e9chets.<\/p>\n<p><strong>ESTH\u00c9TIQUE<\/strong><br \/>\n<strong>Couleur:<\/strong> Blanc<br \/>\n<strong>Finition:<\/strong> Mat<br \/>\n<strong>Esth\u00e9tique:<\/strong> Ann\u00e9es 50<br \/>\n<strong>Mat\u00e9riau du corps:<\/strong> Plastique<br \/>\n<strong>Mat\u00e9riau du panneau frontal:<\/strong> Aluminium<br \/>\n<strong>Finition du panneau frontal:<\/strong> Bross\u00e9e avec bord poli<br \/>\n<strong>Mat\u00e9riau du support \u00e0 tasses:<\/strong> Aluminium<br \/>\n<strong>Finition du support \u00e0 tasses:<\/strong> Bross\u00e9e avec bord poli<br \/>\n<strong>Mat\u00e9riau du r\u00e9servoir:<\/strong> SAN<br \/>\n<strong>Couleur du r\u00e9servoir:<\/strong> Gris fum\u00e9<br \/>\n<strong>Mat\u00e9riau de la poign\u00e9e du r\u00e9servoir:<\/strong> Plastique<br \/>\n<strong>Couleur de la poign\u00e9e du r\u00e9servoir:<\/strong> Gris<br \/>\n<strong>Mat\u00e9riau du distributeur de caf\u00e9:<\/strong> Plastique<br \/>\n<strong>Mat\u00e9riau de la buse vapeur:<\/strong> Acier<\/p>\n<p><strong>PROGRAMMES \/ FONCTIONS<\/strong><br \/>\n<strong>Fonctions menu standard:<\/strong> Oui<br \/>\n<strong>Fonctions menu secondaire:<\/strong> Oui<br \/>\n<strong>Fonction caf\u00e9 Ristretto:<\/strong> Oui<br \/>\n<strong>Fonction caf\u00e9 Expresso:<\/strong> Oui<br \/>\n<strong>Fonction caf\u00e9:<\/strong> Oui<br \/>\n<strong>Fonction eau chaude pour th\u00e9 ou boissons chaudes:<\/strong> Oui<br \/>\n<strong>Fonction caf\u00e9 Ristretto l\u00e9ger:<\/strong> Oui<br \/>\n<strong>Fonction caf\u00e9 Expresso l\u00e9ger:<\/strong> Oui<br \/>\n<strong>Fonction caf\u00e9 long:<\/strong> Oui<br \/>\n<strong>Fonction vapeur:<\/strong> Oui<br \/>\n<strong>Niveau de broyage r\u00e9glable:<\/strong> Oui<br \/>\n<strong>Longueur de caf\u00e9 r\u00e9glable:<\/strong> Oui<br \/>\n<strong>Distributeur ajustable en hauteur:<\/strong> Oui<br \/>\n<strong>Niveau Min\/Max du distributeur de caf\u00e9:<\/strong> Oui<br \/>\n<strong>Duret\u00e9 de l&#8217;eau r\u00e9glable:<\/strong> l\u00e9g\u00e8re\/moyenne\/dure<br \/>\n<strong>Rin\u00e7age automatique:<\/strong> Oui<br \/>\n<strong>Nettoyage manuel du distributeur de caf\u00e9:<\/strong> Oui<br \/>\n<strong>Nettoyage manuel de la buse vapeur:<\/strong> Oui<br \/>\n<strong>Alarme de d\u00e9tartrage:<\/strong> Oui<br \/>\n<strong>Alarme du r\u00e9servoir plein de marc de caf\u00e9:<\/strong> Oui<br \/>\n<strong>Alarme absence de caf\u00e9:<\/strong> Oui<br \/>\n<strong>Alarme r\u00e9servoir d&#8217;eau vide:<\/strong> Oui<br \/>\n<strong>Alarme unit\u00e9 de broyage manquante ou mal ins\u00e9r\u00e9e:<\/strong> Oui<br \/>\n<strong>Alarme sonore \u00e0 la fin de l&#8217;\u00e9rogation:<\/strong> En option<br \/>\n<strong>Distributeur de caf\u00e9 lumineux:<\/strong> Oui<br \/>\n<strong>Arr\u00eat automatique:<\/strong> Oui<\/p>\n<p><strong>COMMANDES<\/strong><br \/>\n<strong>Type de commandes:<\/strong> Touches<br \/>\n<strong>Mat\u00e9riau des touches:<\/strong> Plastique<br \/>\n<strong>Couleur des touches:<\/strong> Blanc<br \/>\n<strong>Nombre de touches boisson:<\/strong> 4<br \/>\n<strong>Touche Menu:<\/strong> 1<br \/>\n<strong>Touche On-Off:<\/strong> Oui<\/p>\n<p><strong>TECH<\/strong><br \/>\n<strong>Syst\u00e8me de chauffe:<\/strong> Thermoblock<br \/>\n<strong>Pression pompe:<\/strong> 19 bar<br \/>\n<strong>Unit\u00e9 de broyage amovible:<\/strong> Oui<br \/>\n<strong>Capacit\u00e9 du r\u00e9servoir de caf\u00e9 en grain:<\/strong> 150 g<br \/>\n<strong>Capacit\u00e9 du r\u00e9servoir de marc de caf\u00e9:<\/strong> 8<br \/>\n<strong>R\u00e9servoir d&#8217;eau amovible:<\/strong> Oui<br \/>\n<strong>Capacit\u00e9 du r\u00e9servoir d&#8217;eau:<\/strong> 1.4 l<br \/>\n<strong>Tiroir recueille-goutte:<\/strong> Oui<br \/>\n<strong>Buse eau chaude\/ Vapeur:<\/strong> Oui<\/p>\n<p><strong>RACCORDEMENT \u00c9LECTRIQUE<\/strong><br \/>\n<strong>Tension (V):<\/strong> 220-240 V<br \/>\n<strong>Fr\u00e9quence (Hz):<\/strong> 50\/60 Hz<br \/>\n<strong>Longueur du c\u00e2ble:<\/strong> 1 m<\/p>\n<p><span style=\"text-decoration: underline;\"><strong>Non vendable en dehors de l&#8217;Europe<\/strong><\/span><\/p>\n","protected":false},"excerpt":{"rendered":"<p>LE VRAI GO\u00dbT DU CAF\u00c9 DANS UN FORMAT COMPACT L&#8217;ar\u00f4me du caf\u00e9 expresso fra\u00eechement moulu ne sera plus seulement appr\u00e9ci\u00e9<\/p>\n","protected":false},"featured_media":507539,"template":"","meta":{"_acf_changed":false,"inline_featured_image":false},"product_cat":[25360,12764,12449],"product_tag":[25181,23910,23563,25021,13254,23568,12856],"acf":[],"yoast_head":"<!-- This site is optimized with the Yoast SEO Premium plugin v18.6 (Yoast SEO v19.13) - https:\/\/yoast.com\/wordpress\/plugins\/seo\/ -->\n<title>SMEG Machine \u00e0 caf\u00e9 automatique avec buse vapeur Blanc - Erresse Shop<\/title>\n<meta name=\"description\" content=\"LE VRAI GO\u00dbT DU CAF\u00c9 DANS UN FORMAT COMPACT L&#039;ar\u00f4me du caf\u00e9 expresso fra\u00eechement moulu ne sera plus seulement appr\u00e9ci\u00e9 au bar. Les machines \u00e0 caf\u00e9 avec\" \/>\n<meta name=\"robots\" content=\"index, follow, max-snippet:-1, max-image-preview:large, max-video-preview:-1\" \/>\n<link rel=\"canonical\" href=\"https:\/\/www.erresse-shop.it\/fr\/shop\/petits-electromenagers\/machines-cafe\/automatique\/smeg-machine-a-cafe-automatique-avec-buse-vapeur-blanc\/\" \/>\n<meta property=\"og:locale\" content=\"fr_FR\" \/>\n<meta property=\"og:type\" content=\"article\" \/>\n<meta property=\"og:title\" content=\"SMEG Machine \u00e0 caf\u00e9 automatique avec buse vapeur Blanc\" \/>\n<meta property=\"og:description\" content=\"LE VRAI GO\u00dbT DU CAF\u00c9 DANS UN FORMAT COMPACT L&#039;ar\u00f4me du caf\u00e9 expresso fra\u00eechement moulu ne sera plus seulement appr\u00e9ci\u00e9 au bar. Les machines \u00e0 caf\u00e9 avec\" \/>\n<meta property=\"og:url\" content=\"https:\/\/www.erresse-shop.it\/fr\/shop\/petits-electromenagers\/machines-cafe\/automatique\/smeg-machine-a-cafe-automatique-avec-buse-vapeur-blanc\/\" \/>\n<meta property=\"og:site_name\" content=\"Erresse Shop\" \/>\n<meta property=\"article:modified_time\" content=\"2024-10-28T14:36:29+00:00\" \/>\n<meta property=\"og:image\" content=\"https:\/\/www.erresse-shop.it\/wp-content\/uploads\/2024\/05\/SMEG-Macchina-da-Caffe-Automatica-con-Lancia-Vapore-Bianco.png\" \/>\n\t<meta property=\"og:image:width\" content=\"800\" \/>\n\t<meta property=\"og:image:height\" content=\"800\" \/>\n\t<meta property=\"og:image:type\" content=\"image\/png\" \/>\n<meta name=\"twitter:card\" content=\"summary_large_image\" \/>\n<script type=\"application\/ld+json\" class=\"yoast-schema-graph\">{\"@context\":\"https:\/\/schema.org\",\"@graph\":[{\"@type\":\"WebPage\",\"@id\":\"https:\/\/www.erresse-shop.it\/fr\/shop\/petits-electromenagers\/machines-cafe\/automatique\/smeg-machine-a-cafe-automatique-avec-buse-vapeur-blanc\/\",\"url\":\"https:\/\/www.erresse-shop.it\/fr\/shop\/petits-electromenagers\/machines-cafe\/automatique\/smeg-machine-a-cafe-automatique-avec-buse-vapeur-blanc\/\",\"name\":\"SMEG Machine \u00e0 caf\u00e9 automatique avec buse vapeur Blanc - Erresse Shop\",\"isPartOf\":{\"@id\":\"https:\/\/www.erresse-shop.it\/fr\/#website\"},\"datePublished\":\"2024-05-27T06:30:00+00:00\",\"dateModified\":\"2024-10-28T14:36:29+00:00\",\"description\":\"LE VRAI GO\u00dbT DU CAF\u00c9 DANS UN FORMAT COMPACT L'ar\u00f4me du caf\u00e9 expresso fra\u00eechement moulu ne sera plus seulement appr\u00e9ci\u00e9 au bar. Les machines \u00e0 caf\u00e9 avec\",\"breadcrumb\":{\"@id\":\"https:\/\/www.erresse-shop.it\/fr\/shop\/petits-electromenagers\/machines-cafe\/automatique\/smeg-machine-a-cafe-automatique-avec-buse-vapeur-blanc\/#breadcrumb\"},\"inLanguage\":\"fr-FR\",\"potentialAction\":[{\"@type\":\"ReadAction\",\"target\":[\"https:\/\/www.erresse-shop.it\/fr\/shop\/petits-electromenagers\/machines-cafe\/automatique\/smeg-machine-a-cafe-automatique-avec-buse-vapeur-blanc\/\"]}]},{\"@type\":\"BreadcrumbList\",\"@id\":\"https:\/\/www.erresse-shop.it\/fr\/shop\/petits-electromenagers\/machines-cafe\/automatique\/smeg-machine-a-cafe-automatique-avec-buse-vapeur-blanc\/#breadcrumb\",\"itemListElement\":[{\"@type\":\"ListItem\",\"position\":1,\"name\":\"Home\",\"item\":\"https:\/\/www.erresse-shop.it\/fr\/\"},{\"@type\":\"ListItem\",\"position\":2,\"name\":\"Shop\",\"item\":\"https:\/\/www.erresse-shop.it\/fr\/shop\/\"},{\"@type\":\"ListItem\",\"position\":3,\"name\":\"SMEG Machine \u00e0 caf\u00e9 automatique avec buse vapeur Blanc\"}]},{\"@type\":\"WebSite\",\"@id\":\"https:\/\/www.erresse-shop.it\/fr\/#website\",\"url\":\"https:\/\/www.erresse-shop.it\/fr\/\",\"name\":\"Erresse Shop\",\"description\":\"Articoli di qualit\u00e0 per la casa\",\"potentialAction\":[{\"@type\":\"SearchAction\",\"target\":{\"@type\":\"EntryPoint\",\"urlTemplate\":\"https:\/\/www.erresse-shop.it\/fr\/?s={search_term_string}\"},\"query-input\":\"required name=search_term_string\"}],\"inLanguage\":\"fr-FR\"}]}<\/script>\n<!-- \/ Yoast SEO Premium plugin. -->","yoast_head_json":{"title":"SMEG Machine \u00e0 caf\u00e9 automatique avec buse vapeur Blanc - Erresse Shop","description":"LE VRAI GO\u00dbT DU CAF\u00c9 DANS UN FORMAT COMPACT L'ar\u00f4me du caf\u00e9 expresso fra\u00eechement moulu ne sera plus seulement appr\u00e9ci\u00e9 au bar. Les machines \u00e0 caf\u00e9 avec","robots":{"index":"index","follow":"follow","max-snippet":"max-snippet:-1","max-image-preview":"max-image-preview:large","max-video-preview":"max-video-preview:-1"},"canonical":"https:\/\/www.erresse-shop.it\/fr\/shop\/petits-electromenagers\/machines-cafe\/automatique\/smeg-machine-a-cafe-automatique-avec-buse-vapeur-blanc\/","og_locale":"fr_FR","og_type":"article","og_title":"SMEG Machine \u00e0 caf\u00e9 automatique avec buse vapeur Blanc","og_description":"LE VRAI GO\u00dbT DU CAF\u00c9 DANS UN FORMAT COMPACT L'ar\u00f4me du caf\u00e9 expresso fra\u00eechement moulu ne sera plus seulement appr\u00e9ci\u00e9 au bar. Les machines \u00e0 caf\u00e9 avec","og_url":"https:\/\/www.erresse-shop.it\/fr\/shop\/petits-electromenagers\/machines-cafe\/automatique\/smeg-machine-a-cafe-automatique-avec-buse-vapeur-blanc\/","og_site_name":"Erresse Shop","article_modified_time":"2024-10-28T14:36:29+00:00","og_image":[{"width":800,"height":800,"url":"https:\/\/www.erresse-shop.it\/wp-content\/uploads\/2024\/05\/SMEG-Macchina-da-Caffe-Automatica-con-Lancia-Vapore-Bianco.png","type":"image\/png"}],"twitter_card":"summary_large_image","schema":{"@context":"https:\/\/schema.org","@graph":[{"@type":"WebPage","@id":"https:\/\/www.erresse-shop.it\/fr\/shop\/petits-electromenagers\/machines-cafe\/automatique\/smeg-machine-a-cafe-automatique-avec-buse-vapeur-blanc\/","url":"https:\/\/www.erresse-shop.it\/fr\/shop\/petits-electromenagers\/machines-cafe\/automatique\/smeg-machine-a-cafe-automatique-avec-buse-vapeur-blanc\/","name":"SMEG Machine \u00e0 caf\u00e9 automatique avec buse vapeur Blanc - Erresse Shop","isPartOf":{"@id":"https:\/\/www.erresse-shop.it\/fr\/#website"},"datePublished":"2024-05-27T06:30:00+00:00","dateModified":"2024-10-28T14:36:29+00:00","description":"LE VRAI GO\u00dbT DU CAF\u00c9 DANS UN FORMAT COMPACT L'ar\u00f4me du caf\u00e9 expresso fra\u00eechement moulu ne sera plus seulement appr\u00e9ci\u00e9 au bar. Les machines \u00e0 caf\u00e9 avec","breadcrumb":{"@id":"https:\/\/www.erresse-shop.it\/fr\/shop\/petits-electromenagers\/machines-cafe\/automatique\/smeg-machine-a-cafe-automatique-avec-buse-vapeur-blanc\/#breadcrumb"},"inLanguage":"fr-FR","potentialAction":[{"@type":"ReadAction","target":["https:\/\/www.erresse-shop.it\/fr\/shop\/petits-electromenagers\/machines-cafe\/automatique\/smeg-machine-a-cafe-automatique-avec-buse-vapeur-blanc\/"]}]},{"@type":"BreadcrumbList","@id":"https:\/\/www.erresse-shop.it\/fr\/shop\/petits-electromenagers\/machines-cafe\/automatique\/smeg-machine-a-cafe-automatique-avec-buse-vapeur-blanc\/#breadcrumb","itemListElement":[{"@type":"ListItem","position":1,"name":"Home","item":"https:\/\/www.erresse-shop.it\/fr\/"},{"@type":"ListItem","position":2,"name":"Shop","item":"https:\/\/www.erresse-shop.it\/fr\/shop\/"},{"@type":"ListItem","position":3,"name":"SMEG Machine \u00e0 caf\u00e9 automatique avec buse vapeur Blanc"}]},{"@type":"WebSite","@id":"https:\/\/www.erresse-shop.it\/fr\/#website","url":"https:\/\/www.erresse-shop.it\/fr\/","name":"Erresse Shop","description":"Articoli di qualit\u00e0 per la casa","potentialAction":[{"@type":"SearchAction","target":{"@type":"EntryPoint","urlTemplate":"https:\/\/www.erresse-shop.it\/fr\/?s={search_term_string}"},"query-input":"required name=search_term_string"}],"inLanguage":"fr-FR"}]}},"df_price":489.29999999999995,"df_sale_price":489.29999999999995,"df_regular_price":699,"df_image_link":"https:\/\/www.erresse-shop.it\/wp-content\/uploads\/2024\/05\/SMEG-Macchina-da-Caffe-Automatica-con-Lancia-Vapore-Bianco-300x300.jpg","_links":{"self":[{"href":"https:\/\/www.erresse-shop.it\/fr\/wp-json\/wp\/v2\/product\/408612"}],"collection":[{"href":"https:\/\/www.erresse-shop.it\/fr\/wp-json\/wp\/v2\/product"}],"about":[{"href":"https:\/\/www.erresse-shop.it\/fr\/wp-json\/wp\/v2\/types\/product"}],"wp:featuredmedia":[{"embeddable":true,"href":"https:\/\/www.erresse-shop.it\/fr\/wp-json\/wp\/v2\/media\/507539"}],"wp:attachment":[{"href":"https:\/\/www.erresse-shop.it\/fr\/wp-json\/wp\/v2\/media?parent=408612"}],"wp:term":[{"taxonomy":"product_cat","embeddable":true,"href":"https:\/\/www.erresse-shop.it\/fr\/wp-json\/wp\/v2\/product_cat?post=408612"},{"taxonomy":"product_tag","embeddable":true,"href":"https:\/\/www.erresse-shop.it\/fr\/wp-json\/wp\/v2\/product_tag?post=408612"}],"curies":[{"name":"wp","href":"https:\/\/api.w.org\/{rel}","templated":true}]}}