{"id":408400,"date":"2024-05-24T13:05:37","date_gmt":"2024-05-24T13:05:43","guid":{"rendered":"https:\/\/www.erresse-shop.it\/?post_type=product&#038;p=408400"},"modified":"2024-10-28T14:49:10","modified_gmt":"2024-10-28T14:49:10","slug":"weber-barbecue-au-charbon-de-bois-original-kettle-e-4710-47-cm","status":"publish","type":"product","link":"https:\/\/www.erresse-shop.it\/fr\/shop\/petits-electromenagers\/grilles-et-barbecues\/weber-barbecue-au-charbon-de-bois-original-kettle-e-4710-47-cm\/","title":{"rendered":"WEBER Barbecue au charbon de bois Original Kettle E-4710 47 cm"},"content":{"rendered":"<p>Levons nos verres et c\u00e9l\u00e9brons la version moderne de la bouilloire qui a tout d\u00e9clench\u00e9 : la bouilloire originale, invent\u00e9e par le fondateur de Weber et appr\u00e9ci\u00e9e dans le monde entier. Avec des caract\u00e9ristiques innovantes telles que le syst\u00e8me de nettoyage One-Touch, un grand bac \u00e0 cendres et des crochets \u00e0 ustensiles int\u00e9gr\u00e9s pour un acc\u00e8s facile lors de la cuisson, la bouilloire embl\u00e9matique continue d&#8217;\u00eatre le barbecue cr\u00e9\u00e9 pour tout le monde.<\/p>\n<p><strong>CARACT\u00c9RISTIQUES TECHNIQUES<\/strong><\/p>\n<ul>\n<li>Dimensions &#8211; couvercle ouvert : 84cm H x 60cm L x 67cm P<\/li>\n<li>Dimensions &#8211; couvercle ferm\u00e9 : 97cm H x 60cm L x 57cm P<\/li>\n<li>Diam\u00e8tre : 47 cm<\/li>\n<li>Surface de cuisson totale : 1548 cm\u00b2.<\/li>\n<li>Type de combustible : charbon<\/li>\n<\/ul>\n","protected":false},"excerpt":{"rendered":"<p>Levons nos verres et c\u00e9l\u00e9brons la version moderne de la bouilloire qui a tout d\u00e9clench\u00e9 : la bouilloire originale, invent\u00e9e<\/p>\n","protected":false},"featured_media":507904,"template":"","meta":{"_acf_changed":false,"inline_featured_image":false},"product_cat":[13383,12449],"product_tag":[25181,13384,22513,25021,12858,13269,24603,22514],"acf":[],"yoast_head":"<!-- This site is optimized with the Yoast SEO Premium plugin v18.6 (Yoast SEO v19.13) - https:\/\/yoast.com\/wordpress\/plugins\/seo\/ -->\n<title>WEBER Barbecue au charbon de bois Original Kettle E-4710 47 cm - Erresse Shop<\/title>\n<meta name=\"description\" content=\"Levons nos verres et c\u00e9l\u00e9brons la version moderne de la bouilloire qui a tout d\u00e9clench\u00e9 : la bouilloire originale, invent\u00e9e par le fondateur de Weber et\" \/>\n<meta name=\"robots\" content=\"index, follow, max-snippet:-1, max-image-preview:large, max-video-preview:-1\" \/>\n<link rel=\"canonical\" href=\"https:\/\/www.erresse-shop.it\/fr\/shop\/petits-electromenagers\/grilles-et-barbecues\/weber-barbecue-au-charbon-de-bois-original-kettle-e-4710-47-cm\/\" \/>\n<meta property=\"og:locale\" content=\"fr_FR\" \/>\n<meta property=\"og:type\" content=\"article\" \/>\n<meta property=\"og:title\" content=\"WEBER Barbecue au charbon de bois Original Kettle E-4710 47 cm\" \/>\n<meta property=\"og:description\" content=\"Levons nos verres et c\u00e9l\u00e9brons la version moderne de la bouilloire qui a tout d\u00e9clench\u00e9 : la bouilloire originale, invent\u00e9e par le fondateur de Weber et\" \/>\n<meta property=\"og:url\" content=\"https:\/\/www.erresse-shop.it\/fr\/shop\/petits-electromenagers\/grilles-et-barbecues\/weber-barbecue-au-charbon-de-bois-original-kettle-e-4710-47-cm\/\" \/>\n<meta property=\"og:site_name\" content=\"Erresse Shop\" \/>\n<meta property=\"article:modified_time\" content=\"2024-10-28T14:49:10+00:00\" \/>\n<meta property=\"og:image\" content=\"https:\/\/www.erresse-shop.it\/wp-content\/uploads\/2024\/05\/WEBER-Barbecue-a-carbone-Original-Kettle-E-4710-47-cm.png\" \/>\n\t<meta property=\"og:image:width\" content=\"800\" \/>\n\t<meta property=\"og:image:height\" content=\"800\" \/>\n\t<meta property=\"og:image:type\" content=\"image\/png\" \/>\n<meta name=\"twitter:card\" content=\"summary_large_image\" \/>\n<script type=\"application\/ld+json\" class=\"yoast-schema-graph\">{\"@context\":\"https:\/\/schema.org\",\"@graph\":[{\"@type\":\"WebPage\",\"@id\":\"https:\/\/www.erresse-shop.it\/fr\/shop\/petits-electromenagers\/grilles-et-barbecues\/weber-barbecue-au-charbon-de-bois-original-kettle-e-4710-47-cm\/\",\"url\":\"https:\/\/www.erresse-shop.it\/fr\/shop\/petits-electromenagers\/grilles-et-barbecues\/weber-barbecue-au-charbon-de-bois-original-kettle-e-4710-47-cm\/\",\"name\":\"WEBER Barbecue au charbon de bois Original Kettle E-4710 47 cm - Erresse Shop\",\"isPartOf\":{\"@id\":\"https:\/\/www.erresse-shop.it\/fr\/#website\"},\"datePublished\":\"2024-05-24T13:05:43+00:00\",\"dateModified\":\"2024-10-28T14:49:10+00:00\",\"description\":\"Levons nos verres et c\u00e9l\u00e9brons la version moderne de la bouilloire qui a tout d\u00e9clench\u00e9 : la bouilloire originale, invent\u00e9e par le fondateur de Weber et\",\"breadcrumb\":{\"@id\":\"https:\/\/www.erresse-shop.it\/fr\/shop\/petits-electromenagers\/grilles-et-barbecues\/weber-barbecue-au-charbon-de-bois-original-kettle-e-4710-47-cm\/#breadcrumb\"},\"inLanguage\":\"fr-FR\",\"potentialAction\":[{\"@type\":\"ReadAction\",\"target\":[\"https:\/\/www.erresse-shop.it\/fr\/shop\/petits-electromenagers\/grilles-et-barbecues\/weber-barbecue-au-charbon-de-bois-original-kettle-e-4710-47-cm\/\"]}]},{\"@type\":\"BreadcrumbList\",\"@id\":\"https:\/\/www.erresse-shop.it\/fr\/shop\/petits-electromenagers\/grilles-et-barbecues\/weber-barbecue-au-charbon-de-bois-original-kettle-e-4710-47-cm\/#breadcrumb\",\"itemListElement\":[{\"@type\":\"ListItem\",\"position\":1,\"name\":\"Home\",\"item\":\"https:\/\/www.erresse-shop.it\/fr\/\"},{\"@type\":\"ListItem\",\"position\":2,\"name\":\"Shop\",\"item\":\"https:\/\/www.erresse-shop.it\/fr\/shop\/\"},{\"@type\":\"ListItem\",\"position\":3,\"name\":\"WEBER Barbecue au charbon de bois Original Kettle E-4710 47 cm\"}]},{\"@type\":\"WebSite\",\"@id\":\"https:\/\/www.erresse-shop.it\/fr\/#website\",\"url\":\"https:\/\/www.erresse-shop.it\/fr\/\",\"name\":\"Erresse Shop\",\"description\":\"Articoli di qualit\u00e0 per la casa\",\"potentialAction\":[{\"@type\":\"SearchAction\",\"target\":{\"@type\":\"EntryPoint\",\"urlTemplate\":\"https:\/\/www.erresse-shop.it\/fr\/?s={search_term_string}\"},\"query-input\":\"required name=search_term_string\"}],\"inLanguage\":\"fr-FR\"}]}<\/script>\n<!-- \/ Yoast SEO Premium plugin. -->","yoast_head_json":{"title":"WEBER Barbecue au charbon de bois Original Kettle E-4710 47 cm - Erresse Shop","description":"Levons nos verres et c\u00e9l\u00e9brons la version moderne de la bouilloire qui a tout d\u00e9clench\u00e9 : la bouilloire originale, invent\u00e9e par le fondateur de Weber et","robots":{"index":"index","follow":"follow","max-snippet":"max-snippet:-1","max-image-preview":"max-image-preview:large","max-video-preview":"max-video-preview:-1"},"canonical":"https:\/\/www.erresse-shop.it\/fr\/shop\/petits-electromenagers\/grilles-et-barbecues\/weber-barbecue-au-charbon-de-bois-original-kettle-e-4710-47-cm\/","og_locale":"fr_FR","og_type":"article","og_title":"WEBER Barbecue au charbon de bois Original Kettle E-4710 47 cm","og_description":"Levons nos verres et c\u00e9l\u00e9brons la version moderne de la bouilloire qui a tout d\u00e9clench\u00e9 : la bouilloire originale, invent\u00e9e par le fondateur de Weber et","og_url":"https:\/\/www.erresse-shop.it\/fr\/shop\/petits-electromenagers\/grilles-et-barbecues\/weber-barbecue-au-charbon-de-bois-original-kettle-e-4710-47-cm\/","og_site_name":"Erresse Shop","article_modified_time":"2024-10-28T14:49:10+00:00","og_image":[{"width":800,"height":800,"url":"https:\/\/www.erresse-shop.it\/wp-content\/uploads\/2024\/05\/WEBER-Barbecue-a-carbone-Original-Kettle-E-4710-47-cm.png","type":"image\/png"}],"twitter_card":"summary_large_image","schema":{"@context":"https:\/\/schema.org","@graph":[{"@type":"WebPage","@id":"https:\/\/www.erresse-shop.it\/fr\/shop\/petits-electromenagers\/grilles-et-barbecues\/weber-barbecue-au-charbon-de-bois-original-kettle-e-4710-47-cm\/","url":"https:\/\/www.erresse-shop.it\/fr\/shop\/petits-electromenagers\/grilles-et-barbecues\/weber-barbecue-au-charbon-de-bois-original-kettle-e-4710-47-cm\/","name":"WEBER Barbecue au charbon de bois Original Kettle E-4710 47 cm - Erresse Shop","isPartOf":{"@id":"https:\/\/www.erresse-shop.it\/fr\/#website"},"datePublished":"2024-05-24T13:05:43+00:00","dateModified":"2024-10-28T14:49:10+00:00","description":"Levons nos verres et c\u00e9l\u00e9brons la version moderne de la bouilloire qui a tout d\u00e9clench\u00e9 : la bouilloire originale, invent\u00e9e par le fondateur de Weber et","breadcrumb":{"@id":"https:\/\/www.erresse-shop.it\/fr\/shop\/petits-electromenagers\/grilles-et-barbecues\/weber-barbecue-au-charbon-de-bois-original-kettle-e-4710-47-cm\/#breadcrumb"},"inLanguage":"fr-FR","potentialAction":[{"@type":"ReadAction","target":["https:\/\/www.erresse-shop.it\/fr\/shop\/petits-electromenagers\/grilles-et-barbecues\/weber-barbecue-au-charbon-de-bois-original-kettle-e-4710-47-cm\/"]}]},{"@type":"BreadcrumbList","@id":"https:\/\/www.erresse-shop.it\/fr\/shop\/petits-electromenagers\/grilles-et-barbecues\/weber-barbecue-au-charbon-de-bois-original-kettle-e-4710-47-cm\/#breadcrumb","itemListElement":[{"@type":"ListItem","position":1,"name":"Home","item":"https:\/\/www.erresse-shop.it\/fr\/"},{"@type":"ListItem","position":2,"name":"Shop","item":"https:\/\/www.erresse-shop.it\/fr\/shop\/"},{"@type":"ListItem","position":3,"name":"WEBER Barbecue au charbon de bois Original Kettle E-4710 47 cm"}]},{"@type":"WebSite","@id":"https:\/\/www.erresse-shop.it\/fr\/#website","url":"https:\/\/www.erresse-shop.it\/fr\/","name":"Erresse Shop","description":"Articoli di qualit\u00e0 per la casa","potentialAction":[{"@type":"SearchAction","target":{"@type":"EntryPoint","urlTemplate":"https:\/\/www.erresse-shop.it\/fr\/?s={search_term_string}"},"query-input":"required name=search_term_string"}],"inLanguage":"fr-FR"}]}},"df_price":179.991,"df_sale_price":179.991,"df_regular_price":199.99,"df_image_link":"https:\/\/www.erresse-shop.it\/wp-content\/uploads\/2024\/05\/WEBER-Barbecue-a-carbone-Original-Kettle-E-4710-47-cm-300x300.jpg","_links":{"self":[{"href":"https:\/\/www.erresse-shop.it\/fr\/wp-json\/wp\/v2\/product\/408400"}],"collection":[{"href":"https:\/\/www.erresse-shop.it\/fr\/wp-json\/wp\/v2\/product"}],"about":[{"href":"https:\/\/www.erresse-shop.it\/fr\/wp-json\/wp\/v2\/types\/product"}],"wp:featuredmedia":[{"embeddable":true,"href":"https:\/\/www.erresse-shop.it\/fr\/wp-json\/wp\/v2\/media\/507904"}],"wp:attachment":[{"href":"https:\/\/www.erresse-shop.it\/fr\/wp-json\/wp\/v2\/media?parent=408400"}],"wp:term":[{"taxonomy":"product_cat","embeddable":true,"href":"https:\/\/www.erresse-shop.it\/fr\/wp-json\/wp\/v2\/product_cat?post=408400"},{"taxonomy":"product_tag","embeddable":true,"href":"https:\/\/www.erresse-shop.it\/fr\/wp-json\/wp\/v2\/product_tag?post=408400"}],"curies":[{"name":"wp","href":"https:\/\/api.w.org\/{rel}","templated":true}]}}