{"id":408306,"date":"2024-05-24T10:17:37","date_gmt":"2024-05-24T10:17:43","guid":{"rendered":"https:\/\/www.erresse-shop.it\/?post_type=product&#038;p=408306"},"modified":"2025-01-14T17:40:28","modified_gmt":"2025-01-14T17:40:28","slug":"ga-ma-gp-phon-iq-lite-rouge","status":"publish","type":"product","link":"https:\/\/www.erresse-shop.it\/fr\/shop\/petits-electromenagers\/seche-cheveux-et-fers-a-lisser\/ga-ma-gp-phon-iq-lite-rouge\/","title":{"rendered":"GA.MA GP Phon IQ Lite Rouge"},"content":{"rendered":"<p>Le nouvel iQ Lite reprend les caract\u00e9ristiques essentielles d&#8217;innovation et d&#8217;excellence de la ligne iQ Perfetto prim\u00e9e. Dot\u00e9 d&#8217;un design italien \u00e9l\u00e9gant et ultra-compact, il allie l\u00e9g\u00e8ret\u00e9 (316 grammes seulement) et puissance.<\/p>\n<p><strong>S\u00c8CHE-CHEVEUX IQ LITE RED<\/strong><\/p>\n<p>L&#8217;iQ Lite Red se caract\u00e9rise par son design, son extr\u00eame l\u00e9g\u00e8ret\u00e9 et sa technologie innovante. Pesant seulement <strong>316 grammes<\/strong>, le s\u00e8che-cheveux iQ Lite est \u00e9quip\u00e9 d&#8217;un moteur brushless innovant \u00e0 longue dur\u00e9e de vie. La vitesse du moteur de <strong>110 000 tr\/min<\/strong>, la puissance de <strong>1500 W<\/strong> et la pression de <strong>600 mmH20<\/strong> garantissent des performances \u00e9lev\u00e9es.<\/p>\n<p>Il est \u00e9quip\u00e9 de la technologie <strong>Oxy-Active<\/strong>, qui renforce la durabilit\u00e9 et l&#8217;\u00e9clat de la couleur : cette technologie garantit des cheveux d&#8217;apparence saine, hydrat\u00e9s, sans frisottis, brillants et rehauss\u00e9s, et permet l&#8217;effet Color Lock.<\/p>\n<p>Lorsqu&#8217;il est utilis\u00e9 sans buse ni diffuseur, le design innovant de la sortie d&#8217;air recr\u00e9e l&#8217;effet Venturi, c&#8217;est-\u00e0-dire qu&#8217;il multiplie le flux d&#8217;air d\u00e9livr\u00e9 par le moteur sans consommer d&#8217;\u00e9nergie suppl\u00e9mentaire, r\u00e9duisant ainsi le temps de s\u00e9chage.<\/p>\n<p>Les <strong>6 combinaisons diff\u00e9rentes<\/strong> de 3 temp\u00e9ratures et de 2 vitesses vous permettent de choisir celle qui convient le mieux \u00e0 vos besoins de coiffure et le bouton Cool Shot vous permet de fixer la coiffure pour une longue dur\u00e9e.<\/p>\n<p>L&#8217;iQ Lite est \u00e9quip\u00e9 d&#8217;un filtre externe magn\u00e9tis\u00e9 con\u00e7u pour emp\u00eacher la salet\u00e9 et les produits chimiques de p\u00e9n\u00e9trer dans le moteur et dans les cheveux, et d&#8217;un filtre interne en tissu qui retient les plus petites particules de l&#8217;environnement. Les deux filtres facilitent le nettoyage et l&#8217;entretien du s\u00e8che-cheveux au fil du temps.<\/p>\n","protected":false},"excerpt":{"rendered":"<p>Le nouvel iQ Lite reprend les caract\u00e9ristiques essentielles d&#8217;innovation et d&#8217;excellence de la ligne iQ Perfetto prim\u00e9e. Dot\u00e9 d&#8217;un design<\/p>\n","protected":false},"featured_media":459055,"template":"","meta":{"_acf_changed":false,"inline_featured_image":false},"product_cat":[12449,24042],"product_tag":[25036,25021],"acf":[],"yoast_head":"<!-- This site is optimized with the Yoast SEO Premium plugin v18.6 (Yoast SEO v19.13) - https:\/\/yoast.com\/wordpress\/plugins\/seo\/ -->\n<title>GA.MA GP Phon IQ Lite Rouge<\/title>\n<meta name=\"description\" content=\"D\u00e9couvrez GA.MA GP Phon IQ Lite Rouge sur ErresseShop. Qualit\u00e9, prix r\u00e9duits et achat s\u00e9curis\u00e9 \u2013 commandez d\u00e8s maintenant en ligne !\" \/>\n<meta name=\"robots\" content=\"index, follow, max-snippet:-1, max-image-preview:large, max-video-preview:-1\" \/>\n<link rel=\"canonical\" href=\"https:\/\/www.erresse-shop.it\/fr\/shop\/petits-electromenagers\/seche-cheveux-et-fers-a-lisser\/ga-ma-gp-phon-iq-lite-rouge\/\" \/>\n<meta property=\"og:locale\" content=\"fr_FR\" \/>\n<meta property=\"og:type\" content=\"article\" \/>\n<meta property=\"og:title\" content=\"GA.MA GP Phon IQ Lite Rouge\" \/>\n<meta property=\"og:description\" content=\"D\u00e9couvrez GA.MA GP Phon IQ Lite Rouge sur ErresseShop. Qualit\u00e9, prix r\u00e9duits et achat s\u00e9curis\u00e9 \u2013 commandez d\u00e8s maintenant en ligne !\" \/>\n<meta property=\"og:url\" content=\"https:\/\/www.erresse-shop.it\/fr\/shop\/petits-electromenagers\/seche-cheveux-et-fers-a-lisser\/ga-ma-gp-phon-iq-lite-rouge\/\" \/>\n<meta property=\"og:site_name\" content=\"Erresse Shop\" \/>\n<meta property=\"article:modified_time\" content=\"2025-01-14T17:40:28+00:00\" \/>\n<meta property=\"og:image\" content=\"https:\/\/www.erresse-shop.it\/wp-content\/uploads\/2024\/05\/GA.MA-GP-Phon-IQ-Lite-Rosso.jpg\" \/>\n\t<meta property=\"og:image:width\" content=\"1200\" \/>\n\t<meta property=\"og:image:height\" content=\"1200\" \/>\n\t<meta property=\"og:image:type\" content=\"image\/jpeg\" \/>\n<meta name=\"twitter:card\" content=\"summary_large_image\" \/>\n<script type=\"application\/ld+json\" class=\"yoast-schema-graph\">{\"@context\":\"https:\/\/schema.org\",\"@graph\":[{\"@type\":\"WebPage\",\"@id\":\"https:\/\/www.erresse-shop.it\/fr\/shop\/petits-electromenagers\/seche-cheveux-et-fers-a-lisser\/ga-ma-gp-phon-iq-lite-rouge\/\",\"url\":\"https:\/\/www.erresse-shop.it\/fr\/shop\/petits-electromenagers\/seche-cheveux-et-fers-a-lisser\/ga-ma-gp-phon-iq-lite-rouge\/\",\"name\":\"GA.MA GP Phon IQ Lite Rouge\",\"isPartOf\":{\"@id\":\"https:\/\/www.erresse-shop.it\/fr\/#website\"},\"datePublished\":\"2024-05-24T10:17:43+00:00\",\"dateModified\":\"2025-01-14T17:40:28+00:00\",\"description\":\"D\u00e9couvrez GA.MA GP Phon IQ Lite Rouge sur ErresseShop. Qualit\u00e9, prix r\u00e9duits et achat s\u00e9curis\u00e9 \u2013 commandez d\u00e8s maintenant en ligne !\",\"breadcrumb\":{\"@id\":\"https:\/\/www.erresse-shop.it\/fr\/shop\/petits-electromenagers\/seche-cheveux-et-fers-a-lisser\/ga-ma-gp-phon-iq-lite-rouge\/#breadcrumb\"},\"inLanguage\":\"fr-FR\",\"potentialAction\":[{\"@type\":\"ReadAction\",\"target\":[\"https:\/\/www.erresse-shop.it\/fr\/shop\/petits-electromenagers\/seche-cheveux-et-fers-a-lisser\/ga-ma-gp-phon-iq-lite-rouge\/\"]}]},{\"@type\":\"BreadcrumbList\",\"@id\":\"https:\/\/www.erresse-shop.it\/fr\/shop\/petits-electromenagers\/seche-cheveux-et-fers-a-lisser\/ga-ma-gp-phon-iq-lite-rouge\/#breadcrumb\",\"itemListElement\":[{\"@type\":\"ListItem\",\"position\":1,\"name\":\"Home\",\"item\":\"https:\/\/www.erresse-shop.it\/fr\/\"},{\"@type\":\"ListItem\",\"position\":2,\"name\":\"Shop\",\"item\":\"https:\/\/www.erresse-shop.it\/fr\/shop\/\"},{\"@type\":\"ListItem\",\"position\":3,\"name\":\"GA.MA GP Phon IQ Lite Rouge\"}]},{\"@type\":\"WebSite\",\"@id\":\"https:\/\/www.erresse-shop.it\/fr\/#website\",\"url\":\"https:\/\/www.erresse-shop.it\/fr\/\",\"name\":\"Erresse Shop\",\"description\":\"Articoli di qualit\u00e0 per la casa\",\"potentialAction\":[{\"@type\":\"SearchAction\",\"target\":{\"@type\":\"EntryPoint\",\"urlTemplate\":\"https:\/\/www.erresse-shop.it\/fr\/?s={search_term_string}\"},\"query-input\":\"required name=search_term_string\"}],\"inLanguage\":\"fr-FR\"}]}<\/script>\n<!-- \/ Yoast SEO Premium plugin. -->","yoast_head_json":{"title":"GA.MA GP Phon IQ Lite Rouge","description":"D\u00e9couvrez GA.MA GP Phon IQ Lite Rouge sur ErresseShop. Qualit\u00e9, prix r\u00e9duits et achat s\u00e9curis\u00e9 \u2013 commandez d\u00e8s maintenant en ligne !","robots":{"index":"index","follow":"follow","max-snippet":"max-snippet:-1","max-image-preview":"max-image-preview:large","max-video-preview":"max-video-preview:-1"},"canonical":"https:\/\/www.erresse-shop.it\/fr\/shop\/petits-electromenagers\/seche-cheveux-et-fers-a-lisser\/ga-ma-gp-phon-iq-lite-rouge\/","og_locale":"fr_FR","og_type":"article","og_title":"GA.MA GP Phon IQ Lite Rouge","og_description":"D\u00e9couvrez GA.MA GP Phon IQ Lite Rouge sur ErresseShop. Qualit\u00e9, prix r\u00e9duits et achat s\u00e9curis\u00e9 \u2013 commandez d\u00e8s maintenant en ligne !","og_url":"https:\/\/www.erresse-shop.it\/fr\/shop\/petits-electromenagers\/seche-cheveux-et-fers-a-lisser\/ga-ma-gp-phon-iq-lite-rouge\/","og_site_name":"Erresse Shop","article_modified_time":"2025-01-14T17:40:28+00:00","og_image":[{"width":1200,"height":1200,"url":"https:\/\/www.erresse-shop.it\/wp-content\/uploads\/2024\/05\/GA.MA-GP-Phon-IQ-Lite-Rosso.jpg","type":"image\/jpeg"}],"twitter_card":"summary_large_image","schema":{"@context":"https:\/\/schema.org","@graph":[{"@type":"WebPage","@id":"https:\/\/www.erresse-shop.it\/fr\/shop\/petits-electromenagers\/seche-cheveux-et-fers-a-lisser\/ga-ma-gp-phon-iq-lite-rouge\/","url":"https:\/\/www.erresse-shop.it\/fr\/shop\/petits-electromenagers\/seche-cheveux-et-fers-a-lisser\/ga-ma-gp-phon-iq-lite-rouge\/","name":"GA.MA GP Phon IQ Lite Rouge","isPartOf":{"@id":"https:\/\/www.erresse-shop.it\/fr\/#website"},"datePublished":"2024-05-24T10:17:43+00:00","dateModified":"2025-01-14T17:40:28+00:00","description":"D\u00e9couvrez GA.MA GP Phon IQ Lite Rouge sur ErresseShop. Qualit\u00e9, prix r\u00e9duits et achat s\u00e9curis\u00e9 \u2013 commandez d\u00e8s maintenant en ligne !","breadcrumb":{"@id":"https:\/\/www.erresse-shop.it\/fr\/shop\/petits-electromenagers\/seche-cheveux-et-fers-a-lisser\/ga-ma-gp-phon-iq-lite-rouge\/#breadcrumb"},"inLanguage":"fr-FR","potentialAction":[{"@type":"ReadAction","target":["https:\/\/www.erresse-shop.it\/fr\/shop\/petits-electromenagers\/seche-cheveux-et-fers-a-lisser\/ga-ma-gp-phon-iq-lite-rouge\/"]}]},{"@type":"BreadcrumbList","@id":"https:\/\/www.erresse-shop.it\/fr\/shop\/petits-electromenagers\/seche-cheveux-et-fers-a-lisser\/ga-ma-gp-phon-iq-lite-rouge\/#breadcrumb","itemListElement":[{"@type":"ListItem","position":1,"name":"Home","item":"https:\/\/www.erresse-shop.it\/fr\/"},{"@type":"ListItem","position":2,"name":"Shop","item":"https:\/\/www.erresse-shop.it\/fr\/shop\/"},{"@type":"ListItem","position":3,"name":"GA.MA GP Phon IQ Lite Rouge"}]},{"@type":"WebSite","@id":"https:\/\/www.erresse-shop.it\/fr\/#website","url":"https:\/\/www.erresse-shop.it\/fr\/","name":"Erresse Shop","description":"Articoli di qualit\u00e0 per la casa","potentialAction":[{"@type":"SearchAction","target":{"@type":"EntryPoint","urlTemplate":"https:\/\/www.erresse-shop.it\/fr\/?s={search_term_string}"},"query-input":"required name=search_term_string"}],"inLanguage":"fr-FR"}]}},"df_price":101.322,"df_sale_price":101.322,"df_regular_price":129.9,"df_image_link":"https:\/\/www.erresse-shop.it\/wp-content\/uploads\/2024\/05\/GA.MA-GP-Phon-IQ-Lite-Rosso-300x300.jpg","_links":{"self":[{"href":"https:\/\/www.erresse-shop.it\/fr\/wp-json\/wp\/v2\/product\/408306"}],"collection":[{"href":"https:\/\/www.erresse-shop.it\/fr\/wp-json\/wp\/v2\/product"}],"about":[{"href":"https:\/\/www.erresse-shop.it\/fr\/wp-json\/wp\/v2\/types\/product"}],"wp:featuredmedia":[{"embeddable":true,"href":"https:\/\/www.erresse-shop.it\/fr\/wp-json\/wp\/v2\/media\/459055"}],"wp:attachment":[{"href":"https:\/\/www.erresse-shop.it\/fr\/wp-json\/wp\/v2\/media?parent=408306"}],"wp:term":[{"taxonomy":"product_cat","embeddable":true,"href":"https:\/\/www.erresse-shop.it\/fr\/wp-json\/wp\/v2\/product_cat?post=408306"},{"taxonomy":"product_tag","embeddable":true,"href":"https:\/\/www.erresse-shop.it\/fr\/wp-json\/wp\/v2\/product_tag?post=408306"}],"curies":[{"name":"wp","href":"https:\/\/api.w.org\/{rel}","templated":true}]}}