{"id":408257,"date":"2024-05-24T09:30:37","date_gmt":"2024-05-24T09:30:43","guid":{"rendered":"https:\/\/www.erresse-shop.it\/?post_type=product&#038;p=408257"},"modified":"2025-01-15T06:26:38","modified_gmt":"2025-01-15T06:26:38","slug":"ichendorf-milano-acorns-set-sucrier-a-glands-avec-cuillere","status":"publish","type":"product","link":"https:\/\/www.erresse-shop.it\/fr\/shop\/table-fr-2\/tasses\/theieres-sucriers-pots-a-lait\/ichendorf-milano-acorns-set-sucrier-a-glands-avec-cuillere\/","title":{"rendered":"ICHENDORF MILANO Acorns Set Sucrier \u00e0 Glands avec Cuill\u00e8re"},"content":{"rendered":"<p><strong>Collection<\/strong> Acorns<br \/>\n<strong>Design<\/strong> Alessandra Baldereschi<br \/>\n<strong>Mat\u00e9riau<\/strong> Borosilicate<br \/>\n<strong>Fabrication<\/strong> Fait \u00e0 la main et travaill\u00e9 \u00e0 la lampe<br \/>\n<strong>Dimensions<\/strong> H. \u00a016,5 \u2300 9,5<br \/>\n<strong>Lavage<\/strong> Lavable au lave-vaisselle \u00e0 basse temp\u00e9rature (40\u00b0 recommand\u00e9).<\/p>\n","protected":false},"excerpt":{"rendered":"<p>Collection Acorns Design Alessandra Baldereschi Mat\u00e9riau Borosilicate Fabrication Fait \u00e0 la main et travaill\u00e9 \u00e0 la lampe Dimensions H. \u00a016,5<\/p>\n","protected":false},"featured_media":488840,"template":"","meta":{"_acf_changed":false,"inline_featured_image":false},"product_cat":[12782,12760],"product_tag":[24603,15848,14560],"acf":[],"yoast_head":"<!-- This site is optimized with the Yoast SEO Premium plugin v18.6 (Yoast SEO v19.13) - https:\/\/yoast.com\/wordpress\/plugins\/seo\/ -->\n<title>ICHENDORF MILANO Acorns Set Sucrier \u00e0 Glands avec Cuill\u00e8re<\/title>\n<meta name=\"description\" content=\"D\u00e9couvrez ICHENDORF MILANO Acorns Set Sucrier \u00e0 Glands avec Cuill\u00e8re sur ErresseShop. Qualit\u00e9, prix r\u00e9duits et achat s\u00e9curis\u00e9 \u2013 commandez d\u00e8s maintenant en ligne !\" \/>\n<meta name=\"robots\" content=\"index, follow, max-snippet:-1, max-image-preview:large, max-video-preview:-1\" \/>\n<link rel=\"canonical\" href=\"https:\/\/www.erresse-shop.it\/fr\/shop\/table-fr-2\/tasses\/theieres-sucriers-pots-a-lait\/ichendorf-milano-acorns-set-sucrier-a-glands-avec-cuillere\/\" \/>\n<meta property=\"og:locale\" content=\"fr_FR\" \/>\n<meta property=\"og:type\" content=\"article\" \/>\n<meta property=\"og:title\" content=\"ICHENDORF MILANO Acorns Set Sucrier \u00e0 Glands avec Cuill\u00e8re\" \/>\n<meta property=\"og:description\" content=\"D\u00e9couvrez ICHENDORF MILANO Acorns Set Sucrier \u00e0 Glands avec Cuill\u00e8re sur ErresseShop. Qualit\u00e9, prix r\u00e9duits et achat s\u00e9curis\u00e9 \u2013 commandez d\u00e8s maintenant en ligne !\" \/>\n<meta property=\"og:url\" content=\"https:\/\/www.erresse-shop.it\/fr\/shop\/table-fr-2\/tasses\/theieres-sucriers-pots-a-lait\/ichendorf-milano-acorns-set-sucrier-a-glands-avec-cuillere\/\" \/>\n<meta property=\"og:site_name\" content=\"Erresse Shop\" \/>\n<meta property=\"article:modified_time\" content=\"2025-01-15T06:26:38+00:00\" \/>\n<meta property=\"og:image\" content=\"https:\/\/www.erresse-shop.it\/wp-content\/uploads\/2024\/05\/ICHENDORF-MILANO-Acorns-Set-Ghianda-Zuccheriera-con-Cucchiaino.png\" \/>\n\t<meta property=\"og:image:width\" content=\"800\" \/>\n\t<meta property=\"og:image:height\" content=\"800\" \/>\n\t<meta property=\"og:image:type\" content=\"image\/png\" \/>\n<meta name=\"twitter:card\" content=\"summary_large_image\" \/>\n<script type=\"application\/ld+json\" class=\"yoast-schema-graph\">{\"@context\":\"https:\/\/schema.org\",\"@graph\":[{\"@type\":\"WebPage\",\"@id\":\"https:\/\/www.erresse-shop.it\/fr\/shop\/table-fr-2\/tasses\/theieres-sucriers-pots-a-lait\/ichendorf-milano-acorns-set-sucrier-a-glands-avec-cuillere\/\",\"url\":\"https:\/\/www.erresse-shop.it\/fr\/shop\/table-fr-2\/tasses\/theieres-sucriers-pots-a-lait\/ichendorf-milano-acorns-set-sucrier-a-glands-avec-cuillere\/\",\"name\":\"ICHENDORF MILANO Acorns Set Sucrier \u00e0 Glands avec Cuill\u00e8re\",\"isPartOf\":{\"@id\":\"https:\/\/www.erresse-shop.it\/fr\/#website\"},\"datePublished\":\"2024-05-24T09:30:43+00:00\",\"dateModified\":\"2025-01-15T06:26:38+00:00\",\"description\":\"D\u00e9couvrez ICHENDORF MILANO Acorns Set Sucrier \u00e0 Glands avec Cuill\u00e8re sur ErresseShop. Qualit\u00e9, prix r\u00e9duits et achat s\u00e9curis\u00e9 \u2013 commandez d\u00e8s maintenant en ligne !\",\"breadcrumb\":{\"@id\":\"https:\/\/www.erresse-shop.it\/fr\/shop\/table-fr-2\/tasses\/theieres-sucriers-pots-a-lait\/ichendorf-milano-acorns-set-sucrier-a-glands-avec-cuillere\/#breadcrumb\"},\"inLanguage\":\"fr-FR\",\"potentialAction\":[{\"@type\":\"ReadAction\",\"target\":[\"https:\/\/www.erresse-shop.it\/fr\/shop\/table-fr-2\/tasses\/theieres-sucriers-pots-a-lait\/ichendorf-milano-acorns-set-sucrier-a-glands-avec-cuillere\/\"]}]},{\"@type\":\"BreadcrumbList\",\"@id\":\"https:\/\/www.erresse-shop.it\/fr\/shop\/table-fr-2\/tasses\/theieres-sucriers-pots-a-lait\/ichendorf-milano-acorns-set-sucrier-a-glands-avec-cuillere\/#breadcrumb\",\"itemListElement\":[{\"@type\":\"ListItem\",\"position\":1,\"name\":\"Home\",\"item\":\"https:\/\/www.erresse-shop.it\/fr\/\"},{\"@type\":\"ListItem\",\"position\":2,\"name\":\"Shop\",\"item\":\"https:\/\/www.erresse-shop.it\/fr\/shop\/\"},{\"@type\":\"ListItem\",\"position\":3,\"name\":\"ICHENDORF MILANO Acorns Set Sucrier \u00e0 Glands avec Cuill\u00e8re\"}]},{\"@type\":\"WebSite\",\"@id\":\"https:\/\/www.erresse-shop.it\/fr\/#website\",\"url\":\"https:\/\/www.erresse-shop.it\/fr\/\",\"name\":\"Erresse Shop\",\"description\":\"Articoli di qualit\u00e0 per la casa\",\"potentialAction\":[{\"@type\":\"SearchAction\",\"target\":{\"@type\":\"EntryPoint\",\"urlTemplate\":\"https:\/\/www.erresse-shop.it\/fr\/?s={search_term_string}\"},\"query-input\":\"required name=search_term_string\"}],\"inLanguage\":\"fr-FR\"}]}<\/script>\n<!-- \/ Yoast SEO Premium plugin. -->","yoast_head_json":{"title":"ICHENDORF MILANO Acorns Set Sucrier \u00e0 Glands avec Cuill\u00e8re","description":"D\u00e9couvrez ICHENDORF MILANO Acorns Set Sucrier \u00e0 Glands avec Cuill\u00e8re sur ErresseShop. Qualit\u00e9, prix r\u00e9duits et achat s\u00e9curis\u00e9 \u2013 commandez d\u00e8s maintenant en ligne !","robots":{"index":"index","follow":"follow","max-snippet":"max-snippet:-1","max-image-preview":"max-image-preview:large","max-video-preview":"max-video-preview:-1"},"canonical":"https:\/\/www.erresse-shop.it\/fr\/shop\/table-fr-2\/tasses\/theieres-sucriers-pots-a-lait\/ichendorf-milano-acorns-set-sucrier-a-glands-avec-cuillere\/","og_locale":"fr_FR","og_type":"article","og_title":"ICHENDORF MILANO Acorns Set Sucrier \u00e0 Glands avec Cuill\u00e8re","og_description":"D\u00e9couvrez ICHENDORF MILANO Acorns Set Sucrier \u00e0 Glands avec Cuill\u00e8re sur ErresseShop. Qualit\u00e9, prix r\u00e9duits et achat s\u00e9curis\u00e9 \u2013 commandez d\u00e8s maintenant en ligne !","og_url":"https:\/\/www.erresse-shop.it\/fr\/shop\/table-fr-2\/tasses\/theieres-sucriers-pots-a-lait\/ichendorf-milano-acorns-set-sucrier-a-glands-avec-cuillere\/","og_site_name":"Erresse Shop","article_modified_time":"2025-01-15T06:26:38+00:00","og_image":[{"width":800,"height":800,"url":"https:\/\/www.erresse-shop.it\/wp-content\/uploads\/2024\/05\/ICHENDORF-MILANO-Acorns-Set-Ghianda-Zuccheriera-con-Cucchiaino.png","type":"image\/png"}],"twitter_card":"summary_large_image","schema":{"@context":"https:\/\/schema.org","@graph":[{"@type":"WebPage","@id":"https:\/\/www.erresse-shop.it\/fr\/shop\/table-fr-2\/tasses\/theieres-sucriers-pots-a-lait\/ichendorf-milano-acorns-set-sucrier-a-glands-avec-cuillere\/","url":"https:\/\/www.erresse-shop.it\/fr\/shop\/table-fr-2\/tasses\/theieres-sucriers-pots-a-lait\/ichendorf-milano-acorns-set-sucrier-a-glands-avec-cuillere\/","name":"ICHENDORF MILANO Acorns Set Sucrier \u00e0 Glands avec Cuill\u00e8re","isPartOf":{"@id":"https:\/\/www.erresse-shop.it\/fr\/#website"},"datePublished":"2024-05-24T09:30:43+00:00","dateModified":"2025-01-15T06:26:38+00:00","description":"D\u00e9couvrez ICHENDORF MILANO Acorns Set Sucrier \u00e0 Glands avec Cuill\u00e8re sur ErresseShop. Qualit\u00e9, prix r\u00e9duits et achat s\u00e9curis\u00e9 \u2013 commandez d\u00e8s maintenant en ligne !","breadcrumb":{"@id":"https:\/\/www.erresse-shop.it\/fr\/shop\/table-fr-2\/tasses\/theieres-sucriers-pots-a-lait\/ichendorf-milano-acorns-set-sucrier-a-glands-avec-cuillere\/#breadcrumb"},"inLanguage":"fr-FR","potentialAction":[{"@type":"ReadAction","target":["https:\/\/www.erresse-shop.it\/fr\/shop\/table-fr-2\/tasses\/theieres-sucriers-pots-a-lait\/ichendorf-milano-acorns-set-sucrier-a-glands-avec-cuillere\/"]}]},{"@type":"BreadcrumbList","@id":"https:\/\/www.erresse-shop.it\/fr\/shop\/table-fr-2\/tasses\/theieres-sucriers-pots-a-lait\/ichendorf-milano-acorns-set-sucrier-a-glands-avec-cuillere\/#breadcrumb","itemListElement":[{"@type":"ListItem","position":1,"name":"Home","item":"https:\/\/www.erresse-shop.it\/fr\/"},{"@type":"ListItem","position":2,"name":"Shop","item":"https:\/\/www.erresse-shop.it\/fr\/shop\/"},{"@type":"ListItem","position":3,"name":"ICHENDORF MILANO Acorns Set Sucrier \u00e0 Glands avec Cuill\u00e8re"}]},{"@type":"WebSite","@id":"https:\/\/www.erresse-shop.it\/fr\/#website","url":"https:\/\/www.erresse-shop.it\/fr\/","name":"Erresse Shop","description":"Articoli di qualit\u00e0 per la casa","potentialAction":[{"@type":"SearchAction","target":{"@type":"EntryPoint","urlTemplate":"https:\/\/www.erresse-shop.it\/fr\/?s={search_term_string}"},"query-input":"required name=search_term_string"}],"inLanguage":"fr-FR"}]}},"df_price":21,"df_sale_price":21,"df_regular_price":35,"df_image_link":"https:\/\/www.erresse-shop.it\/wp-content\/uploads\/2024\/05\/ICHENDORF-MILANO-Acorns-Set-Ghianda-Zuccheriera-con-Cucchiaino-300x300.jpg","_links":{"self":[{"href":"https:\/\/www.erresse-shop.it\/fr\/wp-json\/wp\/v2\/product\/408257"}],"collection":[{"href":"https:\/\/www.erresse-shop.it\/fr\/wp-json\/wp\/v2\/product"}],"about":[{"href":"https:\/\/www.erresse-shop.it\/fr\/wp-json\/wp\/v2\/types\/product"}],"wp:featuredmedia":[{"embeddable":true,"href":"https:\/\/www.erresse-shop.it\/fr\/wp-json\/wp\/v2\/media\/488840"}],"wp:attachment":[{"href":"https:\/\/www.erresse-shop.it\/fr\/wp-json\/wp\/v2\/media?parent=408257"}],"wp:term":[{"taxonomy":"product_cat","embeddable":true,"href":"https:\/\/www.erresse-shop.it\/fr\/wp-json\/wp\/v2\/product_cat?post=408257"},{"taxonomy":"product_tag","embeddable":true,"href":"https:\/\/www.erresse-shop.it\/fr\/wp-json\/wp\/v2\/product_tag?post=408257"}],"curies":[{"name":"wp","href":"https:\/\/api.w.org\/{rel}","templated":true}]}}