{"id":408076,"date":"2024-05-24T06:27:41","date_gmt":"2024-05-24T06:27:47","guid":{"rendered":"https:\/\/www.erresse-shop.it\/?post_type=product&#038;p=408076"},"modified":"2024-10-15T10:06:24","modified_gmt":"2024-10-15T10:06:24","slug":"villeroy-boch-vieux-luxembourg-brindille-assiette-porte-objets-30-cm-bleu","status":"publish","type":"product","link":"https:\/\/www.erresse-shop.it\/fr\/shop\/table-fr-2\/plats\/villeroy-boch-vieux-luxembourg-brindille-assiette-porte-objets-30-cm-bleu\/","title":{"rendered":"VILLEROY &#038; BOCH Vieux Luxembourg Brindille Assiette porte-objets 30 cm Bleu"},"content":{"rendered":"<p><strong>Plat pour grandes tables de f\u00eate<\/strong><br \/>\nVieux Luxembourg Brindille est une r\u00e9interpr\u00e9tation nouvelle et moderne de la collection Vieux Luxembourg. Les grands motifs en bleu et blanc sur une forme simple et sans fioritures rappellent les \u00e9l\u00e9ments de la d\u00e9coration classique et lui donnent un aspect jeune et moderne. Le design allie tradition et modernit\u00e9, apportant chaque jour une chaleur particuli\u00e8re \u00e0 votre int\u00e9rieur. Pr\u00e9sentez vos plats sur la table de f\u00eate d&#8217;une mani\u00e8re particuli\u00e8rement \u00e9l\u00e9gante avec cette assiette assortie. Ajoutez de belles touches de design.<\/p>\n<p><strong>Mat\u00e9riau<\/strong> : porcelaine de qualit\u00e9 sup\u00e9rieure<br \/>\n<strong>Diam\u00e8tre<\/strong> : environ 307 mm<br \/>\n<strong>Passe au lave-vaisselle<\/strong> : oui<br \/>\n<strong>Passe au micro-ondes<\/strong> : oui<\/p>\n","protected":false},"excerpt":{"rendered":"<p>Plat pour grandes tables de f\u00eate Vieux Luxembourg Brindille est une r\u00e9interpr\u00e9tation nouvelle et moderne de la collection Vieux Luxembourg.<\/p>\n","protected":false},"featured_media":460363,"template":"","meta":{"_acf_changed":false,"inline_featured_image":false},"product_cat":[12788,12782],"product_tag":[25026,13169,25021,24397,14292],"acf":[],"yoast_head":"<!-- This site is optimized with the Yoast SEO Premium plugin v18.6 (Yoast SEO v19.13) - https:\/\/yoast.com\/wordpress\/plugins\/seo\/ -->\n<title>VILLEROY &amp; BOCH Vieux Luxembourg Brindille Assiette porte-objets 30 cm Bleu - Erresse Shop<\/title>\n<meta name=\"description\" content=\"Plat pour grandes tables de f\u00eate Vieux Luxembourg Brindille est une r\u00e9interpr\u00e9tation nouvelle et moderne de la collection Vieux Luxembourg. Les grands\" \/>\n<meta name=\"robots\" content=\"index, follow, max-snippet:-1, max-image-preview:large, max-video-preview:-1\" \/>\n<link rel=\"canonical\" href=\"https:\/\/www.erresse-shop.it\/fr\/shop\/table-fr-2\/plats\/villeroy-boch-vieux-luxembourg-brindille-assiette-porte-objets-30-cm-bleu\/\" \/>\n<meta property=\"og:locale\" content=\"fr_FR\" \/>\n<meta property=\"og:type\" content=\"article\" \/>\n<meta property=\"og:title\" content=\"VILLEROY &amp; BOCH Vieux Luxembourg Brindille Assiette porte-objets 30 cm Bleu\" \/>\n<meta property=\"og:description\" content=\"Plat pour grandes tables de f\u00eate Vieux Luxembourg Brindille est une r\u00e9interpr\u00e9tation nouvelle et moderne de la collection Vieux Luxembourg. Les grands\" \/>\n<meta property=\"og:url\" content=\"https:\/\/www.erresse-shop.it\/fr\/shop\/table-fr-2\/plats\/villeroy-boch-vieux-luxembourg-brindille-assiette-porte-objets-30-cm-bleu\/\" \/>\n<meta property=\"og:site_name\" content=\"Erresse Shop\" \/>\n<meta property=\"article:modified_time\" content=\"2024-10-15T10:06:24+00:00\" \/>\n<meta property=\"og:image\" content=\"https:\/\/www.erresse-shop.it\/wp-content\/uploads\/2024\/05\/VILLEROY-BOCH-Vieux-Luxembourg-Brindille-Piatto-Segnaposto-30-cm-Blu.png\" \/>\n\t<meta property=\"og:image:width\" content=\"800\" \/>\n\t<meta property=\"og:image:height\" content=\"800\" \/>\n\t<meta property=\"og:image:type\" content=\"image\/png\" \/>\n<meta name=\"twitter:card\" content=\"summary_large_image\" \/>\n<script type=\"application\/ld+json\" class=\"yoast-schema-graph\">{\"@context\":\"https:\/\/schema.org\",\"@graph\":[{\"@type\":\"WebPage\",\"@id\":\"https:\/\/www.erresse-shop.it\/fr\/shop\/table-fr-2\/plats\/villeroy-boch-vieux-luxembourg-brindille-assiette-porte-objets-30-cm-bleu\/\",\"url\":\"https:\/\/www.erresse-shop.it\/fr\/shop\/table-fr-2\/plats\/villeroy-boch-vieux-luxembourg-brindille-assiette-porte-objets-30-cm-bleu\/\",\"name\":\"VILLEROY & BOCH Vieux Luxembourg Brindille Assiette porte-objets 30 cm Bleu - Erresse Shop\",\"isPartOf\":{\"@id\":\"https:\/\/www.erresse-shop.it\/fr\/#website\"},\"datePublished\":\"2024-05-24T06:27:47+00:00\",\"dateModified\":\"2024-10-15T10:06:24+00:00\",\"description\":\"Plat pour grandes tables de f\u00eate Vieux Luxembourg Brindille est une r\u00e9interpr\u00e9tation nouvelle et moderne de la collection Vieux Luxembourg. Les grands\",\"breadcrumb\":{\"@id\":\"https:\/\/www.erresse-shop.it\/fr\/shop\/table-fr-2\/plats\/villeroy-boch-vieux-luxembourg-brindille-assiette-porte-objets-30-cm-bleu\/#breadcrumb\"},\"inLanguage\":\"fr-FR\",\"potentialAction\":[{\"@type\":\"ReadAction\",\"target\":[\"https:\/\/www.erresse-shop.it\/fr\/shop\/table-fr-2\/plats\/villeroy-boch-vieux-luxembourg-brindille-assiette-porte-objets-30-cm-bleu\/\"]}]},{\"@type\":\"BreadcrumbList\",\"@id\":\"https:\/\/www.erresse-shop.it\/fr\/shop\/table-fr-2\/plats\/villeroy-boch-vieux-luxembourg-brindille-assiette-porte-objets-30-cm-bleu\/#breadcrumb\",\"itemListElement\":[{\"@type\":\"ListItem\",\"position\":1,\"name\":\"Home\",\"item\":\"https:\/\/www.erresse-shop.it\/fr\/\"},{\"@type\":\"ListItem\",\"position\":2,\"name\":\"Shop\",\"item\":\"https:\/\/www.erresse-shop.it\/fr\/shop\/\"},{\"@type\":\"ListItem\",\"position\":3,\"name\":\"VILLEROY &#038; BOCH Vieux Luxembourg Brindille Assiette porte-objets 30 cm Bleu\"}]},{\"@type\":\"WebSite\",\"@id\":\"https:\/\/www.erresse-shop.it\/fr\/#website\",\"url\":\"https:\/\/www.erresse-shop.it\/fr\/\",\"name\":\"Erresse Shop\",\"description\":\"Articoli di qualit\u00e0 per la casa\",\"potentialAction\":[{\"@type\":\"SearchAction\",\"target\":{\"@type\":\"EntryPoint\",\"urlTemplate\":\"https:\/\/www.erresse-shop.it\/fr\/?s={search_term_string}\"},\"query-input\":\"required name=search_term_string\"}],\"inLanguage\":\"fr-FR\"}]}<\/script>\n<!-- \/ Yoast SEO Premium plugin. -->","yoast_head_json":{"title":"VILLEROY & BOCH Vieux Luxembourg Brindille Assiette porte-objets 30 cm Bleu - Erresse Shop","description":"Plat pour grandes tables de f\u00eate Vieux Luxembourg Brindille est une r\u00e9interpr\u00e9tation nouvelle et moderne de la collection Vieux Luxembourg. Les grands","robots":{"index":"index","follow":"follow","max-snippet":"max-snippet:-1","max-image-preview":"max-image-preview:large","max-video-preview":"max-video-preview:-1"},"canonical":"https:\/\/www.erresse-shop.it\/fr\/shop\/table-fr-2\/plats\/villeroy-boch-vieux-luxembourg-brindille-assiette-porte-objets-30-cm-bleu\/","og_locale":"fr_FR","og_type":"article","og_title":"VILLEROY & BOCH Vieux Luxembourg Brindille Assiette porte-objets 30 cm Bleu","og_description":"Plat pour grandes tables de f\u00eate Vieux Luxembourg Brindille est une r\u00e9interpr\u00e9tation nouvelle et moderne de la collection Vieux Luxembourg. Les grands","og_url":"https:\/\/www.erresse-shop.it\/fr\/shop\/table-fr-2\/plats\/villeroy-boch-vieux-luxembourg-brindille-assiette-porte-objets-30-cm-bleu\/","og_site_name":"Erresse Shop","article_modified_time":"2024-10-15T10:06:24+00:00","og_image":[{"width":800,"height":800,"url":"https:\/\/www.erresse-shop.it\/wp-content\/uploads\/2024\/05\/VILLEROY-BOCH-Vieux-Luxembourg-Brindille-Piatto-Segnaposto-30-cm-Blu.png","type":"image\/png"}],"twitter_card":"summary_large_image","schema":{"@context":"https:\/\/schema.org","@graph":[{"@type":"WebPage","@id":"https:\/\/www.erresse-shop.it\/fr\/shop\/table-fr-2\/plats\/villeroy-boch-vieux-luxembourg-brindille-assiette-porte-objets-30-cm-bleu\/","url":"https:\/\/www.erresse-shop.it\/fr\/shop\/table-fr-2\/plats\/villeroy-boch-vieux-luxembourg-brindille-assiette-porte-objets-30-cm-bleu\/","name":"VILLEROY & BOCH Vieux Luxembourg Brindille Assiette porte-objets 30 cm Bleu - Erresse Shop","isPartOf":{"@id":"https:\/\/www.erresse-shop.it\/fr\/#website"},"datePublished":"2024-05-24T06:27:47+00:00","dateModified":"2024-10-15T10:06:24+00:00","description":"Plat pour grandes tables de f\u00eate Vieux Luxembourg Brindille est une r\u00e9interpr\u00e9tation nouvelle et moderne de la collection Vieux Luxembourg. Les grands","breadcrumb":{"@id":"https:\/\/www.erresse-shop.it\/fr\/shop\/table-fr-2\/plats\/villeroy-boch-vieux-luxembourg-brindille-assiette-porte-objets-30-cm-bleu\/#breadcrumb"},"inLanguage":"fr-FR","potentialAction":[{"@type":"ReadAction","target":["https:\/\/www.erresse-shop.it\/fr\/shop\/table-fr-2\/plats\/villeroy-boch-vieux-luxembourg-brindille-assiette-porte-objets-30-cm-bleu\/"]}]},{"@type":"BreadcrumbList","@id":"https:\/\/www.erresse-shop.it\/fr\/shop\/table-fr-2\/plats\/villeroy-boch-vieux-luxembourg-brindille-assiette-porte-objets-30-cm-bleu\/#breadcrumb","itemListElement":[{"@type":"ListItem","position":1,"name":"Home","item":"https:\/\/www.erresse-shop.it\/fr\/"},{"@type":"ListItem","position":2,"name":"Shop","item":"https:\/\/www.erresse-shop.it\/fr\/shop\/"},{"@type":"ListItem","position":3,"name":"VILLEROY &#038; BOCH Vieux Luxembourg Brindille Assiette porte-objets 30 cm Bleu"}]},{"@type":"WebSite","@id":"https:\/\/www.erresse-shop.it\/fr\/#website","url":"https:\/\/www.erresse-shop.it\/fr\/","name":"Erresse Shop","description":"Articoli di qualit\u00e0 per la casa","potentialAction":[{"@type":"SearchAction","target":{"@type":"EntryPoint","urlTemplate":"https:\/\/www.erresse-shop.it\/fr\/?s={search_term_string}"},"query-input":"required name=search_term_string"}],"inLanguage":"fr-FR"}]}},"df_price":191.52,"df_sale_price":191.52,"df_regular_price":239.4,"df_image_link":"https:\/\/www.erresse-shop.it\/wp-content\/uploads\/2024\/05\/VILLEROY-BOCH-Vieux-Luxembourg-Brindille-Piatto-Segnaposto-30-cm-Blu-2-300x300.jpg","_links":{"self":[{"href":"https:\/\/www.erresse-shop.it\/fr\/wp-json\/wp\/v2\/product\/408076"}],"collection":[{"href":"https:\/\/www.erresse-shop.it\/fr\/wp-json\/wp\/v2\/product"}],"about":[{"href":"https:\/\/www.erresse-shop.it\/fr\/wp-json\/wp\/v2\/types\/product"}],"wp:featuredmedia":[{"embeddable":true,"href":"https:\/\/www.erresse-shop.it\/fr\/wp-json\/wp\/v2\/media\/460363"}],"wp:attachment":[{"href":"https:\/\/www.erresse-shop.it\/fr\/wp-json\/wp\/v2\/media?parent=408076"}],"wp:term":[{"taxonomy":"product_cat","embeddable":true,"href":"https:\/\/www.erresse-shop.it\/fr\/wp-json\/wp\/v2\/product_cat?post=408076"},{"taxonomy":"product_tag","embeddable":true,"href":"https:\/\/www.erresse-shop.it\/fr\/wp-json\/wp\/v2\/product_tag?post=408076"}],"curies":[{"name":"wp","href":"https:\/\/api.w.org\/{rel}","templated":true}]}}